{"id":25699,"date":"2016-07-25T17:55:11","date_gmt":"2016-07-25T15:55:11","guid":{"rendered":"http:\/\/www.ubu.de\/?page_id=25699"},"modified":"2026-03-20T14:07:28","modified_gmt":"2026-03-20T13:07:28","slug":"kunde-werden","status":"publish","type":"page","link":"https:\/\/www.ubu.de\/cs\/kunde-werden\/","title":{"rendered":"Sta\u0148te se z\u00e1kazn\u00edkem"},"content":{"rendered":"<div class=\"et_pb_section_0 et_pb_section et_pb_fullwidth_section et_section_regular et_block_section\">\n<div class=\"et_pb_fullwidth_slider_0 et_pb_slider et_pb_slider_no_arrows et_pb_slider_no_pagination et_pb_module preset--module--divi-fullwidth-slider--default\"><div class=\"box-shadow-overlay\"><\/div><div class=\"et_pb_slides\">\n<div class=\"et_pb_slide_0 et_pb_slide et_pb_slider_with_overlay et_pb_media_alignment_center et_pb_bg_layout_dark et_pb_text_align_center et_pb_section_parallax\" data-slide-id=\"divi\/slide-0\"><span class=\"et-pb-parallax-wrapper\"><span class=\"et-pb-parallax-background et-pb-parallax-background-module--divi-slide-0\" style=\"background-image:url(https:\/\/www.ubu.de\/wp-content\/uploads\/2016\/07\/ubu-Arbeitsschutz-Arbeitssicherheit-Gastronomie-Restaurants-und-Hotels.jpg)\"><\/span><\/span><div class=\"et_pb_slide_overlay_container\"><\/div><div class=\"et_pb_container\"><div class=\"et_pb_slider_container_inner\"><div class=\"et_pb_slide_description\"><h2 class=\"et_pb_slide_title\">Sta\u0148te se z\u00e1kazn\u00edkem<\/h2><div class=\"et_pb_slide_content\"><h3 style=\"text-align: center;\">Safety doesn't happen by accident.<\/h3>\n<\/div><\/div><\/div><\/div><\/div>\n<\/div><\/div>\n<\/div>\n\n<div class=\"et_pb_section_1 et_pb_section et_section_regular et_block_section\">\n<div class=\"et_pb_row_0 et_pb_row et_block_row\">\n<div class=\"et_pb_column_0 et_pb_column et_pb_column_4_4 et-last-child et_block_column et_pb_css_mix_blend_mode_passthrough\">\n<div class=\"et_pb_text_0 et_pb_text et_pb_bg_layout_light et_pb_module et_block_module\"><div class=\"et_pb_text_inner\"><div class=\"page\" title=\"Strana 11\">\n<div class=\"layoutArea\">\n<div class=\"column\">\n<h1>V\u00e1\u0161 \u00fakol<\/h1>\n<p>Jako zam\u011bstnavatel jste zodpov\u011bdn\u00ed za organizaci bezpe\u010dnosti a ochrany zdrav\u00ed p\u0159i pr\u00e1ci a preventivn\u00ed opat\u0159en\u00ed ve va\u0161\u00ed spole\u010dnosti. Jako zam\u011bstnavatel mus\u00edte zajistit, aby bylo zabr\u00e1n\u011bno nebezpe\u010d\u00ed a po\u0161kozen\u00ed \u017eivota a zdrav\u00ed va\u0161ich zam\u011bstnanc\u016f.<\/p>\n<p><strong>Nenech\u00e1me v\u00e1s s t\u00edm samotn\u00e9<\/strong>.<\/p>\n<p>&nbsp;<\/p>\n<h1>Na\u0161e nab\u00eddka<\/h1>\n<p>Nab\u00edz\u00edme v\u00e1m rychlou a kompetentn\u00ed realizaci pot\u0159ebn\u00e9 bezpe\u010dnosti pr\u00e1ce. Mezi na\u0161e siln\u00e9 str\u00e1nky pat\u0159\u00ed rychl\u00e1 p\u0159\u00edtomnost na m\u00edst\u011b, flexibilita p\u0159i pln\u011bn\u00ed va\u0161ich individu\u00e1ln\u00edch pot\u0159eb, profesion\u00e1ln\u00ed odborn\u00e9 znalosti a struktura n\u00e1klad\u016f, kter\u00e1 je optimalizovan\u00e1 pro na\u0161e z\u00e1kazn\u00edky.<\/p>\n<p>&nbsp;<\/p>\n<h1>Sparen Sie an den Kosten - nicht an der Sicherheit<\/h1>\n<p>Obvykle jste ji\u017e povinn\u011b poji\u0161t\u011bni u ASD*BGN (slu\u017eba BGN pro bezpe\u010dnost a ochranu zdrav\u00ed p\u0159i pr\u00e1ci). M\u016f\u017eete n\u00e1s v\u0161ak m\u00edsto toho pov\u011b\u0159it jako soukrom\u00e9ho poskytovatele slu\u017eeb v oblasti bezpe\u010dnosti a ochrany zdrav\u00ed p\u0159i pr\u00e1ci, a t\u00edm se zprostit \u010dlenstv\u00ed v ASD*BGN, abyste mohli vyu\u017e\u00edvat na\u0161ich lep\u0161\u00edch podm\u00ednek.<\/p>\n<p>Gestalten Sie zuk\u00fcnftig mit uns an Ihrer Seite einen\u00a0zeitgem\u00e4\u00dfen Arbeitsschutz\u00a0- denn pr\u00e4ventives betriebliches Handel ist zweifelsohne die beste Basis f\u00fcr Ihre erfolgreiche Gesch\u00e4ftst\u00e4tigkeit.<\/p>\n<\/div>\n<\/div>\n<\/div>\n<p>&nbsp;<\/p>\n<p>&nbsp;<\/p>\n<\/div><\/div>\n<\/div>\n<\/div>\n<\/div>\n\n<div class=\"et_pb_section_2 et_pb_section et_section_regular et_block_section\">\n<div class=\"et_pb_row_1 et_pb_row et_block_row\">\n<div class=\"et_pb_column_1 et_pb_column et_pb_column_4_4 et-last-child et_block_column et_pb_css_mix_blend_mode_passthrough\">\n<div class=\"et_pb_cta_0 et_pb_promo et_pb_bg_layout_light et_pb_module et_block_module\"><div class=\"et_pb_promo_description\"><h2 class=\"et_pb_module_header\">Jak p\u0159ep\u00edna\u010d funguje<\/h2><\/div><\/div>\n<\/div>\n<\/div>\n\n<div class=\"et_pb_row_2 et_pb_row et_block_row\">\n<div class=\"et_pb_column_2 et_pb_column et_pb_column_1_4 et_block_column et_pb_css_mix_blend_mode_passthrough\">\n<div class=\"et_pb_blurb_0 et_pb_blurb et_pb_bg_layout_light et_pb_text_align_center et_pb_blurb_position_top et_pb_module et_block_module\"><div class=\"et_pb_blurb_content\"><div class=\"et_pb_main_blurb_image\"><span class=\"et_pb_image_wrap\"><span class=\"et-pb-icon et-waypoint et_pb_animation_top et_pb_animation_top_tablet et_pb_animation_top_phone\">\ue08a<\/span><\/span><\/div><div class=\"et_pb_blurb_container\"><h4 class=\"et_pb_module_header\">1. z\u00edskat individu\u00e1ln\u00ed nab\u00eddku<\/h4><\/div><\/div><\/div>\n<\/div>\n\n<div class=\"et_pb_column_3 et_pb_column et_pb_column_1_4 et_block_column et_pb_css_mix_blend_mode_passthrough\">\n<div class=\"et_pb_blurb_1 et_pb_blurb et_pb_bg_layout_light et_pb_text_align_center et_pb_blurb_position_top et_pb_module et_block_module\"><div class=\"et_pb_blurb_content\"><div class=\"et_pb_main_blurb_image\"><span class=\"et_pb_image_wrap\"><span class=\"et-pb-icon et-waypoint et_pb_animation_top et_pb_animation_top_tablet et_pb_animation_top_phone\">l<\/span><\/span><\/div><div class=\"et_pb_blurb_container\"><h4 class=\"et_pb_module_header\">2. uzav\u0159\u00edt novou smlouvu<\/h4><\/div><\/div><\/div>\n<\/div>\n\n<div class=\"et_pb_column_4 et_pb_column et_pb_column_1_4 et_block_column et_pb_css_mix_blend_mode_passthrough\">\n<div class=\"et_pb_blurb_2 et_pb_blurb et_pb_bg_layout_light et_pb_text_align_center et_pb_blurb_position_top et_pb_module et_block_module\"><div class=\"et_pb_blurb_content\"><div class=\"et_pb_main_blurb_image\"><span class=\"et_pb_image_wrap\"><span class=\"et-pb-icon et-waypoint et_pb_animation_top et_pb_animation_top_tablet et_pb_animation_top_phone\">+<\/span><\/span><\/div><div class=\"et_pb_blurb_container\"><h4 class=\"et_pb_module_header\">3. postar\u00e1me se o zm\u011bnu smlouvy<\/h4><\/div><\/div><\/div>\n<\/div>\n\n<div class=\"et_pb_column_5 et_pb_column et_pb_column_1_4 et-last-child et_block_column et_pb_css_mix_blend_mode_passthrough\">\n<div class=\"et_pb_blurb_3 et_pb_blurb et_pb_bg_layout_light et_pb_text_align_center et_pb_blurb_position_top et_pb_module et_block_module\"><div class=\"et_pb_blurb_content\"><div class=\"et_pb_main_blurb_image\"><span class=\"et_pb_image_wrap\"><span class=\"et-pb-icon et-waypoint et_pb_animation_top et_pb_animation_top_tablet et_pb_animation_top_phone\">N<\/span><\/span><\/div><div class=\"et_pb_blurb_container\"><h4 class=\"et_pb_module_header\">4. p\u0159ipraven!<\/h4><\/div><\/div><\/div>\n<\/div>\n<\/div>\n<\/div>\n\n<div class=\"et_pb_section_3 et_pb_section et_section_regular et_block_section\">\n<div class=\"et_pb_row_3 et_pb_row et_block_row\">\n<div class=\"et_pb_column_6 et_pb_column et_pb_column_4_4 et-last-child et_block_column et_pb_css_mix_blend_mode_passthrough\">\n<div class=\"et_pb_cta_1 et_pb_promo et_pb_bg_layout_light et_pb_module et_block_module\"><div class=\"et_pb_promo_description\"><h2 class=\"et_pb_module_header\">\u010casto kladen\u00e9 ot\u00e1zky o p\u0159ep\u00edn\u00e1n\u00ed (FAQ)<\/h2><\/div><\/div>\n\n<div class=\"et_pb_accordion_0 et_pb_accordion et_pb_module et_block_module\">\n<div class=\"et_pb_accordion_item_0 et_pb_accordion_item et_pb_toggle et_pb_module et_pb_toggle_open et_block_module\"><h5 class=\"et_pb_toggle_title\">Pro\u010d pot\u0159ebuji bezpe\u010dnost pr\u00e1ce?<\/h5><div class=\"et_pb_toggle_content\"><p>Jako zam\u011bstnavatel jste ze z\u00e1kona povinni prov\u00e1d\u011bt a zaji\u0161\u0165ovat bezpe\u010dnost a ochranu zdrav\u00ed p\u0159i pr\u00e1ci. To je p\u0159\u00ednosn\u00e9 i pro va\u0161e vlastn\u00ed c\u00edle jako zam\u011bstnavatele, proto\u017ee v\u00e1m to umo\u017e\u0148uje zlep\u0161ovat a zaji\u0161\u0165ovat bezpe\u010dnost a ochranu zdrav\u00ed va\u0161ich zam\u011bstnanc\u016f.<\/p>\n<\/div><\/div>\n\n<div class=\"et_pb_accordion_item_1 et_pb_accordion_item et_pb_toggle et_pb_module et_pb_toggle_close et_block_module\"><h5 class=\"et_pb_toggle_title\">Pro\u010d bych m\u011bl zm\u011bnit ASD*BGN?<\/h5><div class=\"et_pb_toggle_content\"><p>Jako podnikatel si m\u016f\u017eete bezpe\u010dnost pr\u00e1ce (BOZP) organizovat samostatn\u011b. Za\u0159\u00edd\u00edme, aby va\u0161e ASD byla vy\u0148ata z povinn\u00e9ho \u010dlenstv\u00ed v BGN (ASD*BGN), abyste mohli vyu\u017e\u00edvat na\u0161ich lep\u0161\u00edch podm\u00ednek.<\/p>\n<\/div><\/div>\n\n<div class=\"et_pb_accordion_item_2 et_pb_accordion_item et_pb_toggle et_pb_module et_pb_toggle_close et_block_module\"><h5 class=\"et_pb_toggle_title\">Kdy mohu p\u0159ej\u00edt?<\/h5><div class=\"et_pb_toggle_content\"><p>Kdykoli b\u011bhem roku m\u016f\u017eete p\u0159ej\u00edt od BGN k n\u00e1m jako poskytovateli slu\u017eeb v oblasti bezpe\u010dnosti a ochrany zdrav\u00ed p\u0159i pr\u00e1ci. P\u0159echod trv\u00e1 zpravidla 4 t\u00fddny po uzav\u0159en\u00ed smlouvy.<\/p>\n<\/div><\/div>\n\n<div class=\"et_pb_accordion_item_3 et_pb_accordion_item et_pb_toggle et_pb_module et_pb_toggle_close et_block_module\"><h5 class=\"et_pb_toggle_title\">Kolik m\u011b stoj\u00ed bezpe\u010dnost a ochrana zdrav\u00ed p\u0159i pr\u00e1ci v ubu?<\/h5><div class=\"et_pb_toggle_content\"><p>Na\u0161e cena z\u00e1vis\u00ed na po\u010dtu zam\u011bstnanc\u016f (m\u011b\u0159eno po\u010dtem odpracovan\u00fdch hodin v hrub\u00e9m) ve va\u0161\u00ed spole\u010dnosti. D\u00edky na\u0161im dlouholet\u00fdm zku\u0161enostem a efektivn\u00edm pracovn\u00edm metod\u00e1m v\u00e1m m\u016f\u017eeme p\u0159edlo\u017eit v\u00fdhodnou nab\u00eddku. Zm\u011bna je pro v\u00e1s zdarma. Nev\u00e1hejte se na n\u00e1s obr\u00e1tit.<\/p>\n<\/div><\/div>\n\n<div class=\"et_pb_accordion_item_4 et_pb_accordion_item et_pb_toggle et_pb_module et_pb_toggle_close et_block_module\"><h5 class=\"et_pb_toggle_title\">Co zahrnuje slu\u017eba ubu?<\/h5><div class=\"et_pb_toggle_content\"><p>Nab\u00edz\u00edme z\u00e1konem po\u017eadovanou podporu orientovanou na pot\u0159eby v souladu s na\u0159\u00edzen\u00edm DGUV 2.<\/p>\n<p>&nbsp;<\/p>\n<ul>\n<li>Kontroly prostor na m\u00edst\u011b s n\u00e1sledn\u00fdm hodnocen\u00edm rizik (elektronicky).<\/li>\n<li>Bezpe\u010dnost a ochrana zdrav\u00ed p\u0159i pr\u00e1ci<\/li>\n<li>Rady t\u00fdkaj\u00edc\u00ed se pokyn\u016f<\/li>\n<li>Podpora p\u0159i vytv\u00e1\u0159en\u00ed n\u00e1vod\u016f k obsluze a registr\u016f nebezpe\u010dn\u00fdch l\u00e1tek a za\u0159\u00edzen\u00ed.<\/li>\n<li>Kontroln\u00ed seznamy<\/li>\n<li>Zased\u00e1n\u00ed ASA<\/li>\n<\/ul>\n<\/div><\/div>\n<\/div>\n<\/div>\n<\/div>\n<\/div>\n\n<div class=\"et_pb_section_4 et_pb_section et_pb_fullwidth_section et_section_regular et_block_section\">\n<section class=\"et_pb_fullwidth_header_0 et_pb_fullwidth_header et_pb_bg_layout_dark et_pb_text_align_center et_pb_module et_flex_module\"><div class=\"et_pb_fullwidth_header_container center\"><div class=\"header-content-container center\"><div class=\"header-content et_flex_module\"><div class=\"et_pb_header_button_wrapper\"><\/div><\/div><\/div><\/div><div class=\"et_pb_fullwidth_header_overlay\"><\/div><div class=\"et_pb_fullwidth_header_scroll\"><\/div><\/section>\n<\/div>\n\n<div class=\"et_pb_section_5 et_pb_section et_section_regular et_block_section\"><div class=\"et_pb_row_4 et_pb_row et_block_row\"><div class=\"et_pb_column_7 et_pb_column et_pb_column_4_4 et-last-child et_block_column et_pb_css_mix_blend_mode_passthrough\"><div class=\"et_pb_cta_2 et_pb_promo et_pb_bg_layout_light et_pb_module et_block_module\"><div class=\"et_pb_promo_description\"><h2 class=\"et_pb_module_header\">V\u00e1\u0161 dotaz<\/h2><\/div><\/div><\/div><\/div><div class=\"et_pb_row_5 et_pb_row et_block_row\"><div class=\"et_pb_column_8 et_pb_column et_pb_column_2_3 et_block_column et_pb_css_mix_blend_mode_passthrough\"><div class=\"et_pb_contact_form_0 et_pb_contact_form_container clearfix et_pb_module et_flex_module\" data-form_unique_num=\"0\" data-form_unique_id=\"7067d836e5cc6b8d0df5f1ee01accc26\" id=\"et_pb_contact_form_1\"><div class=\"et-pb-contact-message\"><\/div><div class=\"et_pb_contact\"><form class=\"et_pb_contact_form et_flex_module\" method=\"post\" action=\"https:\/\/www.ubu.de\/cs\/wp-json\/wp\/v2\/pages\/25699\" data-trp-original-action=\"https:\/\/www.ubu.de\/cs\/wp-json\/wp\/v2\/pages\/25699\"><div class=\"et_pb_contact_field_0 et_pb_contact_field et_pb_module et_flex_module et_flex_column_24_24 et_flex_column_24_24_tablet et_flex_column_24_24_phone\" data-id=\"name\" data-type=\"input\"><label class=\"et_pb_contact_form_label\" for=\"et_pb_contact_0_name_0\">N\u00e1zev<\/label><input type=\"text\" name=\"et_pb_contact_0_name_0\" id=\"et_pb_contact_0_name_0\" class=\"input\" data-required_mark=\"required\" data-field_type=\"input\" data-original_id=\"name\" placeholder=\"N\u00e1zev\" title=\"\" value=\"\" \/><\/div><div class=\"et_pb_contact_field_1 et_pb_contact_field et_pb_module et_flex_module et_flex_column_24_24 et_flex_column_24_24_tablet et_flex_column_24_24_phone\" data-id=\"unternehmen\" data-type=\"input\"><label class=\"et_pb_contact_form_label\" for=\"et_pb_contact_0_unternehmen_1\">Spole\u010dnost<\/label><input type=\"text\" name=\"et_pb_contact_0_unternehmen_1\" id=\"et_pb_contact_0_unternehmen_1\" class=\"input\" data-required_mark=\"not_required\" data-field_type=\"input\" data-original_id=\"unternehmen\" placeholder=\"Spole\u010dnost\" title=\"\" value=\"\" \/><\/div><div class=\"et_pb_contact_field_2 et_pb_contact_field et_pb_module et_flex_module et_flex_column_24_24 et_flex_column_24_24_tablet et_flex_column_24_24_phone\" data-id=\"email\" data-type=\"email\"><label class=\"et_pb_contact_form_label\" for=\"et_pb_contact_0_email_2\">E-mailov\u00e1 adresa<\/label><input type=\"text\" name=\"et_pb_contact_0_email_2\" id=\"et_pb_contact_0_email_2\" class=\"input\" data-required_mark=\"required\" data-field_type=\"email\" data-original_id=\"email\" placeholder=\"E-mailov\u00e1 adresa\" title=\"\" value=\"\" \/><\/div><div class=\"et_pb_contact_field_3 et_pb_contact_field et_pb_module et_flex_module et_flex_column_24_24 et_flex_column_24_24_tablet et_flex_column_24_24_phone\" data-id=\"message\" data-type=\"text\"><label class=\"et_pb_contact_form_label\" for=\"et_pb_contact_0_message_3\">Zpr\u00e1va<\/label><textarea name=\"et_pb_contact_0_message_3\" id=\"et_pb_contact_0_message_3\" class=\"et_pb_contact_message input\" data-required_mark=\"required\" data-field_type=\"text\" data-original_id=\"message\" placeholder=\"Zpr\u00e1va\"><\/textarea><\/div><div class=\"et_pb_contact_field_4 et_pb_contact_field et_pb_module et_flex_module et_flex_column_24_24 et_flex_column_24_24_tablet et_flex_column_24_24_phone\" data-id=\"bruttoarbeitsstunden\" data-type=\"input\"><label class=\"et_pb_contact_form_label\" for=\"et_pb_contact_0_bruttoarbeitsstunden_4\">Hrub\u00e1 pracovn\u00ed doba za posledn\u00ed rok (nepovinn\u00e9)<\/label><input type=\"text\" name=\"et_pb_contact_0_bruttoarbeitsstunden_4\" id=\"et_pb_contact_0_bruttoarbeitsstunden_4\" class=\"input\" data-required_mark=\"not_required\" data-field_type=\"input\" data-original_id=\"bruttoarbeitsstunden\" placeholder=\"Hrub\u00e1 pracovn\u00ed doba za posledn\u00ed rok (nepovinn\u00e9)\" title=\"\" value=\"\" \/><\/div><div class=\"et_pb_contact_field_5 et_pb_contact_field et_pb_module et_flex_module et_flex_column_24_24 et_flex_column_24_24_tablet et_flex_column_24_24_phone\" data-id=\"datenschutz\" data-type=\"checkbox\"><label class=\"et_pb_contact_form_label\">Ochrana \u00fadaj\u016f (DSGVO)<\/label><input type=\"hidden\" name=\"et_pb_contact_0_datenschutz_5\" class=\"et_pb_checkbox_handle\" data-required_mark=\"required\" data-field_type=\"checkbox\" data-original_id=\"datenschutz\" \/><span class=\"et_pb_contact_field_options_wrapper\"><span class=\"et_pb_contact_field_options_title\">Ochrana \u00fadaj\u016f (DSGVO)<\/span><span class=\"et_pb_contact_field_options_list\"><span class=\"et_pb_contact_field_checkbox\"><input type=\"checkbox\" id=\"et_pb_contact_0_datenschutz_5_0\" class=\"input\" value=\"Ich stimme zu, dass meine Angaben aus dem Kontaktformular zur Beantwortung meiner Anfrage erhoben und verarbeitet werden. Die Daten werden nach abgeschlossener Bearbeitung Ihrer Anfrage gel\u00f6scht. \u2028Hinweis: Sie k\u00f6nnen Ihre Einwilligung jederzeit f\u00fcr die Zukunft per E-Mail an datenschutz@ubu.de widerrufen.\" data-required_mark=\"required\" data-field_type=\"checkbox\" data-original_id=\"datenschutz\" \/><label for=\"et_pb_contact_0_datenschutz_5_0\"><i><\/i>Souhlas\u00edm s t\u00edm, \u017ee m\u00e9 \u00fadaje z kontaktn\u00edho formul\u00e1\u0159e budou shroma\u017e\u010fov\u00e1ny a zpracov\u00e1v\u00e1ny za \u00fa\u010delem zodpov\u011bzen\u00ed m\u00e9ho dotazu. Po zpracov\u00e1n\u00ed va\u0161eho dotazu budou \u00fadaje vymaz\u00e1ny. Pozn\u00e1mka: Sv\u016fj souhlas m\u016f\u017eete kdykoli do budoucna odvolat zasl\u00e1n\u00edm e-mailu na adresu datenschutz@ubu.de.<\/label><\/span><\/span><\/span><\/div><input type=\"hidden\" name=\"et_pb_contactform_submit_7067d836e5cc6b8d0df5f1ee01accc26\" value=\"et_contact_proccess\" \/><div class=\"et_contact_bottom_container\"><div class=\"et_pb_contact_right et_pb_contact_field\"><p class=\"clearfix\"><span class=\"et_pb_contact_captcha_question\">14 + 10<\/span> = <input type=\"text\" size=\"2\" class=\"input et_pb_contact_captcha\" data-first_digit=\"14\" data-second_digit=\"10\" data-required_mark=\"required\" name=\"et_pb_contact_captcha_7067d836e5cc6b8d0df5f1ee01accc26\" autocomplete=\"off\" \/><\/p><\/div><div class=\"et_pb_button_wrapper\"><button type=\"submit\" name=\"et_builder_submit_button\" class=\"et_pb_button et_pb_contact_submit\">Submit<\/button><\/div><\/div><input type=\"hidden\" id=\"_wpnonce-et-pb-contact-form-submitted-7067d836e5cc6b8d0df5f1ee01accc26\" name=\"_wpnonce-et-pb-contact-form-submitted-7067d836e5cc6b8d0df5f1ee01accc26\" value=\"44c0902af8\" \/><input type=\"hidden\" name=\"_wp_http_referer\" value=\"\/cs\/wp-json\/wp\/v2\/pages\/25699\" \/><input type=\"hidden\" name=\"trp-form-language\" value=\"cs\"\/><\/form><\/div><\/div><div class=\"et_pb_text_1 et_pb_text et_pb_bg_layout_light et_pb_module et_block_module\"><div class=\"et_pb_text_inner\"><p>Podrobn\u00e9 informace o nakl\u00e1d\u00e1n\u00ed s u\u017eivatelsk\u00fdmi \u00fadaji naleznete v na\u0161em webu. <strong><a href=\"https:\/\/www.ubu.de\/cs\/datenschutz\/\">Z\u00e1sady ochrany osobn\u00edch \u00fadaj\u016f<\/a><\/strong>.<\/p>\n<\/div><\/div><\/div><div class=\"et_pb_column_9 et_pb_column et_pb_column_1_3 et-last-child et_block_column et_pb_css_mix_blend_mode_passthrough\"><div class=\"et_pb_text_2 et_pb_text et_pb_bg_layout_light et_pb_module et_block_module\"><div class=\"et_pb_text_inner\"><p>T\u011b\u0161\u00ed n\u00e1s, \u017ee m\u00e1te z\u00e1jem o na\u0161e slu\u017eby. Pou\u017eijte pros\u00edm n\u00e1\u0161 kontaktn\u00ed formul\u00e1\u0159.<\/p>\n<p>Na vy\u017e\u00e1d\u00e1n\u00ed v\u00e1m pak za\u0161leme nez\u00e1vaznou nab\u00eddku.<\/p>\n<p>M\u016f\u017eete n\u00e1s tak\u00e9 kontaktovat telefonicky.<\/p>\n<p><strong>Telefon:\u00a0<\/strong><a href=\"tel:\u202d+4951482650350\u202c\">\u00a0+49 5148 26 50 350<\/a><\/p>\n<\/div><\/div><div class=\"et_pb_image_0 et_pb_image et_animated et_pb_module et_block_module preset--module--divi-image--default\"><a href=\"https:\/\/www.ubu.de\/wp-content\/uploads\/ubu-safety-at-work-Arbeitsschutz.vcf\"><span class=\"et_pb_image_wrap\"><img loading=\"lazy\" decoding=\"async\" src=\"https:\/\/www.ubu.de\/wp-content\/uploads\/2016\/07\/ubu-Arbeitsschutz-digitale-Visitenkarte.png\" width=\"200\" height=\"200\" srcset=\"https:\/\/www.ubu.de\/wp-content\/uploads\/2016\/07\/ubu-Arbeitsschutz-digitale-Visitenkarte.png 200w, https:\/\/www.ubu.de\/wp-content\/uploads\/2016\/07\/ubu-Arbeitsschutz-digitale-Visitenkarte-150x150.png 150w\" sizes=\"(max-width: 200px) 100vw, 200px\" class=\"wp-image-26198\" \/><\/span><\/a><\/div><\/div><\/div><\/div>","protected":false},"excerpt":{"rendered":"","protected":false},"author":1,"featured_media":0,"parent":0,"menu_order":0,"comment_status":"closed","ping_status":"closed","template":"","meta":{"_acf_changed":false,"inline_featured_image":false,"footnotes":""},"class_list":["post-25699","page","type-page","status-publish","hentry"],"acf":[],"yoast_head":"<!-- This site is optimized with the Yoast SEO plugin v27.3 - https:\/\/yoast.com\/product\/yoast-seo-wordpress\/ -->\n<title>Kunde werden - ubu - Arbeitsschutz f\u00fcr Hotels und Gastronomie<\/title>\n<meta name=\"robots\" content=\"index, follow, max-snippet:-1, max-image-preview:large, max-video-preview:-1\" \/>\n<link rel=\"canonical\" href=\"https:\/\/www.ubu.de\/cs\/kunde-werden\/\" \/>\n<meta property=\"og:locale\" content=\"cs_CZ\" \/>\n<meta property=\"og:type\" content=\"article\" \/>\n<meta property=\"og:title\" content=\"Kunde werden - ubu - Arbeitsschutz f\u00fcr Hotels und Gastronomie\" \/>\n<meta property=\"og:url\" content=\"https:\/\/www.ubu.de\/cs\/kunde-werden\/\" \/>\n<meta property=\"og:site_name\" content=\"ubu - Arbeitsschutz f\u00fcr Hotels und Gastronomie\" \/>\n<meta property=\"article:modified_time\" content=\"2026-03-20T13:07:28+00:00\" \/>\n<meta name=\"twitter:card\" content=\"summary_large_image\" \/>\n<script type=\"application\/ld+json\" class=\"yoast-schema-graph\">{\"@context\":\"https:\\\/\\\/schema.org\",\"@graph\":[{\"@type\":\"WebPage\",\"@id\":\"https:\\\/\\\/www.ubu.de\\\/kunde-werden\\\/\",\"url\":\"https:\\\/\\\/www.ubu.de\\\/kunde-werden\\\/\",\"name\":\"Kunde werden - ubu - Arbeitsschutz f\u00fcr Hotels und Gastronomie\",\"isPartOf\":{\"@id\":\"https:\\\/\\\/www.ubu.de\\\/#website\"},\"datePublished\":\"2016-07-25T15:55:11+00:00\",\"dateModified\":\"2026-03-20T13:07:28+00:00\",\"breadcrumb\":{\"@id\":\"https:\\\/\\\/www.ubu.de\\\/kunde-werden\\\/#breadcrumb\"},\"inLanguage\":\"cs\",\"potentialAction\":[{\"@type\":\"ReadAction\",\"target\":[\"https:\\\/\\\/www.ubu.de\\\/kunde-werden\\\/\"]}]},{\"@type\":\"BreadcrumbList\",\"@id\":\"https:\\\/\\\/www.ubu.de\\\/kunde-werden\\\/#breadcrumb\",\"itemListElement\":[{\"@type\":\"ListItem\",\"position\":1,\"name\":\"Startseite\",\"item\":\"https:\\\/\\\/www.ubu.de\\\/\"},{\"@type\":\"ListItem\",\"position\":2,\"name\":\"Kunde werden\"}]},{\"@type\":\"WebSite\",\"@id\":\"https:\\\/\\\/www.ubu.de\\\/#website\",\"url\":\"https:\\\/\\\/www.ubu.de\\\/\",\"name\":\"ubu - Arbeitsschutz f\u00fcr Hotels und Gastronomie\",\"description\":\"safety at work\",\"publisher\":{\"@id\":\"https:\\\/\\\/www.ubu.de\\\/#organization\"},\"potentialAction\":[{\"@type\":\"SearchAction\",\"target\":{\"@type\":\"EntryPoint\",\"urlTemplate\":\"https:\\\/\\\/www.ubu.de\\\/?s={search_term_string}\"},\"query-input\":{\"@type\":\"PropertyValueSpecification\",\"valueRequired\":true,\"valueName\":\"search_term_string\"}}],\"inLanguage\":\"cs\"},{\"@type\":\"Organization\",\"@id\":\"https:\\\/\\\/www.ubu.de\\\/#organization\",\"name\":\"ubu - safety at work\",\"url\":\"https:\\\/\\\/www.ubu.de\\\/\",\"logo\":{\"@type\":\"ImageObject\",\"inLanguage\":\"cs\",\"@id\":\"https:\\\/\\\/www.ubu.de\\\/#\\\/schema\\\/logo\\\/image\\\/\",\"url\":\"https:\\\/\\\/www.ubu.de\\\/wp-content\\\/uploads\\\/2016\\\/07\\\/ubu-elephant.png\",\"contentUrl\":\"https:\\\/\\\/www.ubu.de\\\/wp-content\\\/uploads\\\/2016\\\/07\\\/ubu-elephant.png\",\"width\":250,\"height\":250,\"caption\":\"ubu - safety at work\"},\"image\":{\"@id\":\"https:\\\/\\\/www.ubu.de\\\/#\\\/schema\\\/logo\\\/image\\\/\"}}]}<\/script>\n<!-- \/ Yoast SEO plugin. -->","yoast_head_json":{"title":"Kunde werden - ubu - Arbeitsschutz f\u00fcr Hotels und Gastronomie","robots":{"index":"index","follow":"follow","max-snippet":"max-snippet:-1","max-image-preview":"max-image-preview:large","max-video-preview":"max-video-preview:-1"},"canonical":"https:\/\/www.ubu.de\/cs\/kunde-werden\/","og_locale":"cs_CZ","og_type":"article","og_title":"Kunde werden - ubu - Arbeitsschutz f\u00fcr Hotels und Gastronomie","og_url":"https:\/\/www.ubu.de\/cs\/kunde-werden\/","og_site_name":"ubu - Arbeitsschutz f\u00fcr Hotels und Gastronomie","article_modified_time":"2026-03-20T13:07:28+00:00","twitter_card":"summary_large_image","schema":{"@context":"https:\/\/schema.org","@graph":[{"@type":"WebPage","@id":"https:\/\/www.ubu.de\/kunde-werden\/","url":"https:\/\/www.ubu.de\/kunde-werden\/","name":"Kunde werden - ubu - Arbeitsschutz f\u00fcr Hotels und Gastronomie","isPartOf":{"@id":"https:\/\/www.ubu.de\/#website"},"datePublished":"2016-07-25T15:55:11+00:00","dateModified":"2026-03-20T13:07:28+00:00","breadcrumb":{"@id":"https:\/\/www.ubu.de\/kunde-werden\/#breadcrumb"},"inLanguage":"cs","potentialAction":[{"@type":"ReadAction","target":["https:\/\/www.ubu.de\/kunde-werden\/"]}]},{"@type":"BreadcrumbList","@id":"https:\/\/www.ubu.de\/kunde-werden\/#breadcrumb","itemListElement":[{"@type":"ListItem","position":1,"name":"Startseite","item":"https:\/\/www.ubu.de\/"},{"@type":"ListItem","position":2,"name":"Kunde werden"}]},{"@type":"WebSite","@id":"https:\/\/www.ubu.de\/#website","url":"https:\/\/www.ubu.de\/","name":"ubu - Arbeitsschutz f\u00fcr Hotels und Gastronomie","description":"bezpe\u010dnost pr\u00e1ce","publisher":{"@id":"https:\/\/www.ubu.de\/#organization"},"potentialAction":[{"@type":"SearchAction","target":{"@type":"EntryPoint","urlTemplate":"https:\/\/www.ubu.de\/?s={search_term_string}"},"query-input":{"@type":"PropertyValueSpecification","valueRequired":true,"valueName":"search_term_string"}}],"inLanguage":"cs"},{"@type":"Organization","@id":"https:\/\/www.ubu.de\/#organization","name":"ubu - safety at work","url":"https:\/\/www.ubu.de\/","logo":{"@type":"ImageObject","inLanguage":"cs","@id":"https:\/\/www.ubu.de\/#\/schema\/logo\/image\/","url":"https:\/\/www.ubu.de\/wp-content\/uploads\/2016\/07\/ubu-elephant.png","contentUrl":"https:\/\/www.ubu.de\/wp-content\/uploads\/2016\/07\/ubu-elephant.png","width":250,"height":250,"caption":"ubu - safety at work"},"image":{"@id":"https:\/\/www.ubu.de\/#\/schema\/logo\/image\/"}}]}},"_links":{"self":[{"href":"https:\/\/www.ubu.de\/cs\/wp-json\/wp\/v2\/pages\/25699","targetHints":{"allow":["GET"]}}],"collection":[{"href":"https:\/\/www.ubu.de\/cs\/wp-json\/wp\/v2\/pages"}],"about":[{"href":"https:\/\/www.ubu.de\/cs\/wp-json\/wp\/v2\/types\/page"}],"author":[{"embeddable":true,"href":"https:\/\/www.ubu.de\/cs\/wp-json\/wp\/v2\/users\/1"}],"replies":[{"embeddable":true,"href":"https:\/\/www.ubu.de\/cs\/wp-json\/wp\/v2\/comments?post=25699"}],"version-history":[{"count":10,"href":"https:\/\/www.ubu.de\/cs\/wp-json\/wp\/v2\/pages\/25699\/revisions"}],"predecessor-version":[{"id":28962,"href":"https:\/\/www.ubu.de\/cs\/wp-json\/wp\/v2\/pages\/25699\/revisions\/28962"}],"wp:attachment":[{"href":"https:\/\/www.ubu.de\/cs\/wp-json\/wp\/v2\/media?parent=25699"}],"curies":[{"name":"wp","href":"https:\/\/api.w.org\/{rel}","templated":true}]}}