{"id":25701,"date":"2016-07-25T17:55:51","date_gmt":"2016-07-25T15:55:51","guid":{"rendered":"http:\/\/www.ubu.de\/?page_id=25701"},"modified":"2026-03-20T14:03:44","modified_gmt":"2026-03-20T13:03:44","slug":"arbeitsschutz","status":"publish","type":"page","link":"https:\/\/www.ubu.de\/cs\/arbeitsschutz\/","title":{"rendered":"Bezpe\u010dnost pr\u00e1ce"},"content":{"rendered":"<div class=\"et_pb_section_0 et_pb_section et_pb_fullwidth_section et_section_regular et_block_section\"><div class=\"et_pb_fullwidth_slider_0 et_pb_slider et_pb_slider_no_arrows et_pb_slider_no_pagination et_pb_module preset--module--divi-fullwidth-slider--default\"><div class=\"et_pb_slides\"><div class=\"et_pb_slide_0 et_pb_slide et_pb_slider_with_overlay et_pb_media_alignment_center et_pb_bg_layout_dark et_pb_text_align_center\" data-slide-id=\"divi\/slide-0\"><div class=\"et_pb_slide_overlay_container\"><\/div><div class=\"et_pb_container\"><div class=\"et_pb_slider_container_inner\"><div class=\"et_pb_slide_description\"><h2 class=\"et_pb_slide_title\">Bezpe\u010dnost pr\u00e1ce<\/h2><div class=\"et_pb_slide_content\"><\/div><\/div><\/div><\/div><\/div><\/div><\/div><\/div><div class=\"et_pb_section_1 et_pb_section et_section_regular et_block_section\"><div class=\"et_pb_row_0 et_pb_row et_block_row\"><div class=\"et_pb_column_0 et_pb_column et_pb_column_4_4 et-last-child et_block_column et_pb_css_mix_blend_mode_passthrough\"><div class=\"et_pb_cta_0 et_pb_promo et_pb_bg_layout_light et_pb_module et_block_module\"><div class=\"et_pb_promo_description\"><div class=\"et_pb_promo_content\"><p>Jako zam\u011bstnavatel jste povinni ve sv\u00e9m podniku uplat\u0148ovat z\u00e1konn\u00e9 po\u017eadavky na bezpe\u010dnost a ochranu zdrav\u00ed p\u0159i pr\u00e1ci.<\/p>\n<p>Berufsgenossenschaften wie die BGN (Berufsgenossenschaft f\u00fcr Nahrungsmittel und Gastgewerbe) verpflichten Sie zu einer Mitgliedschaft - falls Sie den Arbeitsschutz nicht nachweisbar selbst organisiert haben.<\/p>\n<p>Rostouc\u00ed slo\u017eitost r\u016fzn\u00fdch po\u017eadavk\u016f p\u0159edstavuje pro v\u00e1s jako zam\u011bstnavatele dal\u0161\u00ed v\u00fdzvu p\u0159i zav\u00e1d\u011bn\u00ed funk\u010dn\u00ed organizace bezpe\u010dnosti a ochrany zdrav\u00ed p\u0159i pr\u00e1ci.<\/p>\n<p>Jako extern\u00ed poskytovatel bezpe\u010dnosti pr\u00e1ce v\u00e1m v ubu nab\u00edz\u00edme poradenstv\u00ed a podporu ve v\u0161ech z\u00e1le\u017eitostech t\u00fdkaj\u00edc\u00edch se bezpe\u010dnosti pr\u00e1ce a pracovn\u00edho l\u00e9ka\u0159stv\u00ed. Ani\u017e bychom z toho d\u011blali raketovou v\u011bdu.<\/p>\n<p>S n\u00e1mi spln\u00edte v\u0161echny z\u00e1konn\u00e9 po\u017eadavky, abyste se vy i va\u0161i zam\u011bstnanci mohli c\u00edtit bezpe\u010dn\u011b.<\/p>\n<p>&nbsp;<\/p>\n<\/div><\/div><\/div><\/div><\/div><\/div><div class=\"et_pb_section_2 et_pb_section et_section_specialty et_pb_equal_columns et_pb_gutters1 et_block_section\"><div class=\"et_pb_row et_block_row\"><div class=\"et_pb_column_1 et_pb_column et_pb_column_single et_pb_column_1_3 et_block_column et_pb_css_mix_blend_mode_passthrough\"><div class=\"et_pb_cta_1 et_pb_promo et_pb_bg_layout_light et_pb_module et_block_module\"><div class=\"et_pb_promo_description\"><div class=\"et_pb_promo_content\"><\/div><\/div><\/div><\/div><div class=\"et_pb_column_2 et_pb_column et_pb_specialty_column et_pb_column_2_3 et-last-child et_block_column et_pb_css_mix_blend_mode_passthrough\"><div class=\"et_pb_row_inner_0 et_pb_row_inner et_pb_gutters1 et_block_row\"><div class=\"et_pb_column_inner_0 et_pb_column_inner et_pb_column et_pb_column_4_4 et-last-child et_block_column et_pb_css_mix_blend_mode_passthrough\"><div class=\"et_pb_cta_2 et_pb_promo et_pb_bg_layout_light et_pb_module et_block_module\"><div class=\"et_pb_promo_description\"><div class=\"et_pb_promo_content\"><\/div><\/div><\/div><\/div><\/div><div class=\"et_pb_row_inner_1 et_pb_row_inner et_pb_gutters1 et_block_row\"><div class=\"et_pb_column_inner_1 et_pb_column_inner et_pb_column et_pb_column_1_3 et_block_column et_pb_css_mix_blend_mode_passthrough\"><div class=\"et_pb_cta_3 et_pb_promo et_pb_bg_layout_light et_pb_module et_block_module\"><div class=\"et_pb_promo_description\"><div class=\"et_pb_promo_content\"><\/div><\/div><\/div><\/div><div class=\"et_pb_column_inner_2 et_pb_column_inner et_pb_column et_pb_column_1_3 et-last-child et_block_column et_pb_css_mix_blend_mode_passthrough\"><div class=\"et_pb_cta_4 et_pb_promo et_pb_bg_layout_light et_pb_module et_block_module\"><div class=\"et_pb_promo_description\"><div class=\"et_pb_promo_content\"><\/div><\/div><\/div><\/div><\/div><\/div><\/div><\/div><div class=\"et_pb_section_3 et_pb_section et_section_regular et_block_section\"><div class=\"et_pb_row_1 et_pb_row et_block_row\"><div class=\"et_pb_column_3 et_pb_column et_pb_column_4_4 et-last-child et_block_column et_pb_css_mix_blend_mode_passthrough\"><div class=\"et_pb_image_0 et_pb_image et_pb_module et_block_module preset--module--divi-image--default\"><span class=\"et_pb_image_wrap\"><img loading=\"lazy\" decoding=\"async\" src=\"https:\/\/www.ubu.de\/wp-content\/uploads\/2016\/07\/ubu-Arbeitssicherheit-Arbeitsschutz-Collage.jpg\" width=\"1080\" height=\"570\" srcset=\"https:\/\/www.ubu.de\/wp-content\/uploads\/2016\/07\/ubu-Arbeitssicherheit-Arbeitsschutz-Collage.jpg 1080w, https:\/\/www.ubu.de\/wp-content\/uploads\/2016\/07\/ubu-Arbeitssicherheit-Arbeitsschutz-Collage-300x158.jpg 300w, https:\/\/www.ubu.de\/wp-content\/uploads\/2016\/07\/ubu-Arbeitssicherheit-Arbeitsschutz-Collage-768x405.jpg 768w, https:\/\/www.ubu.de\/wp-content\/uploads\/2016\/07\/ubu-Arbeitssicherheit-Arbeitsschutz-Collage-1024x540.jpg 1024w\" sizes=\"(max-width: 1080px) 100vw, 1080px\" class=\"wp-image-26225\" alt=\"ubu - Arbeitssicherheit Arbeitsschutz Betriebsmedizin Collage\" \/><\/span><\/div><\/div><\/div><\/div><div class=\"et_pb_section_4 et_pb_section et_section_regular et_block_section\"><div class=\"et_pb_row_2 et_pb_row et_block_row\"><div class=\"et_pb_column_4 et_pb_column et_pb_column_4_4 et-last-child et_block_column et_pb_css_mix_blend_mode_passthrough\"><div class=\"et_pb_text_0 et_pb_text et_pb_bg_layout_light et_pb_module et_block_module\"><div class=\"et_pb_text_inner\"><h2 style=\"text-align: center;\">P\u0159ehled na\u0161ich slu\u017eeb<\/h2>\n<\/div><\/div><div class=\"et_pb_cta_5 et_pb_promo et_pb_bg_layout_light et_pb_module et_block_module\"><div class=\"et_pb_promo_description\"><div class=\"et_pb_promo_content\"><ul>\n<li>Informace o pr\u00e1vn\u00edch po\u017eadavc\u00edch v souladu s <strong><a href=\"http:\/\/www.dguv.de\/de\/praevention\/vorschriften_regeln\/dguv-vorschrift_2\/index.jsp\">Na\u0159\u00edzen\u00ed DGUV 2<\/a><\/strong><\/li>\n<li>Podpora p\u0159i zakl\u00e1d\u00e1n\u00ed organizace pro bezpe\u010dnost a ochranu zdrav\u00ed p\u0159i pr\u00e1ci<\/li>\n<li>Kontroly spole\u010dnosti<\/li>\n<li>hodnocen\u00ed rizik pro jednotliv\u00e9 pracovn\u00ed oblasti va\u0161\u00ed spole\u010dnosti<\/li>\n<li>Poradenstv\u00ed v oblasti ergonomick\u00e9ho designu pracovn\u00edch stanic<\/li>\n<li>p\u0159ezkum a poradenstv\u00ed v oblasti osobn\u00edch ochrann\u00fdch prost\u0159edk\u016f (OOP) z hlediska bezpe\u010dnosti pr\u00e1ce.<\/li>\n<li>Pl\u00e1nov\u00e1n\u00ed opat\u0159en\u00ed v oblasti bezpe\u010dnosti pr\u00e1ce<\/li>\n<li>Rady t\u00fdkaj\u00edc\u00ed se bezpe\u010dnostn\u00edch pokyn\u016f<\/li>\n<li>\u00da\u010dast na sch\u016fz\u00edch v\u00fdboru pro bezpe\u010dnost a ochranu zdrav\u00ed (ASA)<\/li>\n<li>Podpora p\u0159i vytv\u00e1\u0159en\u00ed n\u00e1vod\u016f k obsluze a registr\u016f nebezpe\u010dn\u00fdch l\u00e1tek a za\u0159\u00edzen\u00ed.<\/li>\n<\/ul>\n<\/div><\/div><\/div><div class=\"et_pb_cta_6 et_pb_promo et_pb_bg_layout_light et_pb_module et_block_module\"><div class=\"et_pb_promo_description\"><div class=\"et_pb_promo_content\"><p>\u010casy nasazen\u00ed s v\u00e1mi koordinujeme p\u0159\u00edmo na m\u00edst\u011b. Obdr\u017e\u00edte informace a kontroln\u00ed seznamy p\u0159izp\u016fsoben\u00e9 va\u0161\u00ed spole\u010dnosti.<\/p>\n<p>S n\u00e1mi na va\u0161\u00ed stran\u011b budete m\u00edt napl\u00e1novan\u00e9, systematizovan\u00e9, kontrolovan\u00e9 a zdokonalen\u00e9 pln\u011bn\u00ed povinnost\u00ed v oblasti bezpe\u010dnosti a ochrany zdrav\u00ed p\u0159i pr\u00e1ci, abyste p\u0159edch\u00e1zeli pracovn\u00edm \u00faraz\u016fm a nemocem z povol\u00e1n\u00ed. Pom\u016f\u017eeme v\u00e1m identifikovat, vyhodnotit a eliminovat zdravotn\u00ed rizika va\u0161ich zam\u011bstnanc\u016f. Trvale.<\/p>\n<\/div><\/div><\/div><\/div><\/div><\/div><div class=\"et_pb_section_5 et_pb_section et_pb_fullwidth_section et_section_regular et_block_section\"><div class=\"et_pb_fullwidth_slider_1 et_pb_slider et_pb_slider_no_arrows et_pb_slider_no_pagination et_pb_module preset--module--divi-fullwidth-slider--default\"><div class=\"et_pb_slides\"><div class=\"et_pb_slide_1 et_pb_slide et_pb_slider_with_overlay et_pb_media_alignment_center et_pb_bg_layout_dark et_pb_text_align_center et_pb_section_parallax\" data-slide-id=\"divi\/slide-1\"><span class=\"et-pb-parallax-wrapper\"><span class=\"et-pb-parallax-background et-pb-parallax-background-module--divi-slide-1\" style=\"background-image:url(https:\/\/www.ubu.de\/wp-content\/uploads\/2016\/07\/ubu-Arbeitsschutz-Arbeitssicherheit-Gastronomie-Restaurants-und-Hotels.jpg)\"><\/span><\/span><div class=\"et_pb_slide_overlay_container\"><\/div><div class=\"et_pb_container\"><div class=\"et_pb_slider_container_inner\"><div class=\"et_pb_slide_description\"><h2 class=\"et_pb_slide_title\"><a href=\"\/cs\/kunde-werden\/\" target=\"\" class=\"et_pb_slide_title_link\"><\/a><\/h2><div class=\"et_pb_slide_content\"><h3 style=\"text-align: center;\"><\/h3>\n<\/div><div class=\"et_pb_button_wrapper\"><a class=\"et_pb_button et_pb_more_button\" href=\"\/cs\/kunde-werden\/\">Z\u00e1kazn\u00edk\u016fm to jde snadno!<\/a><\/div><\/div><\/div><\/div><\/div><\/div><\/div><\/div>","protected":false},"excerpt":{"rendered":"","protected":false},"author":1,"featured_media":0,"parent":0,"menu_order":0,"comment_status":"closed","ping_status":"closed","template":"","meta":{"_acf_changed":false,"inline_featured_image":false,"footnotes":""},"class_list":["post-25701","page","type-page","status-publish","hentry"],"acf":[],"yoast_head":"<!-- This site is optimized with the Yoast SEO plugin v27.3 - https:\/\/yoast.com\/product\/yoast-seo-wordpress\/ -->\n<title>Arbeitsschutz - ubu - Arbeitsschutz f\u00fcr Hotels und Gastronomie<\/title>\n<meta name=\"description\" content=\"Wir helfen Ihnen bei der Umsetzung der gesetzlichen Anforderungen zum Arbeitsschutz (DGUV-Vorschrift 2). ubu als Alternative zur BGN Pflichtversicherung.\" \/>\n<meta name=\"robots\" content=\"index, follow, max-snippet:-1, max-image-preview:large, max-video-preview:-1\" \/>\n<link rel=\"canonical\" href=\"https:\/\/www.ubu.de\/cs\/arbeitsschutz\/\" \/>\n<meta property=\"og:locale\" content=\"cs_CZ\" \/>\n<meta property=\"og:type\" content=\"article\" \/>\n<meta property=\"og:title\" content=\"Arbeitsschutz - ubu - Arbeitsschutz f\u00fcr Hotels und Gastronomie\" \/>\n<meta property=\"og:description\" content=\"Wir helfen Ihnen bei der Umsetzung der gesetzlichen Anforderungen zum Arbeitsschutz (DGUV-Vorschrift 2). ubu als Alternative zur BGN Pflichtversicherung.\" \/>\n<meta property=\"og:url\" content=\"https:\/\/www.ubu.de\/cs\/arbeitsschutz\/\" \/>\n<meta property=\"og:site_name\" content=\"ubu - Arbeitsschutz f\u00fcr Hotels und Gastronomie\" \/>\n<meta property=\"article:modified_time\" content=\"2026-03-20T13:03:44+00:00\" \/>\n<meta name=\"twitter:card\" content=\"summary_large_image\" \/>\n<script type=\"application\/ld+json\" class=\"yoast-schema-graph\">{\"@context\":\"https:\\\/\\\/schema.org\",\"@graph\":[{\"@type\":\"WebPage\",\"@id\":\"https:\\\/\\\/www.ubu.de\\\/arbeitsschutz\\\/\",\"url\":\"https:\\\/\\\/www.ubu.de\\\/arbeitsschutz\\\/\",\"name\":\"Arbeitsschutz - ubu - Arbeitsschutz f\u00fcr Hotels und Gastronomie\",\"isPartOf\":{\"@id\":\"https:\\\/\\\/www.ubu.de\\\/#website\"},\"datePublished\":\"2016-07-25T15:55:51+00:00\",\"dateModified\":\"2026-03-20T13:03:44+00:00\",\"description\":\"Wir helfen Ihnen bei der Umsetzung der gesetzlichen Anforderungen zum Arbeitsschutz (DGUV-Vorschrift 2). ubu als Alternative zur BGN Pflichtversicherung.\",\"breadcrumb\":{\"@id\":\"https:\\\/\\\/www.ubu.de\\\/arbeitsschutz\\\/#breadcrumb\"},\"inLanguage\":\"cs\",\"potentialAction\":[{\"@type\":\"ReadAction\",\"target\":[\"https:\\\/\\\/www.ubu.de\\\/arbeitsschutz\\\/\"]}]},{\"@type\":\"BreadcrumbList\",\"@id\":\"https:\\\/\\\/www.ubu.de\\\/arbeitsschutz\\\/#breadcrumb\",\"itemListElement\":[{\"@type\":\"ListItem\",\"position\":1,\"name\":\"Startseite\",\"item\":\"https:\\\/\\\/www.ubu.de\\\/\"},{\"@type\":\"ListItem\",\"position\":2,\"name\":\"Arbeitsschutz\"}]},{\"@type\":\"WebSite\",\"@id\":\"https:\\\/\\\/www.ubu.de\\\/#website\",\"url\":\"https:\\\/\\\/www.ubu.de\\\/\",\"name\":\"ubu - Arbeitsschutz f\u00fcr Hotels und Gastronomie\",\"description\":\"safety at work\",\"publisher\":{\"@id\":\"https:\\\/\\\/www.ubu.de\\\/#organization\"},\"potentialAction\":[{\"@type\":\"SearchAction\",\"target\":{\"@type\":\"EntryPoint\",\"urlTemplate\":\"https:\\\/\\\/www.ubu.de\\\/?s={search_term_string}\"},\"query-input\":{\"@type\":\"PropertyValueSpecification\",\"valueRequired\":true,\"valueName\":\"search_term_string\"}}],\"inLanguage\":\"cs\"},{\"@type\":\"Organization\",\"@id\":\"https:\\\/\\\/www.ubu.de\\\/#organization\",\"name\":\"ubu - safety at work\",\"url\":\"https:\\\/\\\/www.ubu.de\\\/\",\"logo\":{\"@type\":\"ImageObject\",\"inLanguage\":\"cs\",\"@id\":\"https:\\\/\\\/www.ubu.de\\\/#\\\/schema\\\/logo\\\/image\\\/\",\"url\":\"https:\\\/\\\/www.ubu.de\\\/wp-content\\\/uploads\\\/2016\\\/07\\\/ubu-elephant.png\",\"contentUrl\":\"https:\\\/\\\/www.ubu.de\\\/wp-content\\\/uploads\\\/2016\\\/07\\\/ubu-elephant.png\",\"width\":250,\"height\":250,\"caption\":\"ubu - safety at work\"},\"image\":{\"@id\":\"https:\\\/\\\/www.ubu.de\\\/#\\\/schema\\\/logo\\\/image\\\/\"}}]}<\/script>\n<!-- \/ Yoast SEO plugin. -->","yoast_head_json":{"title":"Arbeitsschutz - ubu - Arbeitsschutz f\u00fcr Hotels und Gastronomie","description":"Wir helfen Ihnen bei der Umsetzung der gesetzlichen Anforderungen zum Arbeitsschutz (DGUV-Vorschrift 2). ubu als Alternative zur BGN Pflichtversicherung.","robots":{"index":"index","follow":"follow","max-snippet":"max-snippet:-1","max-image-preview":"max-image-preview:large","max-video-preview":"max-video-preview:-1"},"canonical":"https:\/\/www.ubu.de\/cs\/arbeitsschutz\/","og_locale":"cs_CZ","og_type":"article","og_title":"Arbeitsschutz - ubu - Arbeitsschutz f\u00fcr Hotels und Gastronomie","og_description":"Wir helfen Ihnen bei der Umsetzung der gesetzlichen Anforderungen zum Arbeitsschutz (DGUV-Vorschrift 2). ubu als Alternative zur BGN Pflichtversicherung.","og_url":"https:\/\/www.ubu.de\/cs\/arbeitsschutz\/","og_site_name":"ubu - Arbeitsschutz f\u00fcr Hotels und Gastronomie","article_modified_time":"2026-03-20T13:03:44+00:00","twitter_card":"summary_large_image","schema":{"@context":"https:\/\/schema.org","@graph":[{"@type":"WebPage","@id":"https:\/\/www.ubu.de\/arbeitsschutz\/","url":"https:\/\/www.ubu.de\/arbeitsschutz\/","name":"Arbeitsschutz - ubu - Arbeitsschutz f\u00fcr Hotels und Gastronomie","isPartOf":{"@id":"https:\/\/www.ubu.de\/#website"},"datePublished":"2016-07-25T15:55:51+00:00","dateModified":"2026-03-20T13:03:44+00:00","description":"Wir helfen Ihnen bei der Umsetzung der gesetzlichen Anforderungen zum Arbeitsschutz (DGUV-Vorschrift 2). ubu als Alternative zur BGN Pflichtversicherung.","breadcrumb":{"@id":"https:\/\/www.ubu.de\/arbeitsschutz\/#breadcrumb"},"inLanguage":"cs","potentialAction":[{"@type":"ReadAction","target":["https:\/\/www.ubu.de\/arbeitsschutz\/"]}]},{"@type":"BreadcrumbList","@id":"https:\/\/www.ubu.de\/arbeitsschutz\/#breadcrumb","itemListElement":[{"@type":"ListItem","position":1,"name":"Startseite","item":"https:\/\/www.ubu.de\/"},{"@type":"ListItem","position":2,"name":"Arbeitsschutz"}]},{"@type":"WebSite","@id":"https:\/\/www.ubu.de\/#website","url":"https:\/\/www.ubu.de\/","name":"ubu - Arbeitsschutz f\u00fcr Hotels und Gastronomie","description":"bezpe\u010dnost pr\u00e1ce","publisher":{"@id":"https:\/\/www.ubu.de\/#organization"},"potentialAction":[{"@type":"SearchAction","target":{"@type":"EntryPoint","urlTemplate":"https:\/\/www.ubu.de\/?s={search_term_string}"},"query-input":{"@type":"PropertyValueSpecification","valueRequired":true,"valueName":"search_term_string"}}],"inLanguage":"cs"},{"@type":"Organization","@id":"https:\/\/www.ubu.de\/#organization","name":"ubu - safety at work","url":"https:\/\/www.ubu.de\/","logo":{"@type":"ImageObject","inLanguage":"cs","@id":"https:\/\/www.ubu.de\/#\/schema\/logo\/image\/","url":"https:\/\/www.ubu.de\/wp-content\/uploads\/2016\/07\/ubu-elephant.png","contentUrl":"https:\/\/www.ubu.de\/wp-content\/uploads\/2016\/07\/ubu-elephant.png","width":250,"height":250,"caption":"ubu - safety at work"},"image":{"@id":"https:\/\/www.ubu.de\/#\/schema\/logo\/image\/"}}]}},"_links":{"self":[{"href":"https:\/\/www.ubu.de\/cs\/wp-json\/wp\/v2\/pages\/25701","targetHints":{"allow":["GET"]}}],"collection":[{"href":"https:\/\/www.ubu.de\/cs\/wp-json\/wp\/v2\/pages"}],"about":[{"href":"https:\/\/www.ubu.de\/cs\/wp-json\/wp\/v2\/types\/page"}],"author":[{"embeddable":true,"href":"https:\/\/www.ubu.de\/cs\/wp-json\/wp\/v2\/users\/1"}],"replies":[{"embeddable":true,"href":"https:\/\/www.ubu.de\/cs\/wp-json\/wp\/v2\/comments?post=25701"}],"version-history":[{"count":11,"href":"https:\/\/www.ubu.de\/cs\/wp-json\/wp\/v2\/pages\/25701\/revisions"}],"predecessor-version":[{"id":28873,"href":"https:\/\/www.ubu.de\/cs\/wp-json\/wp\/v2\/pages\/25701\/revisions\/28873"}],"wp:attachment":[{"href":"https:\/\/www.ubu.de\/cs\/wp-json\/wp\/v2\/media?parent=25701"}],"curies":[{"name":"wp","href":"https:\/\/api.w.org\/{rel}","templated":true}]}}