{"id":25754,"date":"2016-07-25T18:13:20","date_gmt":"2016-07-25T16:13:20","guid":{"rendered":"http:\/\/www.ubu.de\/?page_id=25754"},"modified":"2026-03-20T14:03:46","modified_gmt":"2026-03-20T13:03:46","slug":"impressum","status":"publish","type":"page","link":"https:\/\/www.ubu.de\/cs\/impressum\/","title":{"rendered":"Otisk"},"content":{"rendered":"<div class=\"et_pb_section_0 et_pb_section et_section_regular et_block_section\"><div class=\"et_pb_row_0 et_pb_row et_block_row\"><div class=\"et_pb_column_0 et_pb_column et_pb_column_4_4 et-last-child et_block_column et_pb_css_mix_blend_mode_passthrough\"><div class=\"et_pb_text_0 et_pb_text et_pb_bg_layout_light et_pb_module et_block_module\"><div class=\"et_pb_text_inner\"><h1>Otisk<\/h1>\n<h2>Informace podle \u00a7 5 DDG:<\/h2>\n<p>UBU Unternehmensberatung f\u00fcr Betriebsmedizin und Umweltschutz GmbH<br \/>Mittelstra\u00dfe 6<br \/>29351 Eldingen<\/p>\n<h2>Zastoupen\u00e1:<\/h2>\n<p>Anke Weischedel<\/p>\n<h2>Kontakt:<\/h2>\n<table>\n<tbody>\n<tr>\n<td>Telefon:<\/td>\n<td><a href=\"tel:+4951482650350\u202c\"><span style=\"color: #4c5b6d;\"><span style=\"caret-color: #4c5b6d;\">05148 26 50 350<\/span><\/span><\/a><\/td>\n<\/tr>\n<tr>\n<td>e-mail:<\/td>\n<td><a href=\"mailto:info@ubu.de\">info@ubu.de<\/a><\/td>\n<\/tr>\n<\/tbody>\n<\/table>\n<h2>Vstup do rejst\u0159\u00edku:<\/h2>\n<p>Z\u00e1pis do obchodn\u00edho rejst\u0159\u00edku.<br \/>Rejst\u0159\u00edkov\u00fd soud: M\u00edstn\u00ed soud v Hamburku<br \/>Registra\u010dn\u00ed \u010d\u00edslo: HRB147179<\/p>\n<h2>ID pro da\u0148 z prodeje:<\/h2>\n<p>Identifika\u010dn\u00ed \u010d\u00edslo pro da\u0148 z obratu podle \u00a7 27a z\u00e1kona o dani z obratu:<br \/>DE228966482<\/p>\n<h2>Webov\u00e9 str\u00e1nky:<\/h2>\n<p>Koncepce a programov\u00e1n\u00ed: <a href=\"https:\/\/www.applaus.net\" target=\"_blank\" rel=\"noopener\">applaus GmbH - consulting | mac support<\/a><\/p>\n<p>Zdroj: <em><a href=\"https:\/\/www.e-recht24.de\">eRecht24<\/a><\/em><\/p>\n<\/div><\/div><div class=\"et_pb_text_1 et_pb_text et_pb_bg_layout_light et_pb_module et_block_module\"><div class=\"et_pb_text_inner\"><h1>Vylou\u010den\u00ed odpov\u011bdnosti (z\u0159eknut\u00ed se odpov\u011bdnosti)<\/h1>\n<p><strong>Odpov\u011bdnost za obsah<\/strong><\/p>\n<p>Jako poskytovatel slu\u017eeb jsme v souladu s \u00a7 7 odst. 1 DDG a obecn\u00fdmi pr\u00e1vn\u00edmi p\u0159edpisy odpov\u011bdn\u00ed za vlastn\u00ed obsah t\u011bchto str\u00e1nek. Podle \u00a7\u00a7 8 a\u017e 10 DDG v\u0161ak nejsme jako poskytovatel slu\u017eeb povinni sledovat p\u0159en\u00e1\u0161en\u00e9 nebo ukl\u00e1dan\u00e9 informace t\u0159et\u00edch stran ani vy\u0161et\u0159ovat okolnosti, kter\u00e9 nazna\u010duj\u00ed nez\u00e1konnou \u010dinnost. Povinnosti odstranit nebo zablokovat pou\u017e\u00edv\u00e1n\u00ed informac\u00ed v souladu s obecn\u00fdmi pr\u00e1vn\u00edmi p\u0159edpisy t\u00edm nejsou dot\u010deny. Odpov\u011bdnost v tomto ohledu je v\u0161ak mo\u017en\u00e1 a\u017e od okam\u017eiku, kdy se o konkr\u00e9tn\u00edm poru\u0161en\u00ed dozv\u00edte. Jakmile se o takov\u00e9m poru\u0161en\u00ed dozv\u00edme, okam\u017eit\u011b tento obsah odstran\u00edme.<\/p>\n<p><strong>Odpov\u011bdnost za odkazy<\/strong><\/p>\n<p>Na\u0161e webov\u00e9 str\u00e1nky obsahuj\u00ed odkazy na extern\u00ed webov\u00e9 str\u00e1nky t\u0159et\u00edch stran, na jejich\u017e obsah nem\u00e1me \u017e\u00e1dn\u00fd vliv. Proto nem\u016f\u017eeme p\u0159evz\u00edt \u017e\u00e1dnou odpov\u011bdnost za tento obsah t\u0159et\u00edch stran. Za obsah odkazovan\u00fdch str\u00e1nek je v\u017edy odpov\u011bdn\u00fd p\u0159\u00edslu\u0161n\u00fd poskytovatel nebo provozovatel str\u00e1nek. Odkazovan\u00e9 str\u00e1nky byly v dob\u011b odkazov\u00e1n\u00ed zkontrolov\u00e1ny z hlediska mo\u017en\u00e9ho poru\u0161en\u00ed pr\u00e1vn\u00edch p\u0159edpis\u016f. Nez\u00e1konn\u00fd obsah nebyl v dob\u011b odkazov\u00e1n\u00ed rozpozn\u00e1n. Trval\u00e1 kontrola obsahu odkazovan\u00fdch str\u00e1nek v\u0161ak nen\u00ed bez konkr\u00e9tn\u00edch d\u016fkaz\u016f o protipr\u00e1vn\u00edm jedn\u00e1n\u00ed \u00fa\u010deln\u00e1. Pokud se dozv\u00edme o jak\u00e9mkoli poru\u0161en\u00ed pr\u00e1vn\u00edch p\u0159edpis\u016f, okam\u017eit\u011b takov\u00e9 odkazy odstran\u00edme.<\/p>\n<p><strong>Autorsk\u00e1 pr\u00e1va<\/strong><\/p>\n<p>Obsah a d\u00edla vytvo\u0159en\u00e1 provozovateli str\u00e1nek na t\u011bchto str\u00e1nk\u00e1ch podl\u00e9haj\u00ed n\u011bmeck\u00e9mu autorsk\u00e9mu pr\u00e1vu. Kop\u00edrov\u00e1n\u00ed, zpracov\u00e1n\u00ed, \u0161\u00ed\u0159en\u00ed a jak\u00fdkoli zp\u016fsob vyu\u017eit\u00ed nad r\u00e1mec autorsk\u00e9ho pr\u00e1va vy\u017eaduje p\u00edsemn\u00fd souhlas p\u0159\u00edslu\u0161n\u00e9ho autora nebo tv\u016frce. Stahov\u00e1n\u00ed a kop\u00edrov\u00e1n\u00ed t\u011bchto str\u00e1nek je povoleno pouze pro soukrom\u00e9, nekomer\u010dn\u00ed pou\u017eit\u00ed. Pokud obsah t\u011bchto str\u00e1nek nebyl vytvo\u0159en provozovatelem, jsou respektov\u00e1na autorsk\u00e1 pr\u00e1va t\u0159et\u00edch stran. Zejm\u00e9na obsah t\u0159et\u00edch stran je takto ozna\u010den. Pokud se p\u0159esto dozv\u00edte o poru\u0161en\u00ed autorsk\u00fdch pr\u00e1v, informujte n\u00e1s o tom. Pokud se o poru\u0161en\u00ed autorsk\u00fdch pr\u00e1v dozv\u00edme, neprodlen\u011b takov\u00fd obsah odstran\u00edme.<\/p>\n<h1>E-mailov\u00e9 tipy<\/h1>\n<p>Na\u0161e e-maily a jejich p\u0159\u00edlohy jsou d\u016fv\u011brn\u00e9. Pokud nejste zam\u00fd\u0161len\u00fdm adres\u00e1tem a n\u00e1\u0161 e-mail jste obdr\u017eeli omylem, neprodlen\u011b informujte odes\u00edlatele a e-mail neprodlen\u011b sma\u017ete. Neopr\u00e1vn\u011bn\u00e9 kop\u00edrov\u00e1n\u00ed, jin\u00e9 pou\u017eit\u00ed nebo neopr\u00e1vn\u011bn\u00e9 p\u0159epos\u00edl\u00e1n\u00ed t\u0159et\u00edm osob\u00e1m nen\u00ed dovoleno.<\/p>\n<\/div><\/div><\/div><\/div><\/div>","protected":false},"excerpt":{"rendered":"","protected":false},"author":1,"featured_media":0,"parent":0,"menu_order":0,"comment_status":"closed","ping_status":"closed","template":"","meta":{"_acf_changed":false,"inline_featured_image":false,"footnotes":""},"class_list":["post-25754","page","type-page","status-publish","hentry"],"acf":[],"yoast_head":"<!-- This site is optimized with the Yoast SEO plugin v27.3 - https:\/\/yoast.com\/product\/yoast-seo-wordpress\/ -->\n<title>Impressum - ubu - Arbeitsschutz f\u00fcr Hotels und Gastronomie<\/title>\n<meta name=\"robots\" content=\"index, follow, max-snippet:-1, max-image-preview:large, max-video-preview:-1\" \/>\n<link rel=\"canonical\" href=\"https:\/\/www.ubu.de\/cs\/impressum\/\" \/>\n<meta property=\"og:locale\" content=\"cs_CZ\" \/>\n<meta property=\"og:type\" content=\"article\" \/>\n<meta property=\"og:title\" content=\"Impressum - ubu - Arbeitsschutz f\u00fcr Hotels und Gastronomie\" \/>\n<meta property=\"og:url\" content=\"https:\/\/www.ubu.de\/cs\/impressum\/\" \/>\n<meta property=\"og:site_name\" content=\"ubu - Arbeitsschutz f\u00fcr Hotels und Gastronomie\" \/>\n<meta property=\"article:modified_time\" content=\"2026-03-20T13:03:46+00:00\" \/>\n<meta name=\"twitter:card\" content=\"summary_large_image\" \/>\n<script type=\"application\/ld+json\" class=\"yoast-schema-graph\">{\"@context\":\"https:\\\/\\\/schema.org\",\"@graph\":[{\"@type\":\"WebPage\",\"@id\":\"https:\\\/\\\/www.ubu.de\\\/impressum\\\/\",\"url\":\"https:\\\/\\\/www.ubu.de\\\/impressum\\\/\",\"name\":\"Impressum - ubu - Arbeitsschutz f\u00fcr Hotels und Gastronomie\",\"isPartOf\":{\"@id\":\"https:\\\/\\\/www.ubu.de\\\/#website\"},\"datePublished\":\"2016-07-25T16:13:20+00:00\",\"dateModified\":\"2026-03-20T13:03:46+00:00\",\"breadcrumb\":{\"@id\":\"https:\\\/\\\/www.ubu.de\\\/impressum\\\/#breadcrumb\"},\"inLanguage\":\"cs\",\"potentialAction\":[{\"@type\":\"ReadAction\",\"target\":[\"https:\\\/\\\/www.ubu.de\\\/impressum\\\/\"]}]},{\"@type\":\"BreadcrumbList\",\"@id\":\"https:\\\/\\\/www.ubu.de\\\/impressum\\\/#breadcrumb\",\"itemListElement\":[{\"@type\":\"ListItem\",\"position\":1,\"name\":\"Startseite\",\"item\":\"https:\\\/\\\/www.ubu.de\\\/\"},{\"@type\":\"ListItem\",\"position\":2,\"name\":\"Impressum\"}]},{\"@type\":\"WebSite\",\"@id\":\"https:\\\/\\\/www.ubu.de\\\/#website\",\"url\":\"https:\\\/\\\/www.ubu.de\\\/\",\"name\":\"ubu - Arbeitsschutz f\u00fcr Hotels und Gastronomie\",\"description\":\"safety at work\",\"publisher\":{\"@id\":\"https:\\\/\\\/www.ubu.de\\\/#organization\"},\"potentialAction\":[{\"@type\":\"SearchAction\",\"target\":{\"@type\":\"EntryPoint\",\"urlTemplate\":\"https:\\\/\\\/www.ubu.de\\\/?s={search_term_string}\"},\"query-input\":{\"@type\":\"PropertyValueSpecification\",\"valueRequired\":true,\"valueName\":\"search_term_string\"}}],\"inLanguage\":\"cs\"},{\"@type\":\"Organization\",\"@id\":\"https:\\\/\\\/www.ubu.de\\\/#organization\",\"name\":\"ubu - safety at work\",\"url\":\"https:\\\/\\\/www.ubu.de\\\/\",\"logo\":{\"@type\":\"ImageObject\",\"inLanguage\":\"cs\",\"@id\":\"https:\\\/\\\/www.ubu.de\\\/#\\\/schema\\\/logo\\\/image\\\/\",\"url\":\"https:\\\/\\\/www.ubu.de\\\/wp-content\\\/uploads\\\/2016\\\/07\\\/ubu-elephant.png\",\"contentUrl\":\"https:\\\/\\\/www.ubu.de\\\/wp-content\\\/uploads\\\/2016\\\/07\\\/ubu-elephant.png\",\"width\":250,\"height\":250,\"caption\":\"ubu - safety at work\"},\"image\":{\"@id\":\"https:\\\/\\\/www.ubu.de\\\/#\\\/schema\\\/logo\\\/image\\\/\"}}]}<\/script>\n<!-- \/ Yoast SEO plugin. -->","yoast_head_json":{"title":"Impressum - ubu - Arbeitsschutz f\u00fcr Hotels und Gastronomie","robots":{"index":"index","follow":"follow","max-snippet":"max-snippet:-1","max-image-preview":"max-image-preview:large","max-video-preview":"max-video-preview:-1"},"canonical":"https:\/\/www.ubu.de\/cs\/impressum\/","og_locale":"cs_CZ","og_type":"article","og_title":"Impressum - ubu - Arbeitsschutz f\u00fcr Hotels und Gastronomie","og_url":"https:\/\/www.ubu.de\/cs\/impressum\/","og_site_name":"ubu - Arbeitsschutz f\u00fcr Hotels und Gastronomie","article_modified_time":"2026-03-20T13:03:46+00:00","twitter_card":"summary_large_image","schema":{"@context":"https:\/\/schema.org","@graph":[{"@type":"WebPage","@id":"https:\/\/www.ubu.de\/impressum\/","url":"https:\/\/www.ubu.de\/impressum\/","name":"Impressum - ubu - Arbeitsschutz f\u00fcr Hotels und Gastronomie","isPartOf":{"@id":"https:\/\/www.ubu.de\/#website"},"datePublished":"2016-07-25T16:13:20+00:00","dateModified":"2026-03-20T13:03:46+00:00","breadcrumb":{"@id":"https:\/\/www.ubu.de\/impressum\/#breadcrumb"},"inLanguage":"cs","potentialAction":[{"@type":"ReadAction","target":["https:\/\/www.ubu.de\/impressum\/"]}]},{"@type":"BreadcrumbList","@id":"https:\/\/www.ubu.de\/impressum\/#breadcrumb","itemListElement":[{"@type":"ListItem","position":1,"name":"Startseite","item":"https:\/\/www.ubu.de\/"},{"@type":"ListItem","position":2,"name":"Impressum"}]},{"@type":"WebSite","@id":"https:\/\/www.ubu.de\/#website","url":"https:\/\/www.ubu.de\/","name":"ubu - Arbeitsschutz f\u00fcr Hotels und Gastronomie","description":"bezpe\u010dnost pr\u00e1ce","publisher":{"@id":"https:\/\/www.ubu.de\/#organization"},"potentialAction":[{"@type":"SearchAction","target":{"@type":"EntryPoint","urlTemplate":"https:\/\/www.ubu.de\/?s={search_term_string}"},"query-input":{"@type":"PropertyValueSpecification","valueRequired":true,"valueName":"search_term_string"}}],"inLanguage":"cs"},{"@type":"Organization","@id":"https:\/\/www.ubu.de\/#organization","name":"ubu - safety at work","url":"https:\/\/www.ubu.de\/","logo":{"@type":"ImageObject","inLanguage":"cs","@id":"https:\/\/www.ubu.de\/#\/schema\/logo\/image\/","url":"https:\/\/www.ubu.de\/wp-content\/uploads\/2016\/07\/ubu-elephant.png","contentUrl":"https:\/\/www.ubu.de\/wp-content\/uploads\/2016\/07\/ubu-elephant.png","width":250,"height":250,"caption":"ubu - safety at work"},"image":{"@id":"https:\/\/www.ubu.de\/#\/schema\/logo\/image\/"}}]}},"_links":{"self":[{"href":"https:\/\/www.ubu.de\/cs\/wp-json\/wp\/v2\/pages\/25754","targetHints":{"allow":["GET"]}}],"collection":[{"href":"https:\/\/www.ubu.de\/cs\/wp-json\/wp\/v2\/pages"}],"about":[{"href":"https:\/\/www.ubu.de\/cs\/wp-json\/wp\/v2\/types\/page"}],"author":[{"embeddable":true,"href":"https:\/\/www.ubu.de\/cs\/wp-json\/wp\/v2\/users\/1"}],"replies":[{"embeddable":true,"href":"https:\/\/www.ubu.de\/cs\/wp-json\/wp\/v2\/comments?post=25754"}],"version-history":[{"count":10,"href":"https:\/\/www.ubu.de\/cs\/wp-json\/wp\/v2\/pages\/25754\/revisions"}],"predecessor-version":[{"id":28875,"href":"https:\/\/www.ubu.de\/cs\/wp-json\/wp\/v2\/pages\/25754\/revisions\/28875"}],"wp:attachment":[{"href":"https:\/\/www.ubu.de\/cs\/wp-json\/wp\/v2\/media?parent=25754"}],"curies":[{"name":"wp","href":"https:\/\/api.w.org\/{rel}","templated":true}]}}