{"id":25824,"date":"2016-07-26T16:48:00","date_gmt":"2016-07-26T14:48:00","guid":{"rendered":"http:\/\/www.ubu.de\/?page_id=25824"},"modified":"2026-03-20T14:03:47","modified_gmt":"2026-03-20T13:03:47","slug":"ueber-uns","status":"publish","type":"page","link":"https:\/\/www.ubu.de\/cs\/ueber-uns\/","title":{"rendered":"O n\u00e1s"},"content":{"rendered":"<div class=\"et_pb_section_0 et_pb_section et_pb_fullwidth_section et_section_regular et_block_section\"><div class=\"et_pb_fullwidth_slider_0 et_pb_slider et_pb_module preset--module--divi-fullwidth-slider--default\"><div class=\"box-shadow-overlay\"><\/div><div class=\"et_pb_slides\"><div class=\"et_pb_slide_0 et_pb_slide et_pb_media_alignment_center et_pb_bg_layout_dark et_pb_text_align_center\" data-slide-id=\"divi\/slide-0\"><div class=\"et_pb_container\"><div class=\"et_pb_slider_container_inner\"><div class=\"et_pb_slide_description\"><h2 class=\"et_pb_slide_title\">T\u00fdm ubu<\/h2><div class=\"et_pb_slide_content\"><p>Wir brennen f\u00fcr Ihre Arbeitssicherheit<\/p>\n<\/div><\/div><\/div><\/div><\/div><\/div><\/div><\/div><div class=\"et_pb_section_1 et_pb_section et_pb_fullwidth_section et_section_regular et_block_section\"><div class=\"et_pb_fullwidth_slider_1 et_pb_slider et_pb_slider_no_arrows et_pb_slider_no_pagination et_pb_module preset--module--divi-fullwidth-slider--default\"><div class=\"box-shadow-overlay\"><\/div><div class=\"et_pb_slides\"><div class=\"et_pb_slide_1 et_pb_slide et_pb_slider_with_overlay et_pb_media_alignment_center et_pb_bg_layout_dark et_pb_text_align_center et_pb_section_parallax\" data-slide-id=\"divi\/slide-1\"><span class=\"et-pb-parallax-wrapper\"><span class=\"et-pb-parallax-background et-pb-parallax-background-module--divi-slide-1\" style=\"background-image:url(https:\/\/www.ubu.de\/wp-content\/uploads\/2016\/07\/ubu-team-Spezialist-f\u00fcr-Arbeitsschutz-Arbeitssicherheit-Gastronomie-Restaurants-und-Hotels.jpg)\"><\/span><\/span><div class=\"et_pb_slide_overlay_container\"><\/div><div class=\"et_pb_container\"><div class=\"et_pb_slider_container_inner\"><div class=\"et_pb_slide_description\"><h2 class=\"et_pb_slide_title\">T\u00fdm ubu<\/h2><\/div><\/div><\/div><\/div><\/div><\/div><\/div><div class=\"et_pb_section_2 et_pb_section et_section_regular et_block_section\"><div class=\"et_pb_row_0 et_pb_row et_pb_row_4col et_block_row et_block_row_4col\"><div class=\"et_pb_column_0 et_pb_column et_pb_column_1_4 et_block_column et_pb_css_mix_blend_mode_passthrough\"><div class=\"et_pb_blurb_0 et_pb_blurb et_pb_bg_layout_light et_pb_text_align_center et_pb_blurb_position_top et_pb_module et_block_module\"><div class=\"et_pb_blurb_content\"><div class=\"et_pb_main_blurb_image\"><span class=\"et_pb_image_wrap\"><span class=\"et-pb-icon et-waypoint et_pb_animation_top et_pb_animation_top_tablet et_pb_animation_top_phone\">\ue00c<\/span><\/span><\/div><div class=\"et_pb_blurb_container\"><h4 class=\"et_pb_module_header\">Modern\u00ed<\/h4><div class=\"et_pb_blurb_description\"><p>Milujeme nov\u00e9 technologie a \u017eijeme modern\u00edm stylem pr\u00e1ce.<\/p>\n<\/div><\/div><\/div><\/div><\/div><div class=\"et_pb_column_1 et_pb_column et_pb_column_1_4 et_block_column et_pb_css_mix_blend_mode_passthrough\"><div class=\"et_pb_blurb_1 et_pb_blurb et_pb_bg_layout_light et_pb_text_align_center et_pb_blurb_position_top et_pb_module et_block_module\"><div class=\"et_pb_blurb_content\"><div class=\"et_pb_main_blurb_image\"><span class=\"et_pb_image_wrap\"><span class=\"et-pb-icon et-waypoint et_pb_animation_top et_pb_animation_top_tablet et_pb_animation_top_phone\">\ue038<\/span><\/span><\/div><div class=\"et_pb_blurb_container\"><h4 class=\"et_pb_module_header\">Efektivn\u00ed<\/h4><div class=\"et_pb_blurb_description\"><p>\u0160t\u00edhl\u00e9 struktury, modern\u00ed n\u00e1stroje a flexibiln\u00ed doba nasazen\u00ed \u0161et\u0159\u00ed pen\u00edze.<\/p>\n<\/div><\/div><\/div><\/div><\/div><div class=\"et_pb_column_2 et_pb_column et_pb_column_1_4 et_block_column et_pb_css_mix_blend_mode_passthrough\"><div class=\"et_pb_blurb_2 et_pb_blurb et_pb_bg_layout_light et_pb_text_align_center et_pb_blurb_position_top et_pb_module et_block_module\"><div class=\"et_pb_blurb_content\"><div class=\"et_pb_main_blurb_image\"><span class=\"et_pb_image_wrap\"><span class=\"et-pb-icon et-waypoint et_pb_animation_top et_pb_animation_top_tablet et_pb_animation_top_phone\">\ue007<\/span><\/span><\/div><div class=\"et_pb_blurb_container\"><h4 class=\"et_pb_module_header\">Kompetentn\u00ed<\/h4><div class=\"et_pb_blurb_description\"><p>Dlouholet\u00e9 zku\u0161enosti a solidn\u00ed odborn\u00e9 znalosti. Na\u0161i z\u00e1kazn\u00edci to oce\u0148uj\u00ed ji\u017e l\u00e9ta.<\/p>\n<\/div><\/div><\/div><\/div><\/div><div class=\"et_pb_column_3 et_pb_column et_pb_column_1_4 et-last-child et_block_column et_pb_css_mix_blend_mode_passthrough\"><div class=\"et_pb_blurb_3 et_pb_blurb et_pb_bg_layout_light et_pb_text_align_center et_pb_blurb_position_top et_pb_module et_block_module\"><div class=\"et_pb_blurb_content\"><div class=\"et_pb_main_blurb_image\"><span class=\"et_pb_image_wrap\"><span class=\"et-pb-icon et-waypoint et_pb_animation_top et_pb_animation_top_tablet et_pb_animation_top_phone\">\ue106<\/span><\/span><\/div><div class=\"et_pb_blurb_container\"><h4 class=\"et_pb_module_header\">Orientace na z\u00e1kazn\u00edka<\/h4><div class=\"et_pb_blurb_description\"><p>Spokojenost z\u00e1kazn\u00edk\u016f je na\u0161\u00ed nejvy\u0161\u0161\u00ed prioritou. O loajalitu se sna\u017e\u00edme ka\u017ed\u00fd den.<\/p>\n<\/div><\/div><\/div><\/div><\/div><\/div><\/div><div class=\"et_pb_section_3 et_pb_section et_section_regular et_block_section\"><div class=\"et_pb_row_1 et_pb_row et_block_row\"><div class=\"et_pb_column_4 et_pb_column et_pb_column_4_4 et-last-child et_block_column et_pb_css_mix_blend_mode_passthrough\"><ul class=\"et_pb_counters_0 et_pb_counters et-waypoint et_pb_bg_layout_light et_pb_module et_block_module\"><li class=\"et_pb_counter_0 et_pb_counter\"><span class=\"et_pb_counter_title\"> Bezpe\u010dnost pr\u00e1ce <\/span><span class=\"et_pb_counter_container\"><span class=\"et_pb_counter_amount\" data-width=\"60%\"><span class=\"et_pb_counter_amount_number\"><span class=\"et_pb_counter_amount_number_inner\">60%<\/span><\/span><\/span><span class=\"et_pb_counter_amount overlay\" data-width=\"60%\"><span class=\"et_pb_counter_amount_number\"><span class=\"et_pb_counter_amount_number_inner\">60%<\/span><\/span><\/span><\/span><\/li><li class=\"et_pb_counter_1 et_pb_counter\"><span class=\"et_pb_counter_title\"> Pracovn\u00ed l\u00e9ka\u0159stv\u00ed <\/span><span class=\"et_pb_counter_container\"><span class=\"et_pb_counter_amount\" data-width=\"40%\"><span class=\"et_pb_counter_amount_number\"><span class=\"et_pb_counter_amount_number_inner\">40%<\/span><\/span><\/span><span class=\"et_pb_counter_amount overlay\" data-width=\"40%\"><span class=\"et_pb_counter_amount_number\"><span class=\"et_pb_counter_amount_number_inner\">40%<\/span><\/span><\/span><\/span><\/li><li class=\"et_pb_counter_2 et_pb_counter\"><span class=\"et_pb_counter_title\"> Spokojenost z\u00e1kazn\u00edk\u016f <\/span><span class=\"et_pb_counter_container\"><span class=\"et_pb_counter_amount\" data-width=\"78%\"><span class=\"et_pb_counter_amount_number\"><span class=\"et_pb_counter_amount_number_inner\">78%<\/span><\/span><\/span><span class=\"et_pb_counter_amount overlay\" data-width=\"78%\"><span class=\"et_pb_counter_amount_number\"><span class=\"et_pb_counter_amount_number_inner\">78%<\/span><\/span><\/span><\/span><\/li><li class=\"et_pb_counter_3 et_pb_counter\"><span class=\"et_pb_counter_title\"> Spot\u0159eba k\u00e1vy <\/span><span class=\"et_pb_counter_container\"><span class=\"et_pb_counter_amount\" data-width=\"99%\"><span class=\"et_pb_counter_amount_number\"><span class=\"et_pb_counter_amount_number_inner\">99%<\/span><\/span><\/span><span class=\"et_pb_counter_amount overlay\" data-width=\"99%\"><span class=\"et_pb_counter_amount_number\"><span class=\"et_pb_counter_amount_number_inner\">99%<\/span><\/span><\/span><\/span><\/li><\/ul><\/div><\/div><\/div><div class=\"et_pb_section_4 et_pb_section et_section_regular et_block_section\"><div class=\"et_pb_row_2 et_pb_row et_block_row\"><div class=\"et_pb_column_5 et_pb_column et_pb_column_4_4 et-last-child et_block_column et_pb_css_mix_blend_mode_passthrough\"><div class=\"et_pb_blurb_4 et_pb_blurb et_pb_bg_layout_light et_pb_text_align_center et_pb_blurb_position_top et_pb_module et_block_module\"><div class=\"et_pb_blurb_content\"><div class=\"et_pb_blurb_container\"><div class=\"et_pb_blurb_description\"><h1><span style=\"color: #ffffff;\">P\u0159\u00edb\u011bh ubu<\/span><\/h1>\n<\/div><\/div><\/div><\/div><\/div><\/div><div class=\"et_pb_row_3 et_pb_row et_block_row\"><div class=\"et_pb_column_6 et_pb_column et_pb_column_1_2 et_block_column et_pb_css_mix_blend_mode_passthrough\"><div class=\"et_pb_blurb_5 et_pb_blurb et_pb_bg_layout_light et_pb_text_align_right et_pb_blurb_position_top et_pb_module et_block_module\"><div class=\"et_pb_blurb_content\"><div class=\"et_pb_blurb_container\"><div class=\"et_pb_blurb_description\"><h1>Fakta<\/h1>\n<p>Zalo\u017eena v roce 1987 v Ettlingenu v B\u00e1densku, p\u016fvodn\u011b pro firmy v regionu. Po \u00fasp\u011b\u0161n\u00e9m z\u00edsk\u00e1n\u00ed mnoha z\u00e1kazn\u00edk\u016f st\u00e1le v\u00edce p\u016fsob\u00ed v cel\u00e9m N\u011bmecku. Od roku 2014 proto s dal\u0161\u00ed pobo\u010dkou v Hamburku pro severn\u00ed N\u011bmecko.<\/p>\n<\/div><\/div><\/div><\/div><\/div><div class=\"et_pb_column_7 et_pb_column et_pb_column_1_2 et-last-child et_block_column et_pb_column_empty et_pb_css_mix_blend_mode_passthrough\"><\/div><\/div><div class=\"et_pb_row_4 et_pb_row et_block_row\"><div class=\"et_pb_column_8 et_pb_column et_pb_column_1_2 et_block_column et_pb_column_empty et_pb_css_mix_blend_mode_passthrough\"><\/div><div class=\"et_pb_column_9 et_pb_column et_pb_column_1_2 et-last-child et_block_column et_pb_css_mix_blend_mode_passthrough\"><div class=\"et_pb_blurb_6 et_pb_blurb et_pb_bg_layout_light et_pb_blurb_position_top et_pb_module et_block_module\"><div class=\"et_pb_blurb_content\"><div class=\"et_pb_blurb_container\"><div class=\"et_pb_blurb_description\"><h1>Motivace<\/h1>\n<p>Jsme p\u0159esv\u011bd\u010deni, \u017ee nedostate\u010dn\u00e9 zaji\u0161t\u011bn\u00ed bezpe\u010dnosti a ochrany zdrav\u00ed p\u0159i pr\u00e1ci m\u016f\u017ee p\u0159ij\u00edt ka\u017edou spole\u010dnost draho. Na\u0161\u00edm c\u00edlem je nab\u00eddnout na\u0161im z\u00e1kazn\u00edk\u016fm aktivn\u00ed bezpe\u010dnost a ochranu zdrav\u00ed p\u0159i pr\u00e1ci, kter\u00e1 se dlouhodob\u011b vyplat\u00ed.<\/p>\n<\/div><\/div><\/div><\/div><\/div><\/div><div class=\"et_pb_row_5 et_pb_row et_block_row\"><div class=\"et_pb_column_10 et_pb_column et_pb_column_1_2 et_block_column et_pb_css_mix_blend_mode_passthrough\"><div class=\"et_pb_blurb_7 et_pb_blurb et_pb_bg_layout_light et_pb_text_align_right et_pb_blurb_position_top et_pb_module et_block_module\"><div class=\"et_pb_blurb_content\"><div class=\"et_pb_blurb_container\"><div class=\"et_pb_blurb_description\"><h1>Vize<\/h1>\n<p>Od roku 2016 proch\u00e1z\u00ed spole\u010dnost ubu genera\u010dn\u00ed obm\u011bnou, kter\u00e1 p\u0159inesla sv\u011b\u017e\u00ed v\u00edtr v podob\u011b digitalizace a nov\u00fdch intern\u00edch proces\u016f. I ve st\u00e1le rychlej\u0161\u00edm pracovn\u00edm sv\u011bt\u011b chceme na\u0161im z\u00e1kazn\u00edk\u016fm poskytnout modern\u00ed<br \/>\nnab\u00edzej\u00ed bezpe\u010dnost a ochranu zdrav\u00ed p\u0159i pr\u00e1ci. I nad\u00e1le se dr\u017e\u00edme na\u0161ich z\u00e1kladn\u00edch hodnot.<\/p>\n<\/div><\/div><\/div><\/div><\/div><div class=\"et_pb_column_11 et_pb_column et_pb_column_1_2 et-last-child et_block_column et_pb_column_empty et_pb_css_mix_blend_mode_passthrough\"><\/div><\/div><\/div><div class=\"et_pb_section_5 et_pb_section et_section_regular et_block_section\"><div class=\"et_pb_row_6 et_pb_row et_block_row\"><div class=\"et_pb_column_12 et_pb_column et_pb_column_4_4 et-last-child et_block_column et_pb_css_mix_blend_mode_passthrough\"><div class=\"et_pb_cta_0 et_pb_promo et_pb_bg_layout_light et_pb_module et_block_module\"><div class=\"et_pb_promo_description\"><div class=\"et_pb_promo_content\"><h1 style=\"text-align: center;\">Va\u0161e kontaktn\u00ed osoby<\/h1>\n<\/div><\/div><\/div><\/div><\/div><div class=\"et_pb_row_7 et_pb_row et_pb_equal_columns et_block_row\"><div class=\"et_pb_column_13 et_pb_column et_pb_column_1_3 et_block_column et_pb_css_mix_blend_mode_passthrough\"><div class=\"et_pb_team_member_0 et_pb_team_member et_pb_bg_layout_light et_pb_module et_block_module\"><div class=\"et_pb_team_member_image et-waypoint et_pb_animation_fade_in\"><img loading=\"lazy\" decoding=\"async\" src=\"https:\/\/www.ubu.de\/wp-content\/uploads\/2016\/07\/Anke-Weischedel-ubu-Arbeitssicherheit-Arbeitsschutz-320px.jpeg\" alt=\"Anke Weischedel\" width=\"320\" height=\"320\" srcset=\"https:\/\/www.ubu.de\/wp-content\/uploads\/2016\/07\/Anke-Weischedel-ubu-Arbeitssicherheit-Arbeitsschutz-320px.jpeg 320w, https:\/\/www.ubu.de\/wp-content\/uploads\/2016\/07\/Anke-Weischedel-ubu-Arbeitssicherheit-Arbeitsschutz-320px-150x150.jpeg 150w, https:\/\/www.ubu.de\/wp-content\/uploads\/2016\/07\/Anke-Weischedel-ubu-Arbeitssicherheit-Arbeitsschutz-320px-300x300.jpeg 300w\" sizes=\"(max-width: 320px) 100vw, 320px\" class=\"wp-image-26216\" \/><\/div><div class=\"et_pb_team_member_description\"><h4 class=\"et_pb_module_header\">Anke Weischedel<\/h4><p class=\"et_pb_member_position\">Co-Gesch\u00e4ftsf\u00fchrerin & Sifa<\/p><div class=\"et_pb_team_member_description_content\"><p>Anke Weischedelov\u00e1 je od roku 2005 jako specialistka na bezpe\u010dnost pr\u00e1ce zodpov\u011bdn\u00e1 za v\u0161echny aspekty bezpe\u010dnosti a ochrany zdrav\u00ed p\u0159i pr\u00e1ci. Jej\u00ed dlouholet\u00e1 pr\u00e1ce mana\u017eerky v hotelnictv\u00ed a gastronomii j\u00ed poskytla bohat\u00e9 znalosti o pot\u0159eb\u00e1ch tohoto odv\u011btv\u00ed. Kdy\u017e se zrovna nev\u011bnuje j\u00f3ze, je v soukrom\u00e9m \u017eivot\u011b veselou a v\u00e1\u0161nivou kucha\u0159kou, kter\u00e1 se star\u00e1 o to, aby d\u016fm nikdy nevisel na \u0161ikm\u00e9 plo\u0161e.<\/p>\n<\/div><\/div><\/div><div class=\"et_pb_cta_1 et_pb_promo et_pb_bg_layout_dark et_pb_module et_block_module\"><div class=\"et_pb_promo_description et_multi_view_hidden\"><\/div><div class=\"et_pb_button_wrapper\"><a class=\"et_pb_button et_pb_promo_button\" target=\"_blank\" href=\"mailto:anke.weischedel@ubu.de\" rel=\"noreferrer\">anke.weischedel@ubu.de<\/a><\/div><\/div><\/div><div class=\"et_pb_column_14 et_pb_column et_pb_column_1_3 et_block_column et_pb_css_mix_blend_mode_passthrough\"><div class=\"et_pb_team_member_1 et_pb_team_member et_pb_bg_layout_light et_pb_module et_block_module\"><div class=\"et_pb_team_member_image et-waypoint et_pb_animation_fade_in\"><img loading=\"lazy\" decoding=\"async\" src=\"https:\/\/www.ubu.de\/wp-content\/uploads\/2016\/07\/Christoph-Weischedel-ubu-Arbeitsschutz-Gef\u00e4hrdungsbeurteilungen-320px.jpg\" alt=\"Christoph Weischedel\" width=\"320\" height=\"320\" srcset=\"https:\/\/www.ubu.de\/wp-content\/uploads\/2016\/07\/Christoph-Weischedel-ubu-Arbeitsschutz-Gef\u00e4hrdungsbeurteilungen-320px.jpg 320w, https:\/\/www.ubu.de\/wp-content\/uploads\/2016\/07\/Christoph-Weischedel-ubu-Arbeitsschutz-Gef\u00e4hrdungsbeurteilungen-320px-150x150.jpg 150w, https:\/\/www.ubu.de\/wp-content\/uploads\/2016\/07\/Christoph-Weischedel-ubu-Arbeitsschutz-Gef\u00e4hrdungsbeurteilungen-320px-300x300.jpg 300w\" sizes=\"(max-width: 320px) 100vw, 320px\" class=\"wp-image-26217\" \/><\/div><div class=\"et_pb_team_member_description\"><h4 class=\"et_pb_module_header\">Christoph Weischedel<\/h4><p class=\"et_pb_member_position\">Obchodn\u00ed mana\u017eer (rodil\u00fd mluv\u010d\u00ed)<\/p><div class=\"et_pb_team_member_description_content\"><p>Christoph Weischedel pracuje ve spole\u010dnosti od \u010dervna 2014 jako obchodn\u00ed \u0159editel. Je zodpov\u011bdn\u00fd za slu\u017eby z\u00e1kazn\u00edk\u016fm, \u0159\u00edzen\u00ed kvality a marketing. Po t\u00e9m\u011b\u0159 27let\u00e9m vztahu se \u0161esti obrazovkami, kter\u00e9 ne v\u017edy sd\u00edlely jeho anglick\u00fd smysl pro humor, je b\u00fdval\u00fd investi\u010dn\u00ed bank\u00e9\u0159 velmi r\u00e1d, \u017ee kone\u010dn\u011b m\u016f\u017ee op\u011bt mluvit se skute\u010dn\u00fdmi lidmi osobn\u011b.<a href=\"mailto:christoph.weischedel@ubu.de\" target=\"_blank\" rel=\"noopener\" title=\"Po\u0161lete mi pros\u00edm e-mail.\"><\/a><\/p>\n<\/div><\/div><\/div><div class=\"et_pb_cta_2 et_pb_promo et_pb_bg_layout_dark et_pb_module et_block_module\"><div class=\"et_pb_promo_description et_multi_view_hidden\"><\/div><div class=\"et_pb_button_wrapper\"><a class=\"et_pb_button et_pb_promo_button\" target=\"_blank\" href=\"mailto:christoph.weischedel@ubu.de\" rel=\"noreferrer\">christoph.weischedel@ubu.de<\/a><\/div><\/div><\/div><div class=\"et_pb_column_15 et_pb_column et_pb_column_1_3 et-last-child et_block_column et_pb_css_mix_blend_mode_passthrough\"><div class=\"et_pb_team_member_2 et_pb_team_member et_pb_bg_layout_light et_pb_module et_block_module\"><div class=\"et_pb_team_member_image et-waypoint et_pb_animation_fade_in\"><img loading=\"lazy\" decoding=\"async\" src=\"https:\/\/www.ubu.de\/wp-content\/uploads\/betriebsarzt-ubu.jpg\" alt=\"Dr. Christa Wacheck\" width=\"320\" height=\"320\" srcset=\"https:\/\/www.ubu.de\/wp-content\/uploads\/betriebsarzt-ubu.jpg 320w\" sizes=\"(max-width: 320px) 100vw, 320px\" class=\"wp-image-27477\" \/><\/div><div class=\"et_pb_team_member_description\"><h4 class=\"et_pb_module_header\">Dr. Christa Wacheck<\/h4><p class=\"et_pb_member_position\">Firemn\u00ed l\u00e9ka\u0159<\/p><div class=\"et_pb_team_member_description_content\"><p>Na\u0161e firemn\u00ed l\u00e9ka\u0159ka, doktorka Christa Wacheckov\u00e1, je milovnic\u00ed klasick\u00e9 hudby, a pokud se gramofon n\u011bkdy zastav\u00ed, je to pravd\u011bpodobn\u011b proto, \u017ee m\u00e1 nos zabo\u0159en\u00fd v nov\u00e9m krimin\u00e1ln\u00edm rom\u00e1nu.<\/p>\n<p>Dr. Nikolaus Droscha ode\u0161el z funkce podnikov\u00e9ho l\u00e9ka\u0159e k 30. z\u00e1\u0159\u00ed 2022 z d\u016fvodu v\u011bku.<\/p>\n<\/div><\/div><\/div><div class=\"et_pb_cta_3 et_pb_promo et_pb_bg_layout_dark et_pb_module et_block_module\"><div class=\"et_pb_promo_description et_multi_view_hidden\"><\/div><div class=\"et_pb_button_wrapper\"><a class=\"et_pb_button et_pb_promo_button\" target=\"_blank\" href=\"mailto:betriebsarzt@ubu.de\" rel=\"noreferrer\">betriebsarzt@ubu.de<\/a><\/div><\/div><\/div><\/div><\/div>","protected":false},"excerpt":{"rendered":"","protected":false},"author":1,"featured_media":0,"parent":0,"menu_order":0,"comment_status":"closed","ping_status":"closed","template":"","meta":{"_acf_changed":false,"inline_featured_image":false,"footnotes":""},"class_list":["post-25824","page","type-page","status-publish","hentry"],"acf":[],"yoast_head":"<!-- This site is optimized with the Yoast SEO plugin v27.3 - https:\/\/yoast.com\/product\/yoast-seo-wordpress\/ -->\n<title>\u00dcber Uns - ubu - Arbeitsschutz f\u00fcr Hotels und Gastronomie<\/title>\n<meta name=\"robots\" content=\"index, follow, max-snippet:-1, max-image-preview:large, max-video-preview:-1\" \/>\n<link rel=\"canonical\" href=\"https:\/\/www.ubu.de\/cs\/ueber-uns\/\" \/>\n<meta property=\"og:locale\" content=\"cs_CZ\" \/>\n<meta property=\"og:type\" content=\"article\" \/>\n<meta property=\"og:title\" content=\"\u00dcber Uns - ubu - Arbeitsschutz f\u00fcr Hotels und Gastronomie\" \/>\n<meta property=\"og:url\" content=\"https:\/\/www.ubu.de\/cs\/ueber-uns\/\" \/>\n<meta property=\"og:site_name\" content=\"ubu - Arbeitsschutz f\u00fcr Hotels und Gastronomie\" \/>\n<meta property=\"article:modified_time\" content=\"2026-03-20T13:03:47+00:00\" \/>\n<meta name=\"twitter:card\" content=\"summary_large_image\" \/>\n<script type=\"application\/ld+json\" class=\"yoast-schema-graph\">{\"@context\":\"https:\\\/\\\/schema.org\",\"@graph\":[{\"@type\":\"WebPage\",\"@id\":\"https:\\\/\\\/www.ubu.de\\\/ueber-uns\\\/\",\"url\":\"https:\\\/\\\/www.ubu.de\\\/ueber-uns\\\/\",\"name\":\"\u00dcber Uns - ubu - Arbeitsschutz f\u00fcr Hotels und Gastronomie\",\"isPartOf\":{\"@id\":\"https:\\\/\\\/www.ubu.de\\\/#website\"},\"datePublished\":\"2016-07-26T14:48:00+00:00\",\"dateModified\":\"2026-03-20T13:03:47+00:00\",\"breadcrumb\":{\"@id\":\"https:\\\/\\\/www.ubu.de\\\/ueber-uns\\\/#breadcrumb\"},\"inLanguage\":\"cs\",\"potentialAction\":[{\"@type\":\"ReadAction\",\"target\":[\"https:\\\/\\\/www.ubu.de\\\/ueber-uns\\\/\"]}]},{\"@type\":\"BreadcrumbList\",\"@id\":\"https:\\\/\\\/www.ubu.de\\\/ueber-uns\\\/#breadcrumb\",\"itemListElement\":[{\"@type\":\"ListItem\",\"position\":1,\"name\":\"Startseite\",\"item\":\"https:\\\/\\\/www.ubu.de\\\/\"},{\"@type\":\"ListItem\",\"position\":2,\"name\":\"\u00dcber Uns\"}]},{\"@type\":\"WebSite\",\"@id\":\"https:\\\/\\\/www.ubu.de\\\/#website\",\"url\":\"https:\\\/\\\/www.ubu.de\\\/\",\"name\":\"ubu - Arbeitsschutz f\u00fcr Hotels und Gastronomie\",\"description\":\"safety at work\",\"publisher\":{\"@id\":\"https:\\\/\\\/www.ubu.de\\\/#organization\"},\"potentialAction\":[{\"@type\":\"SearchAction\",\"target\":{\"@type\":\"EntryPoint\",\"urlTemplate\":\"https:\\\/\\\/www.ubu.de\\\/?s={search_term_string}\"},\"query-input\":{\"@type\":\"PropertyValueSpecification\",\"valueRequired\":true,\"valueName\":\"search_term_string\"}}],\"inLanguage\":\"cs\"},{\"@type\":\"Organization\",\"@id\":\"https:\\\/\\\/www.ubu.de\\\/#organization\",\"name\":\"ubu - safety at work\",\"url\":\"https:\\\/\\\/www.ubu.de\\\/\",\"logo\":{\"@type\":\"ImageObject\",\"inLanguage\":\"cs\",\"@id\":\"https:\\\/\\\/www.ubu.de\\\/#\\\/schema\\\/logo\\\/image\\\/\",\"url\":\"https:\\\/\\\/www.ubu.de\\\/wp-content\\\/uploads\\\/2016\\\/07\\\/ubu-elephant.png\",\"contentUrl\":\"https:\\\/\\\/www.ubu.de\\\/wp-content\\\/uploads\\\/2016\\\/07\\\/ubu-elephant.png\",\"width\":250,\"height\":250,\"caption\":\"ubu - safety at work\"},\"image\":{\"@id\":\"https:\\\/\\\/www.ubu.de\\\/#\\\/schema\\\/logo\\\/image\\\/\"}}]}<\/script>\n<!-- \/ Yoast SEO plugin. -->","yoast_head_json":{"title":"\u00dcber Uns - ubu - Arbeitsschutz f\u00fcr Hotels und Gastronomie","robots":{"index":"index","follow":"follow","max-snippet":"max-snippet:-1","max-image-preview":"max-image-preview:large","max-video-preview":"max-video-preview:-1"},"canonical":"https:\/\/www.ubu.de\/cs\/ueber-uns\/","og_locale":"cs_CZ","og_type":"article","og_title":"\u00dcber Uns - ubu - Arbeitsschutz f\u00fcr Hotels und Gastronomie","og_url":"https:\/\/www.ubu.de\/cs\/ueber-uns\/","og_site_name":"ubu - Arbeitsschutz f\u00fcr Hotels und Gastronomie","article_modified_time":"2026-03-20T13:03:47+00:00","twitter_card":"summary_large_image","schema":{"@context":"https:\/\/schema.org","@graph":[{"@type":"WebPage","@id":"https:\/\/www.ubu.de\/ueber-uns\/","url":"https:\/\/www.ubu.de\/ueber-uns\/","name":"\u00dcber Uns - ubu - Arbeitsschutz f\u00fcr Hotels und Gastronomie","isPartOf":{"@id":"https:\/\/www.ubu.de\/#website"},"datePublished":"2016-07-26T14:48:00+00:00","dateModified":"2026-03-20T13:03:47+00:00","breadcrumb":{"@id":"https:\/\/www.ubu.de\/ueber-uns\/#breadcrumb"},"inLanguage":"cs","potentialAction":[{"@type":"ReadAction","target":["https:\/\/www.ubu.de\/ueber-uns\/"]}]},{"@type":"BreadcrumbList","@id":"https:\/\/www.ubu.de\/ueber-uns\/#breadcrumb","itemListElement":[{"@type":"ListItem","position":1,"name":"Startseite","item":"https:\/\/www.ubu.de\/"},{"@type":"ListItem","position":2,"name":"\u00dcber Uns"}]},{"@type":"WebSite","@id":"https:\/\/www.ubu.de\/#website","url":"https:\/\/www.ubu.de\/","name":"ubu - Arbeitsschutz f\u00fcr Hotels und Gastronomie","description":"bezpe\u010dnost pr\u00e1ce","publisher":{"@id":"https:\/\/www.ubu.de\/#organization"},"potentialAction":[{"@type":"SearchAction","target":{"@type":"EntryPoint","urlTemplate":"https:\/\/www.ubu.de\/?s={search_term_string}"},"query-input":{"@type":"PropertyValueSpecification","valueRequired":true,"valueName":"search_term_string"}}],"inLanguage":"cs"},{"@type":"Organization","@id":"https:\/\/www.ubu.de\/#organization","name":"ubu - safety at work","url":"https:\/\/www.ubu.de\/","logo":{"@type":"ImageObject","inLanguage":"cs","@id":"https:\/\/www.ubu.de\/#\/schema\/logo\/image\/","url":"https:\/\/www.ubu.de\/wp-content\/uploads\/2016\/07\/ubu-elephant.png","contentUrl":"https:\/\/www.ubu.de\/wp-content\/uploads\/2016\/07\/ubu-elephant.png","width":250,"height":250,"caption":"ubu - safety at work"},"image":{"@id":"https:\/\/www.ubu.de\/#\/schema\/logo\/image\/"}}]}},"_links":{"self":[{"href":"https:\/\/www.ubu.de\/cs\/wp-json\/wp\/v2\/pages\/25824","targetHints":{"allow":["GET"]}}],"collection":[{"href":"https:\/\/www.ubu.de\/cs\/wp-json\/wp\/v2\/pages"}],"about":[{"href":"https:\/\/www.ubu.de\/cs\/wp-json\/wp\/v2\/types\/page"}],"author":[{"embeddable":true,"href":"https:\/\/www.ubu.de\/cs\/wp-json\/wp\/v2\/users\/1"}],"replies":[{"embeddable":true,"href":"https:\/\/www.ubu.de\/cs\/wp-json\/wp\/v2\/comments?post=25824"}],"version-history":[{"count":10,"href":"https:\/\/www.ubu.de\/cs\/wp-json\/wp\/v2\/pages\/25824\/revisions"}],"predecessor-version":[{"id":28876,"href":"https:\/\/www.ubu.de\/cs\/wp-json\/wp\/v2\/pages\/25824\/revisions\/28876"}],"wp:attachment":[{"href":"https:\/\/www.ubu.de\/cs\/wp-json\/wp\/v2\/media?parent=25824"}],"curies":[{"name":"wp","href":"https:\/\/api.w.org\/{rel}","templated":true}]}}