{"id":26410,"date":"2020-02-12T11:04:53","date_gmt":"2020-02-12T10:04:53","guid":{"rendered":"https:\/\/www.ubu.de\/?page_id=26410"},"modified":"2026-03-20T14:03:57","modified_gmt":"2026-03-20T13:03:57","slug":"mein-ubu","status":"publish","type":"page","link":"https:\/\/www.ubu.de\/cs\/mein-ubu\/","title":{"rendered":"Willkommen auf mein.ubu.de"},"content":{"rendered":"<div class=\"et_pb_section_0 et_pb_section et_section_regular et_block_section et_animated\"><div class=\"et_pb_row_0 et_pb_row et_block_row\"><div class=\"et_pb_column_0 et_pb_column et_pb_column_4_4 et-last-child et_block_column et_pb_css_mix_blend_mode_passthrough\"><div class=\"et_pb_text_0 et_pb_text et_pb_bg_layout_dark et_pb_module et_block_module et_pb_text_align_center\"><div class=\"et_pb_text_inner\"><h1>my.ubu.de<\/h1>\n<p>V\u00edtejte v z\u00e1kaznick\u00e9 z\u00f3n\u011b my.ubu.de.<\/p>\n<p>&nbsp;<\/p>\n<\/div><\/div><\/div><\/div><\/div><div class=\"et_pb_section_1 et_pb_section et_section_regular et_block_section\"><div class=\"et_pb_row_1 et_pb_row et_block_row\"><div class=\"et_pb_column_1 et_pb_column et_pb_column_1_3 et_block_column et_pb_css_mix_blend_mode_passthrough\"><div class=\"et_pb_text_1 et_pb_text et_pb_bg_layout_light et_pb_module et_block_module\"><div class=\"et_pb_text_inner\"><h2>P\u0159ehled v\u0161ech dokument\u016f<\/h2>\n<p>Jako smluvn\u00ed partner ubu m\u00e1te p\u0159\u00edstup k na\u0161\u00ed rozs\u00e1hl\u00e9 sb\u00edrce dokument\u016f o v\u0161ech aspektech bezpe\u010dnosti a ochrany zdrav\u00ed p\u0159i pr\u00e1ci, kdykoli pot\u0159ebujete konkr\u00e9tn\u00ed dokument. Sta\u010d\u00ed kliknout, st\u00e1hnout, vytisknout a za\u010d\u00edt.<\/p>\n<\/div><\/div><div class=\"et_pb_module et_pb_button_module_wrapper et_pb_button_0_wrapper\"><a class=\"et_pb_button_0 et_pb_button et_pb_bg_layout_light et_pb_module et_block_module\" href=\"\/cs\/registrieren\/\">Registrace<\/a><\/div><div class=\"et_pb_module et_pb_button_module_wrapper et_pb_button_1_wrapper\"><a class=\"et_pb_button_1 et_pb_button et_pb_bg_layout_light et_pb_module et_block_module\" href=\"\/cs\/login\/\">P\u0159ihl\u00e1\u0161en\u00ed<\/a><\/div><\/div><div class=\"et_pb_column_2 et_pb_column et_pb_column_2_3 et-last-child et_block_column et_pb_css_mix_blend_mode_passthrough\"><div class=\"et_pb_image_0 et_pb_image et_animated et_pb_module et_block_module preset--module--divi-image--default\"><span class=\"et_pb_image_wrap\"><img decoding=\"async\" src=\"\/\/i2.wp.com\/ubu.de\/wp-content\/uploads\/2020\/01\/sass-ui-mocks-o4.jpg\" \/><\/span><\/div><\/div><\/div><div class=\"et_pb_row_2 et_pb_row et_block_row\"><div class=\"et_pb_column_3 et_pb_column et_pb_column_1_2 et_block_column et_pb_css_mix_blend_mode_passthrough\"><div class=\"et_pb_image_1 et_pb_image et_animated et_pb_module et_block_module preset--module--divi-image--default\"><span class=\"et_pb_image_wrap\"><img decoding=\"async\" src=\"\/\/i2.wp.com\/ubu.de\/wp-content\/uploads\/2020\/01\/feature-img-2-2.jpg\" \/><\/span><\/div><\/div><div class=\"et_pb_column_4 et_pb_column et_pb_column_1_2 et-last-child et_block_column et_pb_css_mix_blend_mode_passthrough\"><div class=\"et_pb_text_2 et_pb_text et_pb_bg_layout_light et_pb_module et_block_module\"><div class=\"et_pb_text_inner\"><h2>Jednoduch\u00e1 komunikace<\/h2>\n<p>Haben Sie eine kurze Frage, aber keine Zeit? - Zuk\u00fcnftig finden Sie die Antwort schnell in unseren \u00fcbersichtlichen FAQs zum Thema Arbeitsschutz in Ihrem Betrieb.<\/p>\n<p>Pokud m\u00e1te dal\u0161\u00ed po\u017eadavky, r\u00e1di v\u00e1m pom\u016f\u017eeme.<\/p>\n<\/div><\/div><div class=\"et_pb_module et_pb_button_module_wrapper et_pb_button_2_wrapper\"><a class=\"et_pb_button_2 et_pb_button et_pb_bg_layout_light et_pb_module et_block_module\" href=\"\/cs\/faq\/\">FAQ - \u010casto kladen\u00e9 ot\u00e1zky<\/a><\/div><\/div><\/div><\/div><div class=\"et_pb_section_2 et_pb_section et_section_regular et_block_section\"><div class=\"et_pb_row_3 et_pb_row et_block_row\"><div class=\"et_pb_column_5 et_pb_column et_pb_column_4_4 et-last-child et_block_column et_pb_css_mix_blend_mode_passthrough\"><div class=\"et_pb_text_3 et_pb_text et_pb_bg_layout_light et_pb_module et_block_module et_pb_text_align_center\"><div class=\"et_pb_text_inner\"><h2>V\u00fdhody my.ubu.de<\/h2>\n<p>M\u00e1me jasnou vizi pro oblast z\u00e1kazn\u00edk\u016f. N\u011bkter\u00e9 prvky jsou ji\u017e k dispozici. Jin\u00e9 se pl\u00e1nuj\u00ed.<\/p>\n<\/div><\/div><\/div><\/div><div class=\"et_pb_row_4 et_pb_row et_pb_equal_columns et_pb_gutters2 et_block_row\"><div class=\"et_pb_column_6 et_pb_column et_pb_column_1_3 et_block_column et_pb_css_mix_blend_mode_passthrough\"><div class=\"et_pb_blurb_0 et_pb_blurb et_pb_bg_layout_light et_pb_text_align_center et_pb_blurb_position_top et_animated et_clickable et_pb_module et_block_module\"><div class=\"et_pb_blurb_content\"><div class=\"et_pb_main_blurb_image\"><span class=\"et_pb_image_wrap\"><span class=\"et-pb-icon et-waypoint et_pb_animation_top et_pb_animation_top_tablet et_pb_animation_top_phone\">\ue0ec<\/span><\/span><\/div><div class=\"et_pb_blurb_container\"><h4 class=\"et_pb_module_header\">Dokumenty ASD<\/h4><div class=\"et_pb_blurb_description\"><p><span>Zde najdete dokumenty t\u00fdkaj\u00edc\u00ed se bezpe\u010dnosti a ochrany zdrav\u00ed p\u0159i pr\u00e1ci. Pro zv\u00fd\u0161en\u00ed va\u0161\u00ed pr\u00e1vn\u00ed jistoty doporu\u010dujeme st\u00e1hnout si dokumenty po\u017eadovan\u00e9 ve va\u0161\u00ed spole\u010dnosti a pr\u016fb\u011b\u017en\u011b je aktualizovat.<\/span><\/p>\n<\/div><\/div><\/div><\/div><\/div><div class=\"et_pb_column_7 et_pb_column et_pb_column_1_3 et_block_column et_pb_css_mix_blend_mode_passthrough\"><div class=\"et_pb_blurb_1 et_pb_blurb et_pb_bg_layout_light et_pb_text_align_center et_pb_blurb_position_top et_animated et_clickable et_pb_module et_block_module\"><div class=\"et_pb_blurb_content\"><div class=\"et_pb_main_blurb_image\"><span class=\"et_pb_image_wrap\"><span class=\"et-pb-icon et-waypoint et_pb_animation_top et_pb_animation_top_tablet et_pb_animation_top_phone\">\ue0ec<\/span><\/span><\/div><div class=\"et_pb_blurb_container\"><h4 class=\"et_pb_module_header\">N\u00e1vod k obsluze<\/h4><div class=\"et_pb_blurb_description\"><p>N\u00e1vody k obsluze jsou p\u00edsemn\u00e9 pokyny t\u00fdkaj\u00edc\u00ed se pracovi\u0161t\u011b a \u010dinnosti, kter\u00e9 zam\u011bstnavatel vyd\u00e1v\u00e1 pro spr\u00e1vn\u00e9 a bezpe\u010dn\u00e9 zach\u00e1zen\u00ed s pracovn\u00edm za\u0159\u00edzen\u00edm a nebezpe\u010dn\u00fdmi l\u00e1tkami.<\/p>\n<p>&nbsp;<\/p>\n<\/div><\/div><\/div><\/div><\/div><div class=\"et_pb_column_8 et_pb_column et_pb_column_1_3 et-last-child et_block_column et_pb_css_mix_blend_mode_passthrough\"><div class=\"et_pb_blurb_2 et_pb_blurb et_pb_bg_layout_light et_pb_text_align_center et_pb_blurb_position_top et_animated et_clickable et_pb_module et_block_module\"><div class=\"et_pb_blurb_content\"><div class=\"et_pb_main_blurb_image\"><span class=\"et_pb_image_wrap\"><span class=\"et-pb-icon et-waypoint et_pb_animation_top et_pb_animation_top_tablet et_pb_animation_top_phone\">\ue0e3<\/span><\/span><\/div><div class=\"et_pb_blurb_container\"><h4 class=\"et_pb_module_header\">Pokyny<\/h4><div class=\"et_pb_blurb_description\"><p>Podle \u00a7 12 ArbSchG mus\u00ed zam\u011bstnavatel poskytnout zam\u011bstnanc\u016fm dostate\u010dn\u00e9 a vhodn\u00e9 pou\u010den\u00ed o bezpe\u010dnosti a ochran\u011b zdrav\u00ed p\u0159i pr\u00e1ci - b\u011bhem jejich pracovn\u00ed doby.<\/p>\n<\/div><\/div><\/div><\/div><div class=\"et_pb_blurb_3 et_pb_blurb et_pb_bg_layout_dark et_pb_blurb_position_top et_animated et_pb_module et_block_module\"><div class=\"et_pb_blurb_content\"><div class=\"et_pb_blurb_container\"><h4 class=\"et_pb_module_header\">Novinka: Digit\u00e1ln\u00ed a mobiln\u00ed za\u0159\u00edzen\u00ed<\/h4><\/div><\/div><\/div><\/div><\/div><div class=\"et_pb_row_5 et_pb_row et_pb_equal_columns et_pb_gutters2 et_block_row\"><div class=\"et_pb_column_9 et_pb_column et_pb_column_1_3 et_block_column et_pb_css_mix_blend_mode_passthrough\"><div class=\"et_pb_blurb_4 et_pb_blurb et_pb_bg_layout_light et_pb_text_align_center et_pb_blurb_position_top et_animated et_clickable et_pb_module et_block_module\"><div class=\"et_pb_blurb_content\"><div class=\"et_pb_main_blurb_image\"><span class=\"et_pb_image_wrap\"><span class=\"et-pb-icon et-waypoint et_pb_animation_top et_pb_animation_top_tablet et_pb_animation_top_phone\">\ue026<\/span><\/span><\/div><div class=\"et_pb_blurb_container\"><h4 class=\"et_pb_module_header\">Kontroln\u00ed seznamy<\/h4><div class=\"et_pb_blurb_description\"><p><span>Kontroln\u00ed seznamy jsou kompaktn\u011bj\u0161\u00ed ne\u017e z\u00e1konem p\u0159edepsan\u00e9 provozn\u00ed pokyny, ale pom\u00e1haj\u00ed p\u0159i ka\u017edodenn\u00edm praktick\u00e9m prov\u00e1d\u011bn\u00ed.<\/span><\/p>\n<\/div><\/div><\/div><\/div><\/div><div class=\"et_pb_column_10 et_pb_column et_pb_column_1_3 et_block_column et_pb_css_mix_blend_mode_passthrough\"><div class=\"et_pb_blurb_5 et_pb_blurb et_pb_bg_layout_light et_pb_text_align_center et_pb_blurb_position_top et_animated et_clickable et_pb_module et_block_module\"><div class=\"et_pb_blurb_content\"><div class=\"et_pb_main_blurb_image\"><span class=\"et_pb_image_wrap\"><span class=\"et-pb-icon et-waypoint et_pb_animation_top et_pb_animation_top_tablet et_pb_animation_top_phone\">\ue026<\/span><\/span><\/div><div class=\"et_pb_blurb_container\"><h4 class=\"et_pb_module_header\">Hodnocen\u00ed rizik<\/h4><div class=\"et_pb_blurb_description\"><p>Posouzen\u00ed rizik ve spole\u010dnosti je vy\u017eadov\u00e1no z\u00e1konem. Spole\u010dnost ubu jej nab\u00edz\u00ed bu\u010f flexibiln\u011b online, nebo jako slu\u017ebu na m\u00edst\u011b.<\/p>\n<\/div><\/div><\/div><\/div><\/div><div class=\"et_pb_column_11 et_pb_column et_pb_column_1_3 et-last-child et_block_column et_pb_css_mix_blend_mode_passthrough\"><div class=\"et_pb_blurb_6 et_pb_blurb et_pb_bg_layout_light et_pb_text_align_center et_pb_blurb_position_top et_pb_module et_block_module\"><div class=\"et_pb_blurb_content\"><div class=\"et_pb_main_blurb_image\"><span class=\"et_pb_image_wrap\"><span class=\"et-pb-icon et-waypoint et_pb_animation_top et_pb_animation_top_tablet et_pb_animation_top_phone\">\ue030<\/span><\/span><\/div><div class=\"et_pb_blurb_container\"><h4 class=\"et_pb_module_header\">L\u00e9ka\u0159 na vy\u017e\u00e1d\u00e1n\u00ed<\/h4><div class=\"et_pb_blurb_description\"><p>Pot\u0159ebujete poradenstv\u00ed v oblasti ochrany zdrav\u00ed p\u0159i pr\u00e1ci? Jednodu\u0161e si sjednejte online sch\u016fzku s na\u0161\u00edm pracovn\u00edm l\u00e9ka\u0159em.<\/p>\n<\/div><\/div><\/div><\/div><\/div><\/div><div class=\"et_pb_row_6 et_pb_row et_pb_equal_columns et_pb_gutters2 et_block_row\"><div class=\"et_pb_column_12 et_pb_column et_pb_column_1_3 et_block_column et_pb_css_mix_blend_mode_passthrough\"><div class=\"et_pb_blurb_7 et_pb_blurb et_pb_bg_layout_light et_pb_text_align_center et_pb_blurb_position_top et_animated et_clickable et_pb_module et_block_module\"><div class=\"et_pb_blurb_content\"><div class=\"et_pb_main_blurb_image\"><span class=\"et_pb_image_wrap\"><span class=\"et-pb-icon et-waypoint et_pb_animation_top et_pb_animation_top_tablet et_pb_animation_top_phone\">\ue020<\/span><\/span><\/div><div class=\"et_pb_blurb_container\"><h4 class=\"et_pb_module_header\">Hrub\u00e1 pracovn\u00ed doba<\/h4><div class=\"et_pb_blurb_description\"><p>Jednou ro\u010dn\u011b n\u00e1m jednodu\u0161e nahl\u00e1s\u00edte \u00fadaje o sv\u00e9 spole\u010dnosti na adrese mein.ubu.de.<\/p>\n<\/div><\/div><\/div><\/div><\/div><div class=\"et_pb_column_13 et_pb_column et_pb_column_1_3 et_block_column et_pb_css_mix_blend_mode_passthrough\"><div class=\"et_pb_blurb_8 et_pb_blurb et_pb_bg_layout_light et_pb_text_align_center et_pb_blurb_position_top et_animated et_pb_module et_block_module\"><div class=\"et_pb_blurb_content\"><div class=\"et_pb_main_blurb_image\"><span class=\"et_pb_image_wrap\"><span class=\"et-pb-icon et-waypoint et_pb_animation_top et_pb_animation_top_tablet et_pb_animation_top_phone\">\ue017<\/span><\/span><\/div><div class=\"et_pb_blurb_container\"><h4 class=\"et_pb_module_header\">Zased\u00e1n\u00ed ASA<\/h4><div class=\"et_pb_blurb_description\"><p>Z\u00e1kon o bezpe\u010dnosti pr\u00e1ce nestanov\u00ed konkr\u00e9tn\u00ed formu zased\u00e1n\u00ed ASA. Z tohoto d\u016fvodu ubu aktivn\u011b nab\u00edz\u00ed flexibiln\u00ed \u00fa\u010dast z hlediska m\u00edsta kon\u00e1n\u00ed (nap\u0159. telefonicky nebo prost\u0159ednictv\u00edm videokonference).<\/p>\n<\/div><\/div><\/div><\/div><\/div><div class=\"et_pb_column_14 et_pb_column et_pb_column_1_3 et-last-child et_block_column et_pb_css_mix_blend_mode_passthrough\"><div class=\"et_pb_blurb_9 et_pb_blurb et_pb_bg_layout_light et_pb_text_align_center et_pb_blurb_position_top et_animated et_clickable et_pb_module et_block_module\"><div class=\"et_pb_blurb_content\"><div class=\"et_pb_main_blurb_image\"><span class=\"et_pb_image_wrap\"><span class=\"et-pb-icon et-waypoint et_pb_animation_top et_pb_animation_top_tablet et_pb_animation_top_phone\">\ue028<\/span><\/span><\/div><div class=\"et_pb_blurb_container\"><h4 class=\"et_pb_module_header\">COVID-19<\/h4><div class=\"et_pb_blurb_description\"><p><span>BMAS definoval normu bezpe\u010dnosti a ochrany zdrav\u00ed p\u0159i pr\u00e1ci SARS-CoV-2. Na\u0161e dokumenty naleznete zde.<\/span><\/p>\n<\/div><\/div><\/div><\/div><\/div><\/div><\/div><div class=\"et_pb_section_3 et_pb_section et_section_regular et_block_section\"><div class=\"et_pb_row_7 et_pb_row et_block_row\"><div class=\"et_pb_column_15 et_pb_column et_pb_column_1_2 et_block_column et_pb_css_mix_blend_mode_passthrough\"><div class=\"et_pb_text_4 et_pb_text et_pb_bg_layout_light et_pb_module et_block_module\"><div class=\"et_pb_text_inner\"><h2>Zvl\u00e1dnut\u00ed bezpe\u010dnosti pr\u00e1ce v ka\u017edodenn\u00edm \u017eivot\u011b<\/h2>\n<p>Jako zam\u011bstnavatel jste povinni p\u0159ijmout ur\u010dit\u00e1 organiza\u010dn\u00ed opat\u0159en\u00ed k zaji\u0161t\u011bn\u00ed a zlep\u0161en\u00ed bezpe\u010dnosti a ochrany zdrav\u00ed zam\u011bstnanc\u016f p\u0159i pr\u00e1ci.<\/p>\n<p>Bezpe\u010dnost a ochrana zdrav\u00ed p\u0159i pr\u00e1ci jist\u011b nen\u00ed v\u017edy nejvy\u0161\u0161\u00ed prioritou v ka\u017edodenn\u00edm provozu. S na\u0161\u00ed digit\u00e1ln\u00ed nab\u00eddkou na str\u00e1nk\u00e1ch mein.ubu.de poskytujeme z\u00e1kazn\u00edk\u016fm ubu praktickou pomoc se skute\u010dnou p\u0159idanou hodnotou v ka\u017edodenn\u00edm \u017eivot\u011b.<\/p>\n<\/div><\/div><div class=\"et_pb_module et_pb_button_module_wrapper et_pb_button_3_wrapper\"><a class=\"et_pb_button_3 et_pb_button et_pb_bg_layout_light et_pb_module et_block_module\" href=\"\/cs\/registrieren\/\">Registrace na my.ubu.de<\/a><\/div><\/div><div class=\"et_pb_column_16 et_pb_column et_pb_column_1_2 et-last-child et_block_column et_pb_css_mix_blend_mode_passthrough\"><div class=\"et_pb_image_2 et_pb_image et_animated et_pb_module et_block_module preset--module--divi-image--default\"><span class=\"et_pb_image_wrap\"><img decoding=\"async\" src=\"\/\/i2.wp.com\/ubu.de\/wp-content\/uploads\/2020\/01\/feature-img-1-2.jpg\" \/><\/span><\/div><\/div><\/div><\/div><div class=\"et_pb_section_4 et_pb_section et_section_regular et_block_section\"><div class=\"et_pb_row_8 et_pb_row et_block_row\"><div class=\"et_pb_column_17 et_pb_column et_pb_column_4_4 et-last-child et_block_column et_pb_css_mix_blend_mode_passthrough\"><div class=\"et_pb_blurb_10 et_pb_blurb et_pb_bg_layout_light et_pb_text_align_center et_pb_blurb_position_top et_pb_module et_block_module\"><div class=\"et_pb_blurb_content\"><div class=\"et_pb_blurb_container\"><h2 class=\"et_pb_module_header\">\"Jednoduch\u00fd zp\u016fsob, jak zv\u00fd\u0161it bezpe\u010dnost pr\u00e1ce. Digit\u00e1ln\u00ed. Vhodn\u00e9 pro ka\u017edodenn\u00ed pou\u017eit\u00ed.\"<\/h2><div class=\"et_pb_blurb_description\"><p>- Ein Kunde<\/p>\n<\/div><\/div><\/div><\/div><\/div><\/div><\/div><div class=\"et_pb_section_5 et_pb_section et_section_regular et_block_section\"><div class=\"et_pb_row_9 et_pb_row et_block_row\"><div class=\"et_pb_column_18 et_pb_column et_pb_column_2_3 et_block_column et_pb_css_mix_blend_mode_passthrough\"><div class=\"et_pb_text_5 et_pb_text et_pb_bg_layout_light et_pb_module et_block_module\"><div class=\"et_pb_text_inner\"><h2>Jste p\u0159esv\u011bd\u010deni? Zaregistrujte se je\u0161t\u011b dnes:<\/h2>\n<\/div><\/div><\/div><div class=\"et_pb_column_19 et_pb_column et_pb_column_1_3 et-last-child et_block_column et_pb_css_mix_blend_mode_passthrough\"><div class=\"et_pb_module et_pb_button_module_wrapper et_pb_button_4_wrapper\"><a class=\"et_pb_button_4 et_pb_button et_pb_bg_layout_light et_pb_module et_block_module\" href=\"\/cs\/registrieren\/\">Registrace na my.ubu.de<\/a><\/div><\/div><\/div><\/div>","protected":false},"excerpt":{"rendered":"","protected":false},"author":1,"featured_media":0,"parent":0,"menu_order":0,"comment_status":"closed","ping_status":"closed","template":"","meta":{"_acf_changed":false,"inline_featured_image":false,"footnotes":""},"class_list":["post-26410","page","type-page","status-publish","hentry"],"acf":[],"yoast_head":"<!-- This site is optimized with the Yoast SEO plugin v27.4 - https:\/\/yoast.com\/product\/yoast-seo-wordpress\/ -->\n<title>Willkommen auf mein.ubu.de - ubu - Arbeitsschutz f\u00fcr Hotels und Gastronomie<\/title>\n<meta name=\"robots\" content=\"index, follow, max-snippet:-1, max-image-preview:large, max-video-preview:-1\" \/>\n<link rel=\"canonical\" href=\"https:\/\/www.ubu.de\/cs\/mein-ubu\/\" \/>\n<meta property=\"og:locale\" content=\"cs_CZ\" \/>\n<meta property=\"og:type\" content=\"article\" \/>\n<meta property=\"og:title\" content=\"Willkommen auf mein.ubu.de - ubu - Arbeitsschutz f\u00fcr Hotels und Gastronomie\" \/>\n<meta property=\"og:url\" content=\"https:\/\/www.ubu.de\/cs\/mein-ubu\/\" \/>\n<meta property=\"og:site_name\" content=\"ubu - Arbeitsschutz f\u00fcr Hotels und Gastronomie\" \/>\n<meta property=\"article:modified_time\" content=\"2026-03-20T13:03:57+00:00\" \/>\n<meta name=\"twitter:card\" content=\"summary_large_image\" \/>\n<script type=\"application\/ld+json\" class=\"yoast-schema-graph\">{\"@context\":\"https:\\\/\\\/schema.org\",\"@graph\":[{\"@type\":\"WebPage\",\"@id\":\"https:\\\/\\\/www.ubu.de\\\/mein-ubu\\\/\",\"url\":\"https:\\\/\\\/www.ubu.de\\\/mein-ubu\\\/\",\"name\":\"Willkommen auf mein.ubu.de - ubu - Arbeitsschutz f\u00fcr Hotels und Gastronomie\",\"isPartOf\":{\"@id\":\"https:\\\/\\\/www.ubu.de\\\/#website\"},\"datePublished\":\"2020-02-12T10:04:53+00:00\",\"dateModified\":\"2026-03-20T13:03:57+00:00\",\"breadcrumb\":{\"@id\":\"https:\\\/\\\/www.ubu.de\\\/mein-ubu\\\/#breadcrumb\"},\"inLanguage\":\"cs\",\"potentialAction\":[{\"@type\":\"ReadAction\",\"target\":[\"https:\\\/\\\/www.ubu.de\\\/mein-ubu\\\/\"]}]},{\"@type\":\"BreadcrumbList\",\"@id\":\"https:\\\/\\\/www.ubu.de\\\/mein-ubu\\\/#breadcrumb\",\"itemListElement\":[{\"@type\":\"ListItem\",\"position\":1,\"name\":\"Startseite\",\"item\":\"https:\\\/\\\/www.ubu.de\\\/\"},{\"@type\":\"ListItem\",\"position\":2,\"name\":\"Willkommen auf mein.ubu.de\"}]},{\"@type\":\"WebSite\",\"@id\":\"https:\\\/\\\/www.ubu.de\\\/#website\",\"url\":\"https:\\\/\\\/www.ubu.de\\\/\",\"name\":\"ubu - Arbeitsschutz f\u00fcr Hotels und Gastronomie\",\"description\":\"safety at work\",\"publisher\":{\"@id\":\"https:\\\/\\\/www.ubu.de\\\/#organization\"},\"potentialAction\":[{\"@type\":\"SearchAction\",\"target\":{\"@type\":\"EntryPoint\",\"urlTemplate\":\"https:\\\/\\\/www.ubu.de\\\/?s={search_term_string}\"},\"query-input\":{\"@type\":\"PropertyValueSpecification\",\"valueRequired\":true,\"valueName\":\"search_term_string\"}}],\"inLanguage\":\"cs\"},{\"@type\":\"Organization\",\"@id\":\"https:\\\/\\\/www.ubu.de\\\/#organization\",\"name\":\"ubu - safety at work\",\"url\":\"https:\\\/\\\/www.ubu.de\\\/\",\"logo\":{\"@type\":\"ImageObject\",\"inLanguage\":\"cs\",\"@id\":\"https:\\\/\\\/www.ubu.de\\\/#\\\/schema\\\/logo\\\/image\\\/\",\"url\":\"https:\\\/\\\/www.ubu.de\\\/wp-content\\\/uploads\\\/2016\\\/07\\\/ubu-elephant.png\",\"contentUrl\":\"https:\\\/\\\/www.ubu.de\\\/wp-content\\\/uploads\\\/2016\\\/07\\\/ubu-elephant.png\",\"width\":250,\"height\":250,\"caption\":\"ubu - safety at work\"},\"image\":{\"@id\":\"https:\\\/\\\/www.ubu.de\\\/#\\\/schema\\\/logo\\\/image\\\/\"}}]}<\/script>\n<!-- \/ Yoast SEO plugin. -->","yoast_head_json":{"title":"Willkommen auf mein.ubu.de - ubu - Arbeitsschutz f\u00fcr Hotels und Gastronomie","robots":{"index":"index","follow":"follow","max-snippet":"max-snippet:-1","max-image-preview":"max-image-preview:large","max-video-preview":"max-video-preview:-1"},"canonical":"https:\/\/www.ubu.de\/cs\/mein-ubu\/","og_locale":"cs_CZ","og_type":"article","og_title":"Willkommen auf mein.ubu.de - ubu - Arbeitsschutz f\u00fcr Hotels und Gastronomie","og_url":"https:\/\/www.ubu.de\/cs\/mein-ubu\/","og_site_name":"ubu - Arbeitsschutz f\u00fcr Hotels und Gastronomie","article_modified_time":"2026-03-20T13:03:57+00:00","twitter_card":"summary_large_image","schema":{"@context":"https:\/\/schema.org","@graph":[{"@type":"WebPage","@id":"https:\/\/www.ubu.de\/mein-ubu\/","url":"https:\/\/www.ubu.de\/mein-ubu\/","name":"Willkommen auf mein.ubu.de - ubu - Arbeitsschutz f\u00fcr Hotels und Gastronomie","isPartOf":{"@id":"https:\/\/www.ubu.de\/#website"},"datePublished":"2020-02-12T10:04:53+00:00","dateModified":"2026-03-20T13:03:57+00:00","breadcrumb":{"@id":"https:\/\/www.ubu.de\/mein-ubu\/#breadcrumb"},"inLanguage":"cs","potentialAction":[{"@type":"ReadAction","target":["https:\/\/www.ubu.de\/mein-ubu\/"]}]},{"@type":"BreadcrumbList","@id":"https:\/\/www.ubu.de\/mein-ubu\/#breadcrumb","itemListElement":[{"@type":"ListItem","position":1,"name":"Startseite","item":"https:\/\/www.ubu.de\/"},{"@type":"ListItem","position":2,"name":"Willkommen auf mein.ubu.de"}]},{"@type":"WebSite","@id":"https:\/\/www.ubu.de\/#website","url":"https:\/\/www.ubu.de\/","name":"ubu - Arbeitsschutz f\u00fcr Hotels und Gastronomie","description":"bezpe\u010dnost pr\u00e1ce","publisher":{"@id":"https:\/\/www.ubu.de\/#organization"},"potentialAction":[{"@type":"SearchAction","target":{"@type":"EntryPoint","urlTemplate":"https:\/\/www.ubu.de\/?s={search_term_string}"},"query-input":{"@type":"PropertyValueSpecification","valueRequired":true,"valueName":"search_term_string"}}],"inLanguage":"cs"},{"@type":"Organization","@id":"https:\/\/www.ubu.de\/#organization","name":"ubu - safety at work","url":"https:\/\/www.ubu.de\/","logo":{"@type":"ImageObject","inLanguage":"cs","@id":"https:\/\/www.ubu.de\/#\/schema\/logo\/image\/","url":"https:\/\/www.ubu.de\/wp-content\/uploads\/2016\/07\/ubu-elephant.png","contentUrl":"https:\/\/www.ubu.de\/wp-content\/uploads\/2016\/07\/ubu-elephant.png","width":250,"height":250,"caption":"ubu - safety at work"},"image":{"@id":"https:\/\/www.ubu.de\/#\/schema\/logo\/image\/"}}]}},"_links":{"self":[{"href":"https:\/\/www.ubu.de\/cs\/wp-json\/wp\/v2\/pages\/26410","targetHints":{"allow":["GET"]}}],"collection":[{"href":"https:\/\/www.ubu.de\/cs\/wp-json\/wp\/v2\/pages"}],"about":[{"href":"https:\/\/www.ubu.de\/cs\/wp-json\/wp\/v2\/types\/page"}],"author":[{"embeddable":true,"href":"https:\/\/www.ubu.de\/cs\/wp-json\/wp\/v2\/users\/1"}],"replies":[{"embeddable":true,"href":"https:\/\/www.ubu.de\/cs\/wp-json\/wp\/v2\/comments?post=26410"}],"version-history":[{"count":10,"href":"https:\/\/www.ubu.de\/cs\/wp-json\/wp\/v2\/pages\/26410\/revisions"}],"predecessor-version":[{"id":28886,"href":"https:\/\/www.ubu.de\/cs\/wp-json\/wp\/v2\/pages\/26410\/revisions\/28886"}],"wp:attachment":[{"href":"https:\/\/www.ubu.de\/cs\/wp-json\/wp\/v2\/media?parent=26410"}],"curies":[{"name":"wp","href":"https:\/\/api.w.org\/{rel}","templated":true}]}}