{"id":28208,"date":"2025-04-01T08:58:17","date_gmt":"2025-04-01T06:58:17","guid":{"rendered":"https:\/\/www.ubu.de\/?page_id=28208"},"modified":"2026-03-20T14:04:05","modified_gmt":"2026-03-20T13:04:05","slug":"c01-unterweisung-zur-unterweisung","status":"publish","type":"page","link":"https:\/\/www.ubu.de\/cs\/c01-unterweisung-zur-unterweisung\/","title":{"rendered":"C01 Die Unterweisung zur Unterweisung"},"content":{"rendered":"<div class=\"et_pb_section_0 et_pb_section et_section_regular et_block_section et_animated\"><div class=\"et_pb_row_0 et_pb_row et_block_row\"><div class=\"et_pb_column_0 et_pb_column et_pb_column_4_4 et-last-child et_block_column et_pb_css_mix_blend_mode_passthrough\"><div class=\"et_pb_text_0 et_pb_text et_pb_bg_layout_dark et_pb_module et_block_module et_pb_text_align_center\"><div class=\"et_pb_text_inner\"><h1>Digit\u00e1ln\u00ed v\u00fduka<\/h1>\n<\/div><\/div><\/div><\/div><\/div><div class=\"et_pb_section_1 et_pb_section et_section_regular et_block_section\"><div class=\"et_pb_row_1 et_pb_row et_block_row\"><div class=\"et_pb_column_1 et_pb_column et_pb_column_4_4 et-last-child et_block_column et_pb_css_mix_blend_mode_passthrough\"><div class=\"et_pb_blurb_0 et_pb_blurb et_pb_bg_layout_light et_pb_blurb_position_top et_pb_module et_block_module\"><div class=\"et_pb_blurb_content\"><div class=\"et_pb_blurb_container\"><h1 class=\"et_pb_module_header\">Pokyn pro instrukce<\/h1><div class=\"et_pb_blurb_description\"><h3><span style=\"color: #336699;\">nebo jak m\u016f\u017eete motivovat kolegy k bezpe\u010dn\u00e9 pr\u00e1ci.<\/span><\/h3>\n<p>Na\u0161e ka\u017edodenn\u00ed rutina je bezpe\u010dnostn\u00ed past\u00ed. Ka\u017ed\u00fd druh\u00fd pracovn\u00ed \u00faraz se stane proto, \u017ee ob\u011b\u0165 podcenila potenci\u00e1ln\u00ed nebezpe\u010d\u00ed, kter\u00e9 j\u00ed hroz\u00ed p\u0159i pr\u00e1ci.<\/p>\n<p>V\u011bt\u0161ina zam\u011bstnanc\u016f pracuje na pracovi\u0161t\u00edch s m\u00edrn\u00fdm rizikem \u00faraz\u016f - ale p\u0159ekvapiv\u011b pr\u00e1v\u011b to umo\u017e\u0148uje nebezpe\u010dn\u00e9 chov\u00e1n\u00ed, zvl\u00e1\u0161t\u011b kdy\u017e je nav\u00edc v \u010dasov\u00e9 t\u00edsni.<\/p>\n<p>Mnoho \u00faraz\u016f je st\u00e1le zp\u016fsobeno zakopnut\u00edm, uklouznut\u00edm nebo p\u00e1dem p\u0159i pouh\u00e9 ch\u016fzi z bodu A do bodu B. P\u0159i ch\u016fzi p\u0159es dv\u016fr m\u016f\u017eete rychle poslat textovou zpr\u00e1vu a p\u0159ehl\u00e9dnout nov\u00e9 nebo star\u00e9 nebezpe\u010d\u00ed zakopnut\u00ed - to bohu\u017eel \u010dasto kon\u010d\u00ed v\u00e1\u017en\u00fdmi zlomeninami!<\/p>\n<p>Tyto skute\u010dnosti n\u00e1m poskytuj\u00ed velmi d\u016fle\u017eit\u00fd v\u00fdchoz\u00ed bod pro to, abychom jako mana\u017ee\u0159i mohli pozitivn\u011b ovliv\u0148ovat chov\u00e1n\u00ed zam\u011bstnanc\u016f. C\u00edlem by m\u011blo b\u00fdt, aby bezpe\u010dn\u00e9 chov\u00e1n\u00ed bylo pro zam\u011bstnance \u017e\u00e1dan\u011bj\u0161\u00ed ne\u017e chov\u00e1n\u00ed nebezpe\u010dn\u00e9 - jin\u00fdmi slovy, aby byli jednotliv\u00ed zam\u011bstnanci \u201emotivov\u00e1ni\u201c k vlastn\u00edmu hodnocen\u00ed rizik.<\/p>\n<p>V na\u0161ich pokynech v\u00e1m k tomu poskytneme n\u00e1stroj. Pokud v\u0161ak chcete skute\u010dn\u011b podpo\u0159it bezpe\u010dn\u00e9 chov\u00e1n\u00ed sv\u00fdch koleg\u016f, v\u017edy jim p\u0159edejte na\u0161e bezpe\u010dnostn\u00ed pokyny a pot\u00e9 si se sv\u00fdmi zam\u011bstnanci promluvte o jejich vlastn\u00edch zku\u0161enostech na dan\u00e9 t\u00e9ma, nap\u0159. o p\u0159\u00ed\u010din\u00e1ch nehod ve va\u0161\u00ed firm\u011b.<\/p>\n<p>&nbsp;<\/p>\n<section><\/section>\n<\/div><\/div><\/div><\/div><div class=\"et_pb_image_0 et_pb_image et_pb_module et_block_module preset--module--divi-image--default\"><span class=\"et_pb_image_wrap\"><img loading=\"lazy\" decoding=\"async\" src=\"https:\/\/www.ubu.de\/wp-content\/uploads\/Leitfaden-zur-Unterweisung-ubu-GmbH-Arbeitsschutz.png\" width=\"1744\" height=\"1292\" srcset=\"https:\/\/www.ubu.de\/wp-content\/uploads\/Leitfaden-zur-Unterweisung-ubu-GmbH-Arbeitsschutz.png 1744w, https:\/\/www.ubu.de\/wp-content\/uploads\/Leitfaden-zur-Unterweisung-ubu-GmbH-Arbeitsschutz-1280x948.png 1280w, https:\/\/www.ubu.de\/wp-content\/uploads\/Leitfaden-zur-Unterweisung-ubu-GmbH-Arbeitsschutz-980x726.png 980w, https:\/\/www.ubu.de\/wp-content\/uploads\/Leitfaden-zur-Unterweisung-ubu-GmbH-Arbeitsschutz-480x356.png 480w\" sizes=\"(min-width: 0px) and (max-width: 480px) 480px, (min-width: 481px) and (max-width: 980px) 980px, (min-width: 981px) and (max-width: 1280px) 1280px, (min-width: 1281px) 1744px, 100vw\" class=\"wp-image-28224\" title=\"P\u0159\u00edru\u010dka pro v\u00fduku ubu GmbH Bezpe\u010dnost a ochrana zdrav\u00ed p\u0159i pr\u00e1ci\" \/><\/span><\/div><div class=\"et_pb_blurb_1 et_pb_blurb et_pb_bg_layout_light et_pb_blurb_position_top et_pb_module et_block_module\"><div class=\"et_pb_blurb_content\"><div class=\"et_pb_blurb_container\"><h2 class=\"et_pb_module_header\">V p\u0159\u00edpad\u011b nehody:<\/h2><div class=\"et_pb_blurb_description\"><section>\n<ul>\n<li>Jak\u00e9 jsou p\u0159\u00ed\u010diny?<\/li>\n<li>K jak\u00fdm nehod\u00e1m doch\u00e1z\u00ed ve va\u0161\u00ed spole\u010dnosti \u010dast\u011bji a jak\u00e9 jsou jejich n\u00e1sledky?<\/li>\n<li>Je no\u0161en\u00ed OOP vn\u00edm\u00e1no jako nepohodln\u00e9, nemodern\u00ed nebo dokonce jako p\u0159ek\u00e1\u017eka v pr\u00e1ci?<\/li>\n<\/ul>\n<\/section>\n<p>Co m\u016f\u017eete nap\u0159\u00edklad ud\u011blat pro podporu pou\u017e\u00edv\u00e1n\u00ed osobn\u00edch ochrann\u00fdch pracovn\u00edch prost\u0159edk\u016f ve va\u0161\u00ed spole\u010dnosti?<\/p>\n<p>M\u00edra opot\u0159eben\u00ed z\u00e1vis\u00ed zejm\u00e9na na pohodl\u00ed, ale pro mnoho zam\u011bstnanc\u016f hraje d\u016fle\u017eitou roli tak\u00e9 vzhled. Nekupujte proto v\u017edy nudn\u00e9 standardizovan\u00e9 v\u00fdrobky z cenov\u00fdch d\u016fvod\u016f. Va\u0161i zam\u011bstnanci v\u00e1m za to pod\u011bkuj\u00ed - a vy podpo\u0159\u00edte jejich chov\u00e1n\u00ed, kter\u00e9 db\u00e1 na bezpe\u010dnost!<\/p>\n<p>Jako p\u0159\u00edm\u00fd nad\u0159\u00edzen\u00fd jste tak\u00e9 povinni kontrolovat dodr\u017eov\u00e1n\u00ed bezpe\u010dnostn\u00edch p\u0159edpis\u016f - a samoz\u0159ejm\u011b je tak\u00e9 prosazovat. Disciplin\u00e1rn\u00ed opat\u0159en\u00ed, jako je napomenut\u00ed, lze pou\u017e\u00edt i jako posledn\u00ed mo\u017enost, ale nikdy by k tomu nem\u011blo doj\u00edt.<\/p>\n<p>Va\u0161e osobn\u00ed chov\u00e1n\u00ed v oblasti bezpe\u010dnosti - stejn\u011b jako firemn\u00ed kultura - hraje roli, kterou byste nem\u011bli podce\u0148ovat. Bu\u010fte vedouc\u00edm pracovn\u00edkem, kter\u00fd si je v\u011bdom sv\u00e9 odpov\u011bdnosti za prevenci nehod, a odm\u011b\u0148ujte chov\u00e1n\u00ed, kter\u00e9 db\u00e1 na bezpe\u010dnost, nap\u0159\u00edklad t\u00edm, \u017ee za n\u011bj jednotliv\u00e9 zam\u011bstnance otev\u0159en\u011b pochv\u00e1l\u00edte.<\/p>\n<p>Na\u0161e pokyny jsou navr\u017eeny tak, aby v\u00e1m pomohly zatraktivnit bezpe\u010dnost ve va\u0161\u00ed spole\u010dnosti! V\u011bnujte v\u0161ak pros\u00edm \u010das tak\u00e9 diskusi o jejich obsahu se sv\u00fdmi zam\u011bstnanci.<\/p>\n<p>Bezpe\u010dnost zpo\u010d\u00e1tku stoj\u00ed \u010das - ale zdrav\u00ed zam\u011bstnanci chyb\u00ed mnohem m\u00e9n\u011b ne\u017e nemocn\u00ed - a vy nejen\u017ee dlouhodob\u011b u\u0161et\u0159\u00edte pen\u00edze, ale z\u00edsk\u00e1te i v\u00edce \u010dasu na nov\u00e9 aktivity!<\/p>\n<\/div><\/div><\/div><\/div><\/div><\/div><\/div>","protected":false},"excerpt":{"rendered":"","protected":false},"author":1,"featured_media":0,"parent":0,"menu_order":0,"comment_status":"closed","ping_status":"closed","template":"","meta":{"_acf_changed":false,"inline_featured_image":false,"footnotes":""},"class_list":["post-28208","page","type-page","status-publish","hentry"],"acf":[],"yoast_head":"<!-- This site is optimized with the Yoast SEO plugin v27.4 - https:\/\/yoast.com\/product\/yoast-seo-wordpress\/ -->\n<title>C01 Die Unterweisung zur Unterweisung - ubu - Arbeitsschutz f\u00fcr Hotels und Gastronomie<\/title>\n<meta name=\"robots\" content=\"index, follow, max-snippet:-1, max-image-preview:large, max-video-preview:-1\" \/>\n<link rel=\"canonical\" href=\"https:\/\/www.ubu.de\/cs\/c01-unterweisung-zur-unterweisung\/\" \/>\n<meta property=\"og:locale\" content=\"cs_CZ\" \/>\n<meta property=\"og:type\" content=\"article\" \/>\n<meta property=\"og:title\" content=\"C01 Die Unterweisung zur Unterweisung - ubu - Arbeitsschutz f\u00fcr Hotels und Gastronomie\" \/>\n<meta property=\"og:url\" content=\"https:\/\/www.ubu.de\/cs\/c01-unterweisung-zur-unterweisung\/\" \/>\n<meta property=\"og:site_name\" content=\"ubu - Arbeitsschutz f\u00fcr Hotels und Gastronomie\" \/>\n<meta property=\"article:modified_time\" content=\"2026-03-20T13:04:05+00:00\" \/>\n<meta name=\"twitter:card\" content=\"summary_large_image\" \/>\n<meta name=\"twitter:label1\" content=\"Odhadovan\u00e1 doba \u010dten\u00ed\" \/>\n\t<meta name=\"twitter:data1\" content=\"3 minuty\" \/>\n<script type=\"application\/ld+json\" class=\"yoast-schema-graph\">{\"@context\":\"https:\\\/\\\/schema.org\",\"@graph\":[{\"@type\":\"WebPage\",\"@id\":\"https:\\\/\\\/www.ubu.de\\\/c01-unterweisung-zur-unterweisung\\\/\",\"url\":\"https:\\\/\\\/www.ubu.de\\\/c01-unterweisung-zur-unterweisung\\\/\",\"name\":\"C01 Die Unterweisung zur Unterweisung - ubu - Arbeitsschutz f\u00fcr Hotels und Gastronomie\",\"isPartOf\":{\"@id\":\"https:\\\/\\\/www.ubu.de\\\/#website\"},\"datePublished\":\"2025-04-01T06:58:17+00:00\",\"dateModified\":\"2026-03-20T13:04:05+00:00\",\"breadcrumb\":{\"@id\":\"https:\\\/\\\/www.ubu.de\\\/c01-unterweisung-zur-unterweisung\\\/#breadcrumb\"},\"inLanguage\":\"cs\",\"potentialAction\":[{\"@type\":\"ReadAction\",\"target\":[\"https:\\\/\\\/www.ubu.de\\\/c01-unterweisung-zur-unterweisung\\\/\"]}]},{\"@type\":\"BreadcrumbList\",\"@id\":\"https:\\\/\\\/www.ubu.de\\\/c01-unterweisung-zur-unterweisung\\\/#breadcrumb\",\"itemListElement\":[{\"@type\":\"ListItem\",\"position\":1,\"name\":\"Startseite\",\"item\":\"https:\\\/\\\/www.ubu.de\\\/\"},{\"@type\":\"ListItem\",\"position\":2,\"name\":\"C01 Die Unterweisung zur Unterweisung\"}]},{\"@type\":\"WebSite\",\"@id\":\"https:\\\/\\\/www.ubu.de\\\/#website\",\"url\":\"https:\\\/\\\/www.ubu.de\\\/\",\"name\":\"ubu - Arbeitsschutz f\u00fcr Hotels und Gastronomie\",\"description\":\"safety at work\",\"publisher\":{\"@id\":\"https:\\\/\\\/www.ubu.de\\\/#organization\"},\"potentialAction\":[{\"@type\":\"SearchAction\",\"target\":{\"@type\":\"EntryPoint\",\"urlTemplate\":\"https:\\\/\\\/www.ubu.de\\\/?s={search_term_string}\"},\"query-input\":{\"@type\":\"PropertyValueSpecification\",\"valueRequired\":true,\"valueName\":\"search_term_string\"}}],\"inLanguage\":\"cs\"},{\"@type\":\"Organization\",\"@id\":\"https:\\\/\\\/www.ubu.de\\\/#organization\",\"name\":\"ubu - safety at work\",\"url\":\"https:\\\/\\\/www.ubu.de\\\/\",\"logo\":{\"@type\":\"ImageObject\",\"inLanguage\":\"cs\",\"@id\":\"https:\\\/\\\/www.ubu.de\\\/#\\\/schema\\\/logo\\\/image\\\/\",\"url\":\"https:\\\/\\\/www.ubu.de\\\/wp-content\\\/uploads\\\/2016\\\/07\\\/ubu-elephant.png\",\"contentUrl\":\"https:\\\/\\\/www.ubu.de\\\/wp-content\\\/uploads\\\/2016\\\/07\\\/ubu-elephant.png\",\"width\":250,\"height\":250,\"caption\":\"ubu - safety at work\"},\"image\":{\"@id\":\"https:\\\/\\\/www.ubu.de\\\/#\\\/schema\\\/logo\\\/image\\\/\"}}]}<\/script>\n<!-- \/ Yoast SEO plugin. -->","yoast_head_json":{"title":"C01 Die Unterweisung zur Unterweisung - ubu - Arbeitsschutz f\u00fcr Hotels und Gastronomie","robots":{"index":"index","follow":"follow","max-snippet":"max-snippet:-1","max-image-preview":"max-image-preview:large","max-video-preview":"max-video-preview:-1"},"canonical":"https:\/\/www.ubu.de\/cs\/c01-unterweisung-zur-unterweisung\/","og_locale":"cs_CZ","og_type":"article","og_title":"C01 Die Unterweisung zur Unterweisung - ubu - Arbeitsschutz f\u00fcr Hotels und Gastronomie","og_url":"https:\/\/www.ubu.de\/cs\/c01-unterweisung-zur-unterweisung\/","og_site_name":"ubu - Arbeitsschutz f\u00fcr Hotels und Gastronomie","article_modified_time":"2026-03-20T13:04:05+00:00","twitter_card":"summary_large_image","twitter_misc":{"Odhadovan\u00e1 doba \u010dten\u00ed":"3 minuty"},"schema":{"@context":"https:\/\/schema.org","@graph":[{"@type":"WebPage","@id":"https:\/\/www.ubu.de\/c01-unterweisung-zur-unterweisung\/","url":"https:\/\/www.ubu.de\/c01-unterweisung-zur-unterweisung\/","name":"C01 Die Unterweisung zur Unterweisung - ubu - Arbeitsschutz f\u00fcr Hotels und Gastronomie","isPartOf":{"@id":"https:\/\/www.ubu.de\/#website"},"datePublished":"2025-04-01T06:58:17+00:00","dateModified":"2026-03-20T13:04:05+00:00","breadcrumb":{"@id":"https:\/\/www.ubu.de\/c01-unterweisung-zur-unterweisung\/#breadcrumb"},"inLanguage":"cs","potentialAction":[{"@type":"ReadAction","target":["https:\/\/www.ubu.de\/c01-unterweisung-zur-unterweisung\/"]}]},{"@type":"BreadcrumbList","@id":"https:\/\/www.ubu.de\/c01-unterweisung-zur-unterweisung\/#breadcrumb","itemListElement":[{"@type":"ListItem","position":1,"name":"Startseite","item":"https:\/\/www.ubu.de\/"},{"@type":"ListItem","position":2,"name":"C01 Die Unterweisung zur Unterweisung"}]},{"@type":"WebSite","@id":"https:\/\/www.ubu.de\/#website","url":"https:\/\/www.ubu.de\/","name":"ubu - Arbeitsschutz f\u00fcr Hotels und Gastronomie","description":"bezpe\u010dnost pr\u00e1ce","publisher":{"@id":"https:\/\/www.ubu.de\/#organization"},"potentialAction":[{"@type":"SearchAction","target":{"@type":"EntryPoint","urlTemplate":"https:\/\/www.ubu.de\/?s={search_term_string}"},"query-input":{"@type":"PropertyValueSpecification","valueRequired":true,"valueName":"search_term_string"}}],"inLanguage":"cs"},{"@type":"Organization","@id":"https:\/\/www.ubu.de\/#organization","name":"ubu - safety at work","url":"https:\/\/www.ubu.de\/","logo":{"@type":"ImageObject","inLanguage":"cs","@id":"https:\/\/www.ubu.de\/#\/schema\/logo\/image\/","url":"https:\/\/www.ubu.de\/wp-content\/uploads\/2016\/07\/ubu-elephant.png","contentUrl":"https:\/\/www.ubu.de\/wp-content\/uploads\/2016\/07\/ubu-elephant.png","width":250,"height":250,"caption":"ubu - safety at work"},"image":{"@id":"https:\/\/www.ubu.de\/#\/schema\/logo\/image\/"}}]}},"_links":{"self":[{"href":"https:\/\/www.ubu.de\/cs\/wp-json\/wp\/v2\/pages\/28208","targetHints":{"allow":["GET"]}}],"collection":[{"href":"https:\/\/www.ubu.de\/cs\/wp-json\/wp\/v2\/pages"}],"about":[{"href":"https:\/\/www.ubu.de\/cs\/wp-json\/wp\/v2\/types\/page"}],"author":[{"embeddable":true,"href":"https:\/\/www.ubu.de\/cs\/wp-json\/wp\/v2\/users\/1"}],"replies":[{"embeddable":true,"href":"https:\/\/www.ubu.de\/cs\/wp-json\/wp\/v2\/comments?post=28208"}],"version-history":[{"count":6,"href":"https:\/\/www.ubu.de\/cs\/wp-json\/wp\/v2\/pages\/28208\/revisions"}],"predecessor-version":[{"id":28893,"href":"https:\/\/www.ubu.de\/cs\/wp-json\/wp\/v2\/pages\/28208\/revisions\/28893"}],"wp:attachment":[{"href":"https:\/\/www.ubu.de\/cs\/wp-json\/wp\/v2\/media?parent=28208"}],"curies":[{"name":"wp","href":"https:\/\/api.w.org\/{rel}","templated":true}]}}