{"id":25701,"date":"2016-07-25T17:55:51","date_gmt":"2016-07-25T15:55:51","guid":{"rendered":"http:\/\/www.ubu.de\/?page_id=25701"},"modified":"2026-03-20T14:03:44","modified_gmt":"2026-03-20T13:03:44","slug":"arbeitsschutz","status":"publish","type":"page","link":"https:\/\/www.ubu.de\/es\/arbeitsschutz\/","title":{"rendered":"Seguridad en el trabajo"},"content":{"rendered":"<div class=\"et_pb_section_0 et_pb_section et_pb_fullwidth_section et_section_regular et_block_section\"><div class=\"et_pb_fullwidth_slider_0 et_pb_slider et_pb_slider_no_arrows et_pb_slider_no_pagination et_pb_module preset--module--divi-fullwidth-slider--default\"><div class=\"et_pb_slides\"><div class=\"et_pb_slide_0 et_pb_slide et_pb_slider_with_overlay et_pb_media_alignment_center et_pb_bg_layout_dark et_pb_text_align_center\" data-slide-id=\"divi\/slide-0\"><div class=\"et_pb_slide_overlay_container\"><\/div><div class=\"et_pb_container\"><div class=\"et_pb_slider_container_inner\"><div class=\"et_pb_slide_description\"><h2 class=\"et_pb_slide_title\">Seguridad en el trabajo<\/h2><div class=\"et_pb_slide_content\"><\/div><\/div><\/div><\/div><\/div><\/div><\/div><\/div><div class=\"et_pb_section_1 et_pb_section et_section_regular et_block_section\"><div class=\"et_pb_row_0 et_pb_row et_block_row\"><div class=\"et_pb_column_0 et_pb_column et_pb_column_4_4 et-last-child et_block_column et_pb_css_mix_blend_mode_passthrough\"><div class=\"et_pb_cta_0 et_pb_promo et_pb_bg_layout_light et_pb_module et_block_module\"><div class=\"et_pb_promo_description\"><div class=\"et_pb_promo_content\"><p>Como empresario, est\u00e1 obligado a aplicar en su empresa las disposiciones legales en materia de salud y seguridad en el trabajo.<\/p>\n<p>Asociaciones profesionales como la BGN (Berufsgenossenschaft f\u00fcr Nahrungsmittel und Gastgewerbe) le obligan a afiliarse, si no ha organizado usted mismo de forma demostrable la salud y seguridad en el trabajo.<\/p>\n<p>La creciente complejidad de los diversos requisitos le plantea a usted, como empresario, el reto adicional de implantar una organizaci\u00f3n operativa de salud y seguridad en el trabajo.<\/p>\n<p>Como proveedor externo de seguridad laboral, en ubu le ofrecemos nuestro asesoramiento y apoyo en todo lo relacionado con la seguridad laboral y la medicina del trabajo. Sin convertirlo en ciencia espacial.<\/p>\n<p>Con nosotros, cumplir\u00e1 todos los requisitos legales para que usted y sus empleados se sientan seguros.<\/p>\n<p>&nbsp;<\/p>\n<\/div><\/div><\/div><\/div><\/div><\/div><div class=\"et_pb_section_3 et_pb_section et_section_regular et_block_section\"><div class=\"et_pb_row_1 et_pb_row et_block_row\"><div class=\"et_pb_column_3 et_pb_column et_pb_column_4_4 et-last-child et_block_column et_pb_css_mix_blend_mode_passthrough\"><div class=\"et_pb_image_0 et_pb_image et_pb_module et_block_module preset--module--divi-image--default\"><span class=\"et_pb_image_wrap\"><img loading=\"lazy\" decoding=\"async\" src=\"https:\/\/www.ubu.de\/wp-content\/uploads\/2016\/07\/ubu-Arbeitssicherheit-Arbeitsschutz-Collage.jpg\" width=\"1080\" height=\"570\" srcset=\"https:\/\/www.ubu.de\/wp-content\/uploads\/2016\/07\/ubu-Arbeitssicherheit-Arbeitsschutz-Collage.jpg 1080w, https:\/\/www.ubu.de\/wp-content\/uploads\/2016\/07\/ubu-Arbeitssicherheit-Arbeitsschutz-Collage-300x158.jpg 300w, https:\/\/www.ubu.de\/wp-content\/uploads\/2016\/07\/ubu-Arbeitssicherheit-Arbeitsschutz-Collage-768x405.jpg 768w, https:\/\/www.ubu.de\/wp-content\/uploads\/2016\/07\/ubu-Arbeitssicherheit-Arbeitsschutz-Collage-1024x540.jpg 1024w\" sizes=\"(max-width: 1080px) 100vw, 1080px\" class=\"wp-image-26225\" alt=\"ubu - Arbeitssicherheit Arbeitsschutz Betriebsmedizin Collage\" \/><\/span><\/div><\/div><\/div><\/div><div class=\"et_pb_section_4 et_pb_section et_section_regular et_block_section\"><div class=\"et_pb_row_2 et_pb_row et_block_row\"><div class=\"et_pb_column_4 et_pb_column et_pb_column_4_4 et-last-child et_block_column et_pb_css_mix_blend_mode_passthrough\"><div class=\"et_pb_text_0 et_pb_text et_pb_bg_layout_light et_pb_module et_block_module\"><div class=\"et_pb_text_inner\"><h2 style=\"text-align: center;\">Nuestros servicios<\/h2>\n<\/div><\/div><div class=\"et_pb_cta_5 et_pb_promo et_pb_bg_layout_light et_pb_module et_block_module\"><div class=\"et_pb_promo_description\"><div class=\"et_pb_promo_content\"><ul>\n<li>Informaci\u00f3n sobre los requisitos legales de conformidad con <strong><a href=\"http:\/\/www.dguv.de\/de\/praevention\/vorschriften_regeln\/dguv-vorschrift_2\/index.jsp\">Reglamento DGUV 2<\/a><\/strong><\/li>\n<li>Apoyo en la creaci\u00f3n de su organizaci\u00f3n de salud y seguridad en el trabajo<\/li>\n<li>Inspecciones de empresas<\/li>\n<li>Evaluaciones de riesgos para las distintas \u00e1reas de trabajo de su empresa<\/li>\n<li>Asesoramiento sobre el dise\u00f1o ergon\u00f3mico de los puestos de trabajo<\/li>\n<li>Revisi\u00f3n y asesoramiento sobre equipos de protecci\u00f3n individual (EPI) en materia de seguridad laboral<\/li>\n<li>Planificaci\u00f3n de medidas de seguridad laboral<\/li>\n<li>Consejos sobre instrucciones de seguridad<\/li>\n<li>Participaci\u00f3n en las reuniones del comit\u00e9 de salud y seguridad (ASA)<\/li>\n<li>Apoyo en la creaci\u00f3n de instrucciones de uso, as\u00ed como de registros de sustancias y equipos peligrosos.<\/li>\n<\/ul>\n<\/div><\/div><\/div><div class=\"et_pb_cta_6 et_pb_promo et_pb_bg_layout_light et_pb_module et_block_module\"><div class=\"et_pb_promo_description\"><div class=\"et_pb_promo_content\"><p>Coordinamos con usted los tiempos de despliegue in situ. Recibir\u00e1 informaci\u00f3n y listas de comprobaci\u00f3n personalizadas para su empresa.<\/p>\n<p>Con nosotros a su lado, dispondr\u00e1 de una aplicaci\u00f3n planificada, sistematizada, controlada y mejorada de sus obligaciones en materia de salud y seguridad en el trabajo para prevenir accidentes y enfermedades laborales. Le ayudamos a identificar, evaluar y eliminar los riesgos para la salud de sus empleados. De forma permanente.<\/p>\n<\/div><\/div><\/div><\/div><\/div><\/div><div class=\"et_pb_section_5 et_pb_section et_pb_fullwidth_section et_section_regular et_block_section\"><div class=\"et_pb_fullwidth_slider_1 et_pb_slider et_pb_slider_no_arrows et_pb_slider_no_pagination et_pb_module preset--module--divi-fullwidth-slider--default\"><div class=\"et_pb_slides\"><div class=\"et_pb_slide_1 et_pb_slide et_pb_slider_with_overlay et_pb_media_alignment_center et_pb_bg_layout_dark et_pb_text_align_center et_pb_section_parallax\" data-slide-id=\"divi\/slide-1\"><span class=\"et-pb-parallax-wrapper\"><span class=\"et-pb-parallax-background et-pb-parallax-background-module--divi-slide-1\" style=\"background-image:url(https:\/\/www.ubu.de\/wp-content\/uploads\/2016\/07\/ubu-Arbeitsschutz-Arbeitssicherheit-Gastronomie-Restaurants-und-Hotels.jpg)\"><\/span><\/span><div class=\"et_pb_slide_overlay_container\"><\/div><div class=\"et_pb_container\"><div class=\"et_pb_slider_container_inner\"><div class=\"et_pb_slide_description\"><h2 class=\"et_pb_slide_title\"><\/h2><div class=\"et_pb_slide_content\"><h3 style=\"text-align: center;\"><\/h3>\n<\/div><div class=\"et_pb_button_wrapper\"><a class=\"et_pb_button et_pb_more_button\" href=\"\/es\/kunde-werden\/\">Los clientes lo tienen f\u00e1cil<\/a><\/div><\/div><\/div><\/div><\/div><\/div><\/div><\/div>","protected":false},"excerpt":{"rendered":"","protected":false},"author":1,"featured_media":0,"parent":0,"menu_order":0,"comment_status":"closed","ping_status":"closed","template":"","meta":{"_acf_changed":false,"inline_featured_image":false,"footnotes":""},"class_list":["post-25701","page","type-page","status-publish","hentry"],"acf":[],"yoast_head":"<!-- This site is optimized with the Yoast SEO plugin v27.4 - https:\/\/yoast.com\/product\/yoast-seo-wordpress\/ -->\n<title>Arbeitsschutz - ubu - Arbeitsschutz f\u00fcr Hotels und Gastronomie<\/title>\n<meta name=\"description\" content=\"Wir helfen Ihnen bei der Umsetzung der gesetzlichen Anforderungen zum Arbeitsschutz (DGUV-Vorschrift 2). ubu als Alternative zur BGN Pflichtversicherung.\" \/>\n<meta name=\"robots\" content=\"index, follow, max-snippet:-1, max-image-preview:large, max-video-preview:-1\" \/>\n<link rel=\"canonical\" href=\"https:\/\/www.ubu.de\/es\/arbeitsschutz\/\" \/>\n<meta property=\"og:locale\" content=\"es_ES\" \/>\n<meta property=\"og:type\" content=\"article\" \/>\n<meta property=\"og:title\" content=\"Arbeitsschutz - ubu - Arbeitsschutz f\u00fcr Hotels und Gastronomie\" \/>\n<meta property=\"og:description\" content=\"Wir helfen Ihnen bei der Umsetzung der gesetzlichen Anforderungen zum Arbeitsschutz (DGUV-Vorschrift 2). ubu als Alternative zur BGN Pflichtversicherung.\" \/>\n<meta property=\"og:url\" content=\"https:\/\/www.ubu.de\/es\/arbeitsschutz\/\" \/>\n<meta property=\"og:site_name\" content=\"ubu - Arbeitsschutz f\u00fcr Hotels und Gastronomie\" \/>\n<meta property=\"article:modified_time\" content=\"2026-03-20T13:03:44+00:00\" \/>\n<meta name=\"twitter:card\" content=\"summary_large_image\" \/>\n<script type=\"application\/ld+json\" class=\"yoast-schema-graph\">{\"@context\":\"https:\\\/\\\/schema.org\",\"@graph\":[{\"@type\":\"WebPage\",\"@id\":\"https:\\\/\\\/www.ubu.de\\\/arbeitsschutz\\\/\",\"url\":\"https:\\\/\\\/www.ubu.de\\\/arbeitsschutz\\\/\",\"name\":\"Arbeitsschutz - ubu - Arbeitsschutz f\u00fcr Hotels und Gastronomie\",\"isPartOf\":{\"@id\":\"https:\\\/\\\/www.ubu.de\\\/#website\"},\"datePublished\":\"2016-07-25T15:55:51+00:00\",\"dateModified\":\"2026-03-20T13:03:44+00:00\",\"description\":\"Wir helfen Ihnen bei der Umsetzung der gesetzlichen Anforderungen zum Arbeitsschutz (DGUV-Vorschrift 2). ubu als Alternative zur BGN Pflichtversicherung.\",\"breadcrumb\":{\"@id\":\"https:\\\/\\\/www.ubu.de\\\/arbeitsschutz\\\/#breadcrumb\"},\"inLanguage\":\"es\",\"potentialAction\":[{\"@type\":\"ReadAction\",\"target\":[\"https:\\\/\\\/www.ubu.de\\\/arbeitsschutz\\\/\"]}]},{\"@type\":\"BreadcrumbList\",\"@id\":\"https:\\\/\\\/www.ubu.de\\\/arbeitsschutz\\\/#breadcrumb\",\"itemListElement\":[{\"@type\":\"ListItem\",\"position\":1,\"name\":\"Startseite\",\"item\":\"https:\\\/\\\/www.ubu.de\\\/\"},{\"@type\":\"ListItem\",\"position\":2,\"name\":\"Arbeitsschutz\"}]},{\"@type\":\"WebSite\",\"@id\":\"https:\\\/\\\/www.ubu.de\\\/#website\",\"url\":\"https:\\\/\\\/www.ubu.de\\\/\",\"name\":\"ubu - Arbeitsschutz f\u00fcr Hotels und Gastronomie\",\"description\":\"safety at work\",\"publisher\":{\"@id\":\"https:\\\/\\\/www.ubu.de\\\/#organization\"},\"potentialAction\":[{\"@type\":\"SearchAction\",\"target\":{\"@type\":\"EntryPoint\",\"urlTemplate\":\"https:\\\/\\\/www.ubu.de\\\/?s={search_term_string}\"},\"query-input\":{\"@type\":\"PropertyValueSpecification\",\"valueRequired\":true,\"valueName\":\"search_term_string\"}}],\"inLanguage\":\"es\"},{\"@type\":\"Organization\",\"@id\":\"https:\\\/\\\/www.ubu.de\\\/#organization\",\"name\":\"ubu - safety at work\",\"url\":\"https:\\\/\\\/www.ubu.de\\\/\",\"logo\":{\"@type\":\"ImageObject\",\"inLanguage\":\"es\",\"@id\":\"https:\\\/\\\/www.ubu.de\\\/#\\\/schema\\\/logo\\\/image\\\/\",\"url\":\"https:\\\/\\\/www.ubu.de\\\/wp-content\\\/uploads\\\/2016\\\/07\\\/ubu-elephant.png\",\"contentUrl\":\"https:\\\/\\\/www.ubu.de\\\/wp-content\\\/uploads\\\/2016\\\/07\\\/ubu-elephant.png\",\"width\":250,\"height\":250,\"caption\":\"ubu - safety at work\"},\"image\":{\"@id\":\"https:\\\/\\\/www.ubu.de\\\/#\\\/schema\\\/logo\\\/image\\\/\"}}]}<\/script>\n<!-- \/ Yoast SEO plugin. -->","yoast_head_json":{"title":"Arbeitsschutz - ubu - Arbeitsschutz f\u00fcr Hotels und Gastronomie","description":"Wir helfen Ihnen bei der Umsetzung der gesetzlichen Anforderungen zum Arbeitsschutz (DGUV-Vorschrift 2). ubu als Alternative zur BGN Pflichtversicherung.","robots":{"index":"index","follow":"follow","max-snippet":"max-snippet:-1","max-image-preview":"max-image-preview:large","max-video-preview":"max-video-preview:-1"},"canonical":"https:\/\/www.ubu.de\/es\/arbeitsschutz\/","og_locale":"es_ES","og_type":"article","og_title":"Arbeitsschutz - ubu - Arbeitsschutz f\u00fcr Hotels und Gastronomie","og_description":"Wir helfen Ihnen bei der Umsetzung der gesetzlichen Anforderungen zum Arbeitsschutz (DGUV-Vorschrift 2). ubu als Alternative zur BGN Pflichtversicherung.","og_url":"https:\/\/www.ubu.de\/es\/arbeitsschutz\/","og_site_name":"ubu - Arbeitsschutz f\u00fcr Hotels und Gastronomie","article_modified_time":"2026-03-20T13:03:44+00:00","twitter_card":"summary_large_image","schema":{"@context":"https:\/\/schema.org","@graph":[{"@type":"WebPage","@id":"https:\/\/www.ubu.de\/arbeitsschutz\/","url":"https:\/\/www.ubu.de\/arbeitsschutz\/","name":"Arbeitsschutz - ubu - Arbeitsschutz f\u00fcr Hotels und Gastronomie","isPartOf":{"@id":"https:\/\/www.ubu.de\/#website"},"datePublished":"2016-07-25T15:55:51+00:00","dateModified":"2026-03-20T13:03:44+00:00","description":"Wir helfen Ihnen bei der Umsetzung der gesetzlichen Anforderungen zum Arbeitsschutz (DGUV-Vorschrift 2). ubu als Alternative zur BGN Pflichtversicherung.","breadcrumb":{"@id":"https:\/\/www.ubu.de\/arbeitsschutz\/#breadcrumb"},"inLanguage":"es","potentialAction":[{"@type":"ReadAction","target":["https:\/\/www.ubu.de\/arbeitsschutz\/"]}]},{"@type":"BreadcrumbList","@id":"https:\/\/www.ubu.de\/arbeitsschutz\/#breadcrumb","itemListElement":[{"@type":"ListItem","position":1,"name":"Startseite","item":"https:\/\/www.ubu.de\/"},{"@type":"ListItem","position":2,"name":"Arbeitsschutz"}]},{"@type":"WebSite","@id":"https:\/\/www.ubu.de\/#website","url":"https:\/\/www.ubu.de\/","name":"ubu - Salud y seguridad en el trabajo en la hosteler\u00eda y la restauraci\u00f3n","description":"seguridad en el trabajo","publisher":{"@id":"https:\/\/www.ubu.de\/#organization"},"potentialAction":[{"@type":"SearchAction","target":{"@type":"EntryPoint","urlTemplate":"https:\/\/www.ubu.de\/?s={search_term_string}"},"query-input":{"@type":"PropertyValueSpecification","valueRequired":true,"valueName":"search_term_string"}}],"inLanguage":"es"},{"@type":"Organization","@id":"https:\/\/www.ubu.de\/#organization","name":"ubu - safety at work","url":"https:\/\/www.ubu.de\/","logo":{"@type":"ImageObject","inLanguage":"es","@id":"https:\/\/www.ubu.de\/#\/schema\/logo\/image\/","url":"https:\/\/www.ubu.de\/wp-content\/uploads\/2016\/07\/ubu-elephant.png","contentUrl":"https:\/\/www.ubu.de\/wp-content\/uploads\/2016\/07\/ubu-elephant.png","width":250,"height":250,"caption":"ubu - safety at work"},"image":{"@id":"https:\/\/www.ubu.de\/#\/schema\/logo\/image\/"}}]}},"_links":{"self":[{"href":"https:\/\/www.ubu.de\/es\/wp-json\/wp\/v2\/pages\/25701","targetHints":{"allow":["GET"]}}],"collection":[{"href":"https:\/\/www.ubu.de\/es\/wp-json\/wp\/v2\/pages"}],"about":[{"href":"https:\/\/www.ubu.de\/es\/wp-json\/wp\/v2\/types\/page"}],"author":[{"embeddable":true,"href":"https:\/\/www.ubu.de\/es\/wp-json\/wp\/v2\/users\/1"}],"replies":[{"embeddable":true,"href":"https:\/\/www.ubu.de\/es\/wp-json\/wp\/v2\/comments?post=25701"}],"version-history":[{"count":11,"href":"https:\/\/www.ubu.de\/es\/wp-json\/wp\/v2\/pages\/25701\/revisions"}],"predecessor-version":[{"id":28873,"href":"https:\/\/www.ubu.de\/es\/wp-json\/wp\/v2\/pages\/25701\/revisions\/28873"}],"wp:attachment":[{"href":"https:\/\/www.ubu.de\/es\/wp-json\/wp\/v2\/media?parent=25701"}],"curies":[{"name":"wp","href":"https:\/\/api.w.org\/{rel}","templated":true}]}}