{"id":25824,"date":"2016-07-26T16:48:00","date_gmt":"2016-07-26T14:48:00","guid":{"rendered":"http:\/\/www.ubu.de\/?page_id=25824"},"modified":"2026-03-20T14:03:47","modified_gmt":"2026-03-20T13:03:47","slug":"ueber-uns","status":"publish","type":"page","link":"https:\/\/www.ubu.de\/es\/ueber-uns\/","title":{"rendered":"Qui\u00e9nes somos"},"content":{"rendered":"<div class=\"et_pb_section_1 et_pb_section et_pb_fullwidth_section et_section_regular et_block_section\"><div class=\"et_pb_fullwidth_slider_1 et_pb_slider et_pb_slider_no_arrows et_pb_slider_no_pagination et_pb_module preset--module--divi-fullwidth-slider--default\"><div class=\"box-shadow-overlay\"><\/div><div class=\"et_pb_slides\"><div class=\"et_pb_slide_1 et_pb_slide et_pb_slider_with_overlay et_pb_media_alignment_center et_pb_bg_layout_dark et_pb_text_align_center et_pb_section_parallax\" data-slide-id=\"divi\/slide-1\"><span class=\"et-pb-parallax-wrapper\"><span class=\"et-pb-parallax-background et-pb-parallax-background-module--divi-slide-1\" style=\"background-image:url(https:\/\/www.ubu.de\/wp-content\/uploads\/2016\/07\/ubu-team-Spezialist-f\u00fcr-Arbeitsschutz-Arbeitssicherheit-Gastronomie-Restaurants-und-Hotels.jpg)\"><\/span><\/span><div class=\"et_pb_slide_overlay_container\"><\/div><div class=\"et_pb_container\"><div class=\"et_pb_slider_container_inner\"><div class=\"et_pb_slide_description\"><h2 class=\"et_pb_slide_title\">El equipo ubu<\/h2><\/div><\/div><\/div><\/div><\/div><\/div><\/div><div class=\"et_pb_section_2 et_pb_section et_section_regular et_block_section\"><div class=\"et_pb_row_0 et_pb_row et_pb_row_4col et_block_row et_block_row_4col\"><div class=\"et_pb_column_0 et_pb_column et_pb_column_1_4 et_block_column et_pb_css_mix_blend_mode_passthrough\"><div class=\"et_pb_blurb_0 et_pb_blurb et_pb_bg_layout_light et_pb_text_align_center et_pb_blurb_position_top et_pb_module et_block_module\"><div class=\"et_pb_blurb_content\"><div class=\"et_pb_main_blurb_image\"><span class=\"et_pb_image_wrap\"><span class=\"et-pb-icon\">\ue00c<\/span><\/span><\/div><div class=\"et_pb_blurb_container\"><h4 class=\"et_pb_module_header\">Moderno<\/h4><div class=\"et_pb_blurb_description\"><p>Nos encantan las nuevas tecnolog\u00edas y vivimos un estilo de trabajo contempor\u00e1neo.<\/p>\n<\/div><\/div><\/div><\/div><\/div><div class=\"et_pb_column_1 et_pb_column et_pb_column_1_4 et_block_column et_pb_css_mix_blend_mode_passthrough\"><div class=\"et_pb_blurb_1 et_pb_blurb et_pb_bg_layout_light et_pb_text_align_center et_pb_blurb_position_top et_pb_module et_block_module\"><div class=\"et_pb_blurb_content\"><div class=\"et_pb_main_blurb_image\"><span class=\"et_pb_image_wrap\"><span class=\"et-pb-icon\">\ue038<\/span><\/span><\/div><div class=\"et_pb_blurb_container\"><h4 class=\"et_pb_module_header\">Eficaz<\/h4><div class=\"et_pb_blurb_description\"><p>Estructuras \u00e1giles, herramientas modernas y plazos de implantaci\u00f3n flexibles ahorran dinero.<\/p>\n<\/div><\/div><\/div><\/div><\/div><div class=\"et_pb_column_2 et_pb_column et_pb_column_1_4 et_block_column et_pb_css_mix_blend_mode_passthrough\"><div class=\"et_pb_blurb_2 et_pb_blurb et_pb_bg_layout_light et_pb_text_align_center et_pb_blurb_position_top et_pb_module et_block_module\"><div class=\"et_pb_blurb_content\"><div class=\"et_pb_main_blurb_image\"><span class=\"et_pb_image_wrap\"><span class=\"et-pb-icon\">\ue007<\/span><\/span><\/div><div class=\"et_pb_blurb_container\"><h4 class=\"et_pb_module_header\">Competente<\/h4><div class=\"et_pb_blurb_description\"><p>Muchos a\u00f1os de experiencia y s\u00f3lidos conocimientos. Nuestros clientes lo aprecian desde hace a\u00f1os.<\/p>\n<\/div><\/div><\/div><\/div><\/div><div class=\"et_pb_column_3 et_pb_column et_pb_column_1_4 et-last-child et_block_column et_pb_css_mix_blend_mode_passthrough\"><div class=\"et_pb_blurb_3 et_pb_blurb et_pb_bg_layout_light et_pb_text_align_center et_pb_blurb_position_top et_pb_module et_block_module\"><div class=\"et_pb_blurb_content\"><div class=\"et_pb_main_blurb_image\"><span class=\"et_pb_image_wrap\"><span class=\"et-pb-icon\">\ue106<\/span><\/span><\/div><div class=\"et_pb_blurb_container\"><h4 class=\"et_pb_module_header\">Orientaci\u00f3n al cliente<\/h4><div class=\"et_pb_blurb_description\"><p>La satisfacci\u00f3n del cliente es nuestra m\u00e1xima prioridad. La lealtad es algo por lo que trabajamos cada d\u00eda.<\/p>\n<\/div><\/div><\/div><\/div><\/div><\/div><\/div><div class=\"et_pb_section_3 et_pb_section et_section_regular et_block_section\"><div class=\"et_pb_row_1 et_pb_row et_block_row\"><div class=\"et_pb_column_4 et_pb_column et_pb_column_4_4 et-last-child et_block_column et_pb_css_mix_blend_mode_passthrough\"><ul class=\"et_pb_counters_0 et_pb_counters et-waypoint et_pb_bg_layout_light et_pb_module et_block_module\"><li class=\"et_pb_counter_0 et_pb_counter\"><span class=\"et_pb_counter_title\"> Seguridad en el trabajo <\/span><span class=\"et_pb_counter_container\"><span class=\"et_pb_counter_amount\" data-width=\"60%\"><span class=\"et_pb_counter_amount_number\"><span class=\"et_pb_counter_amount_number_inner\">60%<\/span><\/span><\/span><span class=\"et_pb_counter_amount overlay\" data-width=\"60%\"><span class=\"et_pb_counter_amount_number\"><span class=\"et_pb_counter_amount_number_inner\">60%<\/span><\/span><\/span><\/span><\/li><li class=\"et_pb_counter_1 et_pb_counter\"><span class=\"et_pb_counter_title\"> Medicina del trabajo <\/span><span class=\"et_pb_counter_container\"><span class=\"et_pb_counter_amount\" data-width=\"40%\"><span class=\"et_pb_counter_amount_number\"><span class=\"et_pb_counter_amount_number_inner\">40%<\/span><\/span><\/span><span class=\"et_pb_counter_amount overlay\" data-width=\"40%\"><span class=\"et_pb_counter_amount_number\"><span class=\"et_pb_counter_amount_number_inner\">40%<\/span><\/span><\/span><\/span><\/li><li class=\"et_pb_counter_2 et_pb_counter\"><span class=\"et_pb_counter_title\"> Satisfacci\u00f3n del cliente <\/span><span class=\"et_pb_counter_container\"><span class=\"et_pb_counter_amount\" data-width=\"78%\"><span class=\"et_pb_counter_amount_number\"><span class=\"et_pb_counter_amount_number_inner\">78%<\/span><\/span><\/span><span class=\"et_pb_counter_amount overlay\" data-width=\"78%\"><span class=\"et_pb_counter_amount_number\"><span class=\"et_pb_counter_amount_number_inner\">78%<\/span><\/span><\/span><\/span><\/li><li class=\"et_pb_counter_3 et_pb_counter\"><span class=\"et_pb_counter_title\"> Consumo de caf\u00e9 <\/span><span class=\"et_pb_counter_container\"><span class=\"et_pb_counter_amount\" data-width=\"99%\"><span class=\"et_pb_counter_amount_number\"><span class=\"et_pb_counter_amount_number_inner\">99%<\/span><\/span><\/span><span class=\"et_pb_counter_amount overlay\" data-width=\"99%\"><span class=\"et_pb_counter_amount_number\"><span class=\"et_pb_counter_amount_number_inner\">99%<\/span><\/span><\/span><\/span><\/li><\/ul><\/div><\/div><\/div><div class=\"et_pb_section_4 et_pb_section et_section_regular et_block_section\"><div class=\"et_pb_row_2 et_pb_row et_block_row\"><div class=\"et_pb_column_5 et_pb_column et_pb_column_4_4 et-last-child et_block_column et_pb_css_mix_blend_mode_passthrough\"><div class=\"et_pb_blurb_4 et_pb_blurb et_pb_bg_layout_light et_pb_text_align_center et_pb_blurb_position_top et_pb_module et_block_module\"><div class=\"et_pb_blurb_content\"><div class=\"et_pb_blurb_container\"><div class=\"et_pb_blurb_description\"><h1><span style=\"color: #ffffff;\">La historia de ubu<\/span><\/h1>\n<\/div><\/div><\/div><\/div><\/div><\/div><div class=\"et_pb_row_3 et_pb_row et_block_row\"><div class=\"et_pb_column_6 et_pb_column et_pb_column_1_2 et_block_column et_pb_css_mix_blend_mode_passthrough\"><div class=\"et_pb_blurb_5 et_pb_blurb et_pb_bg_layout_light et_pb_text_align_right et_pb_blurb_position_top et_pb_module et_block_module\"><div class=\"et_pb_blurb_content\"><div class=\"et_pb_blurb_container\"><div class=\"et_pb_blurb_description\"><h1>Hechos<\/h1>\n<p>Fundada en 1987 en Ettlingen, Baden, inicialmente para empresas de la regi\u00f3n. Despu\u00e9s de adquirir con \u00e9xito numerosos clientes, cada vez m\u00e1s activo en toda Alemania. Desde 2014, por lo tanto, con una ubicaci\u00f3n adicional en Hamburgo para el norte de Alemania.<\/p>\n<\/div><\/div><\/div><\/div><\/div><div class=\"et_pb_column_7 et_pb_column et_pb_column_1_2 et-last-child et_block_column et_pb_column_empty et_pb_css_mix_blend_mode_passthrough\"><\/div><\/div><div class=\"et_pb_row_4 et_pb_row et_block_row\"><div class=\"et_pb_column_8 et_pb_column et_pb_column_1_2 et_block_column et_pb_column_empty et_pb_css_mix_blend_mode_passthrough\"><\/div><div class=\"et_pb_column_9 et_pb_column et_pb_column_1_2 et-last-child et_block_column et_pb_css_mix_blend_mode_passthrough\"><div class=\"et_pb_blurb_6 et_pb_blurb et_pb_bg_layout_light et_pb_blurb_position_top et_pb_module et_block_module\"><div class=\"et_pb_blurb_content\"><div class=\"et_pb_blurb_container\"><div class=\"et_pb_blurb_description\"><h1>Motivaci\u00f3n<\/h1>\n<p>Estamos convencidos de que la falta de salud y seguridad en el trabajo puede costar caro a cualquier empresa. Nuestro objetivo es ofrecer a nuestros clientes una seguridad y salud en el trabajo activa y rentable a largo plazo.<\/p>\n<\/div><\/div><\/div><\/div><\/div><\/div><div class=\"et_pb_row_5 et_pb_row et_block_row\"><div class=\"et_pb_column_10 et_pb_column et_pb_column_1_2 et_block_column et_pb_css_mix_blend_mode_passthrough\"><div class=\"et_pb_blurb_7 et_pb_blurb et_pb_bg_layout_light et_pb_text_align_right et_pb_blurb_position_top et_pb_module et_block_module\"><div class=\"et_pb_blurb_content\"><div class=\"et_pb_blurb_container\"><div class=\"et_pb_blurb_description\"><h1>Visi\u00f3n<\/h1>\n<p>Desde 2016, ubu ha experimentado un cambio generacional que ha supuesto un soplo de aire fresco con la digitalizaci\u00f3n y los nuevos procesos internos. Incluso en un mundo laboral cada vez m\u00e1s acelerado, queremos ofrecer a nuestros clientes un servicio contempor\u00e1neo.<br \/>\nofrecer salud y seguridad en el trabajo. Seguimos defendiendo nuestros valores fundacionales.<\/p>\n<\/div><\/div><\/div><\/div><\/div><div class=\"et_pb_column_11 et_pb_column et_pb_column_1_2 et-last-child et_block_column et_pb_column_empty et_pb_css_mix_blend_mode_passthrough\"><\/div><\/div><\/div><div class=\"et_pb_section_5 et_pb_section et_section_regular et_block_section\"><div class=\"et_pb_row_6 et_pb_row et_block_row\"><div class=\"et_pb_column_12 et_pb_column et_pb_column_4_4 et-last-child et_block_column et_pb_css_mix_blend_mode_passthrough\"><div class=\"et_pb_cta_0 et_pb_promo et_pb_bg_layout_light et_pb_module et_block_module\"><div class=\"et_pb_promo_description\"><div class=\"et_pb_promo_content\"><h1 style=\"text-align: center;\">Sus personas de contacto<\/h1>\n<\/div><\/div><\/div><\/div><\/div><div class=\"et_pb_row_7 et_pb_row et_pb_equal_columns et_block_row\"><div class=\"et_pb_column_13 et_pb_column et_pb_column_1_3 et_block_column et_pb_css_mix_blend_mode_passthrough\"><div class=\"et_pb_team_member_0 et_pb_team_member et_pb_bg_layout_light et_pb_module et_block_module\"><div class=\"et_pb_team_member_image et-waypoint et_pb_animation_fade_in\"><img loading=\"lazy\" decoding=\"async\" src=\"https:\/\/www.ubu.de\/wp-content\/uploads\/2016\/07\/Anke-Weischedel-ubu-Arbeitssicherheit-Arbeitsschutz-320px.jpeg\" alt=\"Anke Weischedel\" width=\"320\" height=\"320\" srcset=\"https:\/\/www.ubu.de\/wp-content\/uploads\/2016\/07\/Anke-Weischedel-ubu-Arbeitssicherheit-Arbeitsschutz-320px.jpeg 320w, https:\/\/www.ubu.de\/wp-content\/uploads\/2016\/07\/Anke-Weischedel-ubu-Arbeitssicherheit-Arbeitsschutz-320px-150x150.jpeg 150w, https:\/\/www.ubu.de\/wp-content\/uploads\/2016\/07\/Anke-Weischedel-ubu-Arbeitssicherheit-Arbeitsschutz-320px-300x300.jpeg 300w\" sizes=\"(max-width: 320px) 100vw, 320px\" class=\"wp-image-26216\" \/><\/div><div class=\"et_pb_team_member_description\"><h4 class=\"et_pb_module_header\">Anke Weischedel<\/h4><p class=\"et_pb_member_position\">Co-Gesch\u00e4ftsf\u00fchrerin & Sifa<\/p><div class=\"et_pb_team_member_description_content\"><p>Como especialista en seguridad laboral, Anke Weischedel es responsable de todos los aspectos de la salud y la seguridad en el trabajo desde 2005. Sus muchos a\u00f1os como directora de hotel y cocinera le han proporcionado un amplio conocimiento de las necesidades de este sector. Cuando no est\u00e1 haciendo yoga, en su vida privada es una cocinera apasionada y de buen humor, que se encarga de que la casa nunca cuelgue torcida.<\/p>\n<\/div><\/div><\/div><div class=\"et_pb_cta_1 et_pb_promo et_pb_bg_layout_dark et_pb_module et_block_module\"><div class=\"et_pb_promo_description et_multi_view_hidden\"><\/div><div class=\"et_pb_button_wrapper\"><a class=\"et_pb_button et_pb_promo_button\" target=\"_blank\" href=\"mailto:anke.weischedel@ubu.de\" rel=\"noreferrer\">anke.weischedel@ubu.de<\/a><\/div><\/div><\/div><div class=\"et_pb_column_14 et_pb_column et_pb_column_1_3 et_block_column et_pb_css_mix_blend_mode_passthrough\"><div class=\"et_pb_team_member_1 et_pb_team_member et_pb_bg_layout_light et_pb_module et_block_module\"><div class=\"et_pb_team_member_image et-waypoint et_pb_animation_fade_in\"><img loading=\"lazy\" decoding=\"async\" src=\"https:\/\/www.ubu.de\/wp-content\/uploads\/2016\/07\/Christoph-Weischedel-ubu-Arbeitsschutz-Gef\u00e4hrdungsbeurteilungen-320px.jpg\" alt=\"Christoph Weischedel\" width=\"320\" height=\"320\" srcset=\"https:\/\/www.ubu.de\/wp-content\/uploads\/2016\/07\/Christoph-Weischedel-ubu-Arbeitsschutz-Gef\u00e4hrdungsbeurteilungen-320px.jpg 320w, https:\/\/www.ubu.de\/wp-content\/uploads\/2016\/07\/Christoph-Weischedel-ubu-Arbeitsschutz-Gef\u00e4hrdungsbeurteilungen-320px-150x150.jpg 150w, https:\/\/www.ubu.de\/wp-content\/uploads\/2016\/07\/Christoph-Weischedel-ubu-Arbeitsschutz-Gef\u00e4hrdungsbeurteilungen-320px-300x300.jpg 300w\" sizes=\"(max-width: 320px) 100vw, 320px\" class=\"wp-image-26217\" \/><\/div><div class=\"et_pb_team_member_description\"><h4 class=\"et_pb_module_header\">Christoph Weischedel<\/h4><p class=\"et_pb_member_position\">Business Manager (hablante nativo de ingl\u00e9s)<\/p><div class=\"et_pb_team_member_description_content\"><p>Christoph Weischedel trabaja como director comercial en la empresa desde junio de 2014. Es responsable de atenci\u00f3n al cliente, gesti\u00f3n de calidad y marketing. Tras una relaci\u00f3n de casi 27 a\u00f1os con seis pantallas que no siempre compart\u00edan su sentido del humor ingl\u00e9s, el antiguo banquero de inversi\u00f3n est\u00e1 muy contento de poder volver a hablar por fin con gente real en persona.<a href=\"mailto:christoph.weischedel@ubu.de\" target=\"_blank\" rel=\"noopener\" title=\"Env\u00edeme un correo electr\u00f3nico.\"><\/a><\/p>\n<\/div><\/div><\/div><div class=\"et_pb_cta_2 et_pb_promo et_pb_bg_layout_dark et_pb_module et_block_module\"><div class=\"et_pb_promo_description et_multi_view_hidden\"><\/div><div class=\"et_pb_button_wrapper\"><a class=\"et_pb_button et_pb_promo_button\" target=\"_blank\" href=\"mailto:christoph.weischedel@ubu.de\" rel=\"noreferrer\">christoph.weischedel@ubu.de<\/a><\/div><\/div><\/div><div class=\"et_pb_column_15 et_pb_column et_pb_column_1_3 et-last-child et_block_column et_pb_css_mix_blend_mode_passthrough\"><div class=\"et_pb_team_member_2 et_pb_team_member et_pb_bg_layout_light et_pb_module et_block_module\"><div class=\"et_pb_team_member_image et-waypoint et_pb_animation_fade_in\"><img loading=\"lazy\" decoding=\"async\" src=\"https:\/\/www.ubu.de\/wp-content\/uploads\/betriebsarzt-ubu.jpg\" alt=\"Dr. Christa Wacheck\" width=\"320\" height=\"320\" srcset=\"https:\/\/www.ubu.de\/wp-content\/uploads\/betriebsarzt-ubu.jpg 320w\" sizes=\"(max-width: 320px) 100vw, 320px\" class=\"wp-image-27477\" \/><\/div><div class=\"et_pb_team_member_description\"><h4 class=\"et_pb_module_header\">Dra. Christa Wacheck<\/h4><p class=\"et_pb_member_position\">M\u00e9dico de empresa<\/p><div class=\"et_pb_team_member_description_content\"><p>Nuestra m\u00e9dico de empresa, la Dra. Christa Wacheck, es una amante de la m\u00fasica cl\u00e1sica y si el tocadiscos se para alguna vez, probablemente sea porque tiene las narices metidas en una nueva novela polic\u00edaca.<\/p>\n<p>El Dr. Nikolaus Droscha se jubil\u00f3 de su cargo de m\u00e9dico de empresa el 30 de septiembre de 2022 por razones de edad.<\/p>\n<\/div><\/div><\/div><div class=\"et_pb_cta_3 et_pb_promo et_pb_bg_layout_dark et_pb_module et_block_module\"><div class=\"et_pb_promo_description et_multi_view_hidden\"><\/div><div class=\"et_pb_button_wrapper\"><a class=\"et_pb_button et_pb_promo_button\" target=\"_blank\" href=\"mailto:betriebsarzt@ubu.de\" rel=\"noreferrer\">betriebsarzt@ubu.de<\/a><\/div><\/div><\/div><\/div><\/div>","protected":false},"excerpt":{"rendered":"","protected":false},"author":1,"featured_media":0,"parent":0,"menu_order":0,"comment_status":"closed","ping_status":"closed","template":"","meta":{"_acf_changed":false,"inline_featured_image":false,"footnotes":""},"class_list":["post-25824","page","type-page","status-publish","hentry"],"acf":[],"yoast_head":"<!-- This site is optimized with the Yoast SEO plugin v27.4 - https:\/\/yoast.com\/product\/yoast-seo-wordpress\/ -->\n<title>\u00dcber Uns - ubu - Arbeitsschutz f\u00fcr Hotels und Gastronomie<\/title>\n<meta name=\"robots\" content=\"index, follow, max-snippet:-1, max-image-preview:large, max-video-preview:-1\" \/>\n<link rel=\"canonical\" href=\"https:\/\/www.ubu.de\/es\/ueber-uns\/\" \/>\n<meta property=\"og:locale\" content=\"es_ES\" \/>\n<meta property=\"og:type\" content=\"article\" \/>\n<meta property=\"og:title\" content=\"\u00dcber Uns - ubu - Arbeitsschutz f\u00fcr Hotels und Gastronomie\" \/>\n<meta property=\"og:url\" content=\"https:\/\/www.ubu.de\/es\/ueber-uns\/\" \/>\n<meta property=\"og:site_name\" content=\"ubu - Arbeitsschutz f\u00fcr Hotels und Gastronomie\" \/>\n<meta property=\"article:modified_time\" content=\"2026-03-20T13:03:47+00:00\" \/>\n<meta name=\"twitter:card\" content=\"summary_large_image\" \/>\n<script type=\"application\/ld+json\" class=\"yoast-schema-graph\">{\"@context\":\"https:\\\/\\\/schema.org\",\"@graph\":[{\"@type\":\"WebPage\",\"@id\":\"https:\\\/\\\/www.ubu.de\\\/ueber-uns\\\/\",\"url\":\"https:\\\/\\\/www.ubu.de\\\/ueber-uns\\\/\",\"name\":\"\u00dcber Uns - ubu - Arbeitsschutz f\u00fcr Hotels und Gastronomie\",\"isPartOf\":{\"@id\":\"https:\\\/\\\/www.ubu.de\\\/#website\"},\"datePublished\":\"2016-07-26T14:48:00+00:00\",\"dateModified\":\"2026-03-20T13:03:47+00:00\",\"breadcrumb\":{\"@id\":\"https:\\\/\\\/www.ubu.de\\\/ueber-uns\\\/#breadcrumb\"},\"inLanguage\":\"es\",\"potentialAction\":[{\"@type\":\"ReadAction\",\"target\":[\"https:\\\/\\\/www.ubu.de\\\/ueber-uns\\\/\"]}]},{\"@type\":\"BreadcrumbList\",\"@id\":\"https:\\\/\\\/www.ubu.de\\\/ueber-uns\\\/#breadcrumb\",\"itemListElement\":[{\"@type\":\"ListItem\",\"position\":1,\"name\":\"Startseite\",\"item\":\"https:\\\/\\\/www.ubu.de\\\/\"},{\"@type\":\"ListItem\",\"position\":2,\"name\":\"\u00dcber Uns\"}]},{\"@type\":\"WebSite\",\"@id\":\"https:\\\/\\\/www.ubu.de\\\/#website\",\"url\":\"https:\\\/\\\/www.ubu.de\\\/\",\"name\":\"ubu - Arbeitsschutz f\u00fcr Hotels und Gastronomie\",\"description\":\"safety at work\",\"publisher\":{\"@id\":\"https:\\\/\\\/www.ubu.de\\\/#organization\"},\"potentialAction\":[{\"@type\":\"SearchAction\",\"target\":{\"@type\":\"EntryPoint\",\"urlTemplate\":\"https:\\\/\\\/www.ubu.de\\\/?s={search_term_string}\"},\"query-input\":{\"@type\":\"PropertyValueSpecification\",\"valueRequired\":true,\"valueName\":\"search_term_string\"}}],\"inLanguage\":\"es\"},{\"@type\":\"Organization\",\"@id\":\"https:\\\/\\\/www.ubu.de\\\/#organization\",\"name\":\"ubu - safety at work\",\"url\":\"https:\\\/\\\/www.ubu.de\\\/\",\"logo\":{\"@type\":\"ImageObject\",\"inLanguage\":\"es\",\"@id\":\"https:\\\/\\\/www.ubu.de\\\/#\\\/schema\\\/logo\\\/image\\\/\",\"url\":\"https:\\\/\\\/www.ubu.de\\\/wp-content\\\/uploads\\\/2016\\\/07\\\/ubu-elephant.png\",\"contentUrl\":\"https:\\\/\\\/www.ubu.de\\\/wp-content\\\/uploads\\\/2016\\\/07\\\/ubu-elephant.png\",\"width\":250,\"height\":250,\"caption\":\"ubu - safety at work\"},\"image\":{\"@id\":\"https:\\\/\\\/www.ubu.de\\\/#\\\/schema\\\/logo\\\/image\\\/\"}}]}<\/script>\n<!-- \/ Yoast SEO plugin. -->","yoast_head_json":{"title":"\u00dcber Uns - ubu - Arbeitsschutz f\u00fcr Hotels und Gastronomie","robots":{"index":"index","follow":"follow","max-snippet":"max-snippet:-1","max-image-preview":"max-image-preview:large","max-video-preview":"max-video-preview:-1"},"canonical":"https:\/\/www.ubu.de\/es\/ueber-uns\/","og_locale":"es_ES","og_type":"article","og_title":"\u00dcber Uns - ubu - Arbeitsschutz f\u00fcr Hotels und Gastronomie","og_url":"https:\/\/www.ubu.de\/es\/ueber-uns\/","og_site_name":"ubu - Arbeitsschutz f\u00fcr Hotels und Gastronomie","article_modified_time":"2026-03-20T13:03:47+00:00","twitter_card":"summary_large_image","schema":{"@context":"https:\/\/schema.org","@graph":[{"@type":"WebPage","@id":"https:\/\/www.ubu.de\/ueber-uns\/","url":"https:\/\/www.ubu.de\/ueber-uns\/","name":"\u00dcber Uns - ubu - Arbeitsschutz f\u00fcr Hotels und Gastronomie","isPartOf":{"@id":"https:\/\/www.ubu.de\/#website"},"datePublished":"2016-07-26T14:48:00+00:00","dateModified":"2026-03-20T13:03:47+00:00","breadcrumb":{"@id":"https:\/\/www.ubu.de\/ueber-uns\/#breadcrumb"},"inLanguage":"es","potentialAction":[{"@type":"ReadAction","target":["https:\/\/www.ubu.de\/ueber-uns\/"]}]},{"@type":"BreadcrumbList","@id":"https:\/\/www.ubu.de\/ueber-uns\/#breadcrumb","itemListElement":[{"@type":"ListItem","position":1,"name":"Startseite","item":"https:\/\/www.ubu.de\/"},{"@type":"ListItem","position":2,"name":"\u00dcber Uns"}]},{"@type":"WebSite","@id":"https:\/\/www.ubu.de\/#website","url":"https:\/\/www.ubu.de\/","name":"ubu - Salud y seguridad en el trabajo en la hosteler\u00eda y la restauraci\u00f3n","description":"seguridad en el trabajo","publisher":{"@id":"https:\/\/www.ubu.de\/#organization"},"potentialAction":[{"@type":"SearchAction","target":{"@type":"EntryPoint","urlTemplate":"https:\/\/www.ubu.de\/?s={search_term_string}"},"query-input":{"@type":"PropertyValueSpecification","valueRequired":true,"valueName":"search_term_string"}}],"inLanguage":"es"},{"@type":"Organization","@id":"https:\/\/www.ubu.de\/#organization","name":"ubu - safety at work","url":"https:\/\/www.ubu.de\/","logo":{"@type":"ImageObject","inLanguage":"es","@id":"https:\/\/www.ubu.de\/#\/schema\/logo\/image\/","url":"https:\/\/www.ubu.de\/wp-content\/uploads\/2016\/07\/ubu-elephant.png","contentUrl":"https:\/\/www.ubu.de\/wp-content\/uploads\/2016\/07\/ubu-elephant.png","width":250,"height":250,"caption":"ubu - safety at work"},"image":{"@id":"https:\/\/www.ubu.de\/#\/schema\/logo\/image\/"}}]}},"_links":{"self":[{"href":"https:\/\/www.ubu.de\/es\/wp-json\/wp\/v2\/pages\/25824","targetHints":{"allow":["GET"]}}],"collection":[{"href":"https:\/\/www.ubu.de\/es\/wp-json\/wp\/v2\/pages"}],"about":[{"href":"https:\/\/www.ubu.de\/es\/wp-json\/wp\/v2\/types\/page"}],"author":[{"embeddable":true,"href":"https:\/\/www.ubu.de\/es\/wp-json\/wp\/v2\/users\/1"}],"replies":[{"embeddable":true,"href":"https:\/\/www.ubu.de\/es\/wp-json\/wp\/v2\/comments?post=25824"}],"version-history":[{"count":10,"href":"https:\/\/www.ubu.de\/es\/wp-json\/wp\/v2\/pages\/25824\/revisions"}],"predecessor-version":[{"id":28876,"href":"https:\/\/www.ubu.de\/es\/wp-json\/wp\/v2\/pages\/25824\/revisions\/28876"}],"wp:attachment":[{"href":"https:\/\/www.ubu.de\/es\/wp-json\/wp\/v2\/media?parent=25824"}],"curies":[{"name":"wp","href":"https:\/\/api.w.org\/{rel}","templated":true}]}}