{"id":25955,"date":"2016-08-06T12:40:35","date_gmt":"2016-08-06T10:40:35","guid":{"rendered":"http:\/\/www.ubu.de\/?page_id=25955"},"modified":"2026-03-20T14:03:48","modified_gmt":"2026-03-20T13:03:48","slug":"datenschutz","status":"publish","type":"page","link":"https:\/\/www.ubu.de\/es\/datenschutz\/","title":{"rendered":"Protecci\u00f3n de datos"},"content":{"rendered":"<div class=\"et_pb_section_0 et_pb_section et_section_regular et_block_section\"><div class=\"et_pb_row_0 et_pb_row et_block_row\"><div class=\"et_pb_column_0 et_pb_column et_pb_column_4_4 et-last-child et_block_column et_pb_css_mix_blend_mode_passthrough\"><div class=\"et_pb_text_0 et_pb_text et_pb_bg_layout_light et_pb_module et_block_module\"><div class=\"et_pb_text_inner\"><h1>Pol\u00edtica de privacidad<\/h1>\n<h2>1. la protecci\u00f3n de datos de un vistazo<\/h2>\n<h3>Informaci\u00f3n general<\/h3>\n<p>La siguiente informaci\u00f3n ofrece una visi\u00f3n sencilla de lo que ocurre con sus datos personales cuando visita nuestro sitio web. Por datos personales se entiende cualquier dato que pueda utilizarse para identificarle personalmente. Encontrar\u00e1 informaci\u00f3n detallada sobre el tema de la protecci\u00f3n de datos en nuestra declaraci\u00f3n de protecci\u00f3n de datos que figura debajo de este texto.<\/p>\n<h3>Recogida de datos en nuestro sitio web<\/h3>\n<p><strong>\u00bfQui\u00e9n es responsable de la recogida de datos en este sitio web?<\/strong><\/p>\n<p>El tratamiento de datos en este sitio web corre a cargo del operador del sitio web. Encontrar\u00e1 los datos de contacto del operador en el aviso legal de este sitio web.<\/p>\n<p><strong>\u00bfC\u00f3mo recogemos sus datos?<\/strong><\/p>\n<p>Por un lado, sus datos se recogen cuando usted nos los facilita. Puede tratarse, por ejemplo, de datos que usted introduce en un formulario de contacto.<\/p>\n<p>Nuestros sistemas inform\u00e1ticos recogen autom\u00e1ticamente otros datos cuando usted visita el sitio web. Se trata principalmente de datos t\u00e9cnicos (por ejemplo, navegador de Internet, sistema operativo o tiempo de visualizaci\u00f3n de la p\u00e1gina). Estos datos se recogen autom\u00e1ticamente en cuanto usted entra en nuestro sitio web.<\/p>\n<p><strong>\u00bfPara qu\u00e9 utilizamos sus datos?<\/strong><\/p>\n<p>Algunos de los datos se recogen para garantizar que el sitio web se ofrece sin errores. Otros datos pueden utilizarse para analizar su comportamiento como usuario.<\/p>\n<p><strong>\u00bfQu\u00e9 derechos tiene en relaci\u00f3n con sus datos?<\/strong><\/p>\n<p>Tiene derecho a recibir informaci\u00f3n gratuita en cualquier momento sobre el origen, el destinatario y la finalidad de sus datos personales almacenados. Tambi\u00e9n tiene derecho a solicitar la correcci\u00f3n, el bloqueo o la supresi\u00f3n de estos datos. Puede ponerse en contacto con nosotros en cualquier momento sobre esta y otras cuestiones relativas a la protecci\u00f3n de datos a trav\u00e9s de <a href=\"mailto:datenschutz@ubu.de\">datenschutz@ubu.de<\/a> ponerse en contacto con nosotros. Tambi\u00e9n tiene derecho a presentar una reclamaci\u00f3n ante la autoridad de control competente.<\/p>\n<h3>Herramientas de an\u00e1lisis y de terceros proveedores<\/h3>\n<p>Cuando visita nuestro sitio web, su comportamiento de navegaci\u00f3n puede ser evaluado estad\u00edsticamente. Para ello se utilizan principalmente cookies y los denominados programas de an\u00e1lisis. El an\u00e1lisis de su comportamiento de navegaci\u00f3n suele ser an\u00f3nimo; el comportamiento de navegaci\u00f3n no puede ser rastreado hasta usted. Puede oponerse a este an\u00e1lisis o impedirlo no utilizando determinadas herramientas. Encontrar\u00e1 informaci\u00f3n detallada al respecto en la siguiente pol\u00edtica de privacidad.<\/p>\n<p>Puede oponerse a este an\u00e1lisis. Le informaremos sobre las opciones de objeci\u00f3n en esta pol\u00edtica de privacidad.<\/p>\n<h2>2 Notas generales e informaci\u00f3n obligatoria<\/h2>\n<h3>Protecci\u00f3n de datos<\/h3>\n<p>Los operadores de estas p\u00e1ginas se toman muy en serio la protecci\u00f3n de sus datos personales. Tratamos sus datos personales de forma confidencial y de conformidad con las disposiciones legales sobre protecci\u00f3n de datos y la presente pol\u00edtica de privacidad.<\/p>\n<p>Cuando usted utiliza este sitio web, se recogen diversos datos personales. Los datos personales son datos que pueden utilizarse para identificarle personalmente. Esta pol\u00edtica de privacidad explica qu\u00e9 datos recogemos y para qu\u00e9 los utilizamos. Tambi\u00e9n explica c\u00f3mo y con qu\u00e9 fin lo hacemos.<\/p>\n<p>Nos gustar\u00eda se\u00f1alar que la transmisi\u00f3n de datos a trav\u00e9s de Internet (por ejemplo, cuando se comunica por correo electr\u00f3nico) puede estar sujeta a vulnerabilidades de seguridad. No es posible proteger completamente los datos contra el acceso de terceros.<\/p>\n<h3>Nota sobre el organismo responsable<\/h3>\n<p>El responsable del tratamiento de datos en este sitio web es<\/p>\n<p>Consultor\u00eda de Gesti\u00f3n de Medicina del Trabajo y Protecci\u00f3n del Medio Ambiente GmbH<\/p>\n<p>Mittelstra\u00dfe 6, 29351 Eldingen<\/p>\n<p>Tel\u00e9fono: 05148 2650350<\/p>\n<p>Correo electr\u00f3nico: datenschutz@ubu.de<\/p>\n<p>El responsable del tratamiento es la persona f\u00edsica o jur\u00eddica que, sola o conjuntamente con otras, determina los fines y medios del tratamiento de datos personales (por ejemplo, nombres, direcciones de correo electr\u00f3nico, etc.).<\/p>\n<h3>Revocaci\u00f3n de su consentimiento para el tratamiento de datos<\/h3>\n<p>Muchas operaciones de tratamiento de datos s\u00f3lo son posibles con su consentimiento expreso. Puede revocar el consentimiento que haya dado en cualquier momento. Basta con que nos env\u00ede un correo electr\u00f3nico informal. La legalidad del tratamiento de datos efectuado hasta la revocaci\u00f3n no se ver\u00e1 afectada por \u00e9sta.<\/p>\n<h3>Derecho a presentar una reclamaci\u00f3n ante la autoridad de control competente<\/h3>\n<p>En caso de infracci\u00f3n de la ley de protecci\u00f3n de datos, el interesado tiene derecho a presentar una reclamaci\u00f3n ante la autoridad de control competente. La autoridad de control competente en materia de protecci\u00f3n de datos es el delegado de protecci\u00f3n de datos del Estado federado en el que tiene su sede nuestra empresa. En el siguiente enlace encontrar\u00e1 una lista de los responsables de la protecci\u00f3n de datos y sus datos de contacto: <a href=\"https:\/\/www.bfdi.bund.de\/DE\/Infothek\/Anschriften_Links\/anschriften_links-node.html\" target=\"_blank\" rel=\"noopener\">https:\/\/www.bfdi.bund.de\/DE\/Infothek\/Anschriften_Links\/anschriften_links-node.html<\/a>.<\/p>\n<h3>Derecho a la portabilidad de los datos<\/h3>\n<p>Tiene derecho a que los datos que tratamos autom\u00e1ticamente sobre la base de su consentimiento o en cumplimiento de un contrato le sean entregados a usted o a un tercero en un formato de uso com\u00fan legible por m\u00e1quina. Si solicita la transferencia directa de los datos a otro responsable del tratamiento, s\u00f3lo se har\u00e1 en la medida en que sea t\u00e9cnicamente viable.<\/p>\n<h3>Cifrado SSL o TLS<\/h3>\n<p>Este sitio utiliza cifrado SSL o TLS por motivos de seguridad y para proteger la transmisi\u00f3n de contenidos confidenciales, como pedidos o consultas que nos env\u00ede como operador del sitio. Puede reconocer una conexi\u00f3n cifrada por el hecho de que la l\u00ednea de direcci\u00f3n del navegador cambia de \"http:\/\/\" a \"https:\/\/\" y por el s\u00edmbolo del candado en la l\u00ednea de su navegador.<\/p>\n<p>Si el cifrado SSL o TLS est\u00e1 activado, los datos que nos transmita no podr\u00e1n ser le\u00eddos por terceros.<\/p>\n<h3>Informaci\u00f3n, bloqueo, supresi\u00f3n<\/h3>\n<p>En el marco de las disposiciones legales aplicables, usted tiene derecho a recibir informaci\u00f3n gratuita sobre sus datos personales almacenados, su origen y destinatario y la finalidad del tratamiento de datos y, en caso necesario, derecho a la rectificaci\u00f3n, bloqueo o supresi\u00f3n de estos datos en cualquier momento. Puede ponerse en contacto con nosotros en cualquier momento en la direcci\u00f3n indicada en el aviso legal si tiene m\u00e1s preguntas sobre el tema de los datos personales.<\/p>\n<h3>Objeci\u00f3n a los correos electr\u00f3nicos publicitarios<\/h3>\n<p>Por la presente nos oponemos al uso de los datos de contacto publicados en el marco de nuestra obligaci\u00f3n de aviso legal para el env\u00edo de material publicitario e informativo no solicitado. Los operadores de este sitio web se reservan expresamente el derecho a emprender acciones legales en caso de env\u00edo no solicitado de informaci\u00f3n publicitaria, como correos electr\u00f3nicos basura.<\/p>\n<h2>3. recogida de datos en nuestro sitio web<\/h2>\n<h3>Cookies<\/h3>\n<p>Algunas de las p\u00e1ginas de Internet utilizan las llamadas cookies. Las cookies no da\u00f1an su ordenador y no contienen virus. Las cookies se utilizan para que nuestro sitio web sea m\u00e1s f\u00e1cil de usar, eficaz y seguro. Las cookies son peque\u00f1os archivos de texto que se almacenan en su ordenador y que guarda su navegador.<\/p>\n<p>La mayor\u00eda de las cookies que utilizamos son las denominadas \"cookies de sesi\u00f3n\". Se eliminan autom\u00e1ticamente al final de su visita. Otras cookies permanecen almacenadas en su dispositivo final hasta que usted las borra. Estas cookies nos permiten reconocer su navegador en su pr\u00f3xima visita.<\/p>\n<p>Puede configurar su navegador para que le informe sobre la instalaci\u00f3n de cookies y permitirlas s\u00f3lo en casos individuales, excluir la aceptaci\u00f3n de cookies para determinados casos o en general y activar la eliminaci\u00f3n autom\u00e1tica de cookies al cerrar el navegador. Si se desactivan las cookies, la funcionalidad de este sitio web puede verse limitada.<\/p>\n<p>Las cookies que son necesarias para llevar a cabo el proceso de comunicaci\u00f3n electr\u00f3nica o para proporcionar ciertas funciones que usted ha solicitado (por ejemplo, la funci\u00f3n de cesta de la compra) se almacenan sobre la base del Art. 6 para. 1 lit. f GDPR. El operador del sitio web tiene un inter\u00e9s leg\u00edtimo en el almacenamiento de cookies para la prestaci\u00f3n t\u00e9cnicamente libre de errores y optimizada de sus servicios. En la medida en que se almacenen otras cookies (por ejemplo, cookies para analizar su comportamiento de navegaci\u00f3n), estas se tratan por separado en esta pol\u00edtica de privacidad.<\/p>\n<h3>Archivos de registro del servidor<\/h3>\n<p>El proveedor de las p\u00e1ginas recoge y almacena autom\u00e1ticamente informaci\u00f3n en los denominados archivos de registro del servidor, que su navegador nos transmite autom\u00e1ticamente. \u00c9stos son<\/p>\n<ul>\n<li>Tipo y versi\u00f3n del navegador<\/li>\n<li>Sistema operativo utilizado<\/li>\n<li>URL de referencia<\/li>\n<li>Nombre de host del ordenador de acceso<\/li>\n<li>Hora de la solicitud al servidor<\/li>\n<li>Direcci\u00f3n IP<\/li>\n<\/ul>\n<p>Estos datos no se fusionan con otras fuentes de datos.<\/p>\n<p>La base para el tratamiento de datos es el art. 6 p\u00e1rr. 1 lit. f GDPR, que permite el tratamiento de datos para el cumplimiento de un contrato o de medidas precontractuales.<\/p>\n<h3>Formulario de contacto<\/h3>\n<p>Si nos env\u00eda consultas a trav\u00e9s del formulario de contacto, sus datos del formulario de consulta, incluidos los datos de contacto que nos facilite all\u00ed, ser\u00e1n almacenados por nosotros con el fin de procesar la consulta y en caso de preguntas de seguimiento. No transmitiremos estos datos sin su consentimiento.<\/p>\n<p>Por lo tanto, los datos introducidos en el formulario de contacto se procesan exclusivamente sobre la base de su consentimiento (Art. 6 p\u00e1rrafo 1 lit. a GDPR). Puede revocar este consentimiento en cualquier momento. S\u00f3lo tiene que enviarnos un correo electr\u00f3nico informal. La legalidad de las operaciones de tratamiento de datos realizadas hasta la revocaci\u00f3n no se ver\u00e1 afectada por \u00e9sta.<\/p>\n<p>Conservaremos los datos que nos facilite en el formulario de contacto hasta que solicite su supresi\u00f3n, revoque su consentimiento para su almacenamiento o el prop\u00f3sito de su almacenamiento deje de ser pertinente (por ejemplo, tras satisfacer su solicitud). Las disposiciones legales obligatorias -en particular los periodos de conservaci\u00f3n- no se ver\u00e1n afectadas.<\/p>\n<h2>4. herramientas de an\u00e1lisis y publicidad<\/h2>\n<h3>Google Analytics<\/h3>\n<p>Este sitio web utiliza funciones del servicio de an\u00e1lisis web Google Analytics. El proveedor es Google Inc, 1600 Amphitheatre Parkway, Mountain View, CA 94043, EE.UU..<\/p>\n<p>Google Analytics verwendet so genannte \"Cookies\". Das sind Textdateien, die auf Ihrem Computer gespeichert werden und die eine Analyse der Benutzung der Website durch Sie erm\u00f6glichen. Die durch den Cookie erzeugten Informationen \u00fcber Ihre Benutzung dieser Website werden in der Regel an einen Server von Google in den USA \u00fcbertragen und dort gespeichert.<\/p>\n<p>Las cookies de Google Analytics se almacenan sobre la base del Art. 6 p\u00e1rrafo 1 lit. f GDPR. El operador del sitio web tiene un inter\u00e9s leg\u00edtimo en analizar el comportamiento de los usuarios con el fin de optimizar tanto su sitio web como su publicidad.<\/p>\n<p><strong>Plugin del navegador<\/strong><\/p>\n<p>Puede Usted rechazar el tratamiento de los datos o la informaci\u00f3n rechazando el uso de cookies mediante la selecci\u00f3n de la configuraci\u00f3n apropiada de su navegador, sin embargo, debe Usted saber que si lo hace puede ser que no pueda usar la plena funcionabilidad de este website. Tambi\u00e9n puede evitar que Google recopile los datos generados por la cookie y relacionados con su uso del sitio web (incluida su direcci\u00f3n IP) y que Google procese estos datos descargando e instalando el complemento del navegador disponible en el siguiente enlace: <a href=\"https:\/\/tools.google.com\/dlpage\/gaoptout?hl=de\" target=\"_blank\" rel=\"noopener\">https:\/\/tools.google.com\/dlpage\/gaoptout?hl=de<\/a>.<\/p>\n<p><strong>Objeci\u00f3n a la recogida de datos<\/strong><\/p>\n<p>Puede evitar que Google Analytics recopile sus datos haciendo clic en el siguiente enlace. Se instalar\u00e1 una cookie de inhabilitaci\u00f3n para evitar que se recopilen sus datos en futuras visitas a este sitio web: <a>Desactivar Google Analytics<\/a>.<\/p>\n<p>Puede encontrar m\u00e1s informaci\u00f3n sobre c\u00f3mo Google Analytics trata los datos de los usuarios en la pol\u00edtica de privacidad de Google: <a href=\"https:\/\/support.google.com\/analytics\/answer\/6004245?hl=de\" target=\"_blank\" rel=\"noopener\">https:\/\/support.google.com\/analytics\/answer\/6004245?hl=de<\/a>.<\/p>\n<p><strong>Caracter\u00edsticas demogr\u00e1ficas en Google Analytics<\/strong><\/p>\n<p>Este sitio web utiliza la funci\u00f3n \"caracter\u00edsticas demogr\u00e1ficas\" de Google Analytics. Esto permite crear informes que contienen declaraciones sobre la edad, el sexo y los intereses de los visitantes del sitio. Estos datos proceden de la publicidad basada en intereses de Google y de datos de visitantes de terceros proveedores. Estos datos no pueden asignarse a una persona concreta. Puede desactivar esta funci\u00f3n en cualquier momento a trav\u00e9s de la configuraci\u00f3n de anuncios de su cuenta de Google o, en general, prohibir la recopilaci\u00f3n de sus datos por parte de Google Analytics, tal y como se describe en la secci\u00f3n \"Objeci\u00f3n a la recopilaci\u00f3n de datos\".<\/p>\n<h3>Estad\u00edsticas de WordPress<\/h3>\n<p>Este sitio web utiliza la herramienta Stats de WordPress para analizar estad\u00edsticamente el acceso de los visitantes. El proveedor es Automattic Inc, 60 29th Street #343, San Francisco, CA 94110-4929, USA.<\/p>\n<p>WordPress Stats utiliza cookies, que se almacenan en su ordenador y permiten analizar su uso del sitio web. La informaci\u00f3n generada por las cookies sobre el uso de nuestro sitio web se almacena en servidores de Estados Unidos. Su direcci\u00f3n IP se anonimiza despu\u00e9s del procesamiento y antes del almacenamiento.<\/p>\n<p>Las cookies \"WordPress-Stats\" permanecen en tu dispositivo hasta que las eliminas.<\/p>\n<p>El almacenamiento de cookies \"WordPress Stats\" se basa en el art. 6 p\u00e1rr. 1 lit. f GDPR. El operador del sitio web tiene un inter\u00e9s leg\u00edtimo en el an\u00e1lisis an\u00f3nimo del comportamiento de los usuarios con el fin de optimizar tanto su sitio web como su publicidad.<\/p>\n<p>Puede configurar su navegador para que le informe sobre la instalaci\u00f3n de cookies y permitirlas s\u00f3lo en casos individuales, excluir la aceptaci\u00f3n de cookies para determinados casos o en general y activar la eliminaci\u00f3n autom\u00e1tica de cookies al cerrar el navegador. Si se desactivan las cookies, la funcionalidad de nuestro sitio web puede verse limitada.<\/p>\n<p>Puede oponerse a la recopilaci\u00f3n y el uso de sus datos en el futuro haciendo clic en este enlace para instalar una cookie de inhabilitaci\u00f3n en su navegador: <a href=\"https:\/\/www.quantcast.com\/opt-out\/\" target=\"_blank\" rel=\"noopener\">https:\/\/www.quantcast.com\/opt-out\/<\/a>.<\/p>\n<p>Si borra las cookies de su ordenador, deber\u00e1 volver a configurar la cookie de inhabilitaci\u00f3n.<\/p>\n<h2>5. plugins y herramientas<\/h2>\n<h3>Fuentes web de Google<\/h3>\n<p>Este sitio utiliza las denominadas fuentes web proporcionadas por Google para la visualizaci\u00f3n estandarizada de fuentes. Al abrir una p\u00e1gina, su navegador carga las fuentes web necesarias en la memoria cach\u00e9 de su navegador para mostrar los textos y las fuentes correctamente.<\/p>\n<p>Para ello, el navegador que est\u00e1 utilizando debe conectarse a los servidores de Google. Esto informa a Google de que se ha accedido a nuestro sitio web a trav\u00e9s de su direcci\u00f3n IP. El uso de Google Web Fonts redunda en inter\u00e9s de una presentaci\u00f3n uniforme y atractiva de nuestras ofertas en l\u00ednea. Esto constituye un inter\u00e9s leg\u00edtimo en el sentido del Art. 6 p\u00e1rrafo 1 lit. f GDPR.<\/p>\n<p>Si su navegador no admite fuentes web, su ordenador utilizar\u00e1 una fuente est\u00e1ndar.<\/p>\n<p>M\u00e1s informaci\u00f3n sobre Google Web Fonts en <a href=\"https:\/\/developers.google.com\/fonts\/faq\" target=\"_blank\" rel=\"noopener\">https:\/\/developers.google.com\/fonts\/faq<\/a> y en la pol\u00edtica de privacidad de Google: <a href=\"https:\/\/www.google.com\/policies\/privacy\/\" target=\"_blank\" rel=\"noopener\">https:\/\/www.google.com\/policies\/privacy\/<\/a>.<\/p>\n<\/div><\/div><\/div><\/div><\/div>","protected":false},"excerpt":{"rendered":"","protected":false},"author":1,"featured_media":0,"parent":0,"menu_order":0,"comment_status":"closed","ping_status":"closed","template":"","meta":{"_acf_changed":false,"inline_featured_image":false,"footnotes":""},"class_list":["post-25955","page","type-page","status-publish","hentry"],"acf":[],"yoast_head":"<!-- This site is optimized with the Yoast SEO plugin v27.4 - https:\/\/yoast.com\/product\/yoast-seo-wordpress\/ -->\n<title>Datenschutz - ubu - Arbeitsschutz f\u00fcr Hotels und Gastronomie<\/title>\n<meta name=\"robots\" content=\"index, follow, max-snippet:-1, max-image-preview:large, max-video-preview:-1\" \/>\n<link rel=\"canonical\" href=\"https:\/\/www.ubu.de\/es\/datenschutz\/\" \/>\n<meta property=\"og:locale\" content=\"es_ES\" \/>\n<meta property=\"og:type\" content=\"article\" \/>\n<meta property=\"og:title\" content=\"Datenschutz - ubu - Arbeitsschutz f\u00fcr Hotels und Gastronomie\" \/>\n<meta property=\"og:url\" content=\"https:\/\/www.ubu.de\/es\/datenschutz\/\" \/>\n<meta property=\"og:site_name\" content=\"ubu - Arbeitsschutz f\u00fcr Hotels und Gastronomie\" \/>\n<meta property=\"article:modified_time\" content=\"2026-03-20T13:03:48+00:00\" \/>\n<meta name=\"twitter:card\" content=\"summary_large_image\" \/>\n<meta name=\"twitter:label1\" content=\"Tiempo de lectura\" \/>\n\t<meta name=\"twitter:data1\" content=\"1 minuto\" \/>\n<script type=\"application\/ld+json\" class=\"yoast-schema-graph\">{\"@context\":\"https:\\\/\\\/schema.org\",\"@graph\":[{\"@type\":\"WebPage\",\"@id\":\"https:\\\/\\\/www.ubu.de\\\/datenschutz\\\/\",\"url\":\"https:\\\/\\\/www.ubu.de\\\/datenschutz\\\/\",\"name\":\"Datenschutz - ubu - Arbeitsschutz f\u00fcr Hotels und Gastronomie\",\"isPartOf\":{\"@id\":\"https:\\\/\\\/www.ubu.de\\\/#website\"},\"datePublished\":\"2016-08-06T10:40:35+00:00\",\"dateModified\":\"2026-03-20T13:03:48+00:00\",\"breadcrumb\":{\"@id\":\"https:\\\/\\\/www.ubu.de\\\/datenschutz\\\/#breadcrumb\"},\"inLanguage\":\"es\",\"potentialAction\":[{\"@type\":\"ReadAction\",\"target\":[\"https:\\\/\\\/www.ubu.de\\\/datenschutz\\\/\"]}]},{\"@type\":\"BreadcrumbList\",\"@id\":\"https:\\\/\\\/www.ubu.de\\\/datenschutz\\\/#breadcrumb\",\"itemListElement\":[{\"@type\":\"ListItem\",\"position\":1,\"name\":\"Startseite\",\"item\":\"https:\\\/\\\/www.ubu.de\\\/\"},{\"@type\":\"ListItem\",\"position\":2,\"name\":\"Datenschutz\"}]},{\"@type\":\"WebSite\",\"@id\":\"https:\\\/\\\/www.ubu.de\\\/#website\",\"url\":\"https:\\\/\\\/www.ubu.de\\\/\",\"name\":\"ubu - Arbeitsschutz f\u00fcr Hotels und Gastronomie\",\"description\":\"safety at work\",\"publisher\":{\"@id\":\"https:\\\/\\\/www.ubu.de\\\/#organization\"},\"potentialAction\":[{\"@type\":\"SearchAction\",\"target\":{\"@type\":\"EntryPoint\",\"urlTemplate\":\"https:\\\/\\\/www.ubu.de\\\/?s={search_term_string}\"},\"query-input\":{\"@type\":\"PropertyValueSpecification\",\"valueRequired\":true,\"valueName\":\"search_term_string\"}}],\"inLanguage\":\"es\"},{\"@type\":\"Organization\",\"@id\":\"https:\\\/\\\/www.ubu.de\\\/#organization\",\"name\":\"ubu - safety at work\",\"url\":\"https:\\\/\\\/www.ubu.de\\\/\",\"logo\":{\"@type\":\"ImageObject\",\"inLanguage\":\"es\",\"@id\":\"https:\\\/\\\/www.ubu.de\\\/#\\\/schema\\\/logo\\\/image\\\/\",\"url\":\"https:\\\/\\\/www.ubu.de\\\/wp-content\\\/uploads\\\/2016\\\/07\\\/ubu-elephant.png\",\"contentUrl\":\"https:\\\/\\\/www.ubu.de\\\/wp-content\\\/uploads\\\/2016\\\/07\\\/ubu-elephant.png\",\"width\":250,\"height\":250,\"caption\":\"ubu - safety at work\"},\"image\":{\"@id\":\"https:\\\/\\\/www.ubu.de\\\/#\\\/schema\\\/logo\\\/image\\\/\"}}]}<\/script>\n<!-- \/ Yoast SEO plugin. -->","yoast_head_json":{"title":"Datenschutz - ubu - Arbeitsschutz f\u00fcr Hotels und Gastronomie","robots":{"index":"index","follow":"follow","max-snippet":"max-snippet:-1","max-image-preview":"max-image-preview:large","max-video-preview":"max-video-preview:-1"},"canonical":"https:\/\/www.ubu.de\/es\/datenschutz\/","og_locale":"es_ES","og_type":"article","og_title":"Datenschutz - ubu - Arbeitsschutz f\u00fcr Hotels und Gastronomie","og_url":"https:\/\/www.ubu.de\/es\/datenschutz\/","og_site_name":"ubu - Arbeitsschutz f\u00fcr Hotels und Gastronomie","article_modified_time":"2026-03-20T13:03:48+00:00","twitter_card":"summary_large_image","twitter_misc":{"Tiempo de lectura":"1 minuto"},"schema":{"@context":"https:\/\/schema.org","@graph":[{"@type":"WebPage","@id":"https:\/\/www.ubu.de\/datenschutz\/","url":"https:\/\/www.ubu.de\/datenschutz\/","name":"Datenschutz - ubu - Arbeitsschutz f\u00fcr Hotels und Gastronomie","isPartOf":{"@id":"https:\/\/www.ubu.de\/#website"},"datePublished":"2016-08-06T10:40:35+00:00","dateModified":"2026-03-20T13:03:48+00:00","breadcrumb":{"@id":"https:\/\/www.ubu.de\/datenschutz\/#breadcrumb"},"inLanguage":"es","potentialAction":[{"@type":"ReadAction","target":["https:\/\/www.ubu.de\/datenschutz\/"]}]},{"@type":"BreadcrumbList","@id":"https:\/\/www.ubu.de\/datenschutz\/#breadcrumb","itemListElement":[{"@type":"ListItem","position":1,"name":"Startseite","item":"https:\/\/www.ubu.de\/"},{"@type":"ListItem","position":2,"name":"Datenschutz"}]},{"@type":"WebSite","@id":"https:\/\/www.ubu.de\/#website","url":"https:\/\/www.ubu.de\/","name":"ubu - Salud y seguridad en el trabajo en la hosteler\u00eda y la restauraci\u00f3n","description":"seguridad en el trabajo","publisher":{"@id":"https:\/\/www.ubu.de\/#organization"},"potentialAction":[{"@type":"SearchAction","target":{"@type":"EntryPoint","urlTemplate":"https:\/\/www.ubu.de\/?s={search_term_string}"},"query-input":{"@type":"PropertyValueSpecification","valueRequired":true,"valueName":"search_term_string"}}],"inLanguage":"es"},{"@type":"Organization","@id":"https:\/\/www.ubu.de\/#organization","name":"ubu - safety at work","url":"https:\/\/www.ubu.de\/","logo":{"@type":"ImageObject","inLanguage":"es","@id":"https:\/\/www.ubu.de\/#\/schema\/logo\/image\/","url":"https:\/\/www.ubu.de\/wp-content\/uploads\/2016\/07\/ubu-elephant.png","contentUrl":"https:\/\/www.ubu.de\/wp-content\/uploads\/2016\/07\/ubu-elephant.png","width":250,"height":250,"caption":"ubu - safety at work"},"image":{"@id":"https:\/\/www.ubu.de\/#\/schema\/logo\/image\/"}}]}},"_links":{"self":[{"href":"https:\/\/www.ubu.de\/es\/wp-json\/wp\/v2\/pages\/25955","targetHints":{"allow":["GET"]}}],"collection":[{"href":"https:\/\/www.ubu.de\/es\/wp-json\/wp\/v2\/pages"}],"about":[{"href":"https:\/\/www.ubu.de\/es\/wp-json\/wp\/v2\/types\/page"}],"author":[{"embeddable":true,"href":"https:\/\/www.ubu.de\/es\/wp-json\/wp\/v2\/users\/1"}],"replies":[{"embeddable":true,"href":"https:\/\/www.ubu.de\/es\/wp-json\/wp\/v2\/comments?post=25955"}],"version-history":[{"count":10,"href":"https:\/\/www.ubu.de\/es\/wp-json\/wp\/v2\/pages\/25955\/revisions"}],"predecessor-version":[{"id":28877,"href":"https:\/\/www.ubu.de\/es\/wp-json\/wp\/v2\/pages\/25955\/revisions\/28877"}],"wp:attachment":[{"href":"https:\/\/www.ubu.de\/es\/wp-json\/wp\/v2\/media?parent=25955"}],"curies":[{"name":"wp","href":"https:\/\/api.w.org\/{rel}","templated":true}]}}