{"id":25699,"date":"2016-07-25T17:55:11","date_gmt":"2016-07-25T15:55:11","guid":{"rendered":"http:\/\/www.ubu.de\/?page_id=25699"},"modified":"2026-03-20T14:07:28","modified_gmt":"2026-03-20T13:07:28","slug":"kunde-werden","status":"publish","type":"page","link":"https:\/\/www.ubu.de\/hr\/kunde-werden\/","title":{"rendered":"Postanite kupac"},"content":{"rendered":"<div class=\"et_pb_section_0 et_pb_section et_pb_fullwidth_section et_section_regular et_block_section\">\n<div class=\"et_pb_fullwidth_slider_0 et_pb_slider et_pb_slider_no_arrows et_pb_slider_no_pagination et_pb_module preset--module--divi-fullwidth-slider--default\"><div class=\"box-shadow-overlay\"><\/div><div class=\"et_pb_slides\">\n<div class=\"et_pb_slide_0 et_pb_slide et_pb_slider_with_overlay et_pb_media_alignment_center et_pb_bg_layout_dark et_pb_text_align_center et_pb_section_parallax\" data-slide-id=\"divi\/slide-0\"><span class=\"et-pb-parallax-wrapper\"><span class=\"et-pb-parallax-background et-pb-parallax-background-module--divi-slide-0\" style=\"background-image:url(https:\/\/www.ubu.de\/wp-content\/uploads\/2016\/07\/ubu-Arbeitsschutz-Arbeitssicherheit-Gastronomie-Restaurants-und-Hotels.jpg)\"><\/span><\/span><div class=\"et_pb_slide_overlay_container\"><\/div><div class=\"et_pb_container\"><div class=\"et_pb_slider_container_inner\"><div class=\"et_pb_slide_description\"><h2 class=\"et_pb_slide_title\">Postanite kupac<\/h2><div class=\"et_pb_slide_content\"><h3 style=\"text-align: center;\">Safety doesn't happen by accident.<\/h3>\n<\/div><\/div><\/div><\/div><\/div>\n<\/div><\/div>\n<\/div>\n\n<div class=\"et_pb_section_1 et_pb_section et_section_regular et_block_section\">\n<div class=\"et_pb_row_0 et_pb_row et_block_row\">\n<div class=\"et_pb_column_0 et_pb_column et_pb_column_4_4 et-last-child et_block_column et_pb_css_mix_blend_mode_passthrough\">\n<div class=\"et_pb_text_0 et_pb_text et_pb_bg_layout_light et_pb_module et_block_module\"><div class=\"et_pb_text_inner\"><div class=\"page\" title=\"Stranica 11\">\n<div class=\"layoutArea\">\n<div class=\"column\">\n<h1>Va\u0161a uloga<\/h1>\n<p>Kao poduzetnik odgovorni ste za za\u0161titu zdravlja i sigurnosti na radu te preventivne mjere u svojoj tvrtki. Kao poslodavac morate osigurati da se sprije\u010de opasnosti i \u0161tete po \u017eivot i zdravlje va\u0161ih zaposlenika.<\/p>\n<p><strong>Ne\u0107emo vas ostaviti same s ovim.<\/strong>.<\/p>\n<p>&nbsp;<\/p>\n<h1>Na\u0161a ponuda<\/h1>\n<p>Nudimo brzu i stru\u010dnu provedbu potrebnih mjera za\u0161tite na radu. Na\u0161e prednosti uklju\u010duju brzu prisutnost na licu mjesta, fleksibilnost u zadovoljavanju va\u0161ih individualnih potreba, profesionalnu stru\u010dnost i strukturu tro\u0161kova optimiziranu za na\u0161e klijente.<\/p>\n<p>&nbsp;<\/p>\n<h1>Sparen Sie an den Kosten - nicht an der Sicherheit<\/h1>\n<p>Obi\u010dno ste ve\u0107 obavezno osigurani putem ASD*BGN-a (slu\u017ebe za za\u0161titu na radu i zdravlje na radu BGN-a). Me\u0111utim, slobodni ste anga\u017eirati nas kao privatnog pru\u017eatelja usluga za\u0161tite na radu i zdravlja na radu, \u010dime se osloba\u0111ate \u010dlanstva u ASD*BGN-u i omogu\u0107ujete si da iskoristite na\u0161e povoljnije uvjete.<\/p>\n<p>Gestalten Sie zuk\u00fcnftig mit uns an Ihrer Seite einen\u00a0zeitgem\u00e4\u00dfen Arbeitsschutz\u00a0- denn pr\u00e4ventives betriebliches Handel ist zweifelsohne die beste Basis f\u00fcr Ihre erfolgreiche Gesch\u00e4ftst\u00e4tigkeit.<\/p>\n<\/div>\n<\/div>\n<\/div>\n<p>&nbsp;<\/p>\n<p>&nbsp;<\/p>\n<\/div><\/div>\n<\/div>\n<\/div>\n<\/div>\n\n<div class=\"et_pb_section_2 et_pb_section et_section_regular et_block_section\">\n<div class=\"et_pb_row_1 et_pb_row et_block_row\">\n<div class=\"et_pb_column_1 et_pb_column et_pb_column_4_4 et-last-child et_block_column et_pb_css_mix_blend_mode_passthrough\">\n<div class=\"et_pb_cta_0 et_pb_promo et_pb_bg_layout_light et_pb_module et_block_module\"><div class=\"et_pb_promo_description\"><h2 class=\"et_pb_module_header\">Kako promjena funkcionira<\/h2><\/div><\/div>\n<\/div>\n<\/div>\n\n<div class=\"et_pb_row_2 et_pb_row et_block_row\">\n<div class=\"et_pb_column_2 et_pb_column et_pb_column_1_4 et_block_column et_pb_css_mix_blend_mode_passthrough\">\n<div class=\"et_pb_blurb_0 et_pb_blurb et_pb_bg_layout_light et_pb_text_align_center et_pb_blurb_position_top et_pb_module et_block_module\"><div class=\"et_pb_blurb_content\"><div class=\"et_pb_main_blurb_image\"><span class=\"et_pb_image_wrap\"><span class=\"et-pb-icon\">\ue08a<\/span><\/span><\/div><div class=\"et_pb_blurb_container\"><h4 class=\"et_pb_module_header\">1. Zatra\u017eite personaliziranu ponudu<\/h4><\/div><\/div><\/div>\n<\/div>\n\n<div class=\"et_pb_column_3 et_pb_column et_pb_column_1_4 et_block_column et_pb_css_mix_blend_mode_passthrough\">\n<div class=\"et_pb_blurb_1 et_pb_blurb et_pb_bg_layout_light et_pb_text_align_center et_pb_blurb_position_top et_pb_module et_block_module\"><div class=\"et_pb_blurb_content\"><div class=\"et_pb_main_blurb_image\"><span class=\"et_pb_image_wrap\"><span class=\"et-pb-icon\">l<\/span><\/span><\/div><div class=\"et_pb_blurb_container\"><h4 class=\"et_pb_module_header\">2. Potpisati novi ugovor<\/h4><\/div><\/div><\/div>\n<\/div>\n\n<div class=\"et_pb_column_4 et_pb_column et_pb_column_1_4 et_block_column et_pb_css_mix_blend_mode_passthrough\">\n<div class=\"et_pb_blurb_2 et_pb_blurb et_pb_bg_layout_light et_pb_text_align_center et_pb_blurb_position_top et_pb_module et_block_module\"><div class=\"et_pb_blurb_content\"><div class=\"et_pb_main_blurb_image\"><span class=\"et_pb_image_wrap\"><span class=\"et-pb-icon\">+<\/span><\/span><\/div><div class=\"et_pb_blurb_container\"><h4 class=\"et_pb_module_header\">3. Mi \u0107emo se pobrinuti za promjenu ugovora<\/h4><\/div><\/div><\/div>\n<\/div>\n\n<div class=\"et_pb_column_5 et_pb_column et_pb_column_1_4 et-last-child et_block_column et_pb_css_mix_blend_mode_passthrough\">\n<div class=\"et_pb_blurb_3 et_pb_blurb et_pb_bg_layout_light et_pb_text_align_center et_pb_blurb_position_top et_pb_module et_block_module\"><div class=\"et_pb_blurb_content\"><div class=\"et_pb_main_blurb_image\"><span class=\"et_pb_image_wrap\"><span class=\"et-pb-icon\">N<\/span><\/span><\/div><div class=\"et_pb_blurb_container\"><h4 class=\"et_pb_module_header\">4. Gotovo!<\/h4><\/div><\/div><\/div>\n<\/div>\n<\/div>\n<\/div>\n\n<div class=\"et_pb_section_3 et_pb_section et_section_regular et_block_section\">\n<div class=\"et_pb_row_3 et_pb_row et_block_row\">\n<div class=\"et_pb_column_6 et_pb_column et_pb_column_4_4 et-last-child et_block_column et_pb_css_mix_blend_mode_passthrough\">\n<div class=\"et_pb_cta_1 et_pb_promo et_pb_bg_layout_light et_pb_module et_block_module\"><div class=\"et_pb_promo_description\"><h2 class=\"et_pb_module_header\">\u010cesto postavljana pitanja o prebacivanju (FAQ)<\/h2><\/div><\/div>\n\n<div class=\"et_pb_accordion_0 et_pb_accordion et_pb_module et_block_module\">\n<div class=\"et_pb_accordion_item_0 et_pb_accordion_item et_pb_toggle et_pb_module et_pb_toggle_open et_block_module\"><h5 class=\"et_pb_toggle_title\">Za\u0161to mi je potrebna za\u0161tita na radu?<\/h5><div class=\"et_pb_toggle_content\"><p>Prema zakonu, kao poduzetnik ste obvezni provoditi i osigurati za\u0161titu na radu. To tako\u0111er slu\u017ei va\u0161im ciljevima kao poduzetnika jer vam omogu\u0107uje pobolj\u0161anje i osiguranje sigurnosti i zdravlja va\u0161ih zaposlenika.<\/p>\n<\/div><\/div>\n\n<div class=\"et_pb_accordion_item_1 et_pb_accordion_item et_pb_toggle et_pb_module et_pb_toggle_close et_block_module\"><h5 class=\"et_pb_toggle_title\">Za\u0161to bih pre\u0161ao na ASD*BGN?<\/h5><div class=\"et_pb_toggle_content\"><p>Kao poduzetnik, imate pravo samostalno organizirati svoju za\u0161titu na radu (ASD). Ugovorit \u0107emo va\u0161e izuze\u0107e iz obveznog \u010dlanstva u ASD pri BGN-u (ASD*BGN) kako biste mogli iskoristiti na\u0161e povoljnije uvjete.<\/p>\n<\/div><\/div>\n\n<div class=\"et_pb_accordion_item_2 et_pb_accordion_item et_pb_toggle et_pb_module et_pb_toggle_close et_block_module\"><h5 class=\"et_pb_toggle_title\">Kada se mogu prebaciti?<\/h5><div class=\"et_pb_toggle_content\"><p>Mo\u017eete u bilo kojem trenutku tijekom godine prije\u0107i s BGN-a na nas kao pru\u017eatelja usluga za\u0161tite na radu. Obi\u010dno prelazak traje \u010detiri tjedna nakon potpisivanja ugovora.<\/p>\n<\/div><\/div>\n\n<div class=\"et_pb_accordion_item_3 et_pb_accordion_item et_pb_toggle et_pb_module et_pb_toggle_close et_block_module\"><h5 class=\"et_pb_toggle_title\">Koliko me ko\u0161ta za\u0161tita na radu na ubu?<\/h5><div class=\"et_pb_toggle_content\"><p>Na\u0161a cijena ovisi o broju zaposlenika (mjereno brojem bruto radnih sati) u va\u0161oj tvrtki. Zahvaljuju\u0107i na\u0161em bogatom iskustvu i u\u010dinkovitim radnim metodama, mo\u017eemo vam ponuditi konkurentnu ponudu. Prelazak je za vas besplatan. Slobodno nas kontaktirajte.<\/p>\n<\/div><\/div>\n\n<div class=\"et_pb_accordion_item_4 et_pb_accordion_item et_pb_toggle et_pb_module et_pb_toggle_close et_block_module\"><h5 class=\"et_pb_toggle_title\">\u0160to usluga na ubu uklju\u010duje?<\/h5><div class=\"et_pb_toggle_content\"><p>Nudimo zakonom propisanu podr\u0161ku temeljenu na potrebama u skladu s DGUV propisom 2.<\/p>\n<p>&nbsp;<\/p>\n<ul>\n<li>Inspekcije poslovnih prostorija na licu mjesta, nakon \u010dega slijedi procjena rizika (elektroni\u010dki)<\/li>\n<li>Podr\u0161ka za sigurnost i za\u0161titu zdravlja na radu<\/li>\n<li>Savjeti za trening<\/li>\n<li>Podr\u0161ka pri izradi uputa za rad, kao i registar opasnih tvari i opreme<\/li>\n<li>kontrolne liste<\/li>\n<li>ASA sastanci<\/li>\n<\/ul>\n<\/div><\/div>\n<\/div>\n<\/div>\n<\/div>\n<\/div>\n\n<div class=\"et_pb_section_4 et_pb_section et_pb_fullwidth_section et_section_regular et_block_section\">\n<section class=\"et_pb_fullwidth_header_0 et_pb_fullwidth_header et_pb_bg_layout_dark et_pb_text_align_center et_pb_module et_flex_module\"><div class=\"et_pb_fullwidth_header_container center\"><div class=\"header-content-container center\"><div class=\"header-content et_flex_module\"><div class=\"et_pb_header_button_wrapper\"><\/div><\/div><\/div><\/div><div class=\"et_pb_fullwidth_header_overlay\"><\/div><div class=\"et_pb_fullwidth_header_scroll\"><\/div><\/section>\n<\/div>\n\n<div class=\"et_pb_section_5 et_pb_section et_section_regular et_block_section\"><div class=\"et_pb_row_4 et_pb_row et_block_row\"><div class=\"et_pb_column_7 et_pb_column et_pb_column_4_4 et-last-child et_block_column et_pb_css_mix_blend_mode_passthrough\"><div class=\"et_pb_cta_2 et_pb_promo et_pb_bg_layout_light et_pb_module et_block_module\"><div class=\"et_pb_promo_description\"><h2 class=\"et_pb_module_header\">Va\u0161 upit<\/h2><\/div><\/div><\/div><\/div><div class=\"et_pb_row_5 et_pb_row et_block_row\"><div class=\"et_pb_column_8 et_pb_column et_pb_column_2_3 et_block_column et_pb_css_mix_blend_mode_passthrough\"><div class=\"et_pb_contact_form_0 et_pb_contact_form_container clearfix et_pb_module et_flex_module\" data-form_unique_num=\"0\" data-form_unique_id=\"7067d836e5cc6b8d0df5f1ee01accc26\" id=\"et_pb_contact_form_1\"><div class=\"et-pb-contact-message\"><\/div><div class=\"et_pb_contact\"><form class=\"et_pb_contact_form et_flex_module\" method=\"post\" action=\"https:\/\/www.ubu.de\/hr\/wp-json\/wp\/v2\/pages\/25699\" data-trp-original-action=\"https:\/\/www.ubu.de\/hr\/wp-json\/wp\/v2\/pages\/25699\"><div class=\"et_pb_contact_field_0 et_pb_contact_field et_pb_module et_flex_module et_flex_column_24_24 et_flex_column_24_24_tablet et_flex_column_24_24_phone\" data-id=\"name\" data-type=\"input\"><label class=\"et_pb_contact_form_label\" for=\"et_pb_contact_0_name_0\">Ime<\/label><input type=\"text\" name=\"et_pb_contact_0_name_0\" id=\"et_pb_contact_0_name_0\" class=\"input\" data-required_mark=\"required\" data-field_type=\"input\" data-original_id=\"name\" placeholder=\"Ime\" title=\"\" value=\"\" \/><\/div><div class=\"et_pb_contact_field_1 et_pb_contact_field et_pb_module et_flex_module et_flex_column_24_24 et_flex_column_24_24_tablet et_flex_column_24_24_phone\" data-id=\"unternehmen\" data-type=\"input\"><label class=\"et_pb_contact_form_label\" for=\"et_pb_contact_0_unternehmen_1\">tvrtka<\/label><input type=\"text\" name=\"et_pb_contact_0_unternehmen_1\" id=\"et_pb_contact_0_unternehmen_1\" class=\"input\" data-required_mark=\"not_required\" data-field_type=\"input\" data-original_id=\"unternehmen\" placeholder=\"tvrtka\" title=\"\" value=\"\" \/><\/div><div class=\"et_pb_contact_field_2 et_pb_contact_field et_pb_module et_flex_module et_flex_column_24_24 et_flex_column_24_24_tablet et_flex_column_24_24_phone\" data-id=\"email\" data-type=\"email\"><label class=\"et_pb_contact_form_label\" for=\"et_pb_contact_0_email_2\">adresa e-po\u0161te<\/label><input type=\"text\" name=\"et_pb_contact_0_email_2\" id=\"et_pb_contact_0_email_2\" class=\"input\" data-required_mark=\"required\" data-field_type=\"email\" data-original_id=\"email\" placeholder=\"adresa e-po\u0161te\" title=\"\" value=\"\" \/><\/div><div class=\"et_pb_contact_field_3 et_pb_contact_field et_pb_module et_flex_module et_flex_column_24_24 et_flex_column_24_24_tablet et_flex_column_24_24_phone\" data-id=\"message\" data-type=\"text\"><label class=\"et_pb_contact_form_label\" for=\"et_pb_contact_0_message_3\">poruka<\/label><textarea name=\"et_pb_contact_0_message_3\" id=\"et_pb_contact_0_message_3\" class=\"et_pb_contact_message input\" data-required_mark=\"required\" data-field_type=\"text\" data-original_id=\"message\" placeholder=\"poruka\"><\/textarea><\/div><div class=\"et_pb_contact_field_4 et_pb_contact_field et_pb_module et_flex_module et_flex_column_24_24 et_flex_column_24_24_tablet et_flex_column_24_24_phone\" data-id=\"bruttoarbeitsstunden\" data-type=\"input\"><label class=\"et_pb_contact_form_label\" for=\"et_pb_contact_0_bruttoarbeitsstunden_4\">Bruto radno vrijeme za proteklu godinu (po \u017eelji)<\/label><input type=\"text\" name=\"et_pb_contact_0_bruttoarbeitsstunden_4\" id=\"et_pb_contact_0_bruttoarbeitsstunden_4\" class=\"input\" data-required_mark=\"not_required\" data-field_type=\"input\" data-original_id=\"bruttoarbeitsstunden\" placeholder=\"Bruto radno vrijeme za proteklu godinu (po \u017eelji)\" title=\"\" value=\"\" \/><\/div><div class=\"et_pb_contact_field_5 et_pb_contact_field et_pb_module et_flex_module et_flex_column_24_24 et_flex_column_24_24_tablet et_flex_column_24_24_phone\" data-id=\"datenschutz\" data-type=\"checkbox\"><label class=\"et_pb_contact_form_label\">Za\u0161tita podataka (GDPR)<\/label><input type=\"hidden\" name=\"et_pb_contact_0_datenschutz_5\" class=\"et_pb_checkbox_handle\" data-required_mark=\"required\" data-field_type=\"checkbox\" data-original_id=\"datenschutz\" \/><span class=\"et_pb_contact_field_options_wrapper et_pb_field_module_checkbox\"><span class=\"et_pb_contact_field_options_title\">Za\u0161tita podataka (GDPR)<\/span><span class=\"et_pb_contact_field_options_list\"><span class=\"et_pb_contact_field_checkbox\"><input type=\"checkbox\" id=\"et_pb_contact_0_datenschutz_5_0\" class=\"input\" value=\"Ich stimme zu, dass meine Angaben aus dem Kontaktformular zur Beantwortung meiner Anfrage erhoben und verarbeitet werden. Die Daten werden nach abgeschlossener Bearbeitung Ihrer Anfrage gel\u00f6scht. \u2028Hinweis: Sie k\u00f6nnen Ihre Einwilligung jederzeit f\u00fcr die Zukunft per E-Mail an datenschutz@ubu.de widerrufen.\" data-required_mark=\"required\" data-field_type=\"checkbox\" data-original_id=\"datenschutz\" \/><label for=\"et_pb_contact_0_datenschutz_5_0\"><i><\/i>Sla\u017eem se da \u0107e moji podaci iz kontaktnog obrasca biti prikupljeni i obra\u0111eni kako bi se odgovorilo na moj upit. Podaci \u0107e biti izbrisani nakon \u0161to va\u0161 upit bude obra\u0111en. \nNapomena: Svoju privolu mo\u017eete u bilo kojem trenutku opozvati za budu\u0107nost slanjem e-po\u0161te na datenschutz@ubu.de.<\/label><\/span><\/span><\/span><\/div><input type=\"hidden\" name=\"et_pb_contactform_submit_7067d836e5cc6b8d0df5f1ee01accc26\" value=\"et_contact_proccess\" \/><div class=\"et_contact_bottom_container\"><div class=\"et_pb_contact_right et_pb_contact_field\"><p class=\"clearfix\"><label><span class=\"et_pb_contact_captcha_question\">1 + 4<\/span> = <input type=\"text\" size=\"2\" class=\"input et_pb_contact_captcha\" data-first_digit=\"1\" data-second_digit=\"4\" data-required_mark=\"required\" name=\"et_pb_contact_captcha_7067d836e5cc6b8d0df5f1ee01accc26\" autocomplete=\"off\" \/><\/label><\/p><\/div><div class=\"et_pb_button_wrapper\"><button type=\"submit\" name=\"et_builder_submit_button\" class=\"et_pb_button et_pb_contact_submit\">Submit<\/button><\/div><\/div><input type=\"hidden\" id=\"_wpnonce-et-pb-contact-form-submitted-7067d836e5cc6b8d0df5f1ee01accc26\" name=\"_wpnonce-et-pb-contact-form-submitted-7067d836e5cc6b8d0df5f1ee01accc26\" value=\"91542e67bd\" \/><input type=\"hidden\" name=\"_wp_http_referer\" value=\"\/hr\/wp-json\/wp\/v2\/pages\/25699\" \/><input type=\"hidden\" name=\"trp-form-language\" value=\"hr\"\/><\/form><\/div><\/div><div class=\"et_pb_text_1 et_pb_text et_pb_bg_layout_light et_pb_module et_block_module\"><div class=\"et_pb_text_inner\"><p>Detaljne informacije o tome kako postupamo s korisni\u010dkim podacima mo\u017eete prona\u0107i u na\u0161im <strong><a href=\"https:\/\/www.ubu.de\/hr\/datenschutz\/\">Pravila o privatnosti<\/a><\/strong>.<\/p>\n<\/div><\/div><\/div><div class=\"et_pb_column_9 et_pb_column et_pb_column_1_3 et-last-child et_block_column et_pb_css_mix_blend_mode_passthrough\"><div class=\"et_pb_text_2 et_pb_text et_pb_bg_layout_light et_pb_module et_block_module\"><div class=\"et_pb_text_inner\"><p>Drago nam je \u0161to ste zainteresirani za na\u0161e usluge. Molimo vas da za tu svrhu upotrijebite na\u0161 kontaktni obrazac.<\/p>\n<p>Na va\u0161 zahtjev potom \u0107emo vam poslati neobvezuju\u0107u ponudu.<\/p>\n<p>Alternativno, slobodno nas mo\u017eete kontaktirati telefonom.<\/p>\n<p><strong>Telefon:\u00a0<\/strong><a href=\"tel:\u202d+4951482650350\u202c\">\u00a0+49 5148 26 50 350<\/a><\/p>\n<\/div><\/div><div class=\"et_pb_image_0 et_pb_image et_animated et_pb_module et_block_module preset--module--divi-image--default\"><a href=\"https:\/\/www.ubu.de\/wp-content\/uploads\/ubu-safety-at-work-Arbeitsschutz.vcf\"><span class=\"et_pb_image_wrap\"><img loading=\"lazy\" decoding=\"async\" src=\"https:\/\/www.ubu.de\/wp-content\/uploads\/2016\/07\/ubu-Arbeitsschutz-digitale-Visitenkarte.png\" width=\"200\" height=\"200\" srcset=\"https:\/\/www.ubu.de\/wp-content\/uploads\/2016\/07\/ubu-Arbeitsschutz-digitale-Visitenkarte.png 200w, https:\/\/www.ubu.de\/wp-content\/uploads\/2016\/07\/ubu-Arbeitsschutz-digitale-Visitenkarte-150x150.png 150w\" sizes=\"(max-width: 200px) 100vw, 200px\" class=\"wp-image-26198\" \/><\/span><\/a><\/div><\/div><\/div><\/div>","protected":false},"excerpt":{"rendered":"","protected":false},"author":1,"featured_media":0,"parent":0,"menu_order":0,"comment_status":"closed","ping_status":"closed","template":"","meta":{"_acf_changed":false,"inline_featured_image":false,"footnotes":""},"class_list":["post-25699","page","type-page","status-publish","hentry"],"acf":[],"yoast_head":"<!-- This site is optimized with the Yoast SEO plugin v27.4 - https:\/\/yoast.com\/product\/yoast-seo-wordpress\/ -->\n<title>Kunde werden - ubu - Arbeitsschutz f\u00fcr Hotels und Gastronomie<\/title>\n<meta name=\"robots\" content=\"index, follow, max-snippet:-1, max-image-preview:large, max-video-preview:-1\" \/>\n<link rel=\"canonical\" href=\"https:\/\/www.ubu.de\/hr\/kunde-werden\/\" \/>\n<meta property=\"og:locale\" content=\"hr_HR\" \/>\n<meta property=\"og:type\" content=\"article\" \/>\n<meta property=\"og:title\" content=\"Kunde werden - ubu - Arbeitsschutz f\u00fcr Hotels und Gastronomie\" \/>\n<meta property=\"og:url\" content=\"https:\/\/www.ubu.de\/hr\/kunde-werden\/\" \/>\n<meta property=\"og:site_name\" content=\"ubu - Arbeitsschutz f\u00fcr Hotels und Gastronomie\" \/>\n<meta property=\"article:modified_time\" content=\"2026-03-20T13:07:28+00:00\" \/>\n<meta name=\"twitter:card\" content=\"summary_large_image\" \/>\n<script type=\"application\/ld+json\" class=\"yoast-schema-graph\">{\"@context\":\"https:\\\/\\\/schema.org\",\"@graph\":[{\"@type\":\"WebPage\",\"@id\":\"https:\\\/\\\/www.ubu.de\\\/kunde-werden\\\/\",\"url\":\"https:\\\/\\\/www.ubu.de\\\/kunde-werden\\\/\",\"name\":\"Kunde werden - ubu - Arbeitsschutz f\u00fcr Hotels und Gastronomie\",\"isPartOf\":{\"@id\":\"https:\\\/\\\/www.ubu.de\\\/#website\"},\"datePublished\":\"2016-07-25T15:55:11+00:00\",\"dateModified\":\"2026-03-20T13:07:28+00:00\",\"breadcrumb\":{\"@id\":\"https:\\\/\\\/www.ubu.de\\\/kunde-werden\\\/#breadcrumb\"},\"inLanguage\":\"hr\",\"potentialAction\":[{\"@type\":\"ReadAction\",\"target\":[\"https:\\\/\\\/www.ubu.de\\\/kunde-werden\\\/\"]}]},{\"@type\":\"BreadcrumbList\",\"@id\":\"https:\\\/\\\/www.ubu.de\\\/kunde-werden\\\/#breadcrumb\",\"itemListElement\":[{\"@type\":\"ListItem\",\"position\":1,\"name\":\"Startseite\",\"item\":\"https:\\\/\\\/www.ubu.de\\\/\"},{\"@type\":\"ListItem\",\"position\":2,\"name\":\"Kunde werden\"}]},{\"@type\":\"WebSite\",\"@id\":\"https:\\\/\\\/www.ubu.de\\\/#website\",\"url\":\"https:\\\/\\\/www.ubu.de\\\/\",\"name\":\"ubu - Arbeitsschutz f\u00fcr Hotels und Gastronomie\",\"description\":\"safety at work\",\"publisher\":{\"@id\":\"https:\\\/\\\/www.ubu.de\\\/#organization\"},\"potentialAction\":[{\"@type\":\"SearchAction\",\"target\":{\"@type\":\"EntryPoint\",\"urlTemplate\":\"https:\\\/\\\/www.ubu.de\\\/?s={search_term_string}\"},\"query-input\":{\"@type\":\"PropertyValueSpecification\",\"valueRequired\":true,\"valueName\":\"search_term_string\"}}],\"inLanguage\":\"hr\"},{\"@type\":\"Organization\",\"@id\":\"https:\\\/\\\/www.ubu.de\\\/#organization\",\"name\":\"ubu - safety at work\",\"url\":\"https:\\\/\\\/www.ubu.de\\\/\",\"logo\":{\"@type\":\"ImageObject\",\"inLanguage\":\"hr\",\"@id\":\"https:\\\/\\\/www.ubu.de\\\/#\\\/schema\\\/logo\\\/image\\\/\",\"url\":\"https:\\\/\\\/www.ubu.de\\\/wp-content\\\/uploads\\\/2016\\\/07\\\/ubu-elephant.png\",\"contentUrl\":\"https:\\\/\\\/www.ubu.de\\\/wp-content\\\/uploads\\\/2016\\\/07\\\/ubu-elephant.png\",\"width\":250,\"height\":250,\"caption\":\"ubu - safety at work\"},\"image\":{\"@id\":\"https:\\\/\\\/www.ubu.de\\\/#\\\/schema\\\/logo\\\/image\\\/\"}}]}<\/script>\n<!-- \/ Yoast SEO plugin. -->","yoast_head_json":{"title":"Kunde werden - ubu - Arbeitsschutz f\u00fcr Hotels und Gastronomie","robots":{"index":"index","follow":"follow","max-snippet":"max-snippet:-1","max-image-preview":"max-image-preview:large","max-video-preview":"max-video-preview:-1"},"canonical":"https:\/\/www.ubu.de\/hr\/kunde-werden\/","og_locale":"hr_HR","og_type":"article","og_title":"Kunde werden - ubu - Arbeitsschutz f\u00fcr Hotels und Gastronomie","og_url":"https:\/\/www.ubu.de\/hr\/kunde-werden\/","og_site_name":"ubu - Arbeitsschutz f\u00fcr Hotels und Gastronomie","article_modified_time":"2026-03-20T13:07:28+00:00","twitter_card":"summary_large_image","schema":{"@context":"https:\/\/schema.org","@graph":[{"@type":"WebPage","@id":"https:\/\/www.ubu.de\/kunde-werden\/","url":"https:\/\/www.ubu.de\/kunde-werden\/","name":"Kunde werden - ubu - Arbeitsschutz f\u00fcr Hotels und Gastronomie","isPartOf":{"@id":"https:\/\/www.ubu.de\/#website"},"datePublished":"2016-07-25T15:55:11+00:00","dateModified":"2026-03-20T13:07:28+00:00","breadcrumb":{"@id":"https:\/\/www.ubu.de\/kunde-werden\/#breadcrumb"},"inLanguage":"hr","potentialAction":[{"@type":"ReadAction","target":["https:\/\/www.ubu.de\/kunde-werden\/"]}]},{"@type":"BreadcrumbList","@id":"https:\/\/www.ubu.de\/kunde-werden\/#breadcrumb","itemListElement":[{"@type":"ListItem","position":1,"name":"Startseite","item":"https:\/\/www.ubu.de\/"},{"@type":"ListItem","position":2,"name":"Kunde werden"}]},{"@type":"WebSite","@id":"https:\/\/www.ubu.de\/#website","url":"https:\/\/www.ubu.de\/","name":"ubu - Arbeitsschutz f\u00fcr Hotels und Gastronomie","description":"sigurnost na radu","publisher":{"@id":"https:\/\/www.ubu.de\/#organization"},"potentialAction":[{"@type":"SearchAction","target":{"@type":"EntryPoint","urlTemplate":"https:\/\/www.ubu.de\/?s={search_term_string}"},"query-input":{"@type":"PropertyValueSpecification","valueRequired":true,"valueName":"search_term_string"}}],"inLanguage":"hr"},{"@type":"Organization","@id":"https:\/\/www.ubu.de\/#organization","name":"ubu - safety at work","url":"https:\/\/www.ubu.de\/","logo":{"@type":"ImageObject","inLanguage":"hr","@id":"https:\/\/www.ubu.de\/#\/schema\/logo\/image\/","url":"https:\/\/www.ubu.de\/wp-content\/uploads\/2016\/07\/ubu-elephant.png","contentUrl":"https:\/\/www.ubu.de\/wp-content\/uploads\/2016\/07\/ubu-elephant.png","width":250,"height":250,"caption":"ubu - safety at work"},"image":{"@id":"https:\/\/www.ubu.de\/#\/schema\/logo\/image\/"}}]}},"_links":{"self":[{"href":"https:\/\/www.ubu.de\/hr\/wp-json\/wp\/v2\/pages\/25699","targetHints":{"allow":["GET"]}}],"collection":[{"href":"https:\/\/www.ubu.de\/hr\/wp-json\/wp\/v2\/pages"}],"about":[{"href":"https:\/\/www.ubu.de\/hr\/wp-json\/wp\/v2\/types\/page"}],"author":[{"embeddable":true,"href":"https:\/\/www.ubu.de\/hr\/wp-json\/wp\/v2\/users\/1"}],"replies":[{"embeddable":true,"href":"https:\/\/www.ubu.de\/hr\/wp-json\/wp\/v2\/comments?post=25699"}],"version-history":[{"count":10,"href":"https:\/\/www.ubu.de\/hr\/wp-json\/wp\/v2\/pages\/25699\/revisions"}],"predecessor-version":[{"id":28962,"href":"https:\/\/www.ubu.de\/hr\/wp-json\/wp\/v2\/pages\/25699\/revisions\/28962"}],"wp:attachment":[{"href":"https:\/\/www.ubu.de\/hr\/wp-json\/wp\/v2\/media?parent=25699"}],"curies":[{"name":"wp","href":"https:\/\/api.w.org\/{rel}","templated":true}]}}