{"id":25701,"date":"2016-07-25T17:55:51","date_gmt":"2016-07-25T15:55:51","guid":{"rendered":"http:\/\/www.ubu.de\/?page_id=25701"},"modified":"2026-03-20T14:03:44","modified_gmt":"2026-03-20T13:03:44","slug":"arbeitsschutz","status":"publish","type":"page","link":"https:\/\/www.ubu.de\/hr\/arbeitsschutz\/","title":{"rendered":"sigurnost na radu"},"content":{"rendered":"<div class=\"et_pb_section_0 et_pb_section et_pb_fullwidth_section et_section_regular et_block_section\"><div class=\"et_pb_fullwidth_slider_0 et_pb_slider et_pb_slider_no_arrows et_pb_slider_no_pagination et_pb_module preset--module--divi-fullwidth-slider--default\"><div class=\"et_pb_slides\"><div class=\"et_pb_slide_0 et_pb_slide et_pb_slider_with_overlay et_pb_media_alignment_center et_pb_bg_layout_dark et_pb_text_align_center\" data-slide-id=\"divi\/slide-0\"><div class=\"et_pb_slide_overlay_container\"><\/div><div class=\"et_pb_container\"><div class=\"et_pb_slider_container_inner\"><div class=\"et_pb_slide_description\"><h2 class=\"et_pb_slide_title\">sigurnost na radu<\/h2><div class=\"et_pb_slide_content\"><\/div><\/div><\/div><\/div><\/div><\/div><\/div><\/div><div class=\"et_pb_section_1 et_pb_section et_section_regular et_block_section\"><div class=\"et_pb_row_0 et_pb_row et_block_row\"><div class=\"et_pb_column_0 et_pb_column et_pb_column_4_4 et-last-child et_block_column et_pb_css_mix_blend_mode_passthrough\"><div class=\"et_pb_cta_0 et_pb_promo et_pb_bg_layout_light et_pb_module et_block_module\"><div class=\"et_pb_promo_description\"><div class=\"et_pb_promo_content\"><p>Kao poduzetnik, obvezni ste provesti zakonske zahtjeve za za\u0161titu na radu u svojoj tvrtki.<\/p>\n<p>Berufsgenossenschaften wie die BGN (Berufsgenossenschaft f\u00fcr Nahrungsmittel und Gastgewerbe) verpflichten Sie zu einer Mitgliedschaft - falls Sie den Arbeitsschutz nicht nachweisbar selbst organisiert haben.<\/p>\n<p>Sve ve\u0107a slo\u017eenost razli\u010ditih zahtjeva predstavlja vam, kao poduzetniku, dodatni izazov u uspostavljanju organizacije za za\u0161titu na radu.<\/p>\n<p>Kao vanjski pru\u017eatelj usluga za\u0161tite na radu, mi u ubu-u vam nudimo savjete i podr\u0161ku u svim pitanjima vezanim uz za\u0161titu na radu i za\u0161titu zdravlja na radu. Bez da to pretvaramo u raketnu znanost.<\/p>\n<p>S nama \u0107ete ispuniti sve zakonske zahtjeve kako biste vi \u2013 i va\u0161i zaposlenici \u2013 mogli biti sigurni.<\/p>\n<p>&nbsp;<\/p>\n<\/div><\/div><\/div><\/div><\/div><\/div><div class=\"et_pb_section_3 et_pb_section et_section_regular et_block_section\"><div class=\"et_pb_row_1 et_pb_row et_block_row\"><div class=\"et_pb_column_3 et_pb_column et_pb_column_4_4 et-last-child et_block_column et_pb_css_mix_blend_mode_passthrough\"><div class=\"et_pb_image_0 et_pb_image et_pb_module et_block_module preset--module--divi-image--default\"><span class=\"et_pb_image_wrap\"><img loading=\"lazy\" decoding=\"async\" src=\"https:\/\/www.ubu.de\/wp-content\/uploads\/2016\/07\/ubu-Arbeitssicherheit-Arbeitsschutz-Collage.jpg\" width=\"1080\" height=\"570\" srcset=\"https:\/\/www.ubu.de\/wp-content\/uploads\/2016\/07\/ubu-Arbeitssicherheit-Arbeitsschutz-Collage.jpg 1080w, https:\/\/www.ubu.de\/wp-content\/uploads\/2016\/07\/ubu-Arbeitssicherheit-Arbeitsschutz-Collage-300x158.jpg 300w, https:\/\/www.ubu.de\/wp-content\/uploads\/2016\/07\/ubu-Arbeitssicherheit-Arbeitsschutz-Collage-768x405.jpg 768w, https:\/\/www.ubu.de\/wp-content\/uploads\/2016\/07\/ubu-Arbeitssicherheit-Arbeitsschutz-Collage-1024x540.jpg 1024w\" sizes=\"(max-width: 1080px) 100vw, 1080px\" class=\"wp-image-26225\" alt=\"ubu - Arbeitssicherheit Arbeitsschutz Betriebsmedizin Collage\" \/><\/span><\/div><\/div><\/div><\/div><div class=\"et_pb_section_4 et_pb_section et_section_regular et_block_section\"><div class=\"et_pb_row_2 et_pb_row et_block_row\"><div class=\"et_pb_column_4 et_pb_column et_pb_column_4_4 et-last-child et_block_column et_pb_css_mix_blend_mode_passthrough\"><div class=\"et_pb_text_0 et_pb_text et_pb_bg_layout_light et_pb_module et_block_module\"><div class=\"et_pb_text_inner\"><h2 style=\"text-align: center;\">Na\u0161e usluge na prvi pogled<\/h2>\n<\/div><\/div><div class=\"et_pb_cta_5 et_pb_promo et_pb_bg_layout_light et_pb_module et_block_module\"><div class=\"et_pb_promo_description\"><div class=\"et_pb_promo_content\"><ul>\n<li>Informacije o zakonskim zahtjevima u skladu s <strong><a href=\"http:\/\/www.dguv.de\/de\/praevention\/vorschriften_regeln\/dguv-vorschrift_2\/index.jsp\">DGUV Propis 2<\/a><\/strong><\/li>\n<li>Podr\u0161ka pri uspostavljanju va\u0161e organizacije za za\u0161titu na radu<\/li>\n<li>pregledi lokacije<\/li>\n<li>Procjene rizika za pojedina\u010dna radna podru\u010dja va\u0161eg poslovanja<\/li>\n<li>Savjeti o ergonomskom dizajnu radnih mjesta<\/li>\n<li>Pregled i savjetovanje o osobnoj za\u0161titnoj opremi (OZO) u smislu za\u0161tite na radu<\/li>\n<li>Planiranje mjera za\u0161tite na radu<\/li>\n<li>Savjeti o sigurnosnim uputama<\/li>\n<li>Sudjelovanje na sastancima odbora za za\u0161titu na radu (ASA)<\/li>\n<li>Podr\u0161ka pri izradi uputa za rad, kao i registar opasnih tvari i opreme<\/li>\n<\/ul>\n<\/div><\/div><\/div><div class=\"et_pb_cta_6 et_pb_promo et_pb_bg_layout_light et_pb_module et_block_module\"><div class=\"et_pb_promo_description\"><div class=\"et_pb_promo_content\"><p>Koordinirat \u0107emo s vama vrijeme raspore\u0111ivanja na licu mjesta. Primit \u0107ete informacije i kontrolne liste prilago\u0111ene va\u0161em poslovanju.<\/p>\n<p>Uz nas uz sebe mo\u017eete svoje obveze iz za\u0161tite na radu provoditi na planiran, sustavan, kontroliran i pobolj\u0161an na\u010din kako biste sprije\u010dili nesre\u0107e i bolesti povezane s radom. Poma\u017eemo vam identificirati, procijeniti i ukloniti zdravstvene rizike za va\u0161e zaposlenike. Trajno.<\/p>\n<\/div><\/div><\/div><\/div><\/div><\/div><div class=\"et_pb_section_5 et_pb_section et_pb_fullwidth_section et_section_regular et_block_section\"><div class=\"et_pb_fullwidth_slider_1 et_pb_slider et_pb_slider_no_arrows et_pb_slider_no_pagination et_pb_module preset--module--divi-fullwidth-slider--default\"><div class=\"et_pb_slides\"><div class=\"et_pb_slide_1 et_pb_slide et_pb_slider_with_overlay et_pb_media_alignment_center et_pb_bg_layout_dark et_pb_text_align_center et_pb_section_parallax\" data-slide-id=\"divi\/slide-1\"><span class=\"et-pb-parallax-wrapper\"><span class=\"et-pb-parallax-background et-pb-parallax-background-module--divi-slide-1\" style=\"background-image:url(https:\/\/www.ubu.de\/wp-content\/uploads\/2016\/07\/ubu-Arbeitsschutz-Arbeitssicherheit-Gastronomie-Restaurants-und-Hotels.jpg)\"><\/span><\/span><div class=\"et_pb_slide_overlay_container\"><\/div><div class=\"et_pb_container\"><div class=\"et_pb_slider_container_inner\"><div class=\"et_pb_slide_description\"><h2 class=\"et_pb_slide_title\"><\/h2><div class=\"et_pb_slide_content\"><h3 style=\"text-align: center;\"><\/h3>\n<\/div><div class=\"et_pb_button_wrapper\"><a class=\"et_pb_button et_pb_more_button\" href=\"\/hr\/kunde-werden\/\">Postati kupac je jednostavno!<\/a><\/div><\/div><\/div><\/div><\/div><\/div><\/div><\/div>","protected":false},"excerpt":{"rendered":"","protected":false},"author":1,"featured_media":0,"parent":0,"menu_order":0,"comment_status":"closed","ping_status":"closed","template":"","meta":{"_acf_changed":false,"inline_featured_image":false,"footnotes":""},"class_list":["post-25701","page","type-page","status-publish","hentry"],"acf":[],"yoast_head":"<!-- This site is optimized with the Yoast SEO plugin v27.4 - https:\/\/yoast.com\/product\/yoast-seo-wordpress\/ -->\n<title>Arbeitsschutz - ubu - Arbeitsschutz f\u00fcr Hotels und Gastronomie<\/title>\n<meta name=\"description\" content=\"Wir helfen Ihnen bei der Umsetzung der gesetzlichen Anforderungen zum Arbeitsschutz (DGUV-Vorschrift 2). ubu als Alternative zur BGN Pflichtversicherung.\" \/>\n<meta name=\"robots\" content=\"index, follow, max-snippet:-1, max-image-preview:large, max-video-preview:-1\" \/>\n<link rel=\"canonical\" href=\"https:\/\/www.ubu.de\/hr\/arbeitsschutz\/\" \/>\n<meta property=\"og:locale\" content=\"hr_HR\" \/>\n<meta property=\"og:type\" content=\"article\" \/>\n<meta property=\"og:title\" content=\"Arbeitsschutz - ubu - Arbeitsschutz f\u00fcr Hotels und Gastronomie\" \/>\n<meta property=\"og:description\" content=\"Wir helfen Ihnen bei der Umsetzung der gesetzlichen Anforderungen zum Arbeitsschutz (DGUV-Vorschrift 2). ubu als Alternative zur BGN Pflichtversicherung.\" \/>\n<meta property=\"og:url\" content=\"https:\/\/www.ubu.de\/hr\/arbeitsschutz\/\" \/>\n<meta property=\"og:site_name\" content=\"ubu - Arbeitsschutz f\u00fcr Hotels und Gastronomie\" \/>\n<meta property=\"article:modified_time\" content=\"2026-03-20T13:03:44+00:00\" \/>\n<meta name=\"twitter:card\" content=\"summary_large_image\" \/>\n<script type=\"application\/ld+json\" class=\"yoast-schema-graph\">{\"@context\":\"https:\\\/\\\/schema.org\",\"@graph\":[{\"@type\":\"WebPage\",\"@id\":\"https:\\\/\\\/www.ubu.de\\\/arbeitsschutz\\\/\",\"url\":\"https:\\\/\\\/www.ubu.de\\\/arbeitsschutz\\\/\",\"name\":\"Arbeitsschutz - ubu - Arbeitsschutz f\u00fcr Hotels und Gastronomie\",\"isPartOf\":{\"@id\":\"https:\\\/\\\/www.ubu.de\\\/#website\"},\"datePublished\":\"2016-07-25T15:55:51+00:00\",\"dateModified\":\"2026-03-20T13:03:44+00:00\",\"description\":\"Wir helfen Ihnen bei der Umsetzung der gesetzlichen Anforderungen zum Arbeitsschutz (DGUV-Vorschrift 2). ubu als Alternative zur BGN Pflichtversicherung.\",\"breadcrumb\":{\"@id\":\"https:\\\/\\\/www.ubu.de\\\/arbeitsschutz\\\/#breadcrumb\"},\"inLanguage\":\"hr\",\"potentialAction\":[{\"@type\":\"ReadAction\",\"target\":[\"https:\\\/\\\/www.ubu.de\\\/arbeitsschutz\\\/\"]}]},{\"@type\":\"BreadcrumbList\",\"@id\":\"https:\\\/\\\/www.ubu.de\\\/arbeitsschutz\\\/#breadcrumb\",\"itemListElement\":[{\"@type\":\"ListItem\",\"position\":1,\"name\":\"Startseite\",\"item\":\"https:\\\/\\\/www.ubu.de\\\/\"},{\"@type\":\"ListItem\",\"position\":2,\"name\":\"Arbeitsschutz\"}]},{\"@type\":\"WebSite\",\"@id\":\"https:\\\/\\\/www.ubu.de\\\/#website\",\"url\":\"https:\\\/\\\/www.ubu.de\\\/\",\"name\":\"ubu - Arbeitsschutz f\u00fcr Hotels und Gastronomie\",\"description\":\"safety at work\",\"publisher\":{\"@id\":\"https:\\\/\\\/www.ubu.de\\\/#organization\"},\"potentialAction\":[{\"@type\":\"SearchAction\",\"target\":{\"@type\":\"EntryPoint\",\"urlTemplate\":\"https:\\\/\\\/www.ubu.de\\\/?s={search_term_string}\"},\"query-input\":{\"@type\":\"PropertyValueSpecification\",\"valueRequired\":true,\"valueName\":\"search_term_string\"}}],\"inLanguage\":\"hr\"},{\"@type\":\"Organization\",\"@id\":\"https:\\\/\\\/www.ubu.de\\\/#organization\",\"name\":\"ubu - safety at work\",\"url\":\"https:\\\/\\\/www.ubu.de\\\/\",\"logo\":{\"@type\":\"ImageObject\",\"inLanguage\":\"hr\",\"@id\":\"https:\\\/\\\/www.ubu.de\\\/#\\\/schema\\\/logo\\\/image\\\/\",\"url\":\"https:\\\/\\\/www.ubu.de\\\/wp-content\\\/uploads\\\/2016\\\/07\\\/ubu-elephant.png\",\"contentUrl\":\"https:\\\/\\\/www.ubu.de\\\/wp-content\\\/uploads\\\/2016\\\/07\\\/ubu-elephant.png\",\"width\":250,\"height\":250,\"caption\":\"ubu - safety at work\"},\"image\":{\"@id\":\"https:\\\/\\\/www.ubu.de\\\/#\\\/schema\\\/logo\\\/image\\\/\"}}]}<\/script>\n<!-- \/ Yoast SEO plugin. -->","yoast_head_json":{"title":"Arbeitsschutz - ubu - Arbeitsschutz f\u00fcr Hotels und Gastronomie","description":"Wir helfen Ihnen bei der Umsetzung der gesetzlichen Anforderungen zum Arbeitsschutz (DGUV-Vorschrift 2). ubu als Alternative zur BGN Pflichtversicherung.","robots":{"index":"index","follow":"follow","max-snippet":"max-snippet:-1","max-image-preview":"max-image-preview:large","max-video-preview":"max-video-preview:-1"},"canonical":"https:\/\/www.ubu.de\/hr\/arbeitsschutz\/","og_locale":"hr_HR","og_type":"article","og_title":"Arbeitsschutz - ubu - Arbeitsschutz f\u00fcr Hotels und Gastronomie","og_description":"Wir helfen Ihnen bei der Umsetzung der gesetzlichen Anforderungen zum Arbeitsschutz (DGUV-Vorschrift 2). ubu als Alternative zur BGN Pflichtversicherung.","og_url":"https:\/\/www.ubu.de\/hr\/arbeitsschutz\/","og_site_name":"ubu - Arbeitsschutz f\u00fcr Hotels und Gastronomie","article_modified_time":"2026-03-20T13:03:44+00:00","twitter_card":"summary_large_image","schema":{"@context":"https:\/\/schema.org","@graph":[{"@type":"WebPage","@id":"https:\/\/www.ubu.de\/arbeitsschutz\/","url":"https:\/\/www.ubu.de\/arbeitsschutz\/","name":"Arbeitsschutz - ubu - Arbeitsschutz f\u00fcr Hotels und Gastronomie","isPartOf":{"@id":"https:\/\/www.ubu.de\/#website"},"datePublished":"2016-07-25T15:55:51+00:00","dateModified":"2026-03-20T13:03:44+00:00","description":"Wir helfen Ihnen bei der Umsetzung der gesetzlichen Anforderungen zum Arbeitsschutz (DGUV-Vorschrift 2). ubu als Alternative zur BGN Pflichtversicherung.","breadcrumb":{"@id":"https:\/\/www.ubu.de\/arbeitsschutz\/#breadcrumb"},"inLanguage":"hr","potentialAction":[{"@type":"ReadAction","target":["https:\/\/www.ubu.de\/arbeitsschutz\/"]}]},{"@type":"BreadcrumbList","@id":"https:\/\/www.ubu.de\/arbeitsschutz\/#breadcrumb","itemListElement":[{"@type":"ListItem","position":1,"name":"Startseite","item":"https:\/\/www.ubu.de\/"},{"@type":"ListItem","position":2,"name":"Arbeitsschutz"}]},{"@type":"WebSite","@id":"https:\/\/www.ubu.de\/#website","url":"https:\/\/www.ubu.de\/","name":"ubu - Arbeitsschutz f\u00fcr Hotels und Gastronomie","description":"sigurnost na radu","publisher":{"@id":"https:\/\/www.ubu.de\/#organization"},"potentialAction":[{"@type":"SearchAction","target":{"@type":"EntryPoint","urlTemplate":"https:\/\/www.ubu.de\/?s={search_term_string}"},"query-input":{"@type":"PropertyValueSpecification","valueRequired":true,"valueName":"search_term_string"}}],"inLanguage":"hr"},{"@type":"Organization","@id":"https:\/\/www.ubu.de\/#organization","name":"ubu - safety at work","url":"https:\/\/www.ubu.de\/","logo":{"@type":"ImageObject","inLanguage":"hr","@id":"https:\/\/www.ubu.de\/#\/schema\/logo\/image\/","url":"https:\/\/www.ubu.de\/wp-content\/uploads\/2016\/07\/ubu-elephant.png","contentUrl":"https:\/\/www.ubu.de\/wp-content\/uploads\/2016\/07\/ubu-elephant.png","width":250,"height":250,"caption":"ubu - safety at work"},"image":{"@id":"https:\/\/www.ubu.de\/#\/schema\/logo\/image\/"}}]}},"_links":{"self":[{"href":"https:\/\/www.ubu.de\/hr\/wp-json\/wp\/v2\/pages\/25701","targetHints":{"allow":["GET"]}}],"collection":[{"href":"https:\/\/www.ubu.de\/hr\/wp-json\/wp\/v2\/pages"}],"about":[{"href":"https:\/\/www.ubu.de\/hr\/wp-json\/wp\/v2\/types\/page"}],"author":[{"embeddable":true,"href":"https:\/\/www.ubu.de\/hr\/wp-json\/wp\/v2\/users\/1"}],"replies":[{"embeddable":true,"href":"https:\/\/www.ubu.de\/hr\/wp-json\/wp\/v2\/comments?post=25701"}],"version-history":[{"count":11,"href":"https:\/\/www.ubu.de\/hr\/wp-json\/wp\/v2\/pages\/25701\/revisions"}],"predecessor-version":[{"id":28873,"href":"https:\/\/www.ubu.de\/hr\/wp-json\/wp\/v2\/pages\/25701\/revisions\/28873"}],"wp:attachment":[{"href":"https:\/\/www.ubu.de\/hr\/wp-json\/wp\/v2\/media?parent=25701"}],"curies":[{"name":"wp","href":"https:\/\/api.w.org\/{rel}","templated":true}]}}