{"id":25824,"date":"2016-07-26T16:48:00","date_gmt":"2016-07-26T14:48:00","guid":{"rendered":"http:\/\/www.ubu.de\/?page_id=25824"},"modified":"2026-03-20T14:03:47","modified_gmt":"2026-03-20T13:03:47","slug":"ueber-uns","status":"publish","type":"page","link":"https:\/\/www.ubu.de\/hr\/ueber-uns\/","title":{"rendered":"O nama"},"content":{"rendered":"<div class=\"et_pb_section_1 et_pb_section et_pb_fullwidth_section et_section_regular et_block_section\"><div class=\"et_pb_fullwidth_slider_1 et_pb_slider et_pb_slider_no_arrows et_pb_slider_no_pagination et_pb_module preset--module--divi-fullwidth-slider--default\"><div class=\"box-shadow-overlay\"><\/div><div class=\"et_pb_slides\"><div class=\"et_pb_slide_1 et_pb_slide et_pb_slider_with_overlay et_pb_media_alignment_center et_pb_bg_layout_dark et_pb_text_align_center et_pb_section_parallax\" data-slide-id=\"divi\/slide-1\"><span class=\"et-pb-parallax-wrapper\"><span class=\"et-pb-parallax-background et-pb-parallax-background-module--divi-slide-1\" style=\"background-image:url(https:\/\/www.ubu.de\/wp-content\/uploads\/2016\/07\/ubu-team-Spezialist-f\u00fcr-Arbeitsschutz-Arbeitssicherheit-Gastronomie-Restaurants-und-Hotels.jpg)\"><\/span><\/span><div class=\"et_pb_slide_overlay_container\"><\/div><div class=\"et_pb_container\"><div class=\"et_pb_slider_container_inner\"><div class=\"et_pb_slide_description\"><h2 class=\"et_pb_slide_title\">Tim ubu<\/h2><\/div><\/div><\/div><\/div><\/div><\/div><\/div><div class=\"et_pb_section_2 et_pb_section et_section_regular et_block_section\"><div class=\"et_pb_row_0 et_pb_row et_pb_row_4col et_block_row et_block_row_4col\"><div class=\"et_pb_column_0 et_pb_column et_pb_column_1_4 et_block_column et_pb_css_mix_blend_mode_passthrough\"><div class=\"et_pb_blurb_0 et_pb_blurb et_pb_bg_layout_light et_pb_text_align_center et_pb_blurb_position_top et_pb_module et_block_module\"><div class=\"et_pb_blurb_content\"><div class=\"et_pb_main_blurb_image\"><span class=\"et_pb_image_wrap\"><span class=\"et-pb-icon\">\ue00c<\/span><\/span><\/div><div class=\"et_pb_blurb_container\"><h4 class=\"et_pb_module_header\">Moderno<\/h4><div class=\"et_pb_blurb_description\"><p>Volimo nove tehnologije i prihva\u0107amo suvremeni stil rada.<\/p>\n<\/div><\/div><\/div><\/div><\/div><div class=\"et_pb_column_1 et_pb_column et_pb_column_1_4 et_block_column et_pb_css_mix_blend_mode_passthrough\"><div class=\"et_pb_blurb_1 et_pb_blurb et_pb_bg_layout_light et_pb_text_align_center et_pb_blurb_position_top et_pb_module et_block_module\"><div class=\"et_pb_blurb_content\"><div class=\"et_pb_main_blurb_image\"><span class=\"et_pb_image_wrap\"><span class=\"et-pb-icon\">\ue038<\/span><\/span><\/div><div class=\"et_pb_blurb_container\"><h4 class=\"et_pb_module_header\">U\u010dinkovit<\/h4><div class=\"et_pb_blurb_description\"><p>Lean strukture, moderni alati i fleksibilno radno vrijeme \u0161tede novac.<\/p>\n<\/div><\/div><\/div><\/div><\/div><div class=\"et_pb_column_2 et_pb_column et_pb_column_1_4 et_block_column et_pb_css_mix_blend_mode_passthrough\"><div class=\"et_pb_blurb_2 et_pb_blurb et_pb_bg_layout_light et_pb_text_align_center et_pb_blurb_position_top et_pb_module et_block_module\"><div class=\"et_pb_blurb_content\"><div class=\"et_pb_main_blurb_image\"><span class=\"et_pb_image_wrap\"><span class=\"et-pb-icon\">\ue007<\/span><\/span><\/div><div class=\"et_pb_blurb_container\"><h4 class=\"et_pb_module_header\">Sposoban<\/h4><div class=\"et_pb_blurb_description\"><p>Mnoge godine iskustva i \u010dvrsta stru\u010dnost. Na\u0161i klijenti to cijene ve\u0107 godinama.<\/p>\n<\/div><\/div><\/div><\/div><\/div><div class=\"et_pb_column_3 et_pb_column et_pb_column_1_4 et-last-child et_block_column et_pb_css_mix_blend_mode_passthrough\"><div class=\"et_pb_blurb_3 et_pb_blurb et_pb_bg_layout_light et_pb_text_align_center et_pb_blurb_position_top et_pb_module et_block_module\"><div class=\"et_pb_blurb_content\"><div class=\"et_pb_main_blurb_image\"><span class=\"et_pb_image_wrap\"><span class=\"et-pb-icon\">\ue106<\/span><\/span><\/div><div class=\"et_pb_blurb_container\"><h4 class=\"et_pb_module_header\">Orijentiran na kupca<\/h4><div class=\"et_pb_blurb_description\"><p>Zadovoljstvo kupaca na\u0161 je glavni prioritet. Svaki dan naporno radimo kako bismo zaslu\u017eili njihovu odanost.<\/p>\n<\/div><\/div><\/div><\/div><\/div><\/div><\/div><div class=\"et_pb_section_3 et_pb_section et_section_regular et_block_section\"><div class=\"et_pb_row_1 et_pb_row et_block_row\"><div class=\"et_pb_column_4 et_pb_column et_pb_column_4_4 et-last-child et_block_column et_pb_css_mix_blend_mode_passthrough\"><ul class=\"et_pb_counters_0 et_pb_counters et-waypoint et_pb_bg_layout_light et_pb_module et_block_module\"><li class=\"et_pb_counter_0 et_pb_counter\"><span class=\"et_pb_counter_title\"> sigurnost na radu <\/span><span class=\"et_pb_counter_container\"><span class=\"et_pb_counter_amount\" data-width=\"60%\"><span class=\"et_pb_counter_amount_number\"><span class=\"et_pb_counter_amount_number_inner\">60%<\/span><\/span><\/span><span class=\"et_pb_counter_amount overlay\" data-width=\"60%\"><span class=\"et_pb_counter_amount_number\"><span class=\"et_pb_counter_amount_number_inner\">60%<\/span><\/span><\/span><\/span><\/li><li class=\"et_pb_counter_1 et_pb_counter\"><span class=\"et_pb_counter_title\"> zdravstvena za\u0161tita na radu <\/span><span class=\"et_pb_counter_container\"><span class=\"et_pb_counter_amount\" data-width=\"40%\"><span class=\"et_pb_counter_amount_number\"><span class=\"et_pb_counter_amount_number_inner\">40%<\/span><\/span><\/span><span class=\"et_pb_counter_amount overlay\" data-width=\"40%\"><span class=\"et_pb_counter_amount_number\"><span class=\"et_pb_counter_amount_number_inner\">40%<\/span><\/span><\/span><\/span><\/li><li class=\"et_pb_counter_2 et_pb_counter\"><span class=\"et_pb_counter_title\"> zadovoljstvo kupaca <\/span><span class=\"et_pb_counter_container\"><span class=\"et_pb_counter_amount\" data-width=\"78%\"><span class=\"et_pb_counter_amount_number\"><span class=\"et_pb_counter_amount_number_inner\">78%<\/span><\/span><\/span><span class=\"et_pb_counter_amount overlay\" data-width=\"78%\"><span class=\"et_pb_counter_amount_number\"><span class=\"et_pb_counter_amount_number_inner\">78%<\/span><\/span><\/span><\/span><\/li><li class=\"et_pb_counter_3 et_pb_counter\"><span class=\"et_pb_counter_title\"> potro\u0161nja kave <\/span><span class=\"et_pb_counter_container\"><span class=\"et_pb_counter_amount\" data-width=\"99%\"><span class=\"et_pb_counter_amount_number\"><span class=\"et_pb_counter_amount_number_inner\">99%<\/span><\/span><\/span><span class=\"et_pb_counter_amount overlay\" data-width=\"99%\"><span class=\"et_pb_counter_amount_number\"><span class=\"et_pb_counter_amount_number_inner\">99%<\/span><\/span><\/span><\/span><\/li><\/ul><\/div><\/div><\/div><div class=\"et_pb_section_4 et_pb_section et_section_regular et_block_section\"><div class=\"et_pb_row_2 et_pb_row et_block_row\"><div class=\"et_pb_column_5 et_pb_column et_pb_column_4_4 et-last-child et_block_column et_pb_css_mix_blend_mode_passthrough\"><div class=\"et_pb_blurb_4 et_pb_blurb et_pb_bg_layout_light et_pb_text_align_center et_pb_blurb_position_top et_pb_module et_block_module\"><div class=\"et_pb_blurb_content\"><div class=\"et_pb_blurb_container\"><div class=\"et_pb_blurb_description\"><h1><span style=\"color: #ffffff;\">Pri\u010da o Ubu<\/span><\/h1>\n<\/div><\/div><\/div><\/div><\/div><\/div><div class=\"et_pb_row_3 et_pb_row et_block_row\"><div class=\"et_pb_column_6 et_pb_column et_pb_column_1_2 et_block_column et_pb_css_mix_blend_mode_passthrough\"><div class=\"et_pb_blurb_5 et_pb_blurb et_pb_bg_layout_light et_pb_text_align_right et_pb_blurb_position_top et_pb_module et_block_module\"><div class=\"et_pb_blurb_content\"><div class=\"et_pb_blurb_container\"><div class=\"et_pb_blurb_description\"><h1>\u010dinjenice<\/h1>\n<p>Osnovana 1987. godine u Ettlingenu, Baden, isprva za tvrtke u regiji. Nakon uspje\u0161nog stjecanja brojnih klijenata, tvrtka je sve vi\u0161e \u0161irila svoje djelovanje diljem Njema\u010dke. Od 2014. godine stoga ima dodatnu lokaciju u Hamburgu za sjevernonjema\u010dku regiju.<\/p>\n<\/div><\/div><\/div><\/div><\/div><div class=\"et_pb_column_7 et_pb_column et_pb_column_1_2 et-last-child et_block_column et_pb_column_empty et_pb_css_mix_blend_mode_passthrough\"><\/div><\/div><div class=\"et_pb_row_4 et_pb_row et_block_row\"><div class=\"et_pb_column_8 et_pb_column et_pb_column_1_2 et_block_column et_pb_column_empty et_pb_css_mix_blend_mode_passthrough\"><\/div><div class=\"et_pb_column_9 et_pb_column et_pb_column_1_2 et-last-child et_block_column et_pb_css_mix_blend_mode_passthrough\"><div class=\"et_pb_blurb_6 et_pb_blurb et_pb_bg_layout_light et_pb_blurb_position_top et_pb_module et_block_module\"><div class=\"et_pb_blurb_content\"><div class=\"et_pb_blurb_container\"><div class=\"et_pb_blurb_description\"><h1>motivacija<\/h1>\n<p>Uvjereni smo da neadekvatna za\u0161tita na radu mo\u017ee biti skupa za svaku tvrtku. Na\u0161 je cilj ponuditi na\u0161im klijentima aktivnu za\u0161titu na radu koja se dugoro\u010dno isplati.<\/p>\n<\/div><\/div><\/div><\/div><\/div><\/div><div class=\"et_pb_row_5 et_pb_row et_block_row\"><div class=\"et_pb_column_10 et_pb_column et_pb_column_1_2 et_block_column et_pb_css_mix_blend_mode_passthrough\"><div class=\"et_pb_blurb_7 et_pb_blurb et_pb_bg_layout_light et_pb_text_align_right et_pb_blurb_position_top et_pb_module et_block_module\"><div class=\"et_pb_blurb_content\"><div class=\"et_pb_blurb_container\"><div class=\"et_pb_blurb_description\"><h1>vizija<\/h1>\n<p>Od 2016. godine ubu prolazi kroz generacijsku promjenu, koja donosi dah svje\u017eeg zraka uz digitalizaciju i nove interne procese. \u010cak i u sve br\u017eem radnom svijetu \u017eelimo ponuditi na\u0161im kupcima suvremeni<br \/>\nOsiguravanje za\u0161tite na radu. Ostajemo predani na\u0161im temeljnim vrijednostima.<\/p>\n<\/div><\/div><\/div><\/div><\/div><div class=\"et_pb_column_11 et_pb_column et_pb_column_1_2 et-last-child et_block_column et_pb_column_empty et_pb_css_mix_blend_mode_passthrough\"><\/div><\/div><\/div><div class=\"et_pb_section_5 et_pb_section et_section_regular et_block_section\"><div class=\"et_pb_row_6 et_pb_row et_block_row\"><div class=\"et_pb_column_12 et_pb_column et_pb_column_4_4 et-last-child et_block_column et_pb_css_mix_blend_mode_passthrough\"><div class=\"et_pb_cta_0 et_pb_promo et_pb_bg_layout_light et_pb_module et_block_module\"><div class=\"et_pb_promo_description\"><div class=\"et_pb_promo_content\"><h1 style=\"text-align: center;\">Va\u0161e kontaktne osobe<\/h1>\n<\/div><\/div><\/div><\/div><\/div><div class=\"et_pb_row_7 et_pb_row et_pb_equal_columns et_block_row\"><div class=\"et_pb_column_13 et_pb_column et_pb_column_1_3 et_block_column et_pb_css_mix_blend_mode_passthrough\"><div class=\"et_pb_team_member_0 et_pb_team_member et_pb_bg_layout_light et_pb_module et_block_module\"><div class=\"et_pb_team_member_image et-waypoint et_pb_animation_fade_in\"><img loading=\"lazy\" decoding=\"async\" src=\"https:\/\/www.ubu.de\/wp-content\/uploads\/2016\/07\/Anke-Weischedel-ubu-Arbeitssicherheit-Arbeitsschutz-320px.jpeg\" alt=\"Anke Weischedel\" width=\"320\" height=\"320\" srcset=\"https:\/\/www.ubu.de\/wp-content\/uploads\/2016\/07\/Anke-Weischedel-ubu-Arbeitssicherheit-Arbeitsschutz-320px.jpeg 320w, https:\/\/www.ubu.de\/wp-content\/uploads\/2016\/07\/Anke-Weischedel-ubu-Arbeitssicherheit-Arbeitsschutz-320px-150x150.jpeg 150w, https:\/\/www.ubu.de\/wp-content\/uploads\/2016\/07\/Anke-Weischedel-ubu-Arbeitssicherheit-Arbeitsschutz-320px-300x300.jpeg 300w\" sizes=\"(max-width: 320px) 100vw, 320px\" class=\"wp-image-26216\" \/><\/div><div class=\"et_pb_team_member_description\"><h4 class=\"et_pb_module_header\">Anke Weischedel<\/h4><p class=\"et_pb_member_position\">Co-Gesch\u00e4ftsf\u00fchrerin & Sifa<\/p><div class=\"et_pb_team_member_description_content\"><p>Anke Weischedel je od 2005. godine odgovorna za sva pitanja za\u0161tite na radu kao stru\u010dnjakinja za za\u0161titu na radu. Njezino dugogodi\u0161nje iskustvo kao hotelske menad\u017eerice i ugostiteljice pru\u017eilo joj je bogato znanje o potrebama ove industrije. Kad ne prakticira jogu, u privatnom je \u017eivotu vesela i strastvena kuharica te pazi da je kod ku\u0107e sve u redu.<\/p>\n<\/div><\/div><\/div><div class=\"et_pb_cta_1 et_pb_promo et_pb_bg_layout_dark et_pb_module et_block_module\"><div class=\"et_pb_promo_description et_multi_view_hidden\"><\/div><div class=\"et_pb_button_wrapper\"><a class=\"et_pb_button et_pb_promo_button\" target=\"_blank\" href=\"mailto:anke.weischedel@ubu.de\" rel=\"noreferrer\">anke.weischedel@ubu.de<\/a><\/div><\/div><\/div><div class=\"et_pb_column_14 et_pb_column et_pb_column_1_3 et_block_column et_pb_css_mix_blend_mode_passthrough\"><div class=\"et_pb_team_member_1 et_pb_team_member et_pb_bg_layout_light et_pb_module et_block_module\"><div class=\"et_pb_team_member_image et-waypoint et_pb_animation_fade_in\"><img loading=\"lazy\" decoding=\"async\" src=\"https:\/\/www.ubu.de\/wp-content\/uploads\/2016\/07\/Christoph-Weischedel-ubu-Arbeitsschutz-Gef\u00e4hrdungsbeurteilungen-320px.jpg\" alt=\"Christoph Weischedel\" width=\"320\" height=\"320\" srcset=\"https:\/\/www.ubu.de\/wp-content\/uploads\/2016\/07\/Christoph-Weischedel-ubu-Arbeitsschutz-Gef\u00e4hrdungsbeurteilungen-320px.jpg 320w, https:\/\/www.ubu.de\/wp-content\/uploads\/2016\/07\/Christoph-Weischedel-ubu-Arbeitsschutz-Gef\u00e4hrdungsbeurteilungen-320px-150x150.jpg 150w, https:\/\/www.ubu.de\/wp-content\/uploads\/2016\/07\/Christoph-Weischedel-ubu-Arbeitsschutz-Gef\u00e4hrdungsbeurteilungen-320px-300x300.jpg 300w\" sizes=\"(max-width: 320px) 100vw, 320px\" class=\"wp-image-26217\" \/><\/div><div class=\"et_pb_team_member_description\"><h4 class=\"et_pb_module_header\">Kristof Vaishdedel<\/h4><p class=\"et_pb_member_position\">Poslovni menad\u017eer (maternji govornik engleskog jezika)<\/p><div class=\"et_pb_team_member_description_content\"><p>Christoph Weischedel radi kao poslovni menad\u017eer u tvrtki od lipnja 2014. godine. Odgovoran je za korisni\u010dku slu\u017ebu, upravljanje kvalitetom i marketing. Nakon gotovo 27 godina rada sa \u0161est ekrana koji nisu uvijek dijelili njegov engleski smisao za humor, biv\u0161i investicijski bankar vrlo je sretan \u0161to napokon ponovno mo\u017ee komunicirati s pravim ljudima.<a href=\"mailto:christoph.weischedel@ubu.de\" target=\"_blank\" rel=\"noopener\" title=\"Molim vas, po\u0161aljite mi e-mail.\"><\/a><\/p>\n<\/div><\/div><\/div><div class=\"et_pb_cta_2 et_pb_promo et_pb_bg_layout_dark et_pb_module et_block_module\"><div class=\"et_pb_promo_description et_multi_view_hidden\"><\/div><div class=\"et_pb_button_wrapper\"><a class=\"et_pb_button et_pb_promo_button\" target=\"_blank\" href=\"mailto:christoph.weischedel@ubu.de\" rel=\"noreferrer\">christoph.weischedel@ubu.de<\/a><\/div><\/div><\/div><div class=\"et_pb_column_15 et_pb_column et_pb_column_1_3 et-last-child et_block_column et_pb_css_mix_blend_mode_passthrough\"><div class=\"et_pb_team_member_2 et_pb_team_member et_pb_bg_layout_light et_pb_module et_block_module\"><div class=\"et_pb_team_member_image et-waypoint et_pb_animation_fade_in\"><img loading=\"lazy\" decoding=\"async\" src=\"https:\/\/www.ubu.de\/wp-content\/uploads\/betriebsarzt-ubu.jpg\" alt=\"Dr. Christa Wacheck\" width=\"320\" height=\"320\" srcset=\"https:\/\/www.ubu.de\/wp-content\/uploads\/betriebsarzt-ubu.jpg 320w\" sizes=\"(max-width: 320px) 100vw, 320px\" class=\"wp-image-27477\" \/><\/div><div class=\"et_pb_team_member_description\"><h4 class=\"et_pb_module_header\">Dr. Christa Wacheck<\/h4><p class=\"et_pb_member_position\">poduze\u0107ki lije\u010dnik<\/p><div class=\"et_pb_team_member_description_content\"><p>Na\u0161a lije\u010dnica tvrtke, dr. Christa Wacheck, ljubiteljica je klasi\u010dne glazbe, a ako gramofon \u0161uti, sigurno je zato \u0161to ima nos zaglavljen u novom kriminalisti\u010dkom romanu.<\/p>\n<p>Dr. Nikolaus Drosch odlazio je u mirovinu s mjesta lije\u010dnika tvrtke 30. rujna 2022.<\/p>\n<\/div><\/div><\/div><div class=\"et_pb_cta_3 et_pb_promo et_pb_bg_layout_dark et_pb_module et_block_module\"><div class=\"et_pb_promo_description et_multi_view_hidden\"><\/div><div class=\"et_pb_button_wrapper\"><a class=\"et_pb_button et_pb_promo_button\" target=\"_blank\" href=\"mailto:betriebsarzt@ubu.de\" rel=\"noreferrer\">betriebsarzt@ubu.de<\/a><\/div><\/div><\/div><\/div><\/div>","protected":false},"excerpt":{"rendered":"","protected":false},"author":1,"featured_media":0,"parent":0,"menu_order":0,"comment_status":"closed","ping_status":"closed","template":"","meta":{"_acf_changed":false,"inline_featured_image":false,"footnotes":""},"class_list":["post-25824","page","type-page","status-publish","hentry"],"acf":[],"yoast_head":"<!-- This site is optimized with the Yoast SEO plugin v27.4 - https:\/\/yoast.com\/product\/yoast-seo-wordpress\/ -->\n<title>\u00dcber Uns - ubu - Arbeitsschutz f\u00fcr Hotels und Gastronomie<\/title>\n<meta name=\"robots\" content=\"index, follow, max-snippet:-1, max-image-preview:large, max-video-preview:-1\" \/>\n<link rel=\"canonical\" href=\"https:\/\/www.ubu.de\/hr\/ueber-uns\/\" \/>\n<meta property=\"og:locale\" content=\"hr_HR\" \/>\n<meta property=\"og:type\" content=\"article\" \/>\n<meta property=\"og:title\" content=\"\u00dcber Uns - ubu - Arbeitsschutz f\u00fcr Hotels und Gastronomie\" \/>\n<meta property=\"og:url\" content=\"https:\/\/www.ubu.de\/hr\/ueber-uns\/\" \/>\n<meta property=\"og:site_name\" content=\"ubu - Arbeitsschutz f\u00fcr Hotels und Gastronomie\" \/>\n<meta property=\"article:modified_time\" content=\"2026-03-20T13:03:47+00:00\" \/>\n<meta name=\"twitter:card\" content=\"summary_large_image\" \/>\n<script type=\"application\/ld+json\" class=\"yoast-schema-graph\">{\"@context\":\"https:\\\/\\\/schema.org\",\"@graph\":[{\"@type\":\"WebPage\",\"@id\":\"https:\\\/\\\/www.ubu.de\\\/ueber-uns\\\/\",\"url\":\"https:\\\/\\\/www.ubu.de\\\/ueber-uns\\\/\",\"name\":\"\u00dcber Uns - ubu - Arbeitsschutz f\u00fcr Hotels und Gastronomie\",\"isPartOf\":{\"@id\":\"https:\\\/\\\/www.ubu.de\\\/#website\"},\"datePublished\":\"2016-07-26T14:48:00+00:00\",\"dateModified\":\"2026-03-20T13:03:47+00:00\",\"breadcrumb\":{\"@id\":\"https:\\\/\\\/www.ubu.de\\\/ueber-uns\\\/#breadcrumb\"},\"inLanguage\":\"hr\",\"potentialAction\":[{\"@type\":\"ReadAction\",\"target\":[\"https:\\\/\\\/www.ubu.de\\\/ueber-uns\\\/\"]}]},{\"@type\":\"BreadcrumbList\",\"@id\":\"https:\\\/\\\/www.ubu.de\\\/ueber-uns\\\/#breadcrumb\",\"itemListElement\":[{\"@type\":\"ListItem\",\"position\":1,\"name\":\"Startseite\",\"item\":\"https:\\\/\\\/www.ubu.de\\\/\"},{\"@type\":\"ListItem\",\"position\":2,\"name\":\"\u00dcber Uns\"}]},{\"@type\":\"WebSite\",\"@id\":\"https:\\\/\\\/www.ubu.de\\\/#website\",\"url\":\"https:\\\/\\\/www.ubu.de\\\/\",\"name\":\"ubu - Arbeitsschutz f\u00fcr Hotels und Gastronomie\",\"description\":\"safety at work\",\"publisher\":{\"@id\":\"https:\\\/\\\/www.ubu.de\\\/#organization\"},\"potentialAction\":[{\"@type\":\"SearchAction\",\"target\":{\"@type\":\"EntryPoint\",\"urlTemplate\":\"https:\\\/\\\/www.ubu.de\\\/?s={search_term_string}\"},\"query-input\":{\"@type\":\"PropertyValueSpecification\",\"valueRequired\":true,\"valueName\":\"search_term_string\"}}],\"inLanguage\":\"hr\"},{\"@type\":\"Organization\",\"@id\":\"https:\\\/\\\/www.ubu.de\\\/#organization\",\"name\":\"ubu - safety at work\",\"url\":\"https:\\\/\\\/www.ubu.de\\\/\",\"logo\":{\"@type\":\"ImageObject\",\"inLanguage\":\"hr\",\"@id\":\"https:\\\/\\\/www.ubu.de\\\/#\\\/schema\\\/logo\\\/image\\\/\",\"url\":\"https:\\\/\\\/www.ubu.de\\\/wp-content\\\/uploads\\\/2016\\\/07\\\/ubu-elephant.png\",\"contentUrl\":\"https:\\\/\\\/www.ubu.de\\\/wp-content\\\/uploads\\\/2016\\\/07\\\/ubu-elephant.png\",\"width\":250,\"height\":250,\"caption\":\"ubu - safety at work\"},\"image\":{\"@id\":\"https:\\\/\\\/www.ubu.de\\\/#\\\/schema\\\/logo\\\/image\\\/\"}}]}<\/script>\n<!-- \/ Yoast SEO plugin. -->","yoast_head_json":{"title":"\u00dcber Uns - ubu - Arbeitsschutz f\u00fcr Hotels und Gastronomie","robots":{"index":"index","follow":"follow","max-snippet":"max-snippet:-1","max-image-preview":"max-image-preview:large","max-video-preview":"max-video-preview:-1"},"canonical":"https:\/\/www.ubu.de\/hr\/ueber-uns\/","og_locale":"hr_HR","og_type":"article","og_title":"\u00dcber Uns - ubu - Arbeitsschutz f\u00fcr Hotels und Gastronomie","og_url":"https:\/\/www.ubu.de\/hr\/ueber-uns\/","og_site_name":"ubu - Arbeitsschutz f\u00fcr Hotels und Gastronomie","article_modified_time":"2026-03-20T13:03:47+00:00","twitter_card":"summary_large_image","schema":{"@context":"https:\/\/schema.org","@graph":[{"@type":"WebPage","@id":"https:\/\/www.ubu.de\/ueber-uns\/","url":"https:\/\/www.ubu.de\/ueber-uns\/","name":"\u00dcber Uns - ubu - Arbeitsschutz f\u00fcr Hotels und Gastronomie","isPartOf":{"@id":"https:\/\/www.ubu.de\/#website"},"datePublished":"2016-07-26T14:48:00+00:00","dateModified":"2026-03-20T13:03:47+00:00","breadcrumb":{"@id":"https:\/\/www.ubu.de\/ueber-uns\/#breadcrumb"},"inLanguage":"hr","potentialAction":[{"@type":"ReadAction","target":["https:\/\/www.ubu.de\/ueber-uns\/"]}]},{"@type":"BreadcrumbList","@id":"https:\/\/www.ubu.de\/ueber-uns\/#breadcrumb","itemListElement":[{"@type":"ListItem","position":1,"name":"Startseite","item":"https:\/\/www.ubu.de\/"},{"@type":"ListItem","position":2,"name":"\u00dcber Uns"}]},{"@type":"WebSite","@id":"https:\/\/www.ubu.de\/#website","url":"https:\/\/www.ubu.de\/","name":"ubu - Arbeitsschutz f\u00fcr Hotels und Gastronomie","description":"sigurnost na radu","publisher":{"@id":"https:\/\/www.ubu.de\/#organization"},"potentialAction":[{"@type":"SearchAction","target":{"@type":"EntryPoint","urlTemplate":"https:\/\/www.ubu.de\/?s={search_term_string}"},"query-input":{"@type":"PropertyValueSpecification","valueRequired":true,"valueName":"search_term_string"}}],"inLanguage":"hr"},{"@type":"Organization","@id":"https:\/\/www.ubu.de\/#organization","name":"ubu - safety at work","url":"https:\/\/www.ubu.de\/","logo":{"@type":"ImageObject","inLanguage":"hr","@id":"https:\/\/www.ubu.de\/#\/schema\/logo\/image\/","url":"https:\/\/www.ubu.de\/wp-content\/uploads\/2016\/07\/ubu-elephant.png","contentUrl":"https:\/\/www.ubu.de\/wp-content\/uploads\/2016\/07\/ubu-elephant.png","width":250,"height":250,"caption":"ubu - safety at work"},"image":{"@id":"https:\/\/www.ubu.de\/#\/schema\/logo\/image\/"}}]}},"_links":{"self":[{"href":"https:\/\/www.ubu.de\/hr\/wp-json\/wp\/v2\/pages\/25824","targetHints":{"allow":["GET"]}}],"collection":[{"href":"https:\/\/www.ubu.de\/hr\/wp-json\/wp\/v2\/pages"}],"about":[{"href":"https:\/\/www.ubu.de\/hr\/wp-json\/wp\/v2\/types\/page"}],"author":[{"embeddable":true,"href":"https:\/\/www.ubu.de\/hr\/wp-json\/wp\/v2\/users\/1"}],"replies":[{"embeddable":true,"href":"https:\/\/www.ubu.de\/hr\/wp-json\/wp\/v2\/comments?post=25824"}],"version-history":[{"count":10,"href":"https:\/\/www.ubu.de\/hr\/wp-json\/wp\/v2\/pages\/25824\/revisions"}],"predecessor-version":[{"id":28876,"href":"https:\/\/www.ubu.de\/hr\/wp-json\/wp\/v2\/pages\/25824\/revisions\/28876"}],"wp:attachment":[{"href":"https:\/\/www.ubu.de\/hr\/wp-json\/wp\/v2\/media?parent=25824"}],"curies":[{"name":"wp","href":"https:\/\/api.w.org\/{rel}","templated":true}]}}