{"id":25955,"date":"2016-08-06T12:40:35","date_gmt":"2016-08-06T10:40:35","guid":{"rendered":"http:\/\/www.ubu.de\/?page_id=25955"},"modified":"2026-03-20T14:03:48","modified_gmt":"2026-03-20T13:03:48","slug":"datenschutz","status":"publish","type":"page","link":"https:\/\/www.ubu.de\/hr\/datenschutz\/","title":{"rendered":"za\u0161tita podataka"},"content":{"rendered":"<div class=\"et_pb_section_0 et_pb_section et_section_regular et_block_section\"><div class=\"et_pb_row_0 et_pb_row et_block_row\"><div class=\"et_pb_column_0 et_pb_column et_pb_column_4_4 et-last-child et_block_column et_pb_css_mix_blend_mode_passthrough\"><div class=\"et_pb_text_0 et_pb_text et_pb_bg_layout_light et_pb_module et_block_module\"><div class=\"et_pb_text_inner\"><h1>Pravila o privatnosti<\/h1>\n<h2>1. Za\u0161tita podataka na prvi pogled<\/h2>\n<h3>Op\u0107e informacije<\/h3>\n<p>Sljede\u0107e informacije pru\u017eaju jednostavan pregled o tome \u0161to se doga\u0111a s va\u0161im osobnim podacima kada posjetite na\u0161u web stranicu. Osobni podaci su svi podaci koji se mogu koristiti za va\u0161u osobnu identifikaciju. Za detaljne informacije o za\u0161titi podataka pogledajte na\u0161u politiku privatnosti navedenu ispod ovog teksta.<\/p>\n<h3>Prikupljanje podataka na na\u0161oj web stranici<\/h3>\n<p><strong>Tko je odgovoran za prikupljanje podataka na ovoj web stranici?<\/strong><\/p>\n<p>Obradu podataka na ovoj web stranici provodi operater web stranice. Njegove kontaktne podatke mo\u017eete prona\u0107i u pravnim napomenama na ovoj web stranici.<\/p>\n<p><strong>Kako prikupljamo va\u0161e podatke?<\/strong><\/p>\n<p>Va\u0161i se podaci prikupljaju kada nam ih dostavite. To mo\u017ee uklju\u010divati, na primjer, podatke koje unesete u kontakt obrazac.<\/p>\n<p>Ostali se podaci automatski prikupljaju putem na\u0161ih IT sustava kada posjetite web-stranicu. To su prvenstveno tehni\u010dki podaci (npr. internetski preglednik, operativni sustav ili vrijeme pregleda stranice). Ti se podaci automatski prikupljaju \u010dim u\u0111ete na na\u0161u web-stranicu.<\/p>\n<p><strong>Za \u0161to koristimo va\u0161e podatke?<\/strong><\/p>\n<p>Neki se podaci prikupljaju kako bi se osiguralo neometano i bez pogre\u0161aka funkcioniranje web-stranice. Drugi se podaci mogu koristiti za analizu va\u0161eg korisni\u010dkog pona\u0161anja.<\/p>\n<p><strong>Koja prava imate u vezi sa svojim podacima?<\/strong><\/p>\n<p>Imate pravo u bilo kojem trenutku besplatno dobiti informacije o podrijetlu, primatelju i svrsi va\u0161ih pohranjenih osobnih podataka. Tako\u0111er imate pravo zatra\u017eiti ispravak, blokadu ili brisanje tih podataka. Mo\u017eete nas u bilo kojem trenutku kontaktirati u vezi s tim i drugim pitanjima o za\u0161titi podataka putem <a href=\"mailto:datenschutz@ubu.de\">datenschutz@ubu.de<\/a> Molimo kontaktirajte nas. Nadalje, imate pravo podnijeti pritu\u017ebu nadle\u017enom nadzornom tijelu.<\/p>\n<h3>Alati za analitiku i alati tre\u0107ih strana<\/h3>\n<p>Kada posjetite na\u0161u web stranicu, va\u0161e pona\u0161anje pri pregledavanju mo\u017ee biti statisti\u010dki procijenjeno. To se uglavnom radi pomo\u0107u kola\u010di\u0107a i takozvanih programa za analizu. Analiza va\u0161eg pona\u0161anja pri pregledavanju obi\u010dno je anonimna; va\u0161e pona\u0161anje pri pregledavanju ne mo\u017ee se povezati s vama. Mo\u017eete ulo\u017eiti prigovor na ovu analizu ili je sprije\u010diti nekoriste\u0107i odre\u0111ene alate. Detaljne informacije o tome mo\u017eete prona\u0107i u sljede\u0107oj politici privatnosti.<\/p>\n<p>Mo\u017eete ulo\u017eiti prigovor na ovu analizu. U ovoj politici privatnosti obavijestit \u0107emo vas o mogu\u0107nostima ulaganja prigovora.<\/p>\n<h2>2. Op\u0107e informacije i obavezne informacije<\/h2>\n<h3>za\u0161tita podataka<\/h3>\n<p>Upravitelji ovih stranica vrlo ozbiljno shva\u0107aju za\u0161titu va\u0161ih osobnih podataka. Va\u0161e osobne podatke tretiramo povjerljivo i u skladu sa zakonskim propisima o za\u0161titi podataka te ovom izjavom o za\u0161titi podataka.<\/p>\n<p>Kada koristite ovu web stranicu, prikupljaju se razli\u010diti osobni podaci. Osobni podaci su podaci koji se mogu koristiti za va\u0161u osobnu identifikaciju. Ova politika privatnosti obja\u0161njava koje podatke prikupljamo i u koje svrhe ih koristimo. Tako\u0111er obja\u0161njava kako se to radi i u koju svrhu.<\/p>\n<p>\u017deljeli bismo istaknuti da prijenos podataka putem interneta (npr. pri komunikaciji e-po\u0161tom) mo\u017ee biti podlo\u017ean sigurnosnim propustima. Nije mogu\u0107e u potpunosti za\u0161tititi podatke od pristupa tre\u0107ih strana.<\/p>\n<h3>Napomena o nadle\u017enom tijelu<\/h3>\n<p>Odgovorno tijelo za obradu podataka na ovoj web stranici je:<\/p>\n<p>Menad\u017eersko savjetovanje za za\u0161titu na radu i za\u0161titu okoli\u0161a d.o.o.<\/p>\n<p>Mittelstra\u00dfe 6, 29351 Eldingen<\/p>\n<p>Telefon: 05148 2650350<\/p>\n<p>E-po\u0161ta: datenschutz@ubu.de<\/p>\n<p>Odgovorna osoba je fizi\u010dka ili pravna osoba koja, sama ili zajedno s drugima, odlu\u010duje o svrhama i sredstvima obrade osobnih podataka (npr. imena, adrese e-po\u0161te itd.).<\/p>\n<h3>Povla\u010denje va\u0161e suglasnosti za obradu podataka<\/h3>\n<p>Mnoge operacije obrade podataka mogu\u0107e su samo uz va\u0161u izri\u010ditu suglasnost. Svoju ste suglasnost koju ste ve\u0107 dali mo\u017eete u bilo kojem trenutku opozvati. Da biste to u\u010dinili, jednostavno nam po\u0161aljite neformalnu e-poruku. Zakonitost obrade podataka provedene do trenutka opoziva ostaje nepromijenjena.<\/p>\n<h3>Pravo na podno\u0161enje pritu\u017ebe nadle\u017enom nadzornom tijelu<\/h3>\n<p>U slu\u010daju kr\u0161enja zakona o za\u0161titi podataka, pogo\u0111ena strana ima pravo podnijeti \u017ealbu nadle\u017enom nadzornom tijelu. Nadle\u017eno nadzorno tijelo za pitanja za\u0161tite podataka je dr\u017eavni slu\u017ebenik za za\u0161titu podataka savezne dr\u017eave u kojoj je na\u0161a tvrtka smje\u0161tena. Popis slu\u017ebenika za za\u0161titu podataka i njihovi kontakt podaci mogu se prona\u0107i na sljede\u0107oj poveznici: <a href=\"https:\/\/www.bfdi.bund.de\/DE\/Infothek\/Anschriften_Links\/anschriften_links-node.html\" target=\"_blank\" rel=\"noopener\">https:\/\/www.bfdi.bund.de\/DE\/Infothek\/Anschriften_Links\/anschriften_links-node.html<\/a>.<\/p>\n<h3>Pravo na prenosivost podataka<\/h3>\n<p>Imate pravo da vam se podaci koje obra\u0111ujemo automatski na temelju va\u0161e suglasnosti ili radi ispunjavanja ugovora dostave vama ili tre\u0107oj strani u uobi\u010dajenom, ma\u0161inski \u010ditljivom formatu. Ako zatra\u017eite izravni prijenos podataka drugom voditelju obrade, to \u0107e se izvr\u0161iti samo ako je tehni\u010dki izvedivo.<\/p>\n<h3>SSL ili TLS enkripcija<\/h3>\n<p>Ova stranica koristi SSL ili TLS enkripciju iz sigurnosnih razloga i radi za\u0161tite prijenosa povjerljivog sadr\u017eaja, kao \u0161to su narud\u017ebe ili upiti koje nam \u0161aljete kao operateru stranice. \u0160ifriranu vezu mo\u017eete prepoznati po tome \u0161to se adresna linija preglednika mijenja s \u201chttp:\/\/\u201d na \u201chttps:\/\/\u201d i po simbolu lokota u adresnoj liniji preglednika.<\/p>\n<p>Kada je aktivirano SSL ili TLS \u0161ifriranje, podaci koje nam \u0161aljete ne mogu biti pro\u010ditani od strane tre\u0107ih strana.<\/p>\n<h3>Informacije, blokiranje, brisanje<\/h3>\n<p>U okviru primjenjivih zakonskih odredbi imate pravo u bilo kojem trenutku besplatno dobiti informacije o svojim pohranjenim osobnim podacima, njihovom podrijetlu i primateljima te svrsi obrade podataka, a po potrebi i pravo ispraviti, blokirati ili izbrisati te podatke. Mo\u017eete nas u bilo kojem trenutku kontaktirati na adresu navedenu u pravnim napomenama ako imate dodatnih pitanja o osobnim podacima.<\/p>\n<h3>Prigovor na reklamne e-poruke<\/h3>\n<p>Ovim se protivimo kori\u0161tenju kontaktnih podataka objavljenih u okviru obveze pravnog obavje\u0161tenja za slanje ne\u017eeljenih reklamnih i informativnih materijala. Operateri web-stranice izri\u010dito zadr\u017eavaju pravo poduzeti pravne mjere u slu\u010daju slanja ne\u017eeljenih reklamnih informacija, na primjer putem spam e-po\u0161te.<\/p>\n<h2>3. Prikupljanje podataka na na\u0161oj web stranici<\/h2>\n<h3>kola\u010di\u0107i<\/h3>\n<p>Neke web-stranice koriste takozvane kola\u010di\u0107e. Kola\u010di\u0107i ne \u0161tete va\u0161em ra\u010dunalu i ne sadr\u017ee viruse. Kola\u010di\u0107i slu\u017ee tome da na\u0161a web-stranica bude prilago\u0111enija korisnicima, u\u010dinkovitija i sigurnija. Kola\u010di\u0107i su male tekstualne datoteke koje se pohranjuju na va\u0161em ra\u010dunalu i spremaju u va\u0161em pregledniku.<\/p>\n<p>Ve\u0107ina kola\u010di\u0107a koje koristimo su takozvani \u201csesijski kola\u010di\u0107i\u201d. Oni se automatski bri\u0161u na kraju va\u0161eg posjeta. Ostali kola\u010di\u0107i ostaju pohranjeni na va\u0161em ure\u0111aju dok ih ne izbri\u0161ete. Ovi kola\u010di\u0107i nam omogu\u0107uju da prepoznamo va\u0161 preglednik pri sljede\u0107em posjetu.<\/p>\n<p>Mo\u017eete postaviti svoj preglednik tako da budete obavije\u0161teni o postavljanju kola\u010di\u0107a i da kola\u010di\u0107e dopustite samo u pojedina\u010dnim slu\u010dajevima, isklju\u010dite prihva\u0107anje kola\u010di\u0107a u odre\u0111enim slu\u010dajevima ili op\u0107enito te aktivirate automatsko brisanje kola\u010di\u0107a pri zatvaranju preglednika. Ako deaktivirate kola\u010di\u0107e, funkcionalnost ove web-stranice mo\u017ee biti ograni\u010dena.<\/p>\n<p>Kola\u010di\u0107i koji su nu\u017eni za proces elektroni\u010dke komunikacije ili za pru\u017eanje odre\u0111enih funkcija koje ste zatra\u017eili (npr. funkcija ko\u0161arice) pohranjuju se na temelju \u010dl. 6. st. 1. to\u010dke f GDPR-a. Upravitelj web-stranice ima legitimni interes za pohranu kola\u010di\u0107a radi tehni\u010dki besprijekorne i optimizirane pru\u017eanja svojih usluga. U mjeri u kojoj se pohranjuju drugi kola\u010di\u0107i (npr. kola\u010di\u0107i za analizu va\u0161eg pona\u0161anja pri pregledavanju), oni se zasebno obra\u0111uju u ovoj politici privatnosti.<\/p>\n<h3>log datoteke poslu\u017eitelja<\/h3>\n<p>Pru\u017eatelj stranica automatski prikuplja i pohranjuje informacije u takozvanim zapisima poslu\u017eitelja, koje nam va\u0161 preglednik automatski \u0161alje. To su:<\/p>\n<ul>\n<li>Vrsta i verzija preglednika<\/li>\n<li>Kori\u0161teni operativni sustav<\/li>\n<li>URL upu\u0107iva\u010da<\/li>\n<li>Naziv ra\u010dunala koje pristupa<\/li>\n<li>Vrijeme poslu\u017eiteljskog zahtjeva<\/li>\n<li>IP adresa<\/li>\n<\/ul>\n<p>Ovi se podaci ne spajaju s drugim izvorima podataka.<\/p>\n<p>Osnova za obradu podataka je \u010dlanak 6. stavak 1. to\u010dka (f) GDPR-a, koji dopu\u0161ta obradu podataka radi izvr\u0161enja ugovora ili predugovornih mjera.<\/p>\n<h3>Kontaktni obrazac<\/h3>\n<p>Ako nam po\u0161aljete upite putem kontaktnog obrasca, va\u0161i podaci iz obrasca za upit, uklju\u010duju\u0107i kontaktne podatke koje ste ondje naveli, bit \u0107e pohranjeni radi obrade upita i u slu\u010daju daljnjih pitanja. Ne\u0107emo proslijediti ove podatke bez va\u0161eg pristanka.<\/p>\n<p>Podaci uneseni u kontakt obrazac stoga se obra\u0111uju isklju\u010divo na temelju va\u0161e suglasnosti (\u010dlanak 6. stavak 1. to\u010dka a GDPR-a). Tu suglasnost mo\u017eete opozvati u bilo kojem trenutku. Da biste to u\u010dinili, jednostavno nam po\u0161aljite neformalni e-mail. Zakonitost operacija obrade podataka provedenih do trenutka opoziva ostaje nepromijenjena.<\/p>\n<p>Podaci koje unesete u kontaktni obrazac ostat \u0107e kod nas dok ne zatra\u017eite njihovo brisanje, ne povu\u010dete svoju suglasnost za njihovo pohranjivanje ili dok svrha pohrane vi\u0161e ne postoji (npr. nakon \u0161to je va\u0161 upit obra\u0111en). Obvezni zakonski propisi \u2013 osobito rokovi \u010duvanja \u2013 ostaju nepromijenjeni.<\/p>\n<h2>4. Alati za analizu i ogla\u0161avanje<\/h2>\n<h3>Google Analytics<\/h3>\n<p>Ova web stranica koristi funkcije usluge web analitike Google Analytics. Pru\u017eatelj usluge je Google Inc., 1600 Amphitheatre Parkway, Mountain View, CA 94043, SAD.<\/p>\n<p>Google Analytics verwendet so genannte \"Cookies\". Das sind Textdateien, die auf Ihrem Computer gespeichert werden und die eine Analyse der Benutzung der Website durch Sie erm\u00f6glichen. Die durch den Cookie erzeugten Informationen \u00fcber Ihre Benutzung dieser Website werden in der Regel an einen Server von Google in den USA \u00fcbertragen und dort gespeichert.<\/p>\n<p>Kola\u010di\u0107i Google Analyticsa pohranjuju se na temelju \u010dlanka 6. stavka 1. to\u010dke (f) GDPR-a. Operater web-stranice ima legitimni interes u analizi pona\u0161anja korisnika kako bi optimizirao i svoju web-stranicu i svoje ogla\u0161avanje.<\/p>\n<p><strong>Dodatak za preglednik<\/strong><\/p>\n<p>Mo\u017eete sprije\u010diti pohranu kola\u010di\u0107a prilagodbom postavki softvera va\u0161eg preglednika; me\u0111utim, \u017eeljeli bismo napomenuti da u tom slu\u010daju mo\u017eda ne\u0107ete mo\u0107i u potpunosti koristiti sve funkcije ove web-stranice. Tako\u0111er mo\u017eete sprije\u010diti Google da prikuplja podatke koje generira kola\u010di\u0107 i koji se odnose na va\u0161e kori\u0161tenje web-stranice (uklju\u010duju\u0107i va\u0161u IP adresu) te da obra\u0111uje te podatke preuzimanjem i instaliranjem dodatka za preglednik dostupnog na sljede\u0107oj poveznici: <a href=\"https:\/\/tools.google.com\/dlpage\/gaoptout?hl=de\" target=\"_blank\" rel=\"noopener\">https:\/\/tools.google.com\/dlpage\/gaoptout?hl=de<\/a>.<\/p>\n<p><strong>Prigovor na prikupljanje podataka<\/strong><\/p>\n<p>Mo\u017eete sprije\u010diti Google Analytics da prikuplja va\u0161e podatke klikom na sljede\u0107i link. Postavit \u0107e se kola\u010di\u0107 za odustajanje kako bi se sprije\u010dilo prikupljanje va\u0161ih podataka pri budu\u0107im posjetima ovoj web stranici: <a>Deaktivirajte Google Analytics<\/a>.<\/p>\n<p>Za vi\u0161e informacija o tome kako Google Analytics obra\u0111uje korisni\u010dke podatke, pogledajte Googleovu politiku privatnosti: <a href=\"https:\/\/support.google.com\/analytics\/answer\/6004245?hl=de\" target=\"_blank\" rel=\"noopener\">https:\/\/support.google.com\/analytics\/answer\/6004245?hl=de<\/a>.<\/p>\n<p><strong>Demografske zna\u010dajke u Google Analyticsu<\/strong><\/p>\n<p>Ova web stranica koristi zna\u010dajku \u201cdemografskih karakteristika\u201d usluge Google Analytics. To omogu\u0107uje generiranje izvje\u0161\u0107a koja sadr\u017ee informacije o dobi, spolu i interesima posjetitelja web stranice. Ti se podaci dobivaju iz ogla\u0161avanja temeljenog na interesima tvrtke Google i podataka o posjetiteljima od pru\u017eatelja usluga tre\u0107ih strana. Ti se podaci ne mogu pripisati bilo kojoj odre\u0111enoj osobi. Ovu funkciju mo\u017eete deaktivirati u bilo kojem trenutku putem postavki oglasa u svom Google ra\u010dunu ili op\u0107enito zabraniti prikupljanje va\u0161ih podataka od strane Google Analyticsa, kako je opisano u odjeljku \u201cPrigovor na prikupljanje podataka\u201d.<\/p>\n<h3>Statistika WordPressa<\/h3>\n<p>Ova web stranica koristi WordPress alat Stats za statisti\u010dku analizu prometa posjetitelja. Pru\u017eatelj usluge je Automattic Inc., 60 29th Street #343, San Francisco, CA 94110-4929, SAD.<\/p>\n<p>WordPress Stats koristi kola\u010di\u0107e koji se pohranjuju na va\u0161em ra\u010dunalu i omogu\u0107uju analizu va\u0161eg kori\u0161tenja web-stranice. Informacije koje kola\u010di\u0107i generiraju o va\u0161em kori\u0161tenju na\u0161e web-stranice pohranjuju se na poslu\u017eiteljima u Sjedinjenim Ameri\u010dkim Dr\u017eavama. Va\u0161a IP adresa anonimizira se nakon obrade i prije pohrane.<\/p>\n<p>\u201cKola\u010di\u0107i za statistiku WordPressa ostaju na va\u0161em ure\u0111aju dok ih ne izbri\u0161ete.<\/p>\n<p>Pohrana kola\u010di\u0107a \u201cWordPress Stats\u201d temelji se na \u010dlanku 6. stavku 1. to\u010dki f GDPR-a. Operater web-stranice ima legitiman interes za anonimnu analizu pona\u0161anja korisnika kako bi optimizirao i svoju web-stranicu i svoje ogla\u0161avanje.<\/p>\n<p>Mo\u017eete postaviti svoj preglednik tako da budete obavije\u0161teni o postavljanju kola\u010di\u0107a i da kola\u010di\u0107e dopustite samo u pojedina\u010dnim slu\u010dajevima, da prihva\u0107anje kola\u010di\u0107a isklju\u010dite u odre\u0111enim slu\u010dajevima ili op\u0107enito te da aktivirate automatsko brisanje kola\u010di\u0107a pri zatvaranju preglednika. Ako deaktivirate kola\u010di\u0107e, funkcionalnost na\u0161e web-stranice mo\u017ee biti ograni\u010dena.<\/p>\n<p>Mo\u017eete se u budu\u0107nosti usprotiviti prikupljanju i kori\u0161tenju svojih podataka klikom na ovu poveznicu kako biste u svom pregledniku postavili kola\u010di\u0107 za odjavu: <a href=\"https:\/\/www.quantcast.com\/opt-out\/\" target=\"_blank\" rel=\"noopener\">https:\/\/www.quantcast.com\/opt-out\/<\/a>.<\/p>\n<p>Ako izbri\u0161ete kola\u010di\u0107e na ra\u010dunalu, morat \u0107ete ponovno postaviti kola\u010di\u0107 za odustajanje.<\/p>\n<h2>5. Dodaci i alati<\/h2>\n<h3>Google Web Fonts<\/h3>\n<p>Ova stranica koristi web-fontove koje pru\u017ea Google kako bi osigurala dosljedno prikazivanje fontova. Kada posjetite stranicu, va\u0161 preglednik u\u010ditava potrebne web-fontove u predmemoriju preglednika kako bi ispravno prikazao tekst i fontove.<\/p>\n<p>U tu svrhu preglednik koji koristite mora se povezati s Googleovim poslu\u017eiteljima. Time Google mo\u017ee saznati da je na\u0161oj web-stranici pristupljeno putem va\u0161e IP adrese. Kori\u0161tenje Google Web Fontsa je u interesu ujedna\u010dene i privla\u010dne prezentacije na\u0161ih internetskih ponuda. To predstavlja legitimni interes u smislu \u010dlanka 6. stavka 1. to\u010dke f Op\u0107e uredbe o za\u0161titi podataka (GDPR).<\/p>\n<p>Ako va\u0161 preglednik ne podr\u017eava web-fontove, koristit \u0107e se standardni font s va\u0161eg ra\u010dunala.<\/p>\n<p>Dodatne informacije o Google Web Fonts-u mogu se prona\u0107i na <a href=\"https:\/\/developers.google.com\/fonts\/faq\" target=\"_blank\" rel=\"noopener\">https:\/\/developers.google.com\/fonts\/faq<\/a> i u Googleovoj politici privatnosti: <a href=\"https:\/\/www.google.com\/policies\/privacy\/\" target=\"_blank\" rel=\"noopener\">https:\/\/www.google.com\/policies\/privacy\/<\/a>.<\/p>\n<\/div><\/div><\/div><\/div><\/div>","protected":false},"excerpt":{"rendered":"","protected":false},"author":1,"featured_media":0,"parent":0,"menu_order":0,"comment_status":"closed","ping_status":"closed","template":"","meta":{"_acf_changed":false,"inline_featured_image":false,"footnotes":""},"class_list":["post-25955","page","type-page","status-publish","hentry"],"acf":[],"yoast_head":"<!-- This site is optimized with the Yoast SEO plugin v27.4 - https:\/\/yoast.com\/product\/yoast-seo-wordpress\/ -->\n<title>Datenschutz - ubu - Arbeitsschutz f\u00fcr Hotels und Gastronomie<\/title>\n<meta name=\"robots\" content=\"index, follow, max-snippet:-1, max-image-preview:large, max-video-preview:-1\" \/>\n<link rel=\"canonical\" href=\"https:\/\/www.ubu.de\/hr\/datenschutz\/\" \/>\n<meta property=\"og:locale\" content=\"hr_HR\" \/>\n<meta property=\"og:type\" content=\"article\" \/>\n<meta property=\"og:title\" content=\"Datenschutz - ubu - Arbeitsschutz f\u00fcr Hotels und Gastronomie\" \/>\n<meta property=\"og:url\" content=\"https:\/\/www.ubu.de\/hr\/datenschutz\/\" \/>\n<meta property=\"og:site_name\" content=\"ubu - Arbeitsschutz f\u00fcr Hotels und Gastronomie\" \/>\n<meta property=\"article:modified_time\" content=\"2026-03-20T13:03:48+00:00\" \/>\n<meta name=\"twitter:card\" content=\"summary_large_image\" \/>\n<meta name=\"twitter:label1\" content=\"Procijenjeno vrijeme \u010ditanja\" \/>\n\t<meta name=\"twitter:data1\" content=\"1 minuta\" \/>\n<script type=\"application\/ld+json\" class=\"yoast-schema-graph\">{\"@context\":\"https:\\\/\\\/schema.org\",\"@graph\":[{\"@type\":\"WebPage\",\"@id\":\"https:\\\/\\\/www.ubu.de\\\/datenschutz\\\/\",\"url\":\"https:\\\/\\\/www.ubu.de\\\/datenschutz\\\/\",\"name\":\"Datenschutz - ubu - Arbeitsschutz f\u00fcr Hotels und Gastronomie\",\"isPartOf\":{\"@id\":\"https:\\\/\\\/www.ubu.de\\\/#website\"},\"datePublished\":\"2016-08-06T10:40:35+00:00\",\"dateModified\":\"2026-03-20T13:03:48+00:00\",\"breadcrumb\":{\"@id\":\"https:\\\/\\\/www.ubu.de\\\/datenschutz\\\/#breadcrumb\"},\"inLanguage\":\"hr\",\"potentialAction\":[{\"@type\":\"ReadAction\",\"target\":[\"https:\\\/\\\/www.ubu.de\\\/datenschutz\\\/\"]}]},{\"@type\":\"BreadcrumbList\",\"@id\":\"https:\\\/\\\/www.ubu.de\\\/datenschutz\\\/#breadcrumb\",\"itemListElement\":[{\"@type\":\"ListItem\",\"position\":1,\"name\":\"Startseite\",\"item\":\"https:\\\/\\\/www.ubu.de\\\/\"},{\"@type\":\"ListItem\",\"position\":2,\"name\":\"Datenschutz\"}]},{\"@type\":\"WebSite\",\"@id\":\"https:\\\/\\\/www.ubu.de\\\/#website\",\"url\":\"https:\\\/\\\/www.ubu.de\\\/\",\"name\":\"ubu - Arbeitsschutz f\u00fcr Hotels und Gastronomie\",\"description\":\"safety at work\",\"publisher\":{\"@id\":\"https:\\\/\\\/www.ubu.de\\\/#organization\"},\"potentialAction\":[{\"@type\":\"SearchAction\",\"target\":{\"@type\":\"EntryPoint\",\"urlTemplate\":\"https:\\\/\\\/www.ubu.de\\\/?s={search_term_string}\"},\"query-input\":{\"@type\":\"PropertyValueSpecification\",\"valueRequired\":true,\"valueName\":\"search_term_string\"}}],\"inLanguage\":\"hr\"},{\"@type\":\"Organization\",\"@id\":\"https:\\\/\\\/www.ubu.de\\\/#organization\",\"name\":\"ubu - safety at work\",\"url\":\"https:\\\/\\\/www.ubu.de\\\/\",\"logo\":{\"@type\":\"ImageObject\",\"inLanguage\":\"hr\",\"@id\":\"https:\\\/\\\/www.ubu.de\\\/#\\\/schema\\\/logo\\\/image\\\/\",\"url\":\"https:\\\/\\\/www.ubu.de\\\/wp-content\\\/uploads\\\/2016\\\/07\\\/ubu-elephant.png\",\"contentUrl\":\"https:\\\/\\\/www.ubu.de\\\/wp-content\\\/uploads\\\/2016\\\/07\\\/ubu-elephant.png\",\"width\":250,\"height\":250,\"caption\":\"ubu - safety at work\"},\"image\":{\"@id\":\"https:\\\/\\\/www.ubu.de\\\/#\\\/schema\\\/logo\\\/image\\\/\"}}]}<\/script>\n<!-- \/ Yoast SEO plugin. -->","yoast_head_json":{"title":"Datenschutz - ubu - Arbeitsschutz f\u00fcr Hotels und Gastronomie","robots":{"index":"index","follow":"follow","max-snippet":"max-snippet:-1","max-image-preview":"max-image-preview:large","max-video-preview":"max-video-preview:-1"},"canonical":"https:\/\/www.ubu.de\/hr\/datenschutz\/","og_locale":"hr_HR","og_type":"article","og_title":"Datenschutz - ubu - Arbeitsschutz f\u00fcr Hotels und Gastronomie","og_url":"https:\/\/www.ubu.de\/hr\/datenschutz\/","og_site_name":"ubu - Arbeitsschutz f\u00fcr Hotels und Gastronomie","article_modified_time":"2026-03-20T13:03:48+00:00","twitter_card":"summary_large_image","twitter_misc":{"Procijenjeno vrijeme \u010ditanja":"1 minuta"},"schema":{"@context":"https:\/\/schema.org","@graph":[{"@type":"WebPage","@id":"https:\/\/www.ubu.de\/datenschutz\/","url":"https:\/\/www.ubu.de\/datenschutz\/","name":"Datenschutz - ubu - Arbeitsschutz f\u00fcr Hotels und Gastronomie","isPartOf":{"@id":"https:\/\/www.ubu.de\/#website"},"datePublished":"2016-08-06T10:40:35+00:00","dateModified":"2026-03-20T13:03:48+00:00","breadcrumb":{"@id":"https:\/\/www.ubu.de\/datenschutz\/#breadcrumb"},"inLanguage":"hr","potentialAction":[{"@type":"ReadAction","target":["https:\/\/www.ubu.de\/datenschutz\/"]}]},{"@type":"BreadcrumbList","@id":"https:\/\/www.ubu.de\/datenschutz\/#breadcrumb","itemListElement":[{"@type":"ListItem","position":1,"name":"Startseite","item":"https:\/\/www.ubu.de\/"},{"@type":"ListItem","position":2,"name":"Datenschutz"}]},{"@type":"WebSite","@id":"https:\/\/www.ubu.de\/#website","url":"https:\/\/www.ubu.de\/","name":"ubu - Arbeitsschutz f\u00fcr Hotels und Gastronomie","description":"sigurnost na radu","publisher":{"@id":"https:\/\/www.ubu.de\/#organization"},"potentialAction":[{"@type":"SearchAction","target":{"@type":"EntryPoint","urlTemplate":"https:\/\/www.ubu.de\/?s={search_term_string}"},"query-input":{"@type":"PropertyValueSpecification","valueRequired":true,"valueName":"search_term_string"}}],"inLanguage":"hr"},{"@type":"Organization","@id":"https:\/\/www.ubu.de\/#organization","name":"ubu - safety at work","url":"https:\/\/www.ubu.de\/","logo":{"@type":"ImageObject","inLanguage":"hr","@id":"https:\/\/www.ubu.de\/#\/schema\/logo\/image\/","url":"https:\/\/www.ubu.de\/wp-content\/uploads\/2016\/07\/ubu-elephant.png","contentUrl":"https:\/\/www.ubu.de\/wp-content\/uploads\/2016\/07\/ubu-elephant.png","width":250,"height":250,"caption":"ubu - safety at work"},"image":{"@id":"https:\/\/www.ubu.de\/#\/schema\/logo\/image\/"}}]}},"_links":{"self":[{"href":"https:\/\/www.ubu.de\/hr\/wp-json\/wp\/v2\/pages\/25955","targetHints":{"allow":["GET"]}}],"collection":[{"href":"https:\/\/www.ubu.de\/hr\/wp-json\/wp\/v2\/pages"}],"about":[{"href":"https:\/\/www.ubu.de\/hr\/wp-json\/wp\/v2\/types\/page"}],"author":[{"embeddable":true,"href":"https:\/\/www.ubu.de\/hr\/wp-json\/wp\/v2\/users\/1"}],"replies":[{"embeddable":true,"href":"https:\/\/www.ubu.de\/hr\/wp-json\/wp\/v2\/comments?post=25955"}],"version-history":[{"count":10,"href":"https:\/\/www.ubu.de\/hr\/wp-json\/wp\/v2\/pages\/25955\/revisions"}],"predecessor-version":[{"id":28877,"href":"https:\/\/www.ubu.de\/hr\/wp-json\/wp\/v2\/pages\/25955\/revisions\/28877"}],"wp:attachment":[{"href":"https:\/\/www.ubu.de\/hr\/wp-json\/wp\/v2\/media?parent=25955"}],"curies":[{"name":"wp","href":"https:\/\/api.w.org\/{rel}","templated":true}]}}