{"id":28208,"date":"2025-04-01T08:58:17","date_gmt":"2025-04-01T06:58:17","guid":{"rendered":"https:\/\/www.ubu.de\/?page_id=28208"},"modified":"2026-03-20T14:04:05","modified_gmt":"2026-03-20T13:04:05","slug":"c01-unterweisung-zur-unterweisung","status":"publish","type":"page","link":"https:\/\/www.ubu.de\/hr\/c01-unterweisung-zur-unterweisung\/","title":{"rendered":"C01 Die Unterweisung zur Unterweisung"},"content":{"rendered":"<div class=\"et_pb_section_0 et_pb_section et_section_regular et_block_section et_animated\"><div class=\"et_pb_row_0 et_pb_row et_block_row\"><div class=\"et_pb_column_0 et_pb_column et_pb_column_4_4 et-last-child et_block_column et_pb_css_mix_blend_mode_passthrough\"><div class=\"et_pb_text_0 et_pb_text et_pb_bg_layout_dark et_pb_module et_block_module et_pb_text_align_center\"><div class=\"et_pb_text_inner\"><h1>Digitalna nastava<\/h1>\n<\/div><\/div><\/div><\/div><\/div><div class=\"et_pb_section_1 et_pb_section et_section_regular et_block_section\"><div class=\"et_pb_row_1 et_pb_row et_block_row\"><div class=\"et_pb_column_1 et_pb_column et_pb_column_4_4 et-last-child et_block_column et_pb_css_mix_blend_mode_passthrough\"><div class=\"et_pb_blurb_0 et_pb_blurb et_pb_bg_layout_light et_pb_blurb_position_top et_pb_module et_block_module\"><div class=\"et_pb_blurb_content\"><div class=\"et_pb_blurb_container\"><h1 class=\"et_pb_module_header\">Uputa o podu\u010davanju<\/h1><div class=\"et_pb_blurb_description\"><h3><span style=\"color: #336699;\">ili kako motivirati kolege da ozbiljno shvate za\u0161titu na radu.<\/span><\/h3>\n<p>Na\u0161a svakodnevna rutina predstavlja sigurnosni rizik. Polovica svih nesre\u0107a na radu doga\u0111a se zato \u0161to je \u017ertva podcijenila potencijalnu opasnost svoje aktivnosti.<\/p>\n<p>Ve\u0107ina zaposlenika radi na poslovima umjerene opasnosti od nesre\u0107a \u2013 no, iznena\u0111uju\u0107e, upravo to omogu\u0107uje nesigurno pona\u0161anje, osobito kad postoji vremenski pritisak.<\/p>\n<p>Veliki broj nesre\u0107a i dalje je uzrokovan spoticanjem, klizanjem ili padom pri obi\u010dnom hodanju od to\u010dke A do to\u010dke B. Mo\u017eda prelazite dvori\u0161te, brzo pi\u0161ete SMS poruku i ne primijetite novi ili stari rizik od spoticanja \u2013 na\u017ealost, to \u010desto dovodi do ozbiljnih prijeloma kostiju!<\/p>\n<p>Ove \u010dinjenice pru\u017eaju nam vrlo va\u017enu polaznu to\u010dku za pozitivno utjecanje na pona\u0161anje zaposlenika kao menad\u017eera. Cilj bi trebao biti u\u010diniti sigurno pona\u0161anje po\u017eeljnijim za zaposlenike od nesigurnog pona\u0161anja \u2013 drugim rije\u010dima, \u201emotivirati\u201c pojedine zaposlenike da sami procijene vlastite rizike.<\/p>\n<p>U na\u0161im uputama vam pru\u017eamo alat za to. Me\u0111utim, ako zaista \u017eelite promicati sigurno pona\u0161anje me\u0111u svojim kolegama, proslijedite na\u0161e sigurnosne upute i zatim razgovarajte sa svojim zaposlenicima o njihovim vlastitim iskustvima na tu temu, poput uzroka nesre\u0107a na njihovom radnom mjestu.<\/p>\n<p>&nbsp;<\/p>\n<section><\/section>\n<\/div><\/div><\/div><\/div><div class=\"et_pb_image_0 et_pb_image et_pb_module et_block_module preset--module--divi-image--default\"><span class=\"et_pb_image_wrap\"><img loading=\"lazy\" decoding=\"async\" src=\"https:\/\/www.ubu.de\/wp-content\/uploads\/Leitfaden-zur-Unterweisung-ubu-GmbH-Arbeitsschutz.png\" width=\"1744\" height=\"1292\" srcset=\"https:\/\/www.ubu.de\/wp-content\/uploads\/Leitfaden-zur-Unterweisung-ubu-GmbH-Arbeitsschutz.png 1744w, https:\/\/www.ubu.de\/wp-content\/uploads\/Leitfaden-zur-Unterweisung-ubu-GmbH-Arbeitsschutz-1280x948.png 1280w, https:\/\/www.ubu.de\/wp-content\/uploads\/Leitfaden-zur-Unterweisung-ubu-GmbH-Arbeitsschutz-980x726.png 980w, https:\/\/www.ubu.de\/wp-content\/uploads\/Leitfaden-zur-Unterweisung-ubu-GmbH-Arbeitsschutz-480x356.png 480w\" sizes=\"(min-width: 0px) and (max-width: 480px) 480px, (min-width: 481px) and (max-width: 980px) 980px, (min-width: 981px) and (max-width: 1280px) 1280px, (min-width: 1281px) 1744px, 100vw\" class=\"wp-image-28224\" title=\"Smjernice za poduku o za\u0161titi na radu i zdravlju na radu tvrtke ubu GmbH\" \/><\/span><\/div><div class=\"et_pb_blurb_1 et_pb_blurb et_pb_bg_layout_light et_pb_blurb_position_top et_pb_module et_block_module\"><div class=\"et_pb_blurb_content\"><div class=\"et_pb_blurb_container\"><h2 class=\"et_pb_module_header\">U slu\u010daju nesre\u0107a:<\/h2><div class=\"et_pb_blurb_description\"><section>\n<ul>\n<li>Koji su uzroci?<\/li>\n<li>Koje se nesre\u0107e na radnom mjestu doga\u0111aju \u010de\u0161\u0107e i koje su njihove posljedice?<\/li>\n<li>Smatrate li no\u0161enje osobne za\u0161titne opreme neudobnim, neotmjenim ili \u010dak ometaju\u0107im za rad?<\/li>\n<\/ul>\n<\/section>\n<p>\u0160to mo\u017eete u\u010diniti, na primjer, kako biste potaknuli upotrebu osobne za\u0161titne opreme u svojoj tvrtki?<\/p>\n<p>Stopa tro\u0161enja ovisi ponajvi\u0161e o udobnosti no\u0161enja, ali izgled tako\u0111er igra va\u017enu ulogu za mnoge zaposlenike. Zato zbog tro\u0161kova ne kupujte uvijek dosadne, standardizirane proizvode. Va\u0161i \u0107e vam zaposlenici biti zahvalni \u2013 a vi \u0107ete promicati sigurno pona\u0161anje!<\/p>\n<p>Kao nadzornik, tako\u0111er ste obvezni nadzirati po\u0161tivanje sigurnosnih propisa \u2013 i, naravno, provoditi ih. Kao krajnje sredstvo mogu se primijeniti disciplinske mjere, poput upozorenja, ali do toga zapravo nikada ne bi smjelo do\u0107i.<\/p>\n<p>Va\u0161e osobno pona\u0161anje u pogledu sigurnosti \u2013 kao i korporativna kultura va\u0161e tvrtke \u2013 igra ulogu koju ne treba podcjenjivati. Budite menad\u017eer koji je svjestan svoje odgovornosti za prevenciju nesre\u0107a i nagradite pona\u0161anje usmjereno na sigurnost, na primjer otvoreno pohvaljuju\u0107i pojedine zaposlenike.<\/p>\n<p>Na\u0161e upute osmi\u0161ljene su da vam pomognu u\u010diniti sigurnost u va\u0161oj tvrtki privla\u010dnijom! Me\u0111utim, molimo vas da tako\u0111er odvojite vrijeme za razgovor o sadr\u017eaju sa svojim zaposlenicima.<\/p>\n<p>Sigurnost mo\u017ee u po\u010detku potrajati, ali zdravi zaposlenici znatno rje\u0111e izostaju s posla od bolesnih \u2013 a dugoro\u010dno ne samo da \u0161tedite novac, nego dobivate i vi\u0161e vremena za nove aktivnosti!<\/p>\n<\/div><\/div><\/div><\/div><\/div><\/div><\/div>","protected":false},"excerpt":{"rendered":"","protected":false},"author":1,"featured_media":0,"parent":0,"menu_order":0,"comment_status":"closed","ping_status":"closed","template":"","meta":{"_acf_changed":false,"inline_featured_image":false,"footnotes":""},"class_list":["post-28208","page","type-page","status-publish","hentry"],"acf":[],"yoast_head":"<!-- This site is optimized with the Yoast SEO plugin v27.4 - https:\/\/yoast.com\/product\/yoast-seo-wordpress\/ -->\n<title>C01 Die Unterweisung zur Unterweisung - ubu - Arbeitsschutz f\u00fcr Hotels und Gastronomie<\/title>\n<meta name=\"robots\" content=\"index, follow, max-snippet:-1, max-image-preview:large, max-video-preview:-1\" \/>\n<link rel=\"canonical\" href=\"https:\/\/www.ubu.de\/hr\/c01-unterweisung-zur-unterweisung\/\" \/>\n<meta property=\"og:locale\" content=\"hr_HR\" \/>\n<meta property=\"og:type\" content=\"article\" \/>\n<meta property=\"og:title\" content=\"C01 Die Unterweisung zur Unterweisung - ubu - Arbeitsschutz f\u00fcr Hotels und Gastronomie\" \/>\n<meta property=\"og:url\" content=\"https:\/\/www.ubu.de\/hr\/c01-unterweisung-zur-unterweisung\/\" \/>\n<meta property=\"og:site_name\" content=\"ubu - Arbeitsschutz f\u00fcr Hotels und Gastronomie\" \/>\n<meta property=\"article:modified_time\" content=\"2026-03-20T13:04:05+00:00\" \/>\n<meta name=\"twitter:card\" content=\"summary_large_image\" \/>\n<meta name=\"twitter:label1\" content=\"Procijenjeno vrijeme \u010ditanja\" \/>\n\t<meta name=\"twitter:data1\" content=\"3 minute\" \/>\n<script type=\"application\/ld+json\" class=\"yoast-schema-graph\">{\"@context\":\"https:\\\/\\\/schema.org\",\"@graph\":[{\"@type\":\"WebPage\",\"@id\":\"https:\\\/\\\/www.ubu.de\\\/c01-unterweisung-zur-unterweisung\\\/\",\"url\":\"https:\\\/\\\/www.ubu.de\\\/c01-unterweisung-zur-unterweisung\\\/\",\"name\":\"C01 Die Unterweisung zur Unterweisung - ubu - Arbeitsschutz f\u00fcr Hotels und Gastronomie\",\"isPartOf\":{\"@id\":\"https:\\\/\\\/www.ubu.de\\\/#website\"},\"datePublished\":\"2025-04-01T06:58:17+00:00\",\"dateModified\":\"2026-03-20T13:04:05+00:00\",\"breadcrumb\":{\"@id\":\"https:\\\/\\\/www.ubu.de\\\/c01-unterweisung-zur-unterweisung\\\/#breadcrumb\"},\"inLanguage\":\"hr\",\"potentialAction\":[{\"@type\":\"ReadAction\",\"target\":[\"https:\\\/\\\/www.ubu.de\\\/c01-unterweisung-zur-unterweisung\\\/\"]}]},{\"@type\":\"BreadcrumbList\",\"@id\":\"https:\\\/\\\/www.ubu.de\\\/c01-unterweisung-zur-unterweisung\\\/#breadcrumb\",\"itemListElement\":[{\"@type\":\"ListItem\",\"position\":1,\"name\":\"Startseite\",\"item\":\"https:\\\/\\\/www.ubu.de\\\/\"},{\"@type\":\"ListItem\",\"position\":2,\"name\":\"C01 Die Unterweisung zur Unterweisung\"}]},{\"@type\":\"WebSite\",\"@id\":\"https:\\\/\\\/www.ubu.de\\\/#website\",\"url\":\"https:\\\/\\\/www.ubu.de\\\/\",\"name\":\"ubu - Arbeitsschutz f\u00fcr Hotels und Gastronomie\",\"description\":\"safety at work\",\"publisher\":{\"@id\":\"https:\\\/\\\/www.ubu.de\\\/#organization\"},\"potentialAction\":[{\"@type\":\"SearchAction\",\"target\":{\"@type\":\"EntryPoint\",\"urlTemplate\":\"https:\\\/\\\/www.ubu.de\\\/?s={search_term_string}\"},\"query-input\":{\"@type\":\"PropertyValueSpecification\",\"valueRequired\":true,\"valueName\":\"search_term_string\"}}],\"inLanguage\":\"hr\"},{\"@type\":\"Organization\",\"@id\":\"https:\\\/\\\/www.ubu.de\\\/#organization\",\"name\":\"ubu - safety at work\",\"url\":\"https:\\\/\\\/www.ubu.de\\\/\",\"logo\":{\"@type\":\"ImageObject\",\"inLanguage\":\"hr\",\"@id\":\"https:\\\/\\\/www.ubu.de\\\/#\\\/schema\\\/logo\\\/image\\\/\",\"url\":\"https:\\\/\\\/www.ubu.de\\\/wp-content\\\/uploads\\\/2016\\\/07\\\/ubu-elephant.png\",\"contentUrl\":\"https:\\\/\\\/www.ubu.de\\\/wp-content\\\/uploads\\\/2016\\\/07\\\/ubu-elephant.png\",\"width\":250,\"height\":250,\"caption\":\"ubu - safety at work\"},\"image\":{\"@id\":\"https:\\\/\\\/www.ubu.de\\\/#\\\/schema\\\/logo\\\/image\\\/\"}}]}<\/script>\n<!-- \/ Yoast SEO plugin. -->","yoast_head_json":{"title":"C01 Die Unterweisung zur Unterweisung - ubu - Arbeitsschutz f\u00fcr Hotels und Gastronomie","robots":{"index":"index","follow":"follow","max-snippet":"max-snippet:-1","max-image-preview":"max-image-preview:large","max-video-preview":"max-video-preview:-1"},"canonical":"https:\/\/www.ubu.de\/hr\/c01-unterweisung-zur-unterweisung\/","og_locale":"hr_HR","og_type":"article","og_title":"C01 Die Unterweisung zur Unterweisung - ubu - Arbeitsschutz f\u00fcr Hotels und Gastronomie","og_url":"https:\/\/www.ubu.de\/hr\/c01-unterweisung-zur-unterweisung\/","og_site_name":"ubu - Arbeitsschutz f\u00fcr Hotels und Gastronomie","article_modified_time":"2026-03-20T13:04:05+00:00","twitter_card":"summary_large_image","twitter_misc":{"Procijenjeno vrijeme \u010ditanja":"3 minute"},"schema":{"@context":"https:\/\/schema.org","@graph":[{"@type":"WebPage","@id":"https:\/\/www.ubu.de\/c01-unterweisung-zur-unterweisung\/","url":"https:\/\/www.ubu.de\/c01-unterweisung-zur-unterweisung\/","name":"C01 Die Unterweisung zur Unterweisung - ubu - Arbeitsschutz f\u00fcr Hotels und Gastronomie","isPartOf":{"@id":"https:\/\/www.ubu.de\/#website"},"datePublished":"2025-04-01T06:58:17+00:00","dateModified":"2026-03-20T13:04:05+00:00","breadcrumb":{"@id":"https:\/\/www.ubu.de\/c01-unterweisung-zur-unterweisung\/#breadcrumb"},"inLanguage":"hr","potentialAction":[{"@type":"ReadAction","target":["https:\/\/www.ubu.de\/c01-unterweisung-zur-unterweisung\/"]}]},{"@type":"BreadcrumbList","@id":"https:\/\/www.ubu.de\/c01-unterweisung-zur-unterweisung\/#breadcrumb","itemListElement":[{"@type":"ListItem","position":1,"name":"Startseite","item":"https:\/\/www.ubu.de\/"},{"@type":"ListItem","position":2,"name":"C01 Die Unterweisung zur Unterweisung"}]},{"@type":"WebSite","@id":"https:\/\/www.ubu.de\/#website","url":"https:\/\/www.ubu.de\/","name":"ubu - Arbeitsschutz f\u00fcr Hotels und Gastronomie","description":"sigurnost na radu","publisher":{"@id":"https:\/\/www.ubu.de\/#organization"},"potentialAction":[{"@type":"SearchAction","target":{"@type":"EntryPoint","urlTemplate":"https:\/\/www.ubu.de\/?s={search_term_string}"},"query-input":{"@type":"PropertyValueSpecification","valueRequired":true,"valueName":"search_term_string"}}],"inLanguage":"hr"},{"@type":"Organization","@id":"https:\/\/www.ubu.de\/#organization","name":"ubu - safety at work","url":"https:\/\/www.ubu.de\/","logo":{"@type":"ImageObject","inLanguage":"hr","@id":"https:\/\/www.ubu.de\/#\/schema\/logo\/image\/","url":"https:\/\/www.ubu.de\/wp-content\/uploads\/2016\/07\/ubu-elephant.png","contentUrl":"https:\/\/www.ubu.de\/wp-content\/uploads\/2016\/07\/ubu-elephant.png","width":250,"height":250,"caption":"ubu - safety at work"},"image":{"@id":"https:\/\/www.ubu.de\/#\/schema\/logo\/image\/"}}]}},"_links":{"self":[{"href":"https:\/\/www.ubu.de\/hr\/wp-json\/wp\/v2\/pages\/28208","targetHints":{"allow":["GET"]}}],"collection":[{"href":"https:\/\/www.ubu.de\/hr\/wp-json\/wp\/v2\/pages"}],"about":[{"href":"https:\/\/www.ubu.de\/hr\/wp-json\/wp\/v2\/types\/page"}],"author":[{"embeddable":true,"href":"https:\/\/www.ubu.de\/hr\/wp-json\/wp\/v2\/users\/1"}],"replies":[{"embeddable":true,"href":"https:\/\/www.ubu.de\/hr\/wp-json\/wp\/v2\/comments?post=28208"}],"version-history":[{"count":6,"href":"https:\/\/www.ubu.de\/hr\/wp-json\/wp\/v2\/pages\/28208\/revisions"}],"predecessor-version":[{"id":28893,"href":"https:\/\/www.ubu.de\/hr\/wp-json\/wp\/v2\/pages\/28208\/revisions\/28893"}],"wp:attachment":[{"href":"https:\/\/www.ubu.de\/hr\/wp-json\/wp\/v2\/media?parent=28208"}],"curies":[{"name":"wp","href":"https:\/\/api.w.org\/{rel}","templated":true}]}}