{"id":25824,"date":"2016-07-26T16:48:00","date_gmt":"2016-07-26T14:48:00","guid":{"rendered":"http:\/\/www.ubu.de\/?page_id=25824"},"modified":"2026-03-20T14:03:47","modified_gmt":"2026-03-20T13:03:47","slug":"ueber-uns","status":"publish","type":"page","link":"https:\/\/www.ubu.de\/pl\/ueber-uns\/","title":{"rendered":"O nas"},"content":{"rendered":"<div class=\"et_pb_section_1 et_pb_section et_pb_fullwidth_section et_section_regular et_block_section\"><div class=\"et_pb_fullwidth_slider_1 et_pb_slider et_pb_slider_no_arrows et_pb_slider_no_pagination et_pb_module preset--module--divi-fullwidth-slider--default\"><div class=\"box-shadow-overlay\"><\/div><div class=\"et_pb_slides\"><div class=\"et_pb_slide_1 et_pb_slide et_pb_slider_with_overlay et_pb_media_alignment_center et_pb_bg_layout_dark et_pb_text_align_center et_pb_section_parallax\" data-slide-id=\"divi\/slide-1\"><span class=\"et-pb-parallax-wrapper\"><span class=\"et-pb-parallax-background et-pb-parallax-background-module--divi-slide-1\" style=\"background-image:url(https:\/\/www.ubu.de\/wp-content\/uploads\/2016\/07\/ubu-team-Spezialist-f\u00fcr-Arbeitsschutz-Arbeitssicherheit-Gastronomie-Restaurants-und-Hotels.jpg)\"><\/span><\/span><div class=\"et_pb_slide_overlay_container\"><\/div><div class=\"et_pb_container\"><div class=\"et_pb_slider_container_inner\"><div class=\"et_pb_slide_description\"><h2 class=\"et_pb_slide_title\">Zesp\u00f3\u0142 ubu<\/h2><\/div><\/div><\/div><\/div><\/div><\/div><\/div><div class=\"et_pb_section_2 et_pb_section et_section_regular et_block_section\"><div class=\"et_pb_row_0 et_pb_row et_pb_row_4col et_block_row et_block_row_4col\"><div class=\"et_pb_column_0 et_pb_column et_pb_column_1_4 et_block_column et_pb_css_mix_blend_mode_passthrough\"><div class=\"et_pb_blurb_0 et_pb_blurb et_pb_bg_layout_light et_pb_text_align_center et_pb_blurb_position_top et_pb_module et_block_module\"><div class=\"et_pb_blurb_content\"><div class=\"et_pb_main_blurb_image\"><span class=\"et_pb_image_wrap\"><span class=\"et-pb-icon\">\ue00c<\/span><\/span><\/div><div class=\"et_pb_blurb_container\"><h4 class=\"et_pb_module_header\">Nowoczesny<\/h4><div class=\"et_pb_blurb_description\"><p>Kochamy nowe technologie i \u017cyjemy w nowoczesnym stylu pracy.<\/p>\n<\/div><\/div><\/div><\/div><\/div><div class=\"et_pb_column_1 et_pb_column et_pb_column_1_4 et_block_column et_pb_css_mix_blend_mode_passthrough\"><div class=\"et_pb_blurb_1 et_pb_blurb et_pb_bg_layout_light et_pb_text_align_center et_pb_blurb_position_top et_pb_module et_block_module\"><div class=\"et_pb_blurb_content\"><div class=\"et_pb_main_blurb_image\"><span class=\"et_pb_image_wrap\"><span class=\"et-pb-icon\">\ue038<\/span><\/span><\/div><div class=\"et_pb_blurb_container\"><h4 class=\"et_pb_module_header\">Wydajno\u015b\u0107<\/h4><div class=\"et_pb_blurb_description\"><p>Odchudzone struktury, nowoczesne narz\u0119dzia i elastyczny czas wdro\u017cenia pozwalaj\u0105 zaoszcz\u0119dzi\u0107 pieni\u0105dze.<\/p>\n<\/div><\/div><\/div><\/div><\/div><div class=\"et_pb_column_2 et_pb_column et_pb_column_1_4 et_block_column et_pb_css_mix_blend_mode_passthrough\"><div class=\"et_pb_blurb_2 et_pb_blurb et_pb_bg_layout_light et_pb_text_align_center et_pb_blurb_position_top et_pb_module et_block_module\"><div class=\"et_pb_blurb_content\"><div class=\"et_pb_main_blurb_image\"><span class=\"et_pb_image_wrap\"><span class=\"et-pb-icon\">\ue007<\/span><\/span><\/div><div class=\"et_pb_blurb_container\"><h4 class=\"et_pb_module_header\">Kompetentny<\/h4><div class=\"et_pb_blurb_description\"><p>Wieloletnie do\u015bwiadczenie i solidna wiedza. Nasi klienci doceniaj\u0105 to od lat.<\/p>\n<\/div><\/div><\/div><\/div><\/div><div class=\"et_pb_column_3 et_pb_column et_pb_column_1_4 et-last-child et_block_column et_pb_css_mix_blend_mode_passthrough\"><div class=\"et_pb_blurb_3 et_pb_blurb et_pb_bg_layout_light et_pb_text_align_center et_pb_blurb_position_top et_pb_module et_block_module\"><div class=\"et_pb_blurb_content\"><div class=\"et_pb_main_blurb_image\"><span class=\"et_pb_image_wrap\"><span class=\"et-pb-icon\">\ue106<\/span><\/span><\/div><div class=\"et_pb_blurb_container\"><h4 class=\"et_pb_module_header\">Zorientowanie na klienta<\/h4><div class=\"et_pb_blurb_description\"><p>Zadowolenie klienta jest naszym najwy\u017cszym priorytetem. Lojalno\u015b\u0107 to co\u015b, na co pracujemy ka\u017cdego dnia.<\/p>\n<\/div><\/div><\/div><\/div><\/div><\/div><\/div><div class=\"et_pb_section_3 et_pb_section et_section_regular et_block_section\"><div class=\"et_pb_row_1 et_pb_row et_block_row\"><div class=\"et_pb_column_4 et_pb_column et_pb_column_4_4 et-last-child et_block_column et_pb_css_mix_blend_mode_passthrough\"><ul class=\"et_pb_counters_0 et_pb_counters et-waypoint et_pb_bg_layout_light et_pb_module et_block_module\"><li class=\"et_pb_counter_0 et_pb_counter\"><span class=\"et_pb_counter_title\"> Bezpiecze\u0144stwo pracy <\/span><span class=\"et_pb_counter_container\"><span class=\"et_pb_counter_amount\" data-width=\"60%\"><span class=\"et_pb_counter_amount_number\"><span class=\"et_pb_counter_amount_number_inner\">60%<\/span><\/span><\/span><span class=\"et_pb_counter_amount overlay\" data-width=\"60%\"><span class=\"et_pb_counter_amount_number\"><span class=\"et_pb_counter_amount_number_inner\">60%<\/span><\/span><\/span><\/span><\/li><li class=\"et_pb_counter_1 et_pb_counter\"><span class=\"et_pb_counter_title\"> Medycyna pracy <\/span><span class=\"et_pb_counter_container\"><span class=\"et_pb_counter_amount\" data-width=\"40%\"><span class=\"et_pb_counter_amount_number\"><span class=\"et_pb_counter_amount_number_inner\">40%<\/span><\/span><\/span><span class=\"et_pb_counter_amount overlay\" data-width=\"40%\"><span class=\"et_pb_counter_amount_number\"><span class=\"et_pb_counter_amount_number_inner\">40%<\/span><\/span><\/span><\/span><\/li><li class=\"et_pb_counter_2 et_pb_counter\"><span class=\"et_pb_counter_title\"> Zadowolenie klienta <\/span><span class=\"et_pb_counter_container\"><span class=\"et_pb_counter_amount\" data-width=\"78%\"><span class=\"et_pb_counter_amount_number\"><span class=\"et_pb_counter_amount_number_inner\">78%<\/span><\/span><\/span><span class=\"et_pb_counter_amount overlay\" data-width=\"78%\"><span class=\"et_pb_counter_amount_number\"><span class=\"et_pb_counter_amount_number_inner\">78%<\/span><\/span><\/span><\/span><\/li><li class=\"et_pb_counter_3 et_pb_counter\"><span class=\"et_pb_counter_title\"> Spo\u017cycie kawy <\/span><span class=\"et_pb_counter_container\"><span class=\"et_pb_counter_amount\" data-width=\"99%\"><span class=\"et_pb_counter_amount_number\"><span class=\"et_pb_counter_amount_number_inner\">99%<\/span><\/span><\/span><span class=\"et_pb_counter_amount overlay\" data-width=\"99%\"><span class=\"et_pb_counter_amount_number\"><span class=\"et_pb_counter_amount_number_inner\">99%<\/span><\/span><\/span><\/span><\/li><\/ul><\/div><\/div><\/div><div class=\"et_pb_section_4 et_pb_section et_section_regular et_block_section\"><div class=\"et_pb_row_2 et_pb_row et_block_row\"><div class=\"et_pb_column_5 et_pb_column et_pb_column_4_4 et-last-child et_block_column et_pb_css_mix_blend_mode_passthrough\"><div class=\"et_pb_blurb_4 et_pb_blurb et_pb_bg_layout_light et_pb_text_align_center et_pb_blurb_position_top et_pb_module et_block_module\"><div class=\"et_pb_blurb_content\"><div class=\"et_pb_blurb_container\"><div class=\"et_pb_blurb_description\"><h1><span style=\"color: #ffffff;\">Historia ubu<\/span><\/h1>\n<\/div><\/div><\/div><\/div><\/div><\/div><div class=\"et_pb_row_3 et_pb_row et_block_row\"><div class=\"et_pb_column_6 et_pb_column et_pb_column_1_2 et_block_column et_pb_css_mix_blend_mode_passthrough\"><div class=\"et_pb_blurb_5 et_pb_blurb et_pb_bg_layout_light et_pb_text_align_right et_pb_blurb_position_top et_pb_module et_block_module\"><div class=\"et_pb_blurb_content\"><div class=\"et_pb_blurb_container\"><div class=\"et_pb_blurb_description\"><h1>Fakty<\/h1>\n<p>Za\u0142o\u017cona w 1987 roku w Ettlingen w Badenii, pocz\u0105tkowo dla firm w regionie. Po pomy\u015blnym pozyskaniu wielu klient\u00f3w, coraz bardziej aktywna w ca\u0142ych Niemczech. W zwi\u0105zku z tym od 2014 r. z dodatkow\u0105 lokalizacj\u0105 w Hamburgu dla p\u00f3\u0142nocnych Niemiec.<\/p>\n<\/div><\/div><\/div><\/div><\/div><div class=\"et_pb_column_7 et_pb_column et_pb_column_1_2 et-last-child et_block_column et_pb_column_empty et_pb_css_mix_blend_mode_passthrough\"><\/div><\/div><div class=\"et_pb_row_4 et_pb_row et_block_row\"><div class=\"et_pb_column_8 et_pb_column et_pb_column_1_2 et_block_column et_pb_column_empty et_pb_css_mix_blend_mode_passthrough\"><\/div><div class=\"et_pb_column_9 et_pb_column et_pb_column_1_2 et-last-child et_block_column et_pb_css_mix_blend_mode_passthrough\"><div class=\"et_pb_blurb_6 et_pb_blurb et_pb_bg_layout_light et_pb_blurb_position_top et_pb_module et_block_module\"><div class=\"et_pb_blurb_content\"><div class=\"et_pb_blurb_container\"><div class=\"et_pb_blurb_description\"><h1>Motywacja<\/h1>\n<p>Jeste\u015bmy przekonani, \u017ce brak bezpiecze\u0144stwa i higieny pracy mo\u017ce drogo kosztowa\u0107 ka\u017cd\u0105 firm\u0119. Naszym celem jest oferowanie naszym klientom aktywnego bezpiecze\u0144stwa i higieny pracy, kt\u00f3re op\u0142aca si\u0119 w d\u0142u\u017cszej perspektywie.<\/p>\n<\/div><\/div><\/div><\/div><\/div><\/div><div class=\"et_pb_row_5 et_pb_row et_block_row\"><div class=\"et_pb_column_10 et_pb_column et_pb_column_1_2 et_block_column et_pb_css_mix_blend_mode_passthrough\"><div class=\"et_pb_blurb_7 et_pb_blurb et_pb_bg_layout_light et_pb_text_align_right et_pb_blurb_position_top et_pb_module et_block_module\"><div class=\"et_pb_blurb_content\"><div class=\"et_pb_blurb_container\"><div class=\"et_pb_blurb_description\"><h1>Wizja<\/h1>\n<p>Od 2016 roku ubu przechodzi zmian\u0119 pokoleniow\u0105, kt\u00f3ra przynios\u0142a powiew \u015bwie\u017co\u015bci dzi\u0119ki cyfryzacji i nowym procesom wewn\u0119trznym. Nawet w coraz szybciej zmieniaj\u0105cym si\u0119 \u015bwiecie pracy, chcemy zapewni\u0107 naszym klientom nowoczesn\u0105 obs\u0142ug\u0119.<br \/>\noferuj\u0105 bezpiecze\u0144stwo i higien\u0119 pracy. Nadal kierujemy si\u0119 warto\u015bciami, kt\u00f3re le\u017c\u0105 u podstaw naszej dzia\u0142alno\u015bci.<\/p>\n<\/div><\/div><\/div><\/div><\/div><div class=\"et_pb_column_11 et_pb_column et_pb_column_1_2 et-last-child et_block_column et_pb_column_empty et_pb_css_mix_blend_mode_passthrough\"><\/div><\/div><\/div><div class=\"et_pb_section_5 et_pb_section et_section_regular et_block_section\"><div class=\"et_pb_row_6 et_pb_row et_block_row\"><div class=\"et_pb_column_12 et_pb_column et_pb_column_4_4 et-last-child et_block_column et_pb_css_mix_blend_mode_passthrough\"><div class=\"et_pb_cta_0 et_pb_promo et_pb_bg_layout_light et_pb_module et_block_module\"><div class=\"et_pb_promo_description\"><div class=\"et_pb_promo_content\"><h1 style=\"text-align: center;\">Osoby kontaktowe<\/h1>\n<\/div><\/div><\/div><\/div><\/div><div class=\"et_pb_row_7 et_pb_row et_pb_equal_columns et_block_row\"><div class=\"et_pb_column_13 et_pb_column et_pb_column_1_3 et_block_column et_pb_css_mix_blend_mode_passthrough\"><div class=\"et_pb_team_member_0 et_pb_team_member et_pb_bg_layout_light et_pb_module et_block_module\"><div class=\"et_pb_team_member_image et-waypoint et_pb_animation_fade_in\"><img loading=\"lazy\" decoding=\"async\" src=\"https:\/\/www.ubu.de\/wp-content\/uploads\/2016\/07\/Anke-Weischedel-ubu-Arbeitssicherheit-Arbeitsschutz-320px.jpeg\" alt=\"Anke Weischedel\" width=\"320\" height=\"320\" srcset=\"https:\/\/www.ubu.de\/wp-content\/uploads\/2016\/07\/Anke-Weischedel-ubu-Arbeitssicherheit-Arbeitsschutz-320px.jpeg 320w, https:\/\/www.ubu.de\/wp-content\/uploads\/2016\/07\/Anke-Weischedel-ubu-Arbeitssicherheit-Arbeitsschutz-320px-150x150.jpeg 150w, https:\/\/www.ubu.de\/wp-content\/uploads\/2016\/07\/Anke-Weischedel-ubu-Arbeitssicherheit-Arbeitsschutz-320px-300x300.jpeg 300w\" sizes=\"(max-width: 320px) 100vw, 320px\" class=\"wp-image-26216\" \/><\/div><div class=\"et_pb_team_member_description\"><h4 class=\"et_pb_module_header\">Anke Weischedel<\/h4><p class=\"et_pb_member_position\">Co-Gesch\u00e4ftsf\u00fchrerin & Sifa<\/p><div class=\"et_pb_team_member_description_content\"><p>Jako specjalista ds. bezpiecze\u0144stwa pracy, Anke Weischedel jest odpowiedzialna za wszystkie aspekty bezpiecze\u0144stwa i higieny pracy od 2005 roku. Jej wieloletnie do\u015bwiadczenie jako kierownika hotelu i cateringowca da\u0142o jej bogat\u0105 wiedz\u0119 na temat potrzeb tej bran\u017cy. Kiedy nie \u0107wiczy jogi, w \u017cyciu prywatnym jest pe\u0142n\u0105 humoru i pasji kuchark\u0105, dbaj\u0105c\u0105 o to, by w domu nigdy nie panowa\u0142 chaos.<\/p>\n<\/div><\/div><\/div><div class=\"et_pb_cta_1 et_pb_promo et_pb_bg_layout_dark et_pb_module et_block_module\"><div class=\"et_pb_promo_description et_multi_view_hidden\"><\/div><div class=\"et_pb_button_wrapper\"><a class=\"et_pb_button et_pb_promo_button\" target=\"_blank\" href=\"mailto:anke.weischedel@ubu.de\" rel=\"noreferrer\">anke.weischedel@ubu.de<\/a><\/div><\/div><\/div><div class=\"et_pb_column_14 et_pb_column et_pb_column_1_3 et_block_column et_pb_css_mix_blend_mode_passthrough\"><div class=\"et_pb_team_member_1 et_pb_team_member et_pb_bg_layout_light et_pb_module et_block_module\"><div class=\"et_pb_team_member_image et-waypoint et_pb_animation_fade_in\"><img loading=\"lazy\" decoding=\"async\" src=\"https:\/\/www.ubu.de\/wp-content\/uploads\/2016\/07\/Christoph-Weischedel-ubu-Arbeitsschutz-Gef\u00e4hrdungsbeurteilungen-320px.jpg\" alt=\"Christoph Weischedel\" width=\"320\" height=\"320\" srcset=\"https:\/\/www.ubu.de\/wp-content\/uploads\/2016\/07\/Christoph-Weischedel-ubu-Arbeitsschutz-Gef\u00e4hrdungsbeurteilungen-320px.jpg 320w, https:\/\/www.ubu.de\/wp-content\/uploads\/2016\/07\/Christoph-Weischedel-ubu-Arbeitsschutz-Gef\u00e4hrdungsbeurteilungen-320px-150x150.jpg 150w, https:\/\/www.ubu.de\/wp-content\/uploads\/2016\/07\/Christoph-Weischedel-ubu-Arbeitsschutz-Gef\u00e4hrdungsbeurteilungen-320px-300x300.jpg 300w\" sizes=\"(max-width: 320px) 100vw, 320px\" class=\"wp-image-26217\" \/><\/div><div class=\"et_pb_team_member_description\"><h4 class=\"et_pb_module_header\">Christoph Weischedel<\/h4><p class=\"et_pb_member_position\">Business Manager (Native Speaker j\u0119zyka angielskiego)<\/p><div class=\"et_pb_team_member_description_content\"><p>Christoph Weischedel pracuje jako Business Manager w firmie od czerwca 2014 roku. Jest odpowiedzialny za obs\u0142ug\u0119 klienta, zarz\u0105dzanie jako\u015bci\u0105 i marketing. Po prawie 27-letnim zwi\u0105zku z sze\u015bcioma ekranami, kt\u00f3re nie zawsze podziela\u0142y jego angielskie poczucie humoru, by\u0142y bankier inwestycyjny jest bardzo szcz\u0119\u015bliwy, \u017ce w ko\u0144cu mo\u017ce ponownie rozmawia\u0107 z prawdziwymi lud\u017ami osobi\u015bcie.<a href=\"mailto:christoph.weischedel@ubu.de\" target=\"_blank\" rel=\"noopener\" title=\"Prosz\u0119 o przes\u0142anie wiadomo\u015bci e-mail.\"><\/a><\/p>\n<\/div><\/div><\/div><div class=\"et_pb_cta_2 et_pb_promo et_pb_bg_layout_dark et_pb_module et_block_module\"><div class=\"et_pb_promo_description et_multi_view_hidden\"><\/div><div class=\"et_pb_button_wrapper\"><a class=\"et_pb_button et_pb_promo_button\" target=\"_blank\" href=\"mailto:christoph.weischedel@ubu.de\" rel=\"noreferrer\">christoph.weischedel@ubu.de<\/a><\/div><\/div><\/div><div class=\"et_pb_column_15 et_pb_column et_pb_column_1_3 et-last-child et_block_column et_pb_css_mix_blend_mode_passthrough\"><div class=\"et_pb_team_member_2 et_pb_team_member et_pb_bg_layout_light et_pb_module et_block_module\"><div class=\"et_pb_team_member_image et-waypoint et_pb_animation_fade_in\"><img loading=\"lazy\" decoding=\"async\" src=\"https:\/\/www.ubu.de\/wp-content\/uploads\/betriebsarzt-ubu.jpg\" alt=\"Dr. Christa Wacheck\" width=\"320\" height=\"320\" srcset=\"https:\/\/www.ubu.de\/wp-content\/uploads\/betriebsarzt-ubu.jpg 320w\" sizes=\"(max-width: 320px) 100vw, 320px\" class=\"wp-image-27477\" \/><\/div><div class=\"et_pb_team_member_description\"><h4 class=\"et_pb_module_header\">Dr Christa Wacheck<\/h4><p class=\"et_pb_member_position\">Lekarz firmowy<\/p><div class=\"et_pb_team_member_description_content\"><p>Nasz lekarz zak\u0142adowy, dr Christa Wacheck, jest mi\u0142o\u015bniczk\u0105 muzyki klasycznej, a je\u015bli gramofon kiedykolwiek si\u0119 zatrzyma, to prawdopodobnie dlatego, \u017ce jej nos jest poch\u0142oni\u0119ty now\u0105 powie\u015bci\u0105 kryminaln\u0105.<\/p>\n<p>Dr Nikolaus Droscha przeszed\u0142 na emerytur\u0119 ze stanowiska lekarza zak\u0142adowego w dniu 30 wrze\u015bnia 2022 r. z powodu wieku.<\/p>\n<\/div><\/div><\/div><div class=\"et_pb_cta_3 et_pb_promo et_pb_bg_layout_dark et_pb_module et_block_module\"><div class=\"et_pb_promo_description et_multi_view_hidden\"><\/div><div class=\"et_pb_button_wrapper\"><a class=\"et_pb_button et_pb_promo_button\" target=\"_blank\" href=\"mailto:betriebsarzt@ubu.de\" rel=\"noreferrer\">betriebsarzt@ubu.de<\/a><\/div><\/div><\/div><\/div><\/div>","protected":false},"excerpt":{"rendered":"","protected":false},"author":1,"featured_media":0,"parent":0,"menu_order":0,"comment_status":"closed","ping_status":"closed","template":"","meta":{"_acf_changed":false,"inline_featured_image":false,"footnotes":""},"class_list":["post-25824","page","type-page","status-publish","hentry"],"acf":[],"yoast_head":"<!-- This site is optimized with the Yoast SEO plugin v27.4 - https:\/\/yoast.com\/product\/yoast-seo-wordpress\/ -->\n<title>\u00dcber Uns - ubu - Arbeitsschutz f\u00fcr Hotels und Gastronomie<\/title>\n<meta name=\"robots\" content=\"index, follow, max-snippet:-1, max-image-preview:large, max-video-preview:-1\" \/>\n<link rel=\"canonical\" href=\"https:\/\/www.ubu.de\/pl\/ueber-uns\/\" \/>\n<meta property=\"og:locale\" content=\"pl_PL\" \/>\n<meta property=\"og:type\" content=\"article\" \/>\n<meta property=\"og:title\" content=\"\u00dcber Uns - ubu - Arbeitsschutz f\u00fcr Hotels und Gastronomie\" \/>\n<meta property=\"og:url\" content=\"https:\/\/www.ubu.de\/pl\/ueber-uns\/\" \/>\n<meta property=\"og:site_name\" content=\"ubu - Arbeitsschutz f\u00fcr Hotels und Gastronomie\" \/>\n<meta property=\"article:modified_time\" content=\"2026-03-20T13:03:47+00:00\" \/>\n<meta name=\"twitter:card\" content=\"summary_large_image\" \/>\n<script type=\"application\/ld+json\" class=\"yoast-schema-graph\">{\"@context\":\"https:\\\/\\\/schema.org\",\"@graph\":[{\"@type\":\"WebPage\",\"@id\":\"https:\\\/\\\/www.ubu.de\\\/ueber-uns\\\/\",\"url\":\"https:\\\/\\\/www.ubu.de\\\/ueber-uns\\\/\",\"name\":\"\u00dcber Uns - ubu - Arbeitsschutz f\u00fcr Hotels und Gastronomie\",\"isPartOf\":{\"@id\":\"https:\\\/\\\/www.ubu.de\\\/#website\"},\"datePublished\":\"2016-07-26T14:48:00+00:00\",\"dateModified\":\"2026-03-20T13:03:47+00:00\",\"breadcrumb\":{\"@id\":\"https:\\\/\\\/www.ubu.de\\\/ueber-uns\\\/#breadcrumb\"},\"inLanguage\":\"pl-PL\",\"potentialAction\":[{\"@type\":\"ReadAction\",\"target\":[\"https:\\\/\\\/www.ubu.de\\\/ueber-uns\\\/\"]}]},{\"@type\":\"BreadcrumbList\",\"@id\":\"https:\\\/\\\/www.ubu.de\\\/ueber-uns\\\/#breadcrumb\",\"itemListElement\":[{\"@type\":\"ListItem\",\"position\":1,\"name\":\"Startseite\",\"item\":\"https:\\\/\\\/www.ubu.de\\\/\"},{\"@type\":\"ListItem\",\"position\":2,\"name\":\"\u00dcber Uns\"}]},{\"@type\":\"WebSite\",\"@id\":\"https:\\\/\\\/www.ubu.de\\\/#website\",\"url\":\"https:\\\/\\\/www.ubu.de\\\/\",\"name\":\"ubu - Arbeitsschutz f\u00fcr Hotels und Gastronomie\",\"description\":\"safety at work\",\"publisher\":{\"@id\":\"https:\\\/\\\/www.ubu.de\\\/#organization\"},\"potentialAction\":[{\"@type\":\"SearchAction\",\"target\":{\"@type\":\"EntryPoint\",\"urlTemplate\":\"https:\\\/\\\/www.ubu.de\\\/?s={search_term_string}\"},\"query-input\":{\"@type\":\"PropertyValueSpecification\",\"valueRequired\":true,\"valueName\":\"search_term_string\"}}],\"inLanguage\":\"pl-PL\"},{\"@type\":\"Organization\",\"@id\":\"https:\\\/\\\/www.ubu.de\\\/#organization\",\"name\":\"ubu - safety at work\",\"url\":\"https:\\\/\\\/www.ubu.de\\\/\",\"logo\":{\"@type\":\"ImageObject\",\"inLanguage\":\"pl-PL\",\"@id\":\"https:\\\/\\\/www.ubu.de\\\/#\\\/schema\\\/logo\\\/image\\\/\",\"url\":\"https:\\\/\\\/www.ubu.de\\\/wp-content\\\/uploads\\\/2016\\\/07\\\/ubu-elephant.png\",\"contentUrl\":\"https:\\\/\\\/www.ubu.de\\\/wp-content\\\/uploads\\\/2016\\\/07\\\/ubu-elephant.png\",\"width\":250,\"height\":250,\"caption\":\"ubu - safety at work\"},\"image\":{\"@id\":\"https:\\\/\\\/www.ubu.de\\\/#\\\/schema\\\/logo\\\/image\\\/\"}}]}<\/script>\n<!-- \/ Yoast SEO plugin. -->","yoast_head_json":{"title":"\u00dcber Uns - ubu - Arbeitsschutz f\u00fcr Hotels und Gastronomie","robots":{"index":"index","follow":"follow","max-snippet":"max-snippet:-1","max-image-preview":"max-image-preview:large","max-video-preview":"max-video-preview:-1"},"canonical":"https:\/\/www.ubu.de\/pl\/ueber-uns\/","og_locale":"pl_PL","og_type":"article","og_title":"\u00dcber Uns - ubu - Arbeitsschutz f\u00fcr Hotels und Gastronomie","og_url":"https:\/\/www.ubu.de\/pl\/ueber-uns\/","og_site_name":"ubu - Arbeitsschutz f\u00fcr Hotels und Gastronomie","article_modified_time":"2026-03-20T13:03:47+00:00","twitter_card":"summary_large_image","schema":{"@context":"https:\/\/schema.org","@graph":[{"@type":"WebPage","@id":"https:\/\/www.ubu.de\/ueber-uns\/","url":"https:\/\/www.ubu.de\/ueber-uns\/","name":"\u00dcber Uns - ubu - Arbeitsschutz f\u00fcr Hotels und Gastronomie","isPartOf":{"@id":"https:\/\/www.ubu.de\/#website"},"datePublished":"2016-07-26T14:48:00+00:00","dateModified":"2026-03-20T13:03:47+00:00","breadcrumb":{"@id":"https:\/\/www.ubu.de\/ueber-uns\/#breadcrumb"},"inLanguage":"pl-PL","potentialAction":[{"@type":"ReadAction","target":["https:\/\/www.ubu.de\/ueber-uns\/"]}]},{"@type":"BreadcrumbList","@id":"https:\/\/www.ubu.de\/ueber-uns\/#breadcrumb","itemListElement":[{"@type":"ListItem","position":1,"name":"Startseite","item":"https:\/\/www.ubu.de\/"},{"@type":"ListItem","position":2,"name":"\u00dcber Uns"}]},{"@type":"WebSite","@id":"https:\/\/www.ubu.de\/#website","url":"https:\/\/www.ubu.de\/","name":"ubu - Arbeitsschutz f\u00fcr Hotels und Gastronomie","description":"bezpiecze\u0144stwo w pracy","publisher":{"@id":"https:\/\/www.ubu.de\/#organization"},"potentialAction":[{"@type":"SearchAction","target":{"@type":"EntryPoint","urlTemplate":"https:\/\/www.ubu.de\/?s={search_term_string}"},"query-input":{"@type":"PropertyValueSpecification","valueRequired":true,"valueName":"search_term_string"}}],"inLanguage":"pl-PL"},{"@type":"Organization","@id":"https:\/\/www.ubu.de\/#organization","name":"ubu - safety at work","url":"https:\/\/www.ubu.de\/","logo":{"@type":"ImageObject","inLanguage":"pl-PL","@id":"https:\/\/www.ubu.de\/#\/schema\/logo\/image\/","url":"https:\/\/www.ubu.de\/wp-content\/uploads\/2016\/07\/ubu-elephant.png","contentUrl":"https:\/\/www.ubu.de\/wp-content\/uploads\/2016\/07\/ubu-elephant.png","width":250,"height":250,"caption":"ubu - safety at work"},"image":{"@id":"https:\/\/www.ubu.de\/#\/schema\/logo\/image\/"}}]}},"_links":{"self":[{"href":"https:\/\/www.ubu.de\/pl\/wp-json\/wp\/v2\/pages\/25824","targetHints":{"allow":["GET"]}}],"collection":[{"href":"https:\/\/www.ubu.de\/pl\/wp-json\/wp\/v2\/pages"}],"about":[{"href":"https:\/\/www.ubu.de\/pl\/wp-json\/wp\/v2\/types\/page"}],"author":[{"embeddable":true,"href":"https:\/\/www.ubu.de\/pl\/wp-json\/wp\/v2\/users\/1"}],"replies":[{"embeddable":true,"href":"https:\/\/www.ubu.de\/pl\/wp-json\/wp\/v2\/comments?post=25824"}],"version-history":[{"count":10,"href":"https:\/\/www.ubu.de\/pl\/wp-json\/wp\/v2\/pages\/25824\/revisions"}],"predecessor-version":[{"id":28876,"href":"https:\/\/www.ubu.de\/pl\/wp-json\/wp\/v2\/pages\/25824\/revisions\/28876"}],"wp:attachment":[{"href":"https:\/\/www.ubu.de\/pl\/wp-json\/wp\/v2\/media?parent=25824"}],"curies":[{"name":"wp","href":"https:\/\/api.w.org\/{rel}","templated":true}]}}