{"id":25955,"date":"2016-08-06T12:40:35","date_gmt":"2016-08-06T10:40:35","guid":{"rendered":"http:\/\/www.ubu.de\/?page_id=25955"},"modified":"2026-03-20T14:03:48","modified_gmt":"2026-03-20T13:03:48","slug":"datenschutz","status":"publish","type":"page","link":"https:\/\/www.ubu.de\/pl\/datenschutz\/","title":{"rendered":"Ochrona danych"},"content":{"rendered":"<div class=\"et_pb_section_0 et_pb_section et_section_regular et_block_section\"><div class=\"et_pb_row_0 et_pb_row et_block_row\"><div class=\"et_pb_column_0 et_pb_column et_pb_column_4_4 et-last-child et_block_column et_pb_css_mix_blend_mode_passthrough\"><div class=\"et_pb_text_0 et_pb_text et_pb_bg_layout_light et_pb_module et_block_module\"><div class=\"et_pb_text_inner\"><h1>Polityka prywatno\u015bci<\/h1>\n<h2>1. ochrona danych w skr\u00f3cie<\/h2>\n<h3>Informacje og\u00f3lne<\/h3>\n<p>Poni\u017csze informacje stanowi\u0105 prosty przegl\u0105d tego, co dzieje si\u0119 z danymi osobowymi u\u017cytkownika podczas odwiedzania naszej witryny internetowej. Dane osobowe to wszelkie dane, kt\u00f3re mo\u017cna wykorzysta\u0107 do osobistej identyfikacji u\u017cytkownika. Szczeg\u00f3\u0142owe informacje na temat ochrony danych mo\u017cna znale\u017a\u0107 w naszym o\u015bwiadczeniu o ochronie danych, kt\u00f3re znajduje si\u0119 poni\u017cej tego tekstu.<\/p>\n<h3>Gromadzenie danych na naszej stronie internetowej<\/h3>\n<p><strong>Kto jest odpowiedzialny za gromadzenie danych na tej stronie?<\/strong><\/p>\n<p>Przetwarzanie danych na tej stronie internetowej jest przeprowadzane przez operatora strony. Dane kontaktowe operatora mo\u017cna znale\u017a\u0107 w nocie prawnej tej witryny.<\/p>\n<p><strong>W jaki spos\u00f3b gromadzimy dane u\u017cytkownik\u00f3w?<\/strong><\/p>\n<p>Z jednej strony dane u\u017cytkownika s\u0105 gromadzone, gdy u\u017cytkownik nam je przekazuje. Mog\u0105 to by\u0107 na przyk\u0142ad dane wprowadzone w formularzu kontaktowym.<\/p>\n<p>Inne dane s\u0105 gromadzone automatycznie przez nasze systemy informatyczne podczas odwiedzania strony internetowej. S\u0105 to przede wszystkim dane techniczne (np. przegl\u0105darka internetowa, system operacyjny lub czas wy\u015bwietlania strony). Dane te s\u0105 gromadzone automatycznie po wej\u015bciu na nasz\u0105 stron\u0119 internetow\u0105.<\/p>\n<p><strong>Do czego wykorzystujemy dane u\u017cytkownik\u00f3w?<\/strong><\/p>\n<p>Niekt\u00f3re dane s\u0105 gromadzone w celu zapewnienia bezb\u0142\u0119dnego dzia\u0142ania strony internetowej. Inne dane mog\u0105 by\u0107 wykorzystywane do analizy zachowa\u0144 u\u017cytkownik\u00f3w.<\/p>\n<p><strong>Jakie prawa przys\u0142uguj\u0105 u\u017cytkownikowi w odniesieniu do jego danych?<\/strong><\/p>\n<p>U\u017cytkownik ma prawo do bezp\u0142atnego otrzymania w dowolnym momencie informacji o pochodzeniu, odbiorcy i celu przechowywanych danych osobowych. U\u017cytkownik ma r\u00f3wnie\u017c prawo do \u017c\u0105dania poprawienia, zablokowania lub usuni\u0119cia tych danych. U\u017cytkownik mo\u017ce w ka\u017cdej chwili skontaktowa\u0107 si\u0119 z nami w tej sprawie oraz w innych kwestiach dotycz\u0105cych ochrony danych osobowych za po\u015brednictwem nast\u0119puj\u0105cych adres\u00f3w e-mail <a href=\"mailto:datenschutz@ubu.de\">datenschutz@ubu.de<\/a> skontaktowa\u0107 si\u0119 z nami. U\u017cytkownik ma r\u00f3wnie\u017c prawo do z\u0142o\u017cenia skargi do w\u0142a\u015bciwego organu nadzorczego.<\/p>\n<h3>Narz\u0119dzia analityczne i narz\u0119dzia dostawc\u00f3w zewn\u0119trznych<\/h3>\n<p>Gdy u\u017cytkownik odwiedza nasz\u0105 stron\u0119 internetow\u0105, jego zachowanie podczas surfowania mo\u017ce by\u0107 oceniane statystycznie. Odbywa si\u0119 to g\u0142\u00f3wnie za pomoc\u0105 plik\u00f3w cookie i tak zwanych program\u00f3w analitycznych. Analiza zachowania u\u017cytkownika podczas surfowania jest zazwyczaj anonimowa; zachowania u\u017cytkownika podczas surfowania nie mo\u017cna prze\u015bledzi\u0107 wstecz. U\u017cytkownik mo\u017ce sprzeciwi\u0107 si\u0119 takiej analizie lub zapobiec jej poprzez niekorzystanie z okre\u015blonych narz\u0119dzi. Szczeg\u00f3\u0142owe informacje na ten temat mo\u017cna znale\u017a\u0107 w poni\u017cszej polityce prywatno\u015bci.<\/p>\n<p>U\u017cytkownik mo\u017ce sprzeciwi\u0107 si\u0119 tej analizie. O opcjach sprzeciwu poinformujemy w niniejszej polityce prywatno\u015bci.<\/p>\n<h2>2 Uwagi og\u00f3lne i informacje obowi\u0105zkowe<\/h2>\n<h3>Ochrona danych<\/h3>\n<p>Operatorzy tych stron bardzo powa\u017cnie traktuj\u0105 ochron\u0119 danych osobowych u\u017cytkownik\u00f3w. Dane osobowe u\u017cytkownik\u00f3w traktujemy poufnie i zgodnie z ustawowymi przepisami o ochronie danych oraz niniejsz\u0105 polityk\u0105 prywatno\u015bci.<\/p>\n<p>Podczas korzystania z tej witryny gromadzone s\u0105 r\u00f3\u017cne dane osobowe. Dane osobowe to dane, kt\u00f3re mo\u017cna wykorzysta\u0107 do osobistej identyfikacji u\u017cytkownika. Niniejsza polityka prywatno\u015bci wyja\u015bnia, jakie dane gromadzimy i do czego je wykorzystujemy. Wyja\u015bnia r\u00f3wnie\u017c, w jaki spos\u00f3b i w jakim celu jest to robione.<\/p>\n<p>Zwracamy uwag\u0119, \u017ce transmisja danych przez Internet (np. podczas komunikacji za po\u015brednictwem poczty elektronicznej) mo\u017ce zawiera\u0107 luki w zabezpieczeniach. Pe\u0142na ochrona danych przed dost\u0119pem os\u00f3b trzecich nie jest mo\u017cliwa.<\/p>\n<h3>Uwaga dotycz\u0105ca podmiotu odpowiedzialnego<\/h3>\n<p>Administratorem odpowiedzialnym za przetwarzanie danych na tej stronie jest<\/p>\n<p>Doradztwo w zakresie zarz\u0105dzania medycyn\u0105 pracy i ochron\u0105 \u015brodowiska GmbH<\/p>\n<p>Mittelstra\u00dfe 6, 29351 Eldingen<\/p>\n<p>Telefon: 05148 2650350<\/p>\n<p>E-mail: datenschutz@ubu.de<\/p>\n<p>Administrator danych to osoba fizyczna lub prawna, kt\u00f3ra samodzielnie lub wsp\u00f3lnie z innymi okre\u015bla cele i sposoby przetwarzania danych osobowych (np. imion i nazwisk, adres\u00f3w e-mail itp.).<\/p>\n<h3>Cofni\u0119cie zgody na przetwarzanie danych<\/h3>\n<p>Wiele operacji przetwarzania danych jest mo\u017cliwych wy\u0142\u0105cznie za wyra\u017an\u0105 zgod\u0105 u\u017cytkownika. Udzielon\u0105 zgod\u0119 mo\u017cna w ka\u017cdej chwili odwo\u0142a\u0107. Wystarczy wys\u0142a\u0107 do nas nieformaln\u0105 wiadomo\u015b\u0107 e-mail. Cofni\u0119cie zgody nie ma wp\u0142ywu na zgodno\u015b\u0107 z prawem przetwarzania danych prowadzonego do momentu cofni\u0119cia zgody.<\/p>\n<h3>Prawo do z\u0142o\u017cenia skargi do w\u0142a\u015bciwego organu nadzorczego<\/h3>\n<p>W przypadku naruszenia przepis\u00f3w o ochronie danych osoba, kt\u00f3rej dane dotycz\u0105, ma prawo z\u0142o\u017cy\u0107 skarg\u0119 do w\u0142a\u015bciwego organu nadzorczego. W\u0142a\u015bciwym organem nadzorczym w kwestiach ochrony danych jest krajowy inspektor ochrony danych kraju zwi\u0105zkowego, w kt\u00f3rym nasza firma ma siedzib\u0119. List\u0119 inspektor\u00f3w ochrony danych i ich dane kontaktowe mo\u017cna znale\u017a\u0107 pod nast\u0119puj\u0105cym linkiem: <a href=\"https:\/\/www.bfdi.bund.de\/DE\/Infothek\/Anschriften_Links\/anschriften_links-node.html\" target=\"_blank\" rel=\"noopener\">https:\/\/www.bfdi.bund.de\/DE\/Infothek\/Anschriften_Links\/anschriften_links-node.html<\/a>.<\/p>\n<h3>Prawo do przenoszenia danych<\/h3>\n<p>U\u017cytkownik ma prawo do tego, aby dane, kt\u00f3re przetwarzamy automatycznie na podstawie jego zgody lub w ramach realizacji umowy, zosta\u0142y przekazane u\u017cytkownikowi lub stronie trzeciej w powszechnie u\u017cywanym formacie nadaj\u0105cym si\u0119 do odczytu maszynowego. Je\u015bli u\u017cytkownik za\u017c\u0105da bezpo\u015bredniego przekazania danych innemu administratorowi, nast\u0105pi to tylko wtedy, gdy b\u0119dzie to technicznie wykonalne.<\/p>\n<h3>Szyfrowanie SSL lub TLS<\/h3>\n<p>Ta witryna wykorzystuje szyfrowanie SSL lub TLS ze wzgl\u0119d\u00f3w bezpiecze\u0144stwa i w celu ochrony transmisji poufnych tre\u015bci, takich jak zam\u00f3wienia lub zapytania wysy\u0142ane do nas jako operatora witryny. Po\u0142\u0105czenie szyfrowane mo\u017cna rozpozna\u0107 po tym, \u017ce wiersz adresu przegl\u0105darki zmienia si\u0119 z \"http:\/\/\" na \"https:\/\/\" oraz po symbolu k\u0142\u00f3dki w wierszu przegl\u0105darki.<\/p>\n<p>Je\u015bli szyfrowanie SSL lub TLS jest w\u0142\u0105czone, dane przesy\u0142ane do nas nie mog\u0105 by\u0107 odczytane przez osoby trzecie.<\/p>\n<h3>Informacje, blokowanie, usuwanie<\/h3>\n<p>W ramach obowi\u0105zuj\u0105cych przepis\u00f3w prawnych u\u017cytkownik ma w ka\u017cdej chwili prawo do bezp\u0142atnej informacji o przechowywanych danych osobowych, ich pochodzeniu i odbiorcy oraz celu przetwarzania danych, a tak\u017ce, w razie potrzeby, prawo do sprostowania, zablokowania lub usuni\u0119cia tych danych. U\u017cytkownik mo\u017ce w ka\u017cdej chwili skontaktowa\u0107 si\u0119 z nami pod adresem podanym w nocie prawnej, je\u015bli ma dalsze pytania dotycz\u0105ce danych osobowych.<\/p>\n<h3>Sprzeciw wobec reklamowych wiadomo\u015bci e-mail<\/h3>\n<p>Niniejszym sprzeciwiamy si\u0119 wykorzystywaniu danych kontaktowych opublikowanych w ramach obowi\u0105zku prawnego w celu wysy\u0142ania niezam\u00f3wionych materia\u0142\u00f3w reklamowych i informacyjnych. Operatorzy tej witryny wyra\u017anie zastrzegaj\u0105 sobie prawo do podj\u0119cia krok\u00f3w prawnych w przypadku niezam\u00f3wionego wysy\u0142ania informacji reklamowych, takich jak spam.<\/p>\n<h2>3. gromadzenie danych na naszej stronie internetowej<\/h2>\n<h3>Pliki cookie<\/h3>\n<p>Niekt\u00f3re strony internetowe wykorzystuj\u0105 tzw. pliki cookie. Pliki cookie nie uszkadzaj\u0105 komputera i nie zawieraj\u0105 wirus\u00f3w. Pliki cookie s\u0105 u\u017cywane, aby nasza strona internetowa by\u0142a bardziej przyjazna dla u\u017cytkownika, skuteczna i bezpieczna. Pliki cookie to ma\u0142e pliki tekstowe, kt\u00f3re s\u0105 przechowywane na komputerze i zapisywane przez przegl\u0105dark\u0119.<\/p>\n<p>Wi\u0119kszo\u015b\u0107 u\u017cywanych przez nas plik\u00f3w cookie to tak zwane \"sesyjne pliki cookie\". S\u0105 one automatycznie usuwane po zako\u0144czeniu wizyty u\u017cytkownika. Inne pliki cookie s\u0105 przechowywane na urz\u0105dzeniu ko\u0144cowym u\u017cytkownika do momentu ich usuni\u0119cia. Te pliki cookie umo\u017cliwiaj\u0105 nam rozpoznanie przegl\u0105darki u\u017cytkownika podczas kolejnej wizyty.<\/p>\n<p>U\u017cytkownik mo\u017ce ustawi\u0107 swoj\u0105 przegl\u0105dark\u0119 w taki spos\u00f3b, aby by\u0142 informowany o ustawieniach plik\u00f3w cookie i zezwala\u0142 na pliki cookie tylko w indywidualnych przypadkach, wyklucza\u0142 akceptacj\u0119 plik\u00f3w cookie w okre\u015blonych przypadkach lub og\u00f3lnie oraz aktywowa\u0142 automatyczne usuwanie plik\u00f3w cookie po zamkni\u0119ciu przegl\u0105darki. W przypadku dezaktywacji plik\u00f3w cookie funkcjonalno\u015b\u0107 tej witryny mo\u017ce by\u0107 ograniczona.<\/p>\n<p>Pliki cookie, kt\u00f3re s\u0105 wymagane do przeprowadzenia procesu komunikacji elektronicznej lub do zapewnienia okre\u015blonych funkcji, o kt\u00f3re prosi\u0142 u\u017cytkownik (np. funkcja koszyka zakup\u00f3w), s\u0105 przechowywane na podstawie art. 6 ust. 1 lit. f RODO. Operator strony internetowej ma uzasadniony interes w przechowywaniu plik\u00f3w cookie w celu technicznie bezb\u0142\u0119dnego i zoptymalizowanego \u015bwiadczenia swoich us\u0142ug. W zakresie, w jakim przechowywane s\u0105 inne pliki cookie (np. pliki cookie do analizy zachowania u\u017cytkownika podczas surfowania), s\u0105 one traktowane oddzielnie w niniejszej polityce prywatno\u015bci.<\/p>\n<h3>Pliki dziennika serwera<\/h3>\n<p>Dostawca stron automatycznie gromadzi i przechowuje informacje w tak zwanych plikach dziennika serwera, kt\u00f3re przegl\u0105darka u\u017cytkownika automatycznie przesy\u0142a do nas. S\u0105 to<\/p>\n<ul>\n<li>Typ i wersja przegl\u0105darki<\/li>\n<li>U\u017cywany system operacyjny<\/li>\n<li>Adres URL strony odsy\u0142aj\u0105cej<\/li>\n<li>Nazwa hosta komputera uzyskuj\u0105cego dost\u0119p<\/li>\n<li>Czas \u017c\u0105dania serwera<\/li>\n<li>Adres IP<\/li>\n<\/ul>\n<p>Dane te nie s\u0105 \u0142\u0105czone z innymi \u017ar\u00f3d\u0142ami danych.<\/p>\n<p>Podstaw\u0105 przetwarzania danych jest art. 6 ust. 1 lit. f RODO, kt\u00f3ry zezwala na przetwarzanie danych w celu wykonania umowy lub \u015brodk\u00f3w przedumownych.<\/p>\n<h3>Formularz kontaktowy<\/h3>\n<p>Je\u015bli wy\u015blesz do nas zapytanie za po\u015brednictwem formularza kontaktowego, Twoje dane z formularza zapytania, w tym dane kontaktowe, kt\u00f3re tam podasz, b\u0119d\u0105 przez nas przechowywane w celu przetworzenia zapytania oraz w przypadku dalszych pyta\u0144. Nie b\u0119dziemy przekazywa\u0107 tych danych bez zgody u\u017cytkownika.<\/p>\n<p>Dane wprowadzone w formularzu kontaktowym s\u0105 zatem przetwarzane wy\u0142\u0105cznie na podstawie zgody u\u017cytkownika (art. 6 ust. 1 lit. a RODO). Zgod\u0119 t\u0119 mo\u017cna wycofa\u0107 w dowolnym momencie. Wystarczy wys\u0142a\u0107 do nas nieformaln\u0105 wiadomo\u015b\u0107 e-mail. Cofni\u0119cie zgody nie ma wp\u0142ywu na zgodno\u015b\u0107 z prawem operacji przetwarzania danych przeprowadzanych do momentu cofni\u0119cia zgody.<\/p>\n<p>B\u0119dziemy przechowywa\u0107 dane podane przez u\u017cytkownika w formularzu kontaktowym, dop\u00f3ki nie za\u017c\u0105da on ich usuni\u0119cia, nie cofnie zgody na ich przechowywanie lub nie ustanie cel ich przechowywania (np. po spe\u0142nieniu \u017c\u0105dania u\u017cytkownika). Obowi\u0105zkowe przepisy ustawowe - w szczeg\u00f3lno\u015bci okresy przechowywania - pozostaj\u0105 nienaruszone.<\/p>\n<h2>4. narz\u0119dzia analityczne i reklama<\/h2>\n<h3>Google Analytics<\/h3>\n<p>Ta strona internetowa korzysta z funkcji us\u0142ugi analizy internetowej Google Analytics. Dostawc\u0105 jest Google Inc, 1600 Amphitheatre Parkway, Mountain View, CA 94043, USA.<\/p>\n<p>Google Analytics verwendet so genannte \"Cookies\". Das sind Textdateien, die auf Ihrem Computer gespeichert werden und die eine Analyse der Benutzung der Website durch Sie erm\u00f6glichen. Die durch den Cookie erzeugten Informationen \u00fcber Ihre Benutzung dieser Website werden in der Regel an einen Server von Google in den USA \u00fcbertragen und dort gespeichert.<\/p>\n<p>Pliki cookie Google Analytics s\u0105 przechowywane na podstawie art. 6 ust. 1 lit. f RODO. Operator strony internetowej ma uzasadniony interes w analizowaniu zachowa\u0144 u\u017cytkownik\u00f3w w celu optymalizacji zar\u00f3wno swojej strony internetowej, jak i reklam.<\/p>\n<p><strong>Wtyczka przegl\u0105darki<\/strong><\/p>\n<p>U\u017cytkownik mo\u017ce odm\u00f3wi\u0107 korzystania z plik\u00f3w cookie, wybieraj\u0105c odpowiednie ustawienia w przegl\u0105darce, jednak nale\u017cy pami\u0119ta\u0107, \u017ce w takim przypadku korzystanie z pe\u0142nej funkcjonalno\u015bci tej witryny mo\u017ce nie by\u0107 mo\u017cliwe. U\u017cytkownik mo\u017ce r\u00f3wnie\u017c uniemo\u017cliwi\u0107 Google gromadzenie danych generowanych przez pliki cookie i zwi\u0105zanych z korzystaniem przez niego ze strony internetowej (w tym adresu IP) oraz przetwarzanie tych danych przez Google, pobieraj\u0105c i instaluj\u0105c wtyczk\u0119 do przegl\u0105darki dost\u0119pn\u0105 pod poni\u017cszym linkiem: <a href=\"https:\/\/tools.google.com\/dlpage\/gaoptout?hl=de\" target=\"_blank\" rel=\"noopener\">https:\/\/tools.google.com\/dlpage\/gaoptout?hl=de<\/a>.<\/p>\n<p><strong>Sprzeciw wobec gromadzenia danych<\/strong><\/p>\n<p>U\u017cytkownik mo\u017ce zapobiec gromadzeniu jego danych przez Google Analytics, klikaj\u0105c poni\u017cszy link. Plik cookie rezygnacji zostanie ustawiony, aby zapobiec gromadzeniu danych podczas przysz\u0142ych wizyt na tej stronie: <a>Dezaktywacja Google Analytics<\/a>.<\/p>\n<p>Wi\u0119cej informacji na temat sposobu, w jaki Google Analytics przetwarza dane u\u017cytkownik\u00f3w, mo\u017cna znale\u017a\u0107 w polityce prywatno\u015bci Google: <a href=\"https:\/\/support.google.com\/analytics\/answer\/6004245?hl=de\" target=\"_blank\" rel=\"noopener\">https:\/\/support.google.com\/analytics\/answer\/6004245?hl=de<\/a>.<\/p>\n<p><strong>Charakterystyka demograficzna w Google Analytics<\/strong><\/p>\n<p>Niniejsza witryna korzysta z funkcji \"charakterystyki demograficznej\" Google Analytics. Umo\u017cliwia to tworzenie raport\u00f3w zawieraj\u0105cych informacje o wieku, p\u0142ci i zainteresowaniach os\u00f3b odwiedzaj\u0105cych witryn\u0119. Dane te pochodz\u0105 z reklam Google opartych na zainteresowaniach i danych odwiedzaj\u0105cych od dostawc\u00f3w zewn\u0119trznych. Danych tych nie mo\u017cna przypisa\u0107 do konkretnej osoby. U\u017cytkownik mo\u017ce wy\u0142\u0105czy\u0107 t\u0119 funkcj\u0119 w dowolnym momencie za pomoc\u0105 ustawie\u0144 reklam na swoim koncie Google lub og\u00f3lnie zabroni\u0107 gromadzenia danych przez Google Analytics, jak opisano w sekcji \"Sprzeciw wobec gromadzenia danych\".<\/p>\n<h3>Statystyki WordPress<\/h3>\n<p>Ta strona korzysta z narz\u0119dzia WordPress Stats do statystycznej analizy dost\u0119pu odwiedzaj\u0105cych. Dostawc\u0105 jest Automattic Inc, 60 29th Street #343, San Francisco, CA 94110-4929, USA.<\/p>\n<p>WordPress Stats wykorzystuje pliki cookie, kt\u00f3re s\u0105 przechowywane na komputerze u\u017cytkownika i umo\u017cliwiaj\u0105 analiz\u0119 korzystania z witryny. Informacje generowane przez pliki cookie na temat korzystania z naszej strony internetowej s\u0105 przechowywane na serwerach w USA. Adres IP u\u017cytkownika jest anonimizowany po przetworzeniu i przed zapisaniem.<\/p>\n<p>Pliki cookie \"WordPress-Stats\" pozostaj\u0105 na urz\u0105dzeniu u\u017cytkownika, dop\u00f3ki ich nie usunie.<\/p>\n<p>Przechowywanie plik\u00f3w cookie \"WordPress Stats\" odbywa si\u0119 na podstawie art. 6 ust. 1 lit. f RODO. Operator strony internetowej ma uzasadniony interes w anonimowej analizie zachowa\u0144 u\u017cytkownik\u00f3w w celu optymalizacji zar\u00f3wno swojej strony internetowej, jak i reklam.<\/p>\n<p>U\u017cytkownik mo\u017ce ustawi\u0107 swoj\u0105 przegl\u0105dark\u0119 w taki spos\u00f3b, aby by\u0142 informowany o ustawieniach plik\u00f3w cookie i zezwala\u0142 na pliki cookie tylko w indywidualnych przypadkach, wyklucza\u0142 akceptacj\u0119 plik\u00f3w cookie w okre\u015blonych przypadkach lub og\u00f3lnie oraz aktywowa\u0142 automatyczne usuwanie plik\u00f3w cookie po zamkni\u0119ciu przegl\u0105darki. W przypadku dezaktywacji plik\u00f3w cookie funkcjonalno\u015b\u0107 naszej strony internetowej mo\u017ce by\u0107 ograniczona.<\/p>\n<p>U\u017cytkownik mo\u017ce sprzeciwi\u0107 si\u0119 gromadzeniu i wykorzystywaniu jego danych w przysz\u0142o\u015bci, klikaj\u0105c ten link, aby ustawi\u0107 plik cookie rezygnacji w przegl\u0105darce: <a href=\"https:\/\/www.quantcast.com\/opt-out\/\" target=\"_blank\" rel=\"noopener\">https:\/\/www.quantcast.com\/opt-out\/<\/a>.<\/p>\n<p>Je\u015bli u\u017cytkownik usunie pliki cookie na swoim komputerze, musi ponownie ustawi\u0107 plik cookie rezygnacji.<\/p>\n<h2>5. wtyczki i narz\u0119dzia<\/h2>\n<h3>Czcionki internetowe Google<\/h3>\n<p>Ta strona korzysta z tak zwanych czcionek internetowych dostarczanych przez Google w celu znormalizowanego wy\u015bwietlania czcionek. Po wywo\u0142aniu strony przegl\u0105darka \u0142aduje wymagane czcionki internetowe do pami\u0119ci podr\u0119cznej przegl\u0105darki w celu prawid\u0142owego wy\u015bwietlania tekst\u00f3w i czcionek.<\/p>\n<p>W tym celu u\u017cywana przegl\u0105darka musi po\u0142\u0105czy\u0107 si\u0119 z serwerami Google. Informuje to Google, \u017ce nasza strona internetowa zosta\u0142a wywo\u0142ana za po\u015brednictwem adresu IP u\u017cytkownika. Korzystanie z Google Web Fonts le\u017cy w interesie jednolitej i atrakcyjnej prezentacji naszych ofert online. Stanowi to uzasadniony interes w rozumieniu art. 6 ust. 1 lit. f RODO.<\/p>\n<p>Je\u015bli przegl\u0105darka nie obs\u0142uguje czcionek internetowych, komputer u\u017cyje standardowej czcionki.<\/p>\n<p>Wi\u0119cej informacji na temat Google Web Fonts mo\u017cna znale\u017a\u0107 na stronie <a href=\"https:\/\/developers.google.com\/fonts\/faq\" target=\"_blank\" rel=\"noopener\">https:\/\/developers.google.com\/fonts\/faq<\/a> oraz w polityce prywatno\u015bci Google: <a href=\"https:\/\/www.google.com\/policies\/privacy\/\" target=\"_blank\" rel=\"noopener\">https:\/\/www.google.com\/policies\/privacy\/<\/a>.<\/p>\n<\/div><\/div><\/div><\/div><\/div>","protected":false},"excerpt":{"rendered":"","protected":false},"author":1,"featured_media":0,"parent":0,"menu_order":0,"comment_status":"closed","ping_status":"closed","template":"","meta":{"_acf_changed":false,"inline_featured_image":false,"footnotes":""},"class_list":["post-25955","page","type-page","status-publish","hentry"],"acf":[],"yoast_head":"<!-- This site is optimized with the Yoast SEO plugin v27.4 - https:\/\/yoast.com\/product\/yoast-seo-wordpress\/ -->\n<title>Datenschutz - ubu - Arbeitsschutz f\u00fcr Hotels und Gastronomie<\/title>\n<meta name=\"robots\" content=\"index, follow, max-snippet:-1, max-image-preview:large, max-video-preview:-1\" \/>\n<link rel=\"canonical\" href=\"https:\/\/www.ubu.de\/pl\/datenschutz\/\" \/>\n<meta property=\"og:locale\" content=\"pl_PL\" \/>\n<meta property=\"og:type\" content=\"article\" \/>\n<meta property=\"og:title\" content=\"Datenschutz - ubu - Arbeitsschutz f\u00fcr Hotels und Gastronomie\" \/>\n<meta property=\"og:url\" content=\"https:\/\/www.ubu.de\/pl\/datenschutz\/\" \/>\n<meta property=\"og:site_name\" content=\"ubu - Arbeitsschutz f\u00fcr Hotels und Gastronomie\" \/>\n<meta property=\"article:modified_time\" content=\"2026-03-20T13:03:48+00:00\" \/>\n<meta name=\"twitter:card\" content=\"summary_large_image\" \/>\n<meta name=\"twitter:label1\" content=\"Szacowany czas czytania\" \/>\n\t<meta name=\"twitter:data1\" content=\"1 minuta\" \/>\n<script type=\"application\/ld+json\" class=\"yoast-schema-graph\">{\"@context\":\"https:\\\/\\\/schema.org\",\"@graph\":[{\"@type\":\"WebPage\",\"@id\":\"https:\\\/\\\/www.ubu.de\\\/datenschutz\\\/\",\"url\":\"https:\\\/\\\/www.ubu.de\\\/datenschutz\\\/\",\"name\":\"Datenschutz - ubu - Arbeitsschutz f\u00fcr Hotels und Gastronomie\",\"isPartOf\":{\"@id\":\"https:\\\/\\\/www.ubu.de\\\/#website\"},\"datePublished\":\"2016-08-06T10:40:35+00:00\",\"dateModified\":\"2026-03-20T13:03:48+00:00\",\"breadcrumb\":{\"@id\":\"https:\\\/\\\/www.ubu.de\\\/datenschutz\\\/#breadcrumb\"},\"inLanguage\":\"pl-PL\",\"potentialAction\":[{\"@type\":\"ReadAction\",\"target\":[\"https:\\\/\\\/www.ubu.de\\\/datenschutz\\\/\"]}]},{\"@type\":\"BreadcrumbList\",\"@id\":\"https:\\\/\\\/www.ubu.de\\\/datenschutz\\\/#breadcrumb\",\"itemListElement\":[{\"@type\":\"ListItem\",\"position\":1,\"name\":\"Startseite\",\"item\":\"https:\\\/\\\/www.ubu.de\\\/\"},{\"@type\":\"ListItem\",\"position\":2,\"name\":\"Datenschutz\"}]},{\"@type\":\"WebSite\",\"@id\":\"https:\\\/\\\/www.ubu.de\\\/#website\",\"url\":\"https:\\\/\\\/www.ubu.de\\\/\",\"name\":\"ubu - Arbeitsschutz f\u00fcr Hotels und Gastronomie\",\"description\":\"safety at work\",\"publisher\":{\"@id\":\"https:\\\/\\\/www.ubu.de\\\/#organization\"},\"potentialAction\":[{\"@type\":\"SearchAction\",\"target\":{\"@type\":\"EntryPoint\",\"urlTemplate\":\"https:\\\/\\\/www.ubu.de\\\/?s={search_term_string}\"},\"query-input\":{\"@type\":\"PropertyValueSpecification\",\"valueRequired\":true,\"valueName\":\"search_term_string\"}}],\"inLanguage\":\"pl-PL\"},{\"@type\":\"Organization\",\"@id\":\"https:\\\/\\\/www.ubu.de\\\/#organization\",\"name\":\"ubu - safety at work\",\"url\":\"https:\\\/\\\/www.ubu.de\\\/\",\"logo\":{\"@type\":\"ImageObject\",\"inLanguage\":\"pl-PL\",\"@id\":\"https:\\\/\\\/www.ubu.de\\\/#\\\/schema\\\/logo\\\/image\\\/\",\"url\":\"https:\\\/\\\/www.ubu.de\\\/wp-content\\\/uploads\\\/2016\\\/07\\\/ubu-elephant.png\",\"contentUrl\":\"https:\\\/\\\/www.ubu.de\\\/wp-content\\\/uploads\\\/2016\\\/07\\\/ubu-elephant.png\",\"width\":250,\"height\":250,\"caption\":\"ubu - safety at work\"},\"image\":{\"@id\":\"https:\\\/\\\/www.ubu.de\\\/#\\\/schema\\\/logo\\\/image\\\/\"}}]}<\/script>\n<!-- \/ Yoast SEO plugin. -->","yoast_head_json":{"title":"Datenschutz - ubu - Arbeitsschutz f\u00fcr Hotels und Gastronomie","robots":{"index":"index","follow":"follow","max-snippet":"max-snippet:-1","max-image-preview":"max-image-preview:large","max-video-preview":"max-video-preview:-1"},"canonical":"https:\/\/www.ubu.de\/pl\/datenschutz\/","og_locale":"pl_PL","og_type":"article","og_title":"Datenschutz - ubu - Arbeitsschutz f\u00fcr Hotels und Gastronomie","og_url":"https:\/\/www.ubu.de\/pl\/datenschutz\/","og_site_name":"ubu - Arbeitsschutz f\u00fcr Hotels und Gastronomie","article_modified_time":"2026-03-20T13:03:48+00:00","twitter_card":"summary_large_image","twitter_misc":{"Szacowany czas czytania":"1 minuta"},"schema":{"@context":"https:\/\/schema.org","@graph":[{"@type":"WebPage","@id":"https:\/\/www.ubu.de\/datenschutz\/","url":"https:\/\/www.ubu.de\/datenschutz\/","name":"Datenschutz - ubu - Arbeitsschutz f\u00fcr Hotels und Gastronomie","isPartOf":{"@id":"https:\/\/www.ubu.de\/#website"},"datePublished":"2016-08-06T10:40:35+00:00","dateModified":"2026-03-20T13:03:48+00:00","breadcrumb":{"@id":"https:\/\/www.ubu.de\/datenschutz\/#breadcrumb"},"inLanguage":"pl-PL","potentialAction":[{"@type":"ReadAction","target":["https:\/\/www.ubu.de\/datenschutz\/"]}]},{"@type":"BreadcrumbList","@id":"https:\/\/www.ubu.de\/datenschutz\/#breadcrumb","itemListElement":[{"@type":"ListItem","position":1,"name":"Startseite","item":"https:\/\/www.ubu.de\/"},{"@type":"ListItem","position":2,"name":"Datenschutz"}]},{"@type":"WebSite","@id":"https:\/\/www.ubu.de\/#website","url":"https:\/\/www.ubu.de\/","name":"ubu - Arbeitsschutz f\u00fcr Hotels und Gastronomie","description":"bezpiecze\u0144stwo w pracy","publisher":{"@id":"https:\/\/www.ubu.de\/#organization"},"potentialAction":[{"@type":"SearchAction","target":{"@type":"EntryPoint","urlTemplate":"https:\/\/www.ubu.de\/?s={search_term_string}"},"query-input":{"@type":"PropertyValueSpecification","valueRequired":true,"valueName":"search_term_string"}}],"inLanguage":"pl-PL"},{"@type":"Organization","@id":"https:\/\/www.ubu.de\/#organization","name":"ubu - safety at work","url":"https:\/\/www.ubu.de\/","logo":{"@type":"ImageObject","inLanguage":"pl-PL","@id":"https:\/\/www.ubu.de\/#\/schema\/logo\/image\/","url":"https:\/\/www.ubu.de\/wp-content\/uploads\/2016\/07\/ubu-elephant.png","contentUrl":"https:\/\/www.ubu.de\/wp-content\/uploads\/2016\/07\/ubu-elephant.png","width":250,"height":250,"caption":"ubu - safety at work"},"image":{"@id":"https:\/\/www.ubu.de\/#\/schema\/logo\/image\/"}}]}},"_links":{"self":[{"href":"https:\/\/www.ubu.de\/pl\/wp-json\/wp\/v2\/pages\/25955","targetHints":{"allow":["GET"]}}],"collection":[{"href":"https:\/\/www.ubu.de\/pl\/wp-json\/wp\/v2\/pages"}],"about":[{"href":"https:\/\/www.ubu.de\/pl\/wp-json\/wp\/v2\/types\/page"}],"author":[{"embeddable":true,"href":"https:\/\/www.ubu.de\/pl\/wp-json\/wp\/v2\/users\/1"}],"replies":[{"embeddable":true,"href":"https:\/\/www.ubu.de\/pl\/wp-json\/wp\/v2\/comments?post=25955"}],"version-history":[{"count":10,"href":"https:\/\/www.ubu.de\/pl\/wp-json\/wp\/v2\/pages\/25955\/revisions"}],"predecessor-version":[{"id":28877,"href":"https:\/\/www.ubu.de\/pl\/wp-json\/wp\/v2\/pages\/25955\/revisions\/28877"}],"wp:attachment":[{"href":"https:\/\/www.ubu.de\/pl\/wp-json\/wp\/v2\/media?parent=25955"}],"curies":[{"name":"wp","href":"https:\/\/api.w.org\/{rel}","templated":true}]}}