{"id":28208,"date":"2025-04-01T08:58:17","date_gmt":"2025-04-01T06:58:17","guid":{"rendered":"https:\/\/www.ubu.de\/?page_id=28208"},"modified":"2026-03-20T14:04:05","modified_gmt":"2026-03-20T13:04:05","slug":"c01-unterweisung-zur-unterweisung","status":"publish","type":"page","link":"https:\/\/www.ubu.de\/ro\/c01-unterweisung-zur-unterweisung\/","title":{"rendered":"C01 Die Unterweisung zur Unterweisung"},"content":{"rendered":"<div class=\"et_pb_section_0 et_pb_section et_section_regular et_block_section et_animated\"><div class=\"et_pb_row_0 et_pb_row et_block_row\"><div class=\"et_pb_column_0 et_pb_column et_pb_column_4_4 et-last-child et_block_column et_pb_css_mix_blend_mode_passthrough\"><div class=\"et_pb_text_0 et_pb_text et_pb_bg_layout_dark et_pb_module et_block_module et_pb_text_align_center\"><div class=\"et_pb_text_inner\"><h1>Instruire digital\u0103<\/h1>\n<\/div><\/div><\/div><\/div><\/div><div class=\"et_pb_section_1 et_pb_section et_section_regular et_block_section\"><div class=\"et_pb_row_1 et_pb_row et_block_row\"><div class=\"et_pb_column_1 et_pb_column et_pb_column_4_4 et-last-child et_block_column et_pb_css_mix_blend_mode_passthrough\"><div class=\"et_pb_blurb_0 et_pb_blurb et_pb_bg_layout_light et_pb_blurb_position_top et_pb_module et_block_module\"><div class=\"et_pb_blurb_content\"><div class=\"et_pb_blurb_container\"><h1 class=\"et_pb_module_header\">Instruc\u021biunea pentru instruc\u021biune<\/h1><div class=\"et_pb_blurb_description\"><h3><span style=\"color: #336699;\">sau cum v\u0103 pute\u021bi motiva colegii s\u0103 lucreze \u00een siguran\u021b\u0103.<\/span><\/h3>\n<p>Rutina noastr\u0103 zilnic\u0103 este o capcan\u0103 a siguran\u021bei. Fiecare al doilea accident la locul de munc\u0103 se \u00eent\u00e2mpl\u0103 pentru c\u0103 victima a subestimat pericolele poten\u021biale ale muncii sale.<\/p>\n<p>Majoritatea angaja\u021bilor lucreaz\u0103 la locuri de munc\u0103 cu un risc moderat de accidente - dar, \u00een mod surprinz\u0103tor, tocmai acest lucru face posibil un comportament nesigur, \u00een special atunci c\u00e2nd exist\u0103 \u0219i presiunea timpului.<\/p>\n<p>Multe accidente sunt \u00eenc\u0103 cauzate de \u00eempiedic\u0103ri, alunec\u0103ri sau c\u0103deri atunci c\u00e2nd merge\u021bi pur \u0219i simplu de la A la B. \u00cen timp ce v\u0103 plimba\u021bi prin curte, s-ar putea s\u0103 trimite\u021bi rapid un mesaj text \u0219i s\u0103 trece\u021bi cu vederea un pericol nou sau vechi de \u00eempiedicare - din p\u0103cate, acest lucru duce adesea la fracturi grave ale oaselor!<\/p>\n<p>Aceste fapte ne ofer\u0103 un punct de plecare foarte important pentru a exercita o influen\u021b\u0103 pozitiv\u0103 asupra comportamentului angaja\u021bilor \u00een calitate de manager. Scopul ar trebui s\u0103 fie acela de a face ca un comportament sigur s\u0103 fie mai dezirabil pentru angaja\u021bi dec\u00e2t un comportament nesigur - cu alte cuvinte, de a \"motiva\" angaja\u021bii individuali s\u0103 \u00ee\u0219i fac\u0103 propria evaluare a riscurilor.<\/p>\n<p>V\u0103 punem la dispozi\u021bie un instrument \u00een acest sens cu instruc\u021biunile noastre. Cu toate acestea, dac\u0103 dori\u021bi cu adev\u0103rat s\u0103 promova\u021bi un comportament sigur \u00een r\u00e2ndul colegilor dvs., v\u0103 rug\u0103m s\u0103 transmite\u021bi \u00eentotdeauna instruc\u021biunile noastre de siguran\u021b\u0103 \u0219i apoi s\u0103 discuta\u021bi cu angaja\u021bii dvs. despre propriile experien\u021be pe tema respectiv\u0103, de exemplu despre cauzele accidentelor \u00een propria dvs. companie.<\/p>\n<p>&nbsp;<\/p>\n<section><\/section>\n<\/div><\/div><\/div><\/div><div class=\"et_pb_image_0 et_pb_image et_pb_module et_block_module preset--module--divi-image--default\"><span class=\"et_pb_image_wrap\"><img loading=\"lazy\" decoding=\"async\" src=\"https:\/\/www.ubu.de\/wp-content\/uploads\/Leitfaden-zur-Unterweisung-ubu-GmbH-Arbeitsschutz.png\" width=\"1744\" height=\"1292\" srcset=\"https:\/\/www.ubu.de\/wp-content\/uploads\/Leitfaden-zur-Unterweisung-ubu-GmbH-Arbeitsschutz.png 1744w, https:\/\/www.ubu.de\/wp-content\/uploads\/Leitfaden-zur-Unterweisung-ubu-GmbH-Arbeitsschutz-1280x948.png 1280w, https:\/\/www.ubu.de\/wp-content\/uploads\/Leitfaden-zur-Unterweisung-ubu-GmbH-Arbeitsschutz-980x726.png 980w, https:\/\/www.ubu.de\/wp-content\/uploads\/Leitfaden-zur-Unterweisung-ubu-GmbH-Arbeitsschutz-480x356.png 480w\" sizes=\"(min-width: 0px) and (max-width: 480px) 480px, (min-width: 481px) and (max-width: 980px) 980px, (min-width: 981px) and (max-width: 1280px) 1280px, (min-width: 1281px) 1744px, 100vw\" class=\"wp-image-28224\" title=\"Ghid de instruire ubu GmbH S\u0103n\u0103tate \u0219i siguran\u021b\u0103 la locul de munc\u0103\" \/><\/span><\/div><div class=\"et_pb_blurb_1 et_pb_blurb et_pb_bg_layout_light et_pb_blurb_position_top et_pb_module et_block_module\"><div class=\"et_pb_blurb_content\"><div class=\"et_pb_blurb_container\"><h2 class=\"et_pb_module_header\">\u00cen caz de accident:<\/h2><div class=\"et_pb_blurb_description\"><section>\n<ul>\n<li>Care sunt cauzele?<\/li>\n<li>Care sunt accidentele care se produc cel mai frecvent \u00een \u00eentreprinderea dumneavoastr\u0103 \u0219i care sunt consecin\u021bele acestora?<\/li>\n<li>Purtarea EIP este perceput\u0103 ca fiind incomod\u0103, demodat\u0103 sau chiar un obstacol \u00een calea muncii?<\/li>\n<\/ul>\n<\/section>\n<p>Ce pute\u021bi face, de exemplu, pentru a promova utilizarea EIP \u00een cadrul companiei dumneavoastr\u0103?<\/p>\n<p>Rata de uzur\u0103 depinde \u00een special de confort, dar aspectul joac\u0103, de asemenea, un rol major pentru mul\u021bi angaja\u021bi. A\u0219adar, nu cump\u0103ra\u021bi \u00eentotdeauna produse standardizate plictisitoare din motive de cost. Angaja\u021bii dvs. v\u0103 vor mul\u021bumi pentru asta - \u0219i le ve\u021bi \u00eencuraja comportamentul con\u0219tient de siguran\u021b\u0103!<\/p>\n<p>\u00cen calitate de \u0219ef ierarhic, sunte\u021bi, de asemenea, obligat s\u0103 monitoriza\u021bi respectarea normelor de siguran\u021b\u0103 - \u0219i, bine\u00een\u021beles, s\u0103 le aplica\u021bi. M\u0103surile disciplinare, cum ar fi avertismentul, pot fi utilizate \u0219i ca ultim\u0103 solu\u021bie, dar nu ar trebui s\u0103 se ajung\u0103 niciodat\u0103 la a\u0219a ceva.<\/p>\n<p>Comportamentul dumneavoastr\u0103 personal \u00een ceea ce prive\u0219te siguran\u021ba - precum \u0219i cultura corporativ\u0103 a companiei dumneavoastr\u0103 - joac\u0103 un rol care nu ar trebui subestimat. Fi\u021bi un manager con\u0219tient de responsabilitatea sa \u00een ceea ce prive\u0219te prevenirea accidentelor \u0219i recompensa\u021bi comportamentul con\u0219tient de siguran\u021b\u0103, de exemplu, prin l\u0103udarea deschis\u0103 a fiec\u0103rui angajat pentru acesta.<\/p>\n<p>Instruc\u021biunile noastre sunt concepute pentru a v\u0103 ajuta s\u0103 face\u021bi siguran\u021ba \u00een compania dvs. mai atractiv\u0103! Cu toate acestea, v\u0103 rug\u0103m, de asemenea, s\u0103 v\u0103 face\u021bi timp s\u0103 discuta\u021bi con\u021binutul cu angaja\u021bii dumneavoastr\u0103.<\/p>\n<p>Siguran\u021ba cost\u0103 ini\u021bial timp - dar angaja\u021bii s\u0103n\u0103to\u0219i absenteaz\u0103 mult mai pu\u021bin dec\u00e2t cei bolnavi - \u0219i nu numai c\u0103 economisi\u021bi bani pe termen lung, dar ob\u021bine\u021bi \u0219i mai mult timp pentru activit\u0103\u021bi noi!<\/p>\n<\/div><\/div><\/div><\/div><\/div><\/div><\/div>","protected":false},"excerpt":{"rendered":"","protected":false},"author":1,"featured_media":0,"parent":0,"menu_order":0,"comment_status":"closed","ping_status":"closed","template":"","meta":{"_acf_changed":false,"inline_featured_image":false,"footnotes":""},"class_list":["post-28208","page","type-page","status-publish","hentry"],"acf":[],"yoast_head":"<!-- This site is optimized with the Yoast SEO plugin v27.4 - https:\/\/yoast.com\/product\/yoast-seo-wordpress\/ -->\n<title>C01 Die Unterweisung zur Unterweisung - ubu - Arbeitsschutz f\u00fcr Hotels und Gastronomie<\/title>\n<meta name=\"robots\" content=\"index, follow, max-snippet:-1, max-image-preview:large, max-video-preview:-1\" \/>\n<link rel=\"canonical\" href=\"https:\/\/www.ubu.de\/ro\/c01-unterweisung-zur-unterweisung\/\" \/>\n<meta property=\"og:locale\" content=\"ro_RO\" \/>\n<meta property=\"og:type\" content=\"article\" \/>\n<meta property=\"og:title\" content=\"C01 Die Unterweisung zur Unterweisung - ubu - Arbeitsschutz f\u00fcr Hotels und Gastronomie\" \/>\n<meta property=\"og:url\" content=\"https:\/\/www.ubu.de\/ro\/c01-unterweisung-zur-unterweisung\/\" \/>\n<meta property=\"og:site_name\" content=\"ubu - Arbeitsschutz f\u00fcr Hotels und Gastronomie\" \/>\n<meta property=\"article:modified_time\" content=\"2026-03-20T13:04:05+00:00\" \/>\n<meta name=\"twitter:card\" content=\"summary_large_image\" \/>\n<meta name=\"twitter:label1\" content=\"Timp estimat pentru citire\" \/>\n\t<meta name=\"twitter:data1\" content=\"3 minute\" \/>\n<script type=\"application\/ld+json\" class=\"yoast-schema-graph\">{\"@context\":\"https:\\\/\\\/schema.org\",\"@graph\":[{\"@type\":\"WebPage\",\"@id\":\"https:\\\/\\\/www.ubu.de\\\/c01-unterweisung-zur-unterweisung\\\/\",\"url\":\"https:\\\/\\\/www.ubu.de\\\/c01-unterweisung-zur-unterweisung\\\/\",\"name\":\"C01 Die Unterweisung zur Unterweisung - ubu - Arbeitsschutz f\u00fcr Hotels und Gastronomie\",\"isPartOf\":{\"@id\":\"https:\\\/\\\/www.ubu.de\\\/#website\"},\"datePublished\":\"2025-04-01T06:58:17+00:00\",\"dateModified\":\"2026-03-20T13:04:05+00:00\",\"breadcrumb\":{\"@id\":\"https:\\\/\\\/www.ubu.de\\\/c01-unterweisung-zur-unterweisung\\\/#breadcrumb\"},\"inLanguage\":\"ro-RO\",\"potentialAction\":[{\"@type\":\"ReadAction\",\"target\":[\"https:\\\/\\\/www.ubu.de\\\/c01-unterweisung-zur-unterweisung\\\/\"]}]},{\"@type\":\"BreadcrumbList\",\"@id\":\"https:\\\/\\\/www.ubu.de\\\/c01-unterweisung-zur-unterweisung\\\/#breadcrumb\",\"itemListElement\":[{\"@type\":\"ListItem\",\"position\":1,\"name\":\"Startseite\",\"item\":\"https:\\\/\\\/www.ubu.de\\\/\"},{\"@type\":\"ListItem\",\"position\":2,\"name\":\"C01 Die Unterweisung zur Unterweisung\"}]},{\"@type\":\"WebSite\",\"@id\":\"https:\\\/\\\/www.ubu.de\\\/#website\",\"url\":\"https:\\\/\\\/www.ubu.de\\\/\",\"name\":\"ubu - Arbeitsschutz f\u00fcr Hotels und Gastronomie\",\"description\":\"safety at work\",\"publisher\":{\"@id\":\"https:\\\/\\\/www.ubu.de\\\/#organization\"},\"potentialAction\":[{\"@type\":\"SearchAction\",\"target\":{\"@type\":\"EntryPoint\",\"urlTemplate\":\"https:\\\/\\\/www.ubu.de\\\/?s={search_term_string}\"},\"query-input\":{\"@type\":\"PropertyValueSpecification\",\"valueRequired\":true,\"valueName\":\"search_term_string\"}}],\"inLanguage\":\"ro-RO\"},{\"@type\":\"Organization\",\"@id\":\"https:\\\/\\\/www.ubu.de\\\/#organization\",\"name\":\"ubu - safety at work\",\"url\":\"https:\\\/\\\/www.ubu.de\\\/\",\"logo\":{\"@type\":\"ImageObject\",\"inLanguage\":\"ro-RO\",\"@id\":\"https:\\\/\\\/www.ubu.de\\\/#\\\/schema\\\/logo\\\/image\\\/\",\"url\":\"https:\\\/\\\/www.ubu.de\\\/wp-content\\\/uploads\\\/2016\\\/07\\\/ubu-elephant.png\",\"contentUrl\":\"https:\\\/\\\/www.ubu.de\\\/wp-content\\\/uploads\\\/2016\\\/07\\\/ubu-elephant.png\",\"width\":250,\"height\":250,\"caption\":\"ubu - safety at work\"},\"image\":{\"@id\":\"https:\\\/\\\/www.ubu.de\\\/#\\\/schema\\\/logo\\\/image\\\/\"}}]}<\/script>\n<!-- \/ Yoast SEO plugin. -->","yoast_head_json":{"title":"C01 Die Unterweisung zur Unterweisung - ubu - Arbeitsschutz f\u00fcr Hotels und Gastronomie","robots":{"index":"index","follow":"follow","max-snippet":"max-snippet:-1","max-image-preview":"max-image-preview:large","max-video-preview":"max-video-preview:-1"},"canonical":"https:\/\/www.ubu.de\/ro\/c01-unterweisung-zur-unterweisung\/","og_locale":"ro_RO","og_type":"article","og_title":"C01 Die Unterweisung zur Unterweisung - ubu - Arbeitsschutz f\u00fcr Hotels und Gastronomie","og_url":"https:\/\/www.ubu.de\/ro\/c01-unterweisung-zur-unterweisung\/","og_site_name":"ubu - Arbeitsschutz f\u00fcr Hotels und Gastronomie","article_modified_time":"2026-03-20T13:04:05+00:00","twitter_card":"summary_large_image","twitter_misc":{"Timp estimat pentru citire":"3 minute"},"schema":{"@context":"https:\/\/schema.org","@graph":[{"@type":"WebPage","@id":"https:\/\/www.ubu.de\/c01-unterweisung-zur-unterweisung\/","url":"https:\/\/www.ubu.de\/c01-unterweisung-zur-unterweisung\/","name":"C01 Die Unterweisung zur Unterweisung - ubu - Arbeitsschutz f\u00fcr Hotels und Gastronomie","isPartOf":{"@id":"https:\/\/www.ubu.de\/#website"},"datePublished":"2025-04-01T06:58:17+00:00","dateModified":"2026-03-20T13:04:05+00:00","breadcrumb":{"@id":"https:\/\/www.ubu.de\/c01-unterweisung-zur-unterweisung\/#breadcrumb"},"inLanguage":"ro-RO","potentialAction":[{"@type":"ReadAction","target":["https:\/\/www.ubu.de\/c01-unterweisung-zur-unterweisung\/"]}]},{"@type":"BreadcrumbList","@id":"https:\/\/www.ubu.de\/c01-unterweisung-zur-unterweisung\/#breadcrumb","itemListElement":[{"@type":"ListItem","position":1,"name":"Startseite","item":"https:\/\/www.ubu.de\/"},{"@type":"ListItem","position":2,"name":"C01 Die Unterweisung zur Unterweisung"}]},{"@type":"WebSite","@id":"https:\/\/www.ubu.de\/#website","url":"https:\/\/www.ubu.de\/","name":"ubu - S\u0103n\u0103tate \u0219i securitate ocupa\u021bional\u0103 pentru hoteluri \u0219i catering","description":"siguran\u021ba la locul de munc\u0103","publisher":{"@id":"https:\/\/www.ubu.de\/#organization"},"potentialAction":[{"@type":"SearchAction","target":{"@type":"EntryPoint","urlTemplate":"https:\/\/www.ubu.de\/?s={search_term_string}"},"query-input":{"@type":"PropertyValueSpecification","valueRequired":true,"valueName":"search_term_string"}}],"inLanguage":"ro-RO"},{"@type":"Organization","@id":"https:\/\/www.ubu.de\/#organization","name":"ubu - safety at work","url":"https:\/\/www.ubu.de\/","logo":{"@type":"ImageObject","inLanguage":"ro-RO","@id":"https:\/\/www.ubu.de\/#\/schema\/logo\/image\/","url":"https:\/\/www.ubu.de\/wp-content\/uploads\/2016\/07\/ubu-elephant.png","contentUrl":"https:\/\/www.ubu.de\/wp-content\/uploads\/2016\/07\/ubu-elephant.png","width":250,"height":250,"caption":"ubu - safety at work"},"image":{"@id":"https:\/\/www.ubu.de\/#\/schema\/logo\/image\/"}}]}},"_links":{"self":[{"href":"https:\/\/www.ubu.de\/ro\/wp-json\/wp\/v2\/pages\/28208","targetHints":{"allow":["GET"]}}],"collection":[{"href":"https:\/\/www.ubu.de\/ro\/wp-json\/wp\/v2\/pages"}],"about":[{"href":"https:\/\/www.ubu.de\/ro\/wp-json\/wp\/v2\/types\/page"}],"author":[{"embeddable":true,"href":"https:\/\/www.ubu.de\/ro\/wp-json\/wp\/v2\/users\/1"}],"replies":[{"embeddable":true,"href":"https:\/\/www.ubu.de\/ro\/wp-json\/wp\/v2\/comments?post=28208"}],"version-history":[{"count":6,"href":"https:\/\/www.ubu.de\/ro\/wp-json\/wp\/v2\/pages\/28208\/revisions"}],"predecessor-version":[{"id":28893,"href":"https:\/\/www.ubu.de\/ro\/wp-json\/wp\/v2\/pages\/28208\/revisions\/28893"}],"wp:attachment":[{"href":"https:\/\/www.ubu.de\/ro\/wp-json\/wp\/v2\/media?parent=28208"}],"curies":[{"name":"wp","href":"https:\/\/api.w.org\/{rel}","templated":true}]}}