{"id":26410,"date":"2020-02-12T11:04:53","date_gmt":"2020-02-12T10:04:53","guid":{"rendered":"https:\/\/www.ubu.de\/?page_id=26410"},"modified":"2026-03-20T14:03:57","modified_gmt":"2026-03-20T13:03:57","slug":"mein-ubu","status":"publish","type":"page","link":"https:\/\/www.ubu.de\/sq\/mein-ubu\/","title":{"rendered":"Willkommen auf mein.ubu.de"},"content":{"rendered":"<div class=\"et_pb_section_0 et_pb_section et_section_regular et_block_section et_animated\"><div class=\"et_pb_row_0 et_pb_row et_block_row\"><div class=\"et_pb_column_0 et_pb_column et_pb_column_4_4 et-last-child et_block_column et_pb_css_mix_blend_mode_passthrough\"><div class=\"et_pb_text_0 et_pb_text et_pb_bg_layout_dark et_pb_module et_block_module et_pb_text_align_center\"><div class=\"et_pb_text_inner\"><h1>my.ubu.de<\/h1>\n<p>Mir\u00ebsevini n\u00eb zon\u00ebn e klientit mein.ubu.de.<\/p>\n<p>&nbsp;<\/p>\n<\/div><\/div><\/div><\/div><\/div><div class=\"et_pb_section_1 et_pb_section et_section_regular et_block_section\"><div class=\"et_pb_row_1 et_pb_row et_block_row\"><div class=\"et_pb_column_1 et_pb_column et_pb_column_1_3 et_block_column et_pb_css_mix_blend_mode_passthrough\"><div class=\"et_pb_text_1 et_pb_text et_pb_bg_layout_light et_pb_module et_block_module\"><div class=\"et_pb_text_inner\"><h2>T\u00eb gjitha dokumentet me nj\u00eb v\u00ebshtrim<\/h2>\n<p>Si partner kontraktual i Ubu, keni akses n\u00eb koleksionin ton\u00eb t\u00eb gjer\u00eb t\u00eb dokumenteve q\u00eb lidhen me sigurin\u00eb n\u00eb pun\u00eb sa her\u00eb q\u00eb ju nevojitet nj\u00eb dokument i caktuar. Thjesht klikoni, shkarkoni, printoni dhe filloni.<\/p>\n<\/div><\/div><div class=\"et_pb_module et_pb_button_module_wrapper et_pb_button_0_wrapper\"><a class=\"et_pb_button_0 et_pb_button et_pb_bg_layout_light et_pb_module et_block_module\" href=\"\/sq\/registrieren\/\">Regjistrohu<\/a><\/div><div class=\"et_pb_module et_pb_button_module_wrapper et_pb_button_1_wrapper\"><a class=\"et_pb_button_1 et_pb_button et_pb_bg_layout_light et_pb_module et_block_module\" href=\"\/sq\/login\/\">Hy<\/a><\/div><\/div><div class=\"et_pb_column_2 et_pb_column et_pb_column_2_3 et-last-child et_block_column et_pb_css_mix_blend_mode_passthrough\"><div class=\"et_pb_image_0 et_pb_image et_animated et_pb_module et_block_module preset--module--divi-image--default\"><span class=\"et_pb_image_wrap\"><img decoding=\"async\" src=\"\/\/i2.wp.com\/ubu.de\/wp-content\/uploads\/2020\/01\/sass-ui-mocks-o4.jpg\" \/><\/span><\/div><\/div><\/div><div class=\"et_pb_row_2 et_pb_row et_block_row\"><div class=\"et_pb_column_3 et_pb_column et_pb_column_1_2 et_block_column et_pb_css_mix_blend_mode_passthrough\"><div class=\"et_pb_image_1 et_pb_image et_animated et_pb_module et_block_module preset--module--divi-image--default\"><span class=\"et_pb_image_wrap\"><img decoding=\"async\" src=\"\/\/i2.wp.com\/ubu.de\/wp-content\/uploads\/2020\/01\/feature-img-2-2.jpg\" \/><\/span><\/div><\/div><div class=\"et_pb_column_4 et_pb_column et_pb_column_1_2 et-last-child et_block_column et_pb_css_mix_blend_mode_passthrough\"><div class=\"et_pb_text_2 et_pb_text et_pb_bg_layout_light et_pb_module et_block_module\"><div class=\"et_pb_text_inner\"><h2>Komunikim i thjesht\u00eb<\/h2>\n<p>Haben Sie eine kurze Frage, aber keine Zeit? - Zuk\u00fcnftig finden Sie die Antwort schnell in unseren \u00fcbersichtlichen FAQs zum Thema Arbeitsschutz in Ihrem Betrieb.<\/p>\n<p>N\u00ebse keni ndonj\u00eb k\u00ebrkes\u00eb tjet\u00ebr n\u00eb k\u00ebt\u00eb drejtim, do t\u00eb na jet\u00eb k\u00ebnaq\u00ebsi t'ju ndihmojm\u00eb.<\/p>\n<\/div><\/div><div class=\"et_pb_module et_pb_button_module_wrapper et_pb_button_2_wrapper\"><a class=\"et_pb_button_2 et_pb_button et_pb_bg_layout_light et_pb_module et_block_module\" href=\"\/sq\/faq\/\">Pyetje t\u00eb shpeshta<\/a><\/div><\/div><\/div><\/div><div class=\"et_pb_section_2 et_pb_section et_section_regular et_block_section\"><div class=\"et_pb_row_3 et_pb_row et_block_row\"><div class=\"et_pb_column_5 et_pb_column et_pb_column_4_4 et-last-child et_block_column et_pb_css_mix_blend_mode_passthrough\"><div class=\"et_pb_text_3 et_pb_text et_pb_bg_layout_light et_pb_module et_block_module et_pb_text_align_center\"><div class=\"et_pb_text_inner\"><h2>P\u00ebrfitimet e mein.ubu.de<\/h2>\n<p>Ne kemi nj\u00eb vizion t\u00eb qart\u00eb p\u00ebr zon\u00ebn e klientit. Disa element\u00eb jan\u00eb tashm\u00eb t\u00eb disponuesh\u00ebm. T\u00eb tjer\u00ebt jan\u00eb n\u00eb faz\u00ebn e planifikimit.<\/p>\n<\/div><\/div><\/div><\/div><div class=\"et_pb_row_4 et_pb_row et_pb_equal_columns et_pb_gutters2 et_block_row\"><div class=\"et_pb_column_6 et_pb_column et_pb_column_1_3 et_block_column et_pb_css_mix_blend_mode_passthrough\"><div class=\"et_pb_blurb_0 et_pb_blurb et_pb_bg_layout_light et_pb_text_align_center et_pb_blurb_position_top et_animated et_clickable et_pb_module et_block_module\"><div class=\"et_pb_blurb_content\"><div class=\"et_pb_main_blurb_image\"><span class=\"et_pb_image_wrap\"><span class=\"et-pb-icon\">\ue0ec<\/span><\/span><\/div><div class=\"et_pb_blurb_container\"><h4 class=\"et_pb_module_header\">Dokumentet ASD<\/h4><div class=\"et_pb_blurb_description\"><p><span>K\u00ebtu do t\u00eb gjeni dokumentet q\u00eb lidhen me sigurin\u00eb tuaj n\u00eb pun\u00eb. P\u00ebr t\u00eb rritur sigurin\u00eb tuaj ligjore, ju rekomandojm\u00eb t\u00eb shkarkoni dokumentet e k\u00ebrkuara n\u00eb kompanin\u00eb tuaj dhe t'i mbani t\u00eb p\u00ebrdit\u00ebsuara.<\/span><\/p>\n<\/div><\/div><\/div><\/div><\/div><div class=\"et_pb_column_7 et_pb_column et_pb_column_1_3 et_block_column et_pb_css_mix_blend_mode_passthrough\"><div class=\"et_pb_blurb_1 et_pb_blurb et_pb_bg_layout_light et_pb_text_align_center et_pb_blurb_position_top et_animated et_clickable et_pb_module et_block_module\"><div class=\"et_pb_blurb_content\"><div class=\"et_pb_main_blurb_image\"><span class=\"et_pb_image_wrap\"><span class=\"et-pb-icon\">\ue0ec<\/span><\/span><\/div><div class=\"et_pb_blurb_container\"><h4 class=\"et_pb_module_header\">udh\u00ebzime p\u00ebr p\u00ebrdorim<\/h4><div class=\"et_pb_blurb_description\"><p>Udh\u00ebzimet e funksionimit jan\u00eb udh\u00ebzime t\u00eb shkruara, udh\u00ebzime t\u00eb lidhura me vendin e pun\u00ebs dhe aktivitetin, t\u00eb l\u00ebshuara nga pun\u00ebdh\u00ebn\u00ebsi p\u00ebr trajtimin e sakt\u00eb dhe t\u00eb sigurt t\u00eb pajisjeve t\u00eb pun\u00ebs dhe substancave t\u00eb rrezikshme.<\/p>\n<p>&nbsp;<\/p>\n<\/div><\/div><\/div><\/div><\/div><div class=\"et_pb_column_8 et_pb_column et_pb_column_1_3 et-last-child et_block_column et_pb_css_mix_blend_mode_passthrough\"><div class=\"et_pb_blurb_2 et_pb_blurb et_pb_bg_layout_light et_pb_text_align_center et_pb_blurb_position_top et_animated et_clickable et_pb_module et_block_module\"><div class=\"et_pb_blurb_content\"><div class=\"et_pb_main_blurb_image\"><span class=\"et_pb_image_wrap\"><span class=\"et-pb-icon\">\ue0e3<\/span><\/span><\/div><div class=\"et_pb_blurb_container\"><h4 class=\"et_pb_module_header\">udh\u00ebzime<\/h4><div class=\"et_pb_blurb_description\"><p>Sipas Nenit 12 t\u00eb Ligjit Gjerman p\u00ebr Koh\u00ebn e Pun\u00ebs (ArbSchG), pun\u00ebdh\u00ebn\u00ebsit duhet t'u sigurojn\u00eb punonj\u00ebsve udh\u00ebzime t\u00eb mjaftueshme dhe t\u00eb p\u00ebrshtatshme p\u00ebr sh\u00ebndetin dhe sigurin\u00eb n\u00eb pun\u00eb gjat\u00eb orarit t\u00eb tyre t\u00eb pun\u00ebs.<\/p>\n<\/div><\/div><\/div><\/div><div class=\"et_pb_blurb_3 et_pb_blurb et_pb_bg_layout_dark et_pb_blurb_position_top et_animated et_pb_module et_block_module\"><div class=\"et_pb_blurb_content\"><div class=\"et_pb_blurb_container\"><h4 class=\"et_pb_module_header\">Tani i ri: Dixhital &amp; mobil<\/h4><\/div><\/div><\/div><\/div><\/div><div class=\"et_pb_row_5 et_pb_row et_pb_equal_columns et_pb_gutters2 et_block_row\"><div class=\"et_pb_column_9 et_pb_column et_pb_column_1_3 et_block_column et_pb_css_mix_blend_mode_passthrough\"><div class=\"et_pb_blurb_4 et_pb_blurb et_pb_bg_layout_light et_pb_text_align_center et_pb_blurb_position_top et_animated et_clickable et_pb_module et_block_module\"><div class=\"et_pb_blurb_content\"><div class=\"et_pb_main_blurb_image\"><span class=\"et_pb_image_wrap\"><span class=\"et-pb-icon\">\ue026<\/span><\/span><\/div><div class=\"et_pb_blurb_container\"><h4 class=\"et_pb_module_header\">lista kontrolli<\/h4><div class=\"et_pb_blurb_description\"><p><span>Listat e kontrollit jan\u00eb m\u00eb t\u00eb p\u00ebrmbledhura se udh\u00ebzimet operative t\u00eb k\u00ebrkuara me ligj, por ndihmojn\u00eb n\u00eb zbatimin praktik t\u00eb p\u00ebrditsh\u00ebm.<\/span><\/p>\n<\/div><\/div><\/div><\/div><\/div><div class=\"et_pb_column_10 et_pb_column et_pb_column_1_3 et_block_column et_pb_css_mix_blend_mode_passthrough\"><div class=\"et_pb_blurb_5 et_pb_blurb et_pb_bg_layout_light et_pb_text_align_center et_pb_blurb_position_top et_animated et_clickable et_pb_module et_block_module\"><div class=\"et_pb_blurb_content\"><div class=\"et_pb_main_blurb_image\"><span class=\"et_pb_image_wrap\"><span class=\"et-pb-icon\">\ue026<\/span><\/span><\/div><div class=\"et_pb_blurb_container\"><h4 class=\"et_pb_module_header\">vler\u00ebsimi i rrezikut<\/h4><div class=\"et_pb_blurb_description\"><p>Nj\u00eb vler\u00ebsim i rreziqeve n\u00eb vendin e pun\u00ebs k\u00ebrkohet me ligj. ubu ofron k\u00ebt\u00eb sh\u00ebrbim n\u00eb m\u00ebnyr\u00eb fleksibile online ose si sh\u00ebrbim n\u00eb vendin e pun\u00ebs.<\/p>\n<\/div><\/div><\/div><\/div><\/div><div class=\"et_pb_column_11 et_pb_column et_pb_column_1_3 et-last-child et_block_column et_pb_css_mix_blend_mode_passthrough\"><div class=\"et_pb_blurb_6 et_pb_blurb et_pb_bg_layout_light et_pb_text_align_center et_pb_blurb_position_top et_pb_module et_block_module\"><div class=\"et_pb_blurb_content\"><div class=\"et_pb_main_blurb_image\"><span class=\"et_pb_image_wrap\"><span class=\"et-pb-icon\">\ue030<\/span><\/span><\/div><div class=\"et_pb_blurb_container\"><h4 class=\"et_pb_module_header\">Mjek n\u00eb k\u00ebrkes\u00eb<\/h4><div class=\"et_pb_blurb_description\"><p>A keni nevoj\u00eb p\u00ebr k\u00ebshilla p\u00ebr sh\u00ebndetin n\u00eb pun\u00eb? Thjesht caktoni nj\u00eb konsult\u00eb online me mjekun ton\u00eb t\u00eb sh\u00ebndetit n\u00eb pun\u00eb.<\/p>\n<\/div><\/div><\/div><\/div><\/div><\/div><div class=\"et_pb_row_6 et_pb_row et_pb_equal_columns et_pb_gutters2 et_block_row\"><div class=\"et_pb_column_12 et_pb_column et_pb_column_1_3 et_block_column et_pb_css_mix_blend_mode_passthrough\"><div class=\"et_pb_blurb_7 et_pb_blurb et_pb_bg_layout_light et_pb_text_align_center et_pb_blurb_position_top et_animated et_clickable et_pb_module et_block_module\"><div class=\"et_pb_blurb_content\"><div class=\"et_pb_main_blurb_image\"><span class=\"et_pb_image_wrap\"><span class=\"et-pb-icon\">\ue020<\/span><\/span><\/div><div class=\"et_pb_blurb_container\"><h4 class=\"et_pb_module_header\">or\u00ebt bruto t\u00eb pun\u00ebs<\/h4><div class=\"et_pb_blurb_description\"><p>Ju thjesht na raportoni t\u00eb dh\u00ebnat operative nj\u00eb her\u00eb n\u00eb vit n\u00eb mein.ubu.de.<\/p>\n<\/div><\/div><\/div><\/div><\/div><div class=\"et_pb_column_13 et_pb_column et_pb_column_1_3 et_block_column et_pb_css_mix_blend_mode_passthrough\"><div class=\"et_pb_blurb_8 et_pb_blurb et_pb_bg_layout_light et_pb_text_align_center et_pb_blurb_position_top et_animated et_pb_module et_block_module\"><div class=\"et_pb_blurb_content\"><div class=\"et_pb_main_blurb_image\"><span class=\"et_pb_image_wrap\"><span class=\"et-pb-icon\">\ue017<\/span><\/span><\/div><div class=\"et_pb_blurb_container\"><h4 class=\"et_pb_module_header\">Mbledhjet e ASA-s\u00eb<\/h4><div class=\"et_pb_blurb_description\"><p>Ligji p\u00ebr Sigurin\u00eb n\u00eb Pun\u00eb nuk p\u00ebrcakton nj\u00eb format t\u00eb ve\u00e7ant\u00eb p\u00ebr takimet e ASA-s\u00eb. Prandaj, ubu aktiv ofron mund\u00ebsi fleksib\u00ebl p\u00ebr pjes\u00ebmarrje (p.sh. me telefon ose video-konferenc\u00eb).<\/p>\n<\/div><\/div><\/div><\/div><\/div><div class=\"et_pb_column_14 et_pb_column et_pb_column_1_3 et-last-child et_block_column et_pb_css_mix_blend_mode_passthrough\"><div class=\"et_pb_blurb_9 et_pb_blurb et_pb_bg_layout_light et_pb_text_align_center et_pb_blurb_position_top et_animated et_clickable et_pb_module et_block_module\"><div class=\"et_pb_blurb_content\"><div class=\"et_pb_main_blurb_image\"><span class=\"et_pb_image_wrap\"><span class=\"et-pb-icon\">\ue028<\/span><\/span><\/div><div class=\"et_pb_blurb_container\"><h4 class=\"et_pb_module_header\">COVID-19<\/h4><div class=\"et_pb_blurb_description\"><p><span>BMAS ka vendosur nj\u00eb standard sigurie n\u00eb pun\u00eb p\u00ebr SARS-CoV-2. Dokumentet tona mbi k\u00ebt\u00eb mund t'i gjeni k\u00ebtu.<\/span><\/p>\n<\/div><\/div><\/div><\/div><\/div><\/div><\/div><div class=\"et_pb_section_3 et_pb_section et_section_regular et_block_section\"><div class=\"et_pb_row_7 et_pb_row et_block_row\"><div class=\"et_pb_column_15 et_pb_column et_pb_column_1_2 et_block_column et_pb_css_mix_blend_mode_passthrough\"><div class=\"et_pb_text_4 et_pb_text et_pb_bg_layout_light et_pb_module et_block_module\"><div class=\"et_pb_text_inner\"><h2>Zot\u00ebrimi i siguris\u00eb n\u00eb pun\u00eb n\u00eb jet\u00ebn e p\u00ebrditshme<\/h2>\n<p>Si pun\u00ebdh\u00ebn\u00ebs, jeni t\u00eb detyruar t\u00eb merrni masa t\u00eb caktuara organizative p\u00ebr t\u00eb siguruar dhe p\u00ebrmir\u00ebsuar sh\u00ebndetin dhe sigurin\u00eb e punonj\u00ebsve tuaj n\u00eb pun\u00eb.<\/p>\n<p>Sigurisht, siguria n\u00eb pun\u00eb nuk \u00ebsht\u00eb gjithmon\u00eb prioriteti kryesor n\u00eb operacionet e p\u00ebrditshme. Me ofert\u00ebn ton\u00eb digjitale n\u00eb mein.ubu.de, ne ofrojm\u00eb ndihm\u00eb praktike p\u00ebr klient\u00ebt e ubu me vler\u00eb t\u00eb v\u00ebrtet\u00eb t\u00eb shtuar n\u00eb jet\u00ebn e tyre t\u00eb p\u00ebrditshme.<\/p>\n<\/div><\/div><div class=\"et_pb_module et_pb_button_module_wrapper et_pb_button_3_wrapper\"><a class=\"et_pb_button_3 et_pb_button et_pb_bg_layout_light et_pb_module et_block_module\" href=\"\/sq\/registrieren\/\">Regjistrohu n\u00eb mein.ubu.de<\/a><\/div><\/div><div class=\"et_pb_column_16 et_pb_column et_pb_column_1_2 et-last-child et_block_column et_pb_css_mix_blend_mode_passthrough\"><div class=\"et_pb_image_2 et_pb_image et_animated et_pb_module et_block_module preset--module--divi-image--default\"><span class=\"et_pb_image_wrap\"><img decoding=\"async\" src=\"\/\/i2.wp.com\/ubu.de\/wp-content\/uploads\/2020\/01\/feature-img-1-2.jpg\" \/><\/span><\/div><\/div><\/div><\/div><div class=\"et_pb_section_4 et_pb_section et_section_regular et_block_section\"><div class=\"et_pb_row_8 et_pb_row et_block_row\"><div class=\"et_pb_column_17 et_pb_column et_pb_column_4_4 et-last-child et_block_column et_pb_css_mix_blend_mode_passthrough\"><div class=\"et_pb_blurb_10 et_pb_blurb et_pb_bg_layout_light et_pb_text_align_center et_pb_blurb_position_top et_pb_module et_block_module\"><div class=\"et_pb_blurb_content\"><div class=\"et_pb_blurb_container\"><h2 class=\"et_pb_module_header\">\"Nj\u00eb m\u00ebnyr\u00eb e thjesht\u00eb p\u00ebr t\u00eb p\u00ebrmir\u00ebsuar sigurin\u00eb n\u00eb pun\u00eb. Dixhitale. E p\u00ebrshtatshme p\u00ebr p\u00ebrdorim t\u00eb p\u00ebrditsh\u00ebm.\"<\/h2><div class=\"et_pb_blurb_description\"><p>- Ein Kunde<\/p>\n<\/div><\/div><\/div><\/div><\/div><\/div><\/div><div class=\"et_pb_section_5 et_pb_section et_section_regular et_block_section\"><div class=\"et_pb_row_9 et_pb_row et_block_row\"><div class=\"et_pb_column_18 et_pb_column et_pb_column_2_3 et_block_column et_pb_css_mix_blend_mode_passthrough\"><div class=\"et_pb_text_5 et_pb_text et_pb_bg_layout_light et_pb_module et_block_module\"><div class=\"et_pb_text_inner\"><h2>Jeni bindur? Regjistrohuni sot:<\/h2>\n<\/div><\/div><\/div><div class=\"et_pb_column_19 et_pb_column et_pb_column_1_3 et-last-child et_block_column et_pb_css_mix_blend_mode_passthrough\"><div class=\"et_pb_module et_pb_button_module_wrapper et_pb_button_4_wrapper\"><a class=\"et_pb_button_4 et_pb_button et_pb_bg_layout_light et_pb_module et_block_module\" href=\"\/sq\/registrieren\/\">Regjistrohu n\u00eb mein.ubu.de<\/a><\/div><\/div><\/div><\/div>","protected":false},"excerpt":{"rendered":"","protected":false},"author":1,"featured_media":0,"parent":0,"menu_order":0,"comment_status":"closed","ping_status":"closed","template":"","meta":{"_acf_changed":false,"inline_featured_image":false,"footnotes":""},"class_list":["post-26410","page","type-page","status-publish","hentry"],"acf":[],"yoast_head":"<!-- This site is optimized with the Yoast SEO plugin v27.4 - https:\/\/yoast.com\/product\/yoast-seo-wordpress\/ -->\n<title>Willkommen auf mein.ubu.de - ubu - Arbeitsschutz f\u00fcr Hotels und Gastronomie<\/title>\n<meta name=\"robots\" content=\"index, follow, max-snippet:-1, max-image-preview:large, max-video-preview:-1\" \/>\n<link rel=\"canonical\" href=\"https:\/\/www.ubu.de\/sq\/mein-ubu\/\" \/>\n<meta property=\"og:locale\" content=\"sq_AL\" \/>\n<meta property=\"og:type\" content=\"article\" \/>\n<meta property=\"og:title\" content=\"Willkommen auf mein.ubu.de - ubu - Arbeitsschutz f\u00fcr Hotels und Gastronomie\" \/>\n<meta property=\"og:url\" content=\"https:\/\/www.ubu.de\/sq\/mein-ubu\/\" \/>\n<meta property=\"og:site_name\" content=\"ubu - Arbeitsschutz f\u00fcr Hotels und Gastronomie\" \/>\n<meta property=\"article:modified_time\" content=\"2026-03-20T13:03:57+00:00\" \/>\n<meta name=\"twitter:card\" content=\"summary_large_image\" \/>\n<script type=\"application\/ld+json\" class=\"yoast-schema-graph\">{\"@context\":\"https:\\\/\\\/schema.org\",\"@graph\":[{\"@type\":\"WebPage\",\"@id\":\"https:\\\/\\\/www.ubu.de\\\/mein-ubu\\\/\",\"url\":\"https:\\\/\\\/www.ubu.de\\\/mein-ubu\\\/\",\"name\":\"Willkommen auf mein.ubu.de - ubu - Arbeitsschutz f\u00fcr Hotels und Gastronomie\",\"isPartOf\":{\"@id\":\"https:\\\/\\\/www.ubu.de\\\/#website\"},\"datePublished\":\"2020-02-12T10:04:53+00:00\",\"dateModified\":\"2026-03-20T13:03:57+00:00\",\"breadcrumb\":{\"@id\":\"https:\\\/\\\/www.ubu.de\\\/mein-ubu\\\/#breadcrumb\"},\"inLanguage\":\"sq\",\"potentialAction\":[{\"@type\":\"ReadAction\",\"target\":[\"https:\\\/\\\/www.ubu.de\\\/mein-ubu\\\/\"]}]},{\"@type\":\"BreadcrumbList\",\"@id\":\"https:\\\/\\\/www.ubu.de\\\/mein-ubu\\\/#breadcrumb\",\"itemListElement\":[{\"@type\":\"ListItem\",\"position\":1,\"name\":\"Startseite\",\"item\":\"https:\\\/\\\/www.ubu.de\\\/\"},{\"@type\":\"ListItem\",\"position\":2,\"name\":\"Willkommen auf mein.ubu.de\"}]},{\"@type\":\"WebSite\",\"@id\":\"https:\\\/\\\/www.ubu.de\\\/#website\",\"url\":\"https:\\\/\\\/www.ubu.de\\\/\",\"name\":\"ubu - Arbeitsschutz f\u00fcr Hotels und Gastronomie\",\"description\":\"safety at work\",\"publisher\":{\"@id\":\"https:\\\/\\\/www.ubu.de\\\/#organization\"},\"potentialAction\":[{\"@type\":\"SearchAction\",\"target\":{\"@type\":\"EntryPoint\",\"urlTemplate\":\"https:\\\/\\\/www.ubu.de\\\/?s={search_term_string}\"},\"query-input\":{\"@type\":\"PropertyValueSpecification\",\"valueRequired\":true,\"valueName\":\"search_term_string\"}}],\"inLanguage\":\"sq\"},{\"@type\":\"Organization\",\"@id\":\"https:\\\/\\\/www.ubu.de\\\/#organization\",\"name\":\"ubu - safety at work\",\"url\":\"https:\\\/\\\/www.ubu.de\\\/\",\"logo\":{\"@type\":\"ImageObject\",\"inLanguage\":\"sq\",\"@id\":\"https:\\\/\\\/www.ubu.de\\\/#\\\/schema\\\/logo\\\/image\\\/\",\"url\":\"https:\\\/\\\/www.ubu.de\\\/wp-content\\\/uploads\\\/2016\\\/07\\\/ubu-elephant.png\",\"contentUrl\":\"https:\\\/\\\/www.ubu.de\\\/wp-content\\\/uploads\\\/2016\\\/07\\\/ubu-elephant.png\",\"width\":250,\"height\":250,\"caption\":\"ubu - safety at work\"},\"image\":{\"@id\":\"https:\\\/\\\/www.ubu.de\\\/#\\\/schema\\\/logo\\\/image\\\/\"}}]}<\/script>\n<!-- \/ Yoast SEO plugin. -->","yoast_head_json":{"title":"Willkommen auf mein.ubu.de - ubu - Arbeitsschutz f\u00fcr Hotels und Gastronomie","robots":{"index":"index","follow":"follow","max-snippet":"max-snippet:-1","max-image-preview":"max-image-preview:large","max-video-preview":"max-video-preview:-1"},"canonical":"https:\/\/www.ubu.de\/sq\/mein-ubu\/","og_locale":"sq_AL","og_type":"article","og_title":"Willkommen auf mein.ubu.de - ubu - Arbeitsschutz f\u00fcr Hotels und Gastronomie","og_url":"https:\/\/www.ubu.de\/sq\/mein-ubu\/","og_site_name":"ubu - Arbeitsschutz f\u00fcr Hotels und Gastronomie","article_modified_time":"2026-03-20T13:03:57+00:00","twitter_card":"summary_large_image","schema":{"@context":"https:\/\/schema.org","@graph":[{"@type":"WebPage","@id":"https:\/\/www.ubu.de\/mein-ubu\/","url":"https:\/\/www.ubu.de\/mein-ubu\/","name":"Willkommen auf mein.ubu.de - ubu - Arbeitsschutz f\u00fcr Hotels und Gastronomie","isPartOf":{"@id":"https:\/\/www.ubu.de\/#website"},"datePublished":"2020-02-12T10:04:53+00:00","dateModified":"2026-03-20T13:03:57+00:00","breadcrumb":{"@id":"https:\/\/www.ubu.de\/mein-ubu\/#breadcrumb"},"inLanguage":"sq","potentialAction":[{"@type":"ReadAction","target":["https:\/\/www.ubu.de\/mein-ubu\/"]}]},{"@type":"BreadcrumbList","@id":"https:\/\/www.ubu.de\/mein-ubu\/#breadcrumb","itemListElement":[{"@type":"ListItem","position":1,"name":"Startseite","item":"https:\/\/www.ubu.de\/"},{"@type":"ListItem","position":2,"name":"Willkommen auf mein.ubu.de"}]},{"@type":"WebSite","@id":"https:\/\/www.ubu.de\/#website","url":"https:\/\/www.ubu.de\/","name":"ubu \u2013 Siguria n\u00eb pun\u00eb p\u00ebr hotele dhe restorante","description":"Siguria n\u00eb pun\u00eb","publisher":{"@id":"https:\/\/www.ubu.de\/#organization"},"potentialAction":[{"@type":"SearchAction","target":{"@type":"EntryPoint","urlTemplate":"https:\/\/www.ubu.de\/?s={search_term_string}"},"query-input":{"@type":"PropertyValueSpecification","valueRequired":true,"valueName":"search_term_string"}}],"inLanguage":"sq"},{"@type":"Organization","@id":"https:\/\/www.ubu.de\/#organization","name":"ubu - safety at work","url":"https:\/\/www.ubu.de\/","logo":{"@type":"ImageObject","inLanguage":"sq","@id":"https:\/\/www.ubu.de\/#\/schema\/logo\/image\/","url":"https:\/\/www.ubu.de\/wp-content\/uploads\/2016\/07\/ubu-elephant.png","contentUrl":"https:\/\/www.ubu.de\/wp-content\/uploads\/2016\/07\/ubu-elephant.png","width":250,"height":250,"caption":"ubu - safety at work"},"image":{"@id":"https:\/\/www.ubu.de\/#\/schema\/logo\/image\/"}}]}},"_links":{"self":[{"href":"https:\/\/www.ubu.de\/sq\/wp-json\/wp\/v2\/pages\/26410","targetHints":{"allow":["GET"]}}],"collection":[{"href":"https:\/\/www.ubu.de\/sq\/wp-json\/wp\/v2\/pages"}],"about":[{"href":"https:\/\/www.ubu.de\/sq\/wp-json\/wp\/v2\/types\/page"}],"author":[{"embeddable":true,"href":"https:\/\/www.ubu.de\/sq\/wp-json\/wp\/v2\/users\/1"}],"replies":[{"embeddable":true,"href":"https:\/\/www.ubu.de\/sq\/wp-json\/wp\/v2\/comments?post=26410"}],"version-history":[{"count":10,"href":"https:\/\/www.ubu.de\/sq\/wp-json\/wp\/v2\/pages\/26410\/revisions"}],"predecessor-version":[{"id":28886,"href":"https:\/\/www.ubu.de\/sq\/wp-json\/wp\/v2\/pages\/26410\/revisions\/28886"}],"wp:attachment":[{"href":"https:\/\/www.ubu.de\/sq\/wp-json\/wp\/v2\/media?parent=26410"}],"curies":[{"name":"wp","href":"https:\/\/api.w.org\/{rel}","templated":true}]}}