{"id":28208,"date":"2025-04-01T08:58:17","date_gmt":"2025-04-01T06:58:17","guid":{"rendered":"https:\/\/www.ubu.de\/?page_id=28208"},"modified":"2026-03-20T14:04:05","modified_gmt":"2026-03-20T13:04:05","slug":"c01-unterweisung-zur-unterweisung","status":"publish","type":"page","link":"https:\/\/www.ubu.de\/sq\/c01-unterweisung-zur-unterweisung\/","title":{"rendered":"C01 Die Unterweisung zur Unterweisung"},"content":{"rendered":"<div class=\"et_pb_section_0 et_pb_section et_section_regular et_block_section et_animated\"><div class=\"et_pb_row_0 et_pb_row et_block_row\"><div class=\"et_pb_column_0 et_pb_column et_pb_column_4_4 et-last-child et_block_column et_pb_css_mix_blend_mode_passthrough\"><div class=\"et_pb_text_0 et_pb_text et_pb_bg_layout_dark et_pb_module et_block_module et_pb_text_align_center\"><div class=\"et_pb_text_inner\"><h1>M\u00ebsimdh\u00ebnie digjitale<\/h1>\n<\/div><\/div><\/div><\/div><\/div><div class=\"et_pb_section_1 et_pb_section et_section_regular et_block_section\"><div class=\"et_pb_row_1 et_pb_row et_block_row\"><div class=\"et_pb_column_1 et_pb_column et_pb_column_4_4 et-last-child et_block_column et_pb_css_mix_blend_mode_passthrough\"><div class=\"et_pb_blurb_0 et_pb_blurb et_pb_bg_layout_light et_pb_blurb_position_top et_pb_module et_block_module\"><div class=\"et_pb_blurb_content\"><div class=\"et_pb_blurb_container\"><h1 class=\"et_pb_module_header\">Udh\u00ebzim mbi udh\u00ebzimin<\/h1><div class=\"et_pb_blurb_description\"><h3><span style=\"color: #336699;\">ose si t\u00eb motivojm\u00eb koleg\u00ebt q\u00eb ta marrin seriozisht sigurin\u00eb n\u00eb pun\u00eb.<\/span><\/h3>\n<p>Rutina jon\u00eb e p\u00ebrditshme paraqet nj\u00eb rrezik p\u00ebr sigurin\u00eb. Gjysma e t\u00eb gjitha aksidenteve n\u00eb pun\u00eb ndodhin sepse viktima n\u00ebnvler\u00ebsoi rrezikun e mundsh\u00ebm t\u00eb aktivitetit t\u00eb saj.<\/p>\n<p>Shumica e punonj\u00ebsve punojn\u00eb n\u00eb vende pune me rrezik t\u00eb moderuar aksidentesh \u2013 por befasuesh\u00ebm, pik\u00ebrisht kjo e b\u00ebn t\u00eb mundur sjelljen e pasigurt, ve\u00e7an\u00ebrisht kur ka presion kohor.<\/p>\n<p>Nj\u00eb num\u00ebr i madh aksidentesh ende shkaktohen nga pengimi, rr\u00ebshqitja ose r\u00ebnia gjat\u00eb ecjes nga pika A n\u00eb pika B. Ndoshta po ecni n\u00eb oborr, duke shkruar shpejt nj\u00eb mesazh teksti, dhe nuk vini re nj\u00eb rrezik pengimi, t\u00eb ri apo t\u00eb vjet\u00ebr \u2013 fatkeq\u00ebsisht, kjo shpesh rezulton n\u00eb fraktura serioze t\u00eb kockave!<\/p>\n<p>K\u00ebto fakte na ofrojn\u00eb nj\u00eb pik\u00ebnisje shum\u00eb t\u00eb r\u00ebnd\u00ebsishme p\u00ebr t\u00eb ndikuar pozitivisht n\u00eb sjelljen e punonj\u00ebsve si menaxher\u00eb. Q\u00ebllimi duhet t\u00eb jet\u00eb ta b\u00ebjm\u00eb sjelljen e sigurt m\u00eb t\u00eb d\u00ebshirueshme p\u00ebr punonj\u00ebsit sesa sjelljen e pasigurt \u2013 me fjal\u00eb t\u00eb tjera, t'i \u201emotivonim\u201c punonj\u00ebsit individual\u00eb t\u00eb vler\u00ebsojn\u00eb vet\u00eb rreziqet e tyre.<\/p>\n<p>Ne ju ofrojm\u00eb nj\u00eb mjet p\u00ebr k\u00ebt\u00eb n\u00eb udh\u00ebzimet tona. Megjithat\u00eb, n\u00ebse me t\u00eb v\u00ebrtet\u00eb d\u00ebshironi t\u00eb promovoni sjellje t\u00eb sigurt mes koleg\u00ebve tuaj, ju lutemi shp\u00ebrndani udh\u00ebzimet tona t\u00eb siguris\u00eb dhe m\u00eb pas flisni me punonj\u00ebsit tuaj p\u00ebr p\u00ebrvojat e tyre n\u00eb lidhje me tem\u00ebn p\u00ebrkat\u00ebse, si p.sh. shkaqet e aksidenteve n\u00eb vendin e tyre t\u00eb pun\u00ebs.<\/p>\n<p>&nbsp;<\/p>\n<section><\/section>\n<\/div><\/div><\/div><\/div><div class=\"et_pb_image_0 et_pb_image et_pb_module et_block_module preset--module--divi-image--default\"><span class=\"et_pb_image_wrap\"><img loading=\"lazy\" decoding=\"async\" src=\"https:\/\/www.ubu.de\/wp-content\/uploads\/Leitfaden-zur-Unterweisung-ubu-GmbH-Arbeitsschutz.png\" width=\"1744\" height=\"1292\" srcset=\"https:\/\/www.ubu.de\/wp-content\/uploads\/Leitfaden-zur-Unterweisung-ubu-GmbH-Arbeitsschutz.png 1744w, https:\/\/www.ubu.de\/wp-content\/uploads\/Leitfaden-zur-Unterweisung-ubu-GmbH-Arbeitsschutz-1280x948.png 1280w, https:\/\/www.ubu.de\/wp-content\/uploads\/Leitfaden-zur-Unterweisung-ubu-GmbH-Arbeitsschutz-980x726.png 980w, https:\/\/www.ubu.de\/wp-content\/uploads\/Leitfaden-zur-Unterweisung-ubu-GmbH-Arbeitsschutz-480x356.png 480w\" sizes=\"(min-width: 0px) and (max-width: 480px) 480px, (min-width: 481px) and (max-width: 980px) 980px, (min-width: 981px) and (max-width: 1280px) 1280px, (min-width: 1281px) 1744px, 100vw\" class=\"wp-image-28224\" title=\"Udh\u00ebzime p\u00ebr instruksionin e siguris\u00eb dhe sh\u00ebndetit n\u00eb pun\u00eb nga ubu GmbH\" \/><\/span><\/div><div class=\"et_pb_blurb_1 et_pb_blurb et_pb_bg_layout_light et_pb_blurb_position_top et_pb_module et_block_module\"><div class=\"et_pb_blurb_content\"><div class=\"et_pb_blurb_container\"><h2 class=\"et_pb_module_header\">N\u00eb rast aksidentesh:<\/h2><div class=\"et_pb_blurb_description\"><section>\n<ul>\n<li>Cilat jan\u00eb shkaqet?<\/li>\n<li>Cilat aksidente ndodhin m\u00eb shpesh n\u00eb vendin tuaj t\u00eb pun\u00ebs dhe cilat jan\u00eb pasojat e tyre?<\/li>\n<li>A konsiderohet veshja e PPE-s\u00eb si e pak\u00ebndshme, jo moderne apo madje q\u00eb pengon pun\u00ebn?<\/li>\n<\/ul>\n<\/section>\n<p>\u00c7far\u00eb mund t\u00eb b\u00ebni, p\u00ebr shembull, p\u00ebr t\u00eb promovuar p\u00ebrdorimin e PPE-s\u00eb n\u00eb kompanin\u00eb tuaj?<\/p>\n<p>Norma e veshjes varet kryesisht nga komoditeti i veshjes, por pamja ka gjithashtu nj\u00eb rol t\u00eb r\u00ebnd\u00ebsish\u00ebm p\u00ebr shum\u00eb punonj\u00ebs. Prandaj, mos blini gjithmon\u00eb produkte t\u00eb m\u00ebrzitshme e t\u00eb standardizuara p\u00ebr arsye kostoje. Punonj\u00ebsit tuaj do t'ju fal\u00ebnderojn\u00eb p\u00ebr k\u00ebt\u00eb \u2013 dhe ju do t\u00eb promovoni sjellje t\u00eb sigurt!<\/p>\n<p>Si mbik\u00ebqyr\u00ebs, ju jeni gjithashtu t\u00eb detyruar t\u00eb monitoroni zbatimin e rregulloreve t\u00eb siguris\u00eb \u2013 dhe, natyrisht, t'i zbatoni ato. Si mas\u00eb t\u00eb fundit, mund t\u00eb p\u00ebrdoren masa disiplinore, si paralajm\u00ebrimi, por nuk duhet kurr\u00eb t\u00eb arrij\u00eb deri aty.<\/p>\n<p>Sjellja juaj personale n\u00eb aspektin e siguris\u00eb \u2013 si dhe kultura korporative e kompanis\u00eb suaj \u2013 luan nj\u00eb rol q\u00eb nuk duhet t\u00eb n\u00ebnvler\u00ebsohet. Jini nj\u00eb menaxher i vet\u00ebdijsh\u00ebm p\u00ebr p\u00ebrgjegj\u00ebsin\u00eb tuaj n\u00eb parandalimin e aksidenteve dhe shp\u00ebrblejeni sjelljen e orientuar drejt siguris\u00eb, p\u00ebr shembull, duke lavd\u00ebruar hapur punonj\u00ebsit individual\u00eb p\u00ebr t\u00eb.<\/p>\n<p>Udh\u00ebzimet tona jan\u00eb hartuar p\u00ebr t'ju ndihmuar ta b\u00ebni sigurin\u00eb n\u00eb kompanin\u00eb tuaj m\u00eb t\u00ebrheq\u00ebse! Megjithat\u00eb, ju lutemi merrni koh\u00eb p\u00ebr t\u00eb diskutuar p\u00ebrmbajtjen me punonj\u00ebsit tuaj.<\/p>\n<p>N\u00eb fillim, siguria mund t\u00eb marr\u00eb pak koh\u00eb, por punonj\u00ebsit e sh\u00ebndetsh\u00ebm mungojn\u00eb duksh\u00ebm m\u00eb pak se ata t\u00eb s\u00ebmur\u00eb \u2013 dhe n\u00eb afat t\u00eb gjat\u00eb, jo vet\u00ebm q\u00eb kurseni para, por fitoni edhe m\u00eb shum\u00eb koh\u00eb p\u00ebr aktivitete t\u00eb reja!<\/p>\n<\/div><\/div><\/div><\/div><\/div><\/div><\/div>","protected":false},"excerpt":{"rendered":"","protected":false},"author":1,"featured_media":0,"parent":0,"menu_order":0,"comment_status":"closed","ping_status":"closed","template":"","meta":{"_acf_changed":false,"inline_featured_image":false,"footnotes":""},"class_list":["post-28208","page","type-page","status-publish","hentry"],"acf":[],"yoast_head":"<!-- This site is optimized with the Yoast SEO plugin v27.4 - https:\/\/yoast.com\/product\/yoast-seo-wordpress\/ -->\n<title>C01 Die Unterweisung zur Unterweisung - ubu - Arbeitsschutz f\u00fcr Hotels und Gastronomie<\/title>\n<meta name=\"robots\" content=\"index, follow, max-snippet:-1, max-image-preview:large, max-video-preview:-1\" \/>\n<link rel=\"canonical\" href=\"https:\/\/www.ubu.de\/sq\/c01-unterweisung-zur-unterweisung\/\" \/>\n<meta property=\"og:locale\" content=\"sq_AL\" \/>\n<meta property=\"og:type\" content=\"article\" \/>\n<meta property=\"og:title\" content=\"C01 Die Unterweisung zur Unterweisung - ubu - Arbeitsschutz f\u00fcr Hotels und Gastronomie\" \/>\n<meta property=\"og:url\" content=\"https:\/\/www.ubu.de\/sq\/c01-unterweisung-zur-unterweisung\/\" \/>\n<meta property=\"og:site_name\" content=\"ubu - Arbeitsschutz f\u00fcr Hotels und Gastronomie\" \/>\n<meta property=\"article:modified_time\" content=\"2026-03-20T13:04:05+00:00\" \/>\n<meta name=\"twitter:card\" content=\"summary_large_image\" \/>\n<meta name=\"twitter:label1\" content=\"Est. reading time\" \/>\n\t<meta name=\"twitter:data1\" content=\"3 minuta\" \/>\n<script type=\"application\/ld+json\" class=\"yoast-schema-graph\">{\"@context\":\"https:\\\/\\\/schema.org\",\"@graph\":[{\"@type\":\"WebPage\",\"@id\":\"https:\\\/\\\/www.ubu.de\\\/c01-unterweisung-zur-unterweisung\\\/\",\"url\":\"https:\\\/\\\/www.ubu.de\\\/c01-unterweisung-zur-unterweisung\\\/\",\"name\":\"C01 Die Unterweisung zur Unterweisung - ubu - Arbeitsschutz f\u00fcr Hotels und Gastronomie\",\"isPartOf\":{\"@id\":\"https:\\\/\\\/www.ubu.de\\\/#website\"},\"datePublished\":\"2025-04-01T06:58:17+00:00\",\"dateModified\":\"2026-03-20T13:04:05+00:00\",\"breadcrumb\":{\"@id\":\"https:\\\/\\\/www.ubu.de\\\/c01-unterweisung-zur-unterweisung\\\/#breadcrumb\"},\"inLanguage\":\"sq\",\"potentialAction\":[{\"@type\":\"ReadAction\",\"target\":[\"https:\\\/\\\/www.ubu.de\\\/c01-unterweisung-zur-unterweisung\\\/\"]}]},{\"@type\":\"BreadcrumbList\",\"@id\":\"https:\\\/\\\/www.ubu.de\\\/c01-unterweisung-zur-unterweisung\\\/#breadcrumb\",\"itemListElement\":[{\"@type\":\"ListItem\",\"position\":1,\"name\":\"Startseite\",\"item\":\"https:\\\/\\\/www.ubu.de\\\/\"},{\"@type\":\"ListItem\",\"position\":2,\"name\":\"C01 Die Unterweisung zur Unterweisung\"}]},{\"@type\":\"WebSite\",\"@id\":\"https:\\\/\\\/www.ubu.de\\\/#website\",\"url\":\"https:\\\/\\\/www.ubu.de\\\/\",\"name\":\"ubu - Arbeitsschutz f\u00fcr Hotels und Gastronomie\",\"description\":\"safety at work\",\"publisher\":{\"@id\":\"https:\\\/\\\/www.ubu.de\\\/#organization\"},\"potentialAction\":[{\"@type\":\"SearchAction\",\"target\":{\"@type\":\"EntryPoint\",\"urlTemplate\":\"https:\\\/\\\/www.ubu.de\\\/?s={search_term_string}\"},\"query-input\":{\"@type\":\"PropertyValueSpecification\",\"valueRequired\":true,\"valueName\":\"search_term_string\"}}],\"inLanguage\":\"sq\"},{\"@type\":\"Organization\",\"@id\":\"https:\\\/\\\/www.ubu.de\\\/#organization\",\"name\":\"ubu - safety at work\",\"url\":\"https:\\\/\\\/www.ubu.de\\\/\",\"logo\":{\"@type\":\"ImageObject\",\"inLanguage\":\"sq\",\"@id\":\"https:\\\/\\\/www.ubu.de\\\/#\\\/schema\\\/logo\\\/image\\\/\",\"url\":\"https:\\\/\\\/www.ubu.de\\\/wp-content\\\/uploads\\\/2016\\\/07\\\/ubu-elephant.png\",\"contentUrl\":\"https:\\\/\\\/www.ubu.de\\\/wp-content\\\/uploads\\\/2016\\\/07\\\/ubu-elephant.png\",\"width\":250,\"height\":250,\"caption\":\"ubu - safety at work\"},\"image\":{\"@id\":\"https:\\\/\\\/www.ubu.de\\\/#\\\/schema\\\/logo\\\/image\\\/\"}}]}<\/script>\n<!-- \/ Yoast SEO plugin. -->","yoast_head_json":{"title":"C01 Die Unterweisung zur Unterweisung - ubu - Arbeitsschutz f\u00fcr Hotels und Gastronomie","robots":{"index":"index","follow":"follow","max-snippet":"max-snippet:-1","max-image-preview":"max-image-preview:large","max-video-preview":"max-video-preview:-1"},"canonical":"https:\/\/www.ubu.de\/sq\/c01-unterweisung-zur-unterweisung\/","og_locale":"sq_AL","og_type":"article","og_title":"C01 Die Unterweisung zur Unterweisung - ubu - Arbeitsschutz f\u00fcr Hotels und Gastronomie","og_url":"https:\/\/www.ubu.de\/sq\/c01-unterweisung-zur-unterweisung\/","og_site_name":"ubu - Arbeitsschutz f\u00fcr Hotels und Gastronomie","article_modified_time":"2026-03-20T13:04:05+00:00","twitter_card":"summary_large_image","twitter_misc":{"Est. reading time":"3 minuta"},"schema":{"@context":"https:\/\/schema.org","@graph":[{"@type":"WebPage","@id":"https:\/\/www.ubu.de\/c01-unterweisung-zur-unterweisung\/","url":"https:\/\/www.ubu.de\/c01-unterweisung-zur-unterweisung\/","name":"C01 Die Unterweisung zur Unterweisung - ubu - Arbeitsschutz f\u00fcr Hotels und Gastronomie","isPartOf":{"@id":"https:\/\/www.ubu.de\/#website"},"datePublished":"2025-04-01T06:58:17+00:00","dateModified":"2026-03-20T13:04:05+00:00","breadcrumb":{"@id":"https:\/\/www.ubu.de\/c01-unterweisung-zur-unterweisung\/#breadcrumb"},"inLanguage":"sq","potentialAction":[{"@type":"ReadAction","target":["https:\/\/www.ubu.de\/c01-unterweisung-zur-unterweisung\/"]}]},{"@type":"BreadcrumbList","@id":"https:\/\/www.ubu.de\/c01-unterweisung-zur-unterweisung\/#breadcrumb","itemListElement":[{"@type":"ListItem","position":1,"name":"Startseite","item":"https:\/\/www.ubu.de\/"},{"@type":"ListItem","position":2,"name":"C01 Die Unterweisung zur Unterweisung"}]},{"@type":"WebSite","@id":"https:\/\/www.ubu.de\/#website","url":"https:\/\/www.ubu.de\/","name":"ubu \u2013 Siguria n\u00eb pun\u00eb p\u00ebr hotele dhe restorante","description":"Siguria n\u00eb pun\u00eb","publisher":{"@id":"https:\/\/www.ubu.de\/#organization"},"potentialAction":[{"@type":"SearchAction","target":{"@type":"EntryPoint","urlTemplate":"https:\/\/www.ubu.de\/?s={search_term_string}"},"query-input":{"@type":"PropertyValueSpecification","valueRequired":true,"valueName":"search_term_string"}}],"inLanguage":"sq"},{"@type":"Organization","@id":"https:\/\/www.ubu.de\/#organization","name":"ubu - safety at work","url":"https:\/\/www.ubu.de\/","logo":{"@type":"ImageObject","inLanguage":"sq","@id":"https:\/\/www.ubu.de\/#\/schema\/logo\/image\/","url":"https:\/\/www.ubu.de\/wp-content\/uploads\/2016\/07\/ubu-elephant.png","contentUrl":"https:\/\/www.ubu.de\/wp-content\/uploads\/2016\/07\/ubu-elephant.png","width":250,"height":250,"caption":"ubu - safety at work"},"image":{"@id":"https:\/\/www.ubu.de\/#\/schema\/logo\/image\/"}}]}},"_links":{"self":[{"href":"https:\/\/www.ubu.de\/sq\/wp-json\/wp\/v2\/pages\/28208","targetHints":{"allow":["GET"]}}],"collection":[{"href":"https:\/\/www.ubu.de\/sq\/wp-json\/wp\/v2\/pages"}],"about":[{"href":"https:\/\/www.ubu.de\/sq\/wp-json\/wp\/v2\/types\/page"}],"author":[{"embeddable":true,"href":"https:\/\/www.ubu.de\/sq\/wp-json\/wp\/v2\/users\/1"}],"replies":[{"embeddable":true,"href":"https:\/\/www.ubu.de\/sq\/wp-json\/wp\/v2\/comments?post=28208"}],"version-history":[{"count":6,"href":"https:\/\/www.ubu.de\/sq\/wp-json\/wp\/v2\/pages\/28208\/revisions"}],"predecessor-version":[{"id":28893,"href":"https:\/\/www.ubu.de\/sq\/wp-json\/wp\/v2\/pages\/28208\/revisions\/28893"}],"wp:attachment":[{"href":"https:\/\/www.ubu.de\/sq\/wp-json\/wp\/v2\/media?parent=28208"}],"curies":[{"name":"wp","href":"https:\/\/api.w.org\/{rel}","templated":true}]}}