{"id":25699,"date":"2016-07-25T17:55:11","date_gmt":"2016-07-25T15:55:11","guid":{"rendered":"http:\/\/www.ubu.de\/?page_id=25699"},"modified":"2026-03-20T14:07:28","modified_gmt":"2026-03-20T13:07:28","slug":"kunde-werden","status":"publish","type":"page","link":"https:\/\/www.ubu.de\/tr\/kunde-werden\/","title":{"rendered":"M\u00fc\u015fteri olun"},"content":{"rendered":"<div class=\"et_pb_section_0 et_pb_section et_pb_fullwidth_section et_section_regular et_block_section\">\n<div class=\"et_pb_fullwidth_slider_0 et_pb_slider et_pb_slider_no_arrows et_pb_slider_no_pagination et_pb_module preset--module--divi-fullwidth-slider--default\"><div class=\"box-shadow-overlay\"><\/div><div class=\"et_pb_slides\">\n<div class=\"et_pb_slide_0 et_pb_slide et_pb_slider_with_overlay et_pb_media_alignment_center et_pb_bg_layout_dark et_pb_text_align_center et_pb_section_parallax\" data-slide-id=\"divi\/slide-0\"><span class=\"et-pb-parallax-wrapper\"><span class=\"et-pb-parallax-background et-pb-parallax-background-module--divi-slide-0\" style=\"background-image:url(https:\/\/www.ubu.de\/wp-content\/uploads\/2016\/07\/ubu-Arbeitsschutz-Arbeitssicherheit-Gastronomie-Restaurants-und-Hotels.jpg)\"><\/span><\/span><div class=\"et_pb_slide_overlay_container\"><\/div><div class=\"et_pb_container\"><div class=\"et_pb_slider_container_inner\"><div class=\"et_pb_slide_description\"><h2 class=\"et_pb_slide_title\">M\u00fc\u015fteri olun<\/h2><div class=\"et_pb_slide_content\"><h3 style=\"text-align: center;\">Safety doesn't happen by accident.<\/h3>\n<\/div><\/div><\/div><\/div><\/div>\n<\/div><\/div>\n<\/div>\n\n<div class=\"et_pb_section_1 et_pb_section et_section_regular et_block_section\">\n<div class=\"et_pb_row_0 et_pb_row et_block_row\">\n<div class=\"et_pb_column_0 et_pb_column et_pb_column_4_4 et-last-child et_block_column et_pb_css_mix_blend_mode_passthrough\">\n<div class=\"et_pb_text_0 et_pb_text et_pb_bg_layout_light et_pb_module et_block_module\"><div class=\"et_pb_text_inner\"><div class=\"page\" title=\"Sayfa 11\">\n<div class=\"layoutArea\">\n<div class=\"column\">\n<h1>Sizin g\u00f6reviniz<\/h1>\n<p>Bir i\u015fveren olarak, \u015firketinizde i\u015f sa\u011fl\u0131\u011f\u0131 ve g\u00fcvenli\u011fi ile \u00f6nleyici tedbirlerin d\u00fczenlenmesinden sorumlusunuz. Bir i\u015fveren olarak, \u00e7al\u0131\u015fanlar\u0131n\u0131z\u0131n hayat\u0131na ve uzuvlar\u0131na y\u00f6nelik tehlike ve zararlar\u0131n \u00f6nlenmesini sa\u011flamal\u0131s\u0131n\u0131z.<\/p>\n<p><strong>Sizi bu konuda yaln\u0131z b\u0131rakmayaca\u011f\u0131z.<\/strong>.<\/p>\n<p>&nbsp;<\/p>\n<h1>Bizim teklifimiz<\/h1>\n<p>Size gerekli i\u015f g\u00fcvenli\u011finin h\u0131zl\u0131 ve yetkin bir \u015fekilde uygulanmas\u0131n\u0131 sunuyoruz. G\u00fc\u00e7l\u00fc y\u00f6nlerimiz aras\u0131nda h\u0131zl\u0131 bir \u015fekilde sahada bulunma, bireysel ihtiya\u00e7lar\u0131n\u0131z\u0131 kar\u015f\u0131lama esnekli\u011fi, profesyonel uzmanl\u0131k ve m\u00fc\u015fterilerimiz i\u00e7in optimize edilmi\u015f bir maliyet yap\u0131s\u0131 bulunmaktad\u0131r.<\/p>\n<p>&nbsp;<\/p>\n<h1>Sparen Sie an den Kosten - nicht an der Sicherheit<\/h1>\n<p>Genellikle ASD*BGN (BGN'nin i\u015f sa\u011fl\u0131\u011f\u0131 ve g\u00fcvenli\u011fi hizmeti) arac\u0131l\u0131\u011f\u0131yla zaten zorunlu olarak sigortal\u0131s\u0131n\u0131z. Ancak, bunun yerine bizi \u00f6zel bir i\u015f sa\u011fl\u0131\u011f\u0131 ve g\u00fcvenli\u011fi hizmetleri sa\u011flay\u0131c\u0131s\u0131 olarak g\u00f6revlendirebilir ve b\u00f6ylece ASD*BGN \u00fcyeli\u011finden muaf tutarak daha iyi ko\u015fullar\u0131m\u0131zdan yararlanabilirsiniz.<\/p>\n<p>Gestalten Sie zuk\u00fcnftig mit uns an Ihrer Seite einen\u00a0zeitgem\u00e4\u00dfen Arbeitsschutz\u00a0- denn pr\u00e4ventives betriebliches Handel ist zweifelsohne die beste Basis f\u00fcr Ihre erfolgreiche Gesch\u00e4ftst\u00e4tigkeit.<\/p>\n<\/div>\n<\/div>\n<\/div>\n<p>&nbsp;<\/p>\n<p>&nbsp;<\/p>\n<\/div><\/div>\n<\/div>\n<\/div>\n<\/div>\n\n<div class=\"et_pb_section_2 et_pb_section et_section_regular et_block_section\">\n<div class=\"et_pb_row_1 et_pb_row et_block_row\">\n<div class=\"et_pb_column_1 et_pb_column et_pb_column_4_4 et-last-child et_block_column et_pb_css_mix_blend_mode_passthrough\">\n<div class=\"et_pb_cta_0 et_pb_promo et_pb_bg_layout_light et_pb_module et_block_module\"><div class=\"et_pb_promo_description\"><h2 class=\"et_pb_module_header\">Anahtar nas\u0131l \u00e7al\u0131\u015f\u0131r?<\/h2><\/div><\/div>\n<\/div>\n<\/div>\n\n<div class=\"et_pb_row_2 et_pb_row et_block_row\">\n<div class=\"et_pb_column_2 et_pb_column et_pb_column_1_4 et_block_column et_pb_css_mix_blend_mode_passthrough\">\n<div class=\"et_pb_blurb_0 et_pb_blurb et_pb_bg_layout_light et_pb_text_align_center et_pb_blurb_position_top et_pb_module et_block_module\"><div class=\"et_pb_blurb_content\"><div class=\"et_pb_main_blurb_image\"><span class=\"et_pb_image_wrap\"><span class=\"et-pb-icon et-waypoint et_pb_animation_top et_pb_animation_top_tablet et_pb_animation_top_phone\">\ue08a<\/span><\/span><\/div><div class=\"et_pb_blurb_container\"><h4 class=\"et_pb_module_header\">1. Ki\u015fiselle\u015ftirilmi\u015f bir teklif al\u0131n<\/h4><\/div><\/div><\/div>\n<\/div>\n\n<div class=\"et_pb_column_3 et_pb_column et_pb_column_1_4 et_block_column et_pb_css_mix_blend_mode_passthrough\">\n<div class=\"et_pb_blurb_1 et_pb_blurb et_pb_bg_layout_light et_pb_text_align_center et_pb_blurb_position_top et_pb_module et_block_module\"><div class=\"et_pb_blurb_content\"><div class=\"et_pb_main_blurb_image\"><span class=\"et_pb_image_wrap\"><span class=\"et-pb-icon et-waypoint et_pb_animation_top et_pb_animation_top_tablet et_pb_animation_top_phone\">l<\/span><\/span><\/div><div class=\"et_pb_blurb_container\"><h4 class=\"et_pb_module_header\">2. yeni bir s\u00f6zle\u015fme imzalamak<\/h4><\/div><\/div><\/div>\n<\/div>\n\n<div class=\"et_pb_column_4 et_pb_column et_pb_column_1_4 et_block_column et_pb_css_mix_blend_mode_passthrough\">\n<div class=\"et_pb_blurb_2 et_pb_blurb et_pb_bg_layout_light et_pb_text_align_center et_pb_blurb_position_top et_pb_module et_block_module\"><div class=\"et_pb_blurb_content\"><div class=\"et_pb_main_blurb_image\"><span class=\"et_pb_image_wrap\"><span class=\"et-pb-icon et-waypoint et_pb_animation_top et_pb_animation_top_tablet et_pb_animation_top_phone\">+<\/span><\/span><\/div><div class=\"et_pb_blurb_container\"><h4 class=\"et_pb_module_header\">3. S\u00f6zle\u015fme de\u011fi\u015fikli\u011fi ile ilgileniyoruz<\/h4><\/div><\/div><\/div>\n<\/div>\n\n<div class=\"et_pb_column_5 et_pb_column et_pb_column_1_4 et-last-child et_block_column et_pb_css_mix_blend_mode_passthrough\">\n<div class=\"et_pb_blurb_3 et_pb_blurb et_pb_bg_layout_light et_pb_text_align_center et_pb_blurb_position_top et_pb_module et_block_module\"><div class=\"et_pb_blurb_content\"><div class=\"et_pb_main_blurb_image\"><span class=\"et_pb_image_wrap\"><span class=\"et-pb-icon et-waypoint et_pb_animation_top et_pb_animation_top_tablet et_pb_animation_top_phone\">N<\/span><\/span><\/div><div class=\"et_pb_blurb_container\"><h4 class=\"et_pb_module_header\">4. Haz\u0131r!<\/h4><\/div><\/div><\/div>\n<\/div>\n<\/div>\n<\/div>\n\n<div class=\"et_pb_section_3 et_pb_section et_section_regular et_block_section\">\n<div class=\"et_pb_row_3 et_pb_row et_block_row\">\n<div class=\"et_pb_column_6 et_pb_column et_pb_column_4_4 et-last-child et_block_column et_pb_css_mix_blend_mode_passthrough\">\n<div class=\"et_pb_cta_1 et_pb_promo et_pb_bg_layout_light et_pb_module et_block_module\"><div class=\"et_pb_promo_description\"><h2 class=\"et_pb_module_header\">Anahtarlama hakk\u0131nda s\u0131k\u00e7a sorulan sorular (SSS)<\/h2><\/div><\/div>\n\n<div class=\"et_pb_accordion_0 et_pb_accordion et_pb_module et_block_module\">\n<div class=\"et_pb_accordion_item_0 et_pb_accordion_item et_pb_toggle et_pb_module et_pb_toggle_open et_block_module\"><h5 class=\"et_pb_toggle_title\">Neden i\u015f g\u00fcvenli\u011fine ihtiyac\u0131m var?<\/h5><div class=\"et_pb_toggle_content\"><p>Bir i\u015fveren olarak, yasalar gere\u011fi i\u015f sa\u011fl\u0131\u011f\u0131 ve g\u00fcvenli\u011fini uygulamak ve sa\u011flamakla y\u00fck\u00fcml\u00fcs\u00fcn\u00fcz. Bu, \u00e7al\u0131\u015fanlar\u0131n\u0131z\u0131n sa\u011fl\u0131k ve g\u00fcvenli\u011fini iyile\u015ftirmenize ve sa\u011flaman\u0131za olanak tan\u0131d\u0131\u011f\u0131 i\u00e7in bir i\u015fveren olarak kendi hedeflerinize de fayda sa\u011flar.<\/p>\n<\/div><\/div>\n\n<div class=\"et_pb_accordion_item_1 et_pb_accordion_item et_pb_toggle et_pb_module et_pb_toggle_close et_block_module\"><h5 class=\"et_pb_toggle_title\">ASD*BGN'yi neden de\u011fi\u015ftirmeliyim?<\/h5><div class=\"et_pb_toggle_content\"><p>Bir giri\u015fimci olarak, i\u015f g\u00fcvenli\u011finizi (ASD) ba\u011f\u0131ms\u0131z olarak organize edebilirsiniz. Daha iyi ko\u015fullar\u0131m\u0131zdan yararlanabilmeniz i\u00e7in ASD'nizin BGN'ye (ASD*BGN) zorunlu \u00fcyelikten muaf tutulmas\u0131n\u0131 sa\u011flayaca\u011f\u0131z.<\/p>\n<\/div><\/div>\n\n<div class=\"et_pb_accordion_item_2 et_pb_accordion_item et_pb_toggle et_pb_module et_pb_toggle_close et_block_module\"><h5 class=\"et_pb_toggle_title\">Ne zaman ge\u00e7i\u015f yapabilirim?<\/h5><div class=\"et_pb_toggle_content\"><p>\u0130\u015f sa\u011fl\u0131\u011f\u0131 ve g\u00fcvenli\u011fi hizmet sa\u011flay\u0131c\u0131n\u0131z olarak BGN'den bize y\u0131l\u0131n herhangi bir zaman\u0131nda ge\u00e7i\u015f yapabilirsiniz. Kural olarak, ge\u00e7i\u015f s\u00f6zle\u015fmenin imzalanmas\u0131ndan 4 hafta sonra ger\u00e7ekle\u015fir.<\/p>\n<\/div><\/div>\n\n<div class=\"et_pb_accordion_item_3 et_pb_accordion_item et_pb_toggle et_pb_module et_pb_toggle_close et_block_module\"><h5 class=\"et_pb_toggle_title\">ubu'da i\u015f sa\u011fl\u0131\u011f\u0131 ve g\u00fcvenli\u011finin bana maliyeti nedir?<\/h5><div class=\"et_pb_toggle_content\"><p>Fiyat\u0131m\u0131z, \u015firketinizdeki \u00e7al\u0131\u015fan say\u0131s\u0131na (\u00e7al\u0131\u015f\u0131lan br\u00fct saat say\u0131s\u0131 ile \u00f6l\u00e7\u00fcl\u00fcr) ba\u011fl\u0131d\u0131r. Uzun y\u0131llara dayanan deneyimimiz ve verimli \u00e7al\u0131\u015fma y\u00f6ntemlerimiz sayesinde size uygun bir teklif sunabiliriz. De\u011fi\u015fiklik sizin i\u00e7in \u00fccretsizdir. L\u00fctfen bizimle ileti\u015fime ge\u00e7mekten \u00e7ekinmeyin.<\/p>\n<\/div><\/div>\n\n<div class=\"et_pb_accordion_item_4 et_pb_accordion_item et_pb_toggle et_pb_module et_pb_toggle_close et_block_module\"><h5 class=\"et_pb_toggle_title\">ubu'daki hizmet neleri i\u00e7eriyor?<\/h5><div class=\"et_pb_toggle_content\"><p>DGUV Y\u00f6netmeli\u011fi 2 uyar\u0131nca yasal olarak gerekli, ihtiya\u00e7 odakl\u0131 deste\u011fi sunuyoruz.<\/p>\n<p>&nbsp;<\/p>\n<ul>\n<li>Tesislerin yerinde incelenmesi ve m\u00fcteakip risk de\u011ferlendirmesi (elektronik)<\/li>\n<li>G\u00fcvenlik ve i\u015f sa\u011fl\u0131\u011f\u0131 hizmetleri<\/li>\n<li>Talimatlar hakk\u0131nda tavsiyeler<\/li>\n<li>\u0130\u015fletme talimatlar\u0131n\u0131n yan\u0131 s\u0131ra tehlikeli madde ve ekipman kay\u0131tlar\u0131n\u0131n olu\u015fturulmas\u0131nda destek<\/li>\n<li>Kontrol Listeleri<\/li>\n<li>ASA toplant\u0131lar\u0131<\/li>\n<\/ul>\n<\/div><\/div>\n<\/div>\n<\/div>\n<\/div>\n<\/div>\n\n<div class=\"et_pb_section_4 et_pb_section et_pb_fullwidth_section et_section_regular et_block_section\">\n<section class=\"et_pb_fullwidth_header_0 et_pb_fullwidth_header et_pb_bg_layout_dark et_pb_text_align_center et_pb_module et_flex_module\"><div class=\"et_pb_fullwidth_header_container center\"><div class=\"header-content-container center\"><div class=\"header-content et_flex_module\"><div class=\"et_pb_header_button_wrapper\"><\/div><\/div><\/div><\/div><div class=\"et_pb_fullwidth_header_overlay\"><\/div><div class=\"et_pb_fullwidth_header_scroll\"><\/div><\/section>\n<\/div>\n\n<div class=\"et_pb_section_5 et_pb_section et_section_regular et_block_section\"><div class=\"et_pb_row_4 et_pb_row et_block_row\"><div class=\"et_pb_column_7 et_pb_column et_pb_column_4_4 et-last-child et_block_column et_pb_css_mix_blend_mode_passthrough\"><div class=\"et_pb_cta_2 et_pb_promo et_pb_bg_layout_light et_pb_module et_block_module\"><div class=\"et_pb_promo_description\"><h2 class=\"et_pb_module_header\">Sorunuz<\/h2><\/div><\/div><\/div><\/div><div class=\"et_pb_row_5 et_pb_row et_block_row\"><div class=\"et_pb_column_8 et_pb_column et_pb_column_2_3 et_block_column et_pb_css_mix_blend_mode_passthrough\"><div class=\"et_pb_contact_form_0 et_pb_contact_form_container clearfix et_pb_module et_flex_module\" data-form_unique_num=\"0\" data-form_unique_id=\"7067d836e5cc6b8d0df5f1ee01accc26\" id=\"et_pb_contact_form_1\"><div class=\"et-pb-contact-message\"><\/div><div class=\"et_pb_contact\"><form class=\"et_pb_contact_form et_flex_module\" method=\"post\" action=\"https:\/\/www.ubu.de\/tr\/wp-json\/wp\/v2\/pages\/25699\" data-trp-original-action=\"https:\/\/www.ubu.de\/tr\/wp-json\/wp\/v2\/pages\/25699\"><div class=\"et_pb_contact_field_0 et_pb_contact_field et_pb_module et_flex_module et_flex_column_24_24 et_flex_column_24_24_tablet et_flex_column_24_24_phone\" data-id=\"name\" data-type=\"input\"><label class=\"et_pb_contact_form_label\" for=\"et_pb_contact_0_name_0\">\u0130sim<\/label><input type=\"text\" name=\"et_pb_contact_0_name_0\" id=\"et_pb_contact_0_name_0\" class=\"input\" data-required_mark=\"required\" data-field_type=\"input\" data-original_id=\"name\" placeholder=\"\u0130sim\" title=\"\" value=\"\" \/><\/div><div class=\"et_pb_contact_field_1 et_pb_contact_field et_pb_module et_flex_module et_flex_column_24_24 et_flex_column_24_24_tablet et_flex_column_24_24_phone\" data-id=\"unternehmen\" data-type=\"input\"><label class=\"et_pb_contact_form_label\" for=\"et_pb_contact_0_unternehmen_1\">\u015eirket<\/label><input type=\"text\" name=\"et_pb_contact_0_unternehmen_1\" id=\"et_pb_contact_0_unternehmen_1\" class=\"input\" data-required_mark=\"not_required\" data-field_type=\"input\" data-original_id=\"unternehmen\" placeholder=\"\u015eirket\" title=\"\" value=\"\" \/><\/div><div class=\"et_pb_contact_field_2 et_pb_contact_field et_pb_module et_flex_module et_flex_column_24_24 et_flex_column_24_24_tablet et_flex_column_24_24_phone\" data-id=\"email\" data-type=\"email\"><label class=\"et_pb_contact_form_label\" for=\"et_pb_contact_0_email_2\">E-posta adresi<\/label><input type=\"text\" name=\"et_pb_contact_0_email_2\" id=\"et_pb_contact_0_email_2\" class=\"input\" data-required_mark=\"required\" data-field_type=\"email\" data-original_id=\"email\" placeholder=\"E-posta adresi\" title=\"\" value=\"\" \/><\/div><div class=\"et_pb_contact_field_3 et_pb_contact_field et_pb_module et_flex_module et_flex_column_24_24 et_flex_column_24_24_tablet et_flex_column_24_24_phone\" data-id=\"message\" data-type=\"text\"><label class=\"et_pb_contact_form_label\" for=\"et_pb_contact_0_message_3\">Mesaj<\/label><textarea name=\"et_pb_contact_0_message_3\" id=\"et_pb_contact_0_message_3\" class=\"et_pb_contact_message input\" data-required_mark=\"required\" data-field_type=\"text\" data-original_id=\"message\" placeholder=\"Mesaj\"><\/textarea><\/div><div class=\"et_pb_contact_field_4 et_pb_contact_field et_pb_module et_flex_module et_flex_column_24_24 et_flex_column_24_24_tablet et_flex_column_24_24_phone\" data-id=\"bruttoarbeitsstunden\" data-type=\"input\"><label class=\"et_pb_contact_form_label\" for=\"et_pb_contact_0_bruttoarbeitsstunden_4\">Ge\u00e7en y\u0131l \u00e7al\u0131\u015f\u0131lan br\u00fct saat (iste\u011fe ba\u011fl\u0131)<\/label><input type=\"text\" name=\"et_pb_contact_0_bruttoarbeitsstunden_4\" id=\"et_pb_contact_0_bruttoarbeitsstunden_4\" class=\"input\" data-required_mark=\"not_required\" data-field_type=\"input\" data-original_id=\"bruttoarbeitsstunden\" placeholder=\"Ge\u00e7en y\u0131l \u00e7al\u0131\u015f\u0131lan br\u00fct saat (iste\u011fe ba\u011fl\u0131)\" title=\"\" value=\"\" \/><\/div><div class=\"et_pb_contact_field_5 et_pb_contact_field et_pb_module et_flex_module et_flex_column_24_24 et_flex_column_24_24_tablet et_flex_column_24_24_phone\" data-id=\"datenschutz\" data-type=\"checkbox\"><label class=\"et_pb_contact_form_label\">Veri koruma (DSGVO)<\/label><input type=\"hidden\" name=\"et_pb_contact_0_datenschutz_5\" class=\"et_pb_checkbox_handle\" data-required_mark=\"required\" data-field_type=\"checkbox\" data-original_id=\"datenschutz\" \/><span class=\"et_pb_contact_field_options_wrapper\"><span class=\"et_pb_contact_field_options_title\">Veri koruma (DSGVO)<\/span><span class=\"et_pb_contact_field_options_list\"><span class=\"et_pb_contact_field_checkbox\"><input type=\"checkbox\" id=\"et_pb_contact_0_datenschutz_5_0\" class=\"input\" value=\"Ich stimme zu, dass meine Angaben aus dem Kontaktformular zur Beantwortung meiner Anfrage erhoben und verarbeitet werden. Die Daten werden nach abgeschlossener Bearbeitung Ihrer Anfrage gel\u00f6scht. \u2028Hinweis: Sie k\u00f6nnen Ihre Einwilligung jederzeit f\u00fcr die Zukunft per E-Mail an datenschutz@ubu.de widerrufen.\" data-required_mark=\"required\" data-field_type=\"checkbox\" data-original_id=\"datenschutz\" \/><label for=\"et_pb_contact_0_datenschutz_5_0\"><i><\/i>\u0130leti\u015fim formundaki bilgilerimin toplanmas\u0131n\u0131 ve talebimi yan\u0131tlamak i\u00e7in i\u015flenmesini kabul ediyorum. Sorunuz i\u015flendikten sonra veriler silinecektir. Not: datenschutz@ubu.de adresine bir e-posta g\u00f6ndererek gelecekte istedi\u011finiz zaman onay\u0131n\u0131z\u0131 iptal edebilirsiniz.<\/label><\/span><\/span><\/span><\/div><input type=\"hidden\" name=\"et_pb_contactform_submit_7067d836e5cc6b8d0df5f1ee01accc26\" value=\"et_contact_proccess\" \/><div class=\"et_contact_bottom_container\"><div class=\"et_pb_contact_right et_pb_contact_field\"><p class=\"clearfix\"><span class=\"et_pb_contact_captcha_question\">7 + 8<\/span> = <input type=\"text\" size=\"2\" class=\"input et_pb_contact_captcha\" data-first_digit=\"7\" data-second_digit=\"8\" data-required_mark=\"required\" name=\"et_pb_contact_captcha_7067d836e5cc6b8d0df5f1ee01accc26\" autocomplete=\"off\" \/><\/p><\/div><div class=\"et_pb_button_wrapper\"><button type=\"submit\" name=\"et_builder_submit_button\" class=\"et_pb_button et_pb_contact_submit\">Submit<\/button><\/div><\/div><input type=\"hidden\" id=\"_wpnonce-et-pb-contact-form-submitted-7067d836e5cc6b8d0df5f1ee01accc26\" name=\"_wpnonce-et-pb-contact-form-submitted-7067d836e5cc6b8d0df5f1ee01accc26\" value=\"b8a6dea30d\" \/><input type=\"hidden\" name=\"_wp_http_referer\" value=\"\/tr\/wp-json\/wp\/v2\/pages\/25699\" \/><input type=\"hidden\" name=\"trp-form-language\" value=\"tr\"\/><\/form><\/div><\/div><div class=\"et_pb_text_1 et_pb_text et_pb_bg_layout_light et_pb_module et_block_module\"><div class=\"et_pb_text_inner\"><p>Kullan\u0131c\u0131 verilerinin i\u015flenmesine ili\u015fkin ayr\u0131nt\u0131l\u0131 bilgileri <strong><a href=\"https:\/\/www.ubu.de\/tr\/datenschutz\/\">Gizlilik Politikas\u0131<\/a><\/strong>.<\/p>\n<\/div><\/div><\/div><div class=\"et_pb_column_9 et_pb_column et_pb_column_1_3 et-last-child et_block_column et_pb_css_mix_blend_mode_passthrough\"><div class=\"et_pb_text_2 et_pb_text et_pb_bg_layout_light et_pb_module et_block_module\"><div class=\"et_pb_text_inner\"><p>Hizmetlerimizle ilgilenmenizden memnuniyet duyuyoruz. Bunun i\u00e7in l\u00fctfen ileti\u015fim formumuzu kullan\u0131n.<\/p>\n<p>Daha sonra talep \u00fczerine size ba\u011flay\u0131c\u0131 olmayan bir teklif g\u00f6nderece\u011fiz.<\/p>\n<p>Alternatif olarak, bizimle telefonla da ileti\u015fime ge\u00e7ebilirsiniz.<\/p>\n<p><strong>Telefon:\u00a0<\/strong><a href=\"tel:\u202d+4951482650350\u202c\">\u00a0+49 5148 26 50 350<\/a><\/p>\n<\/div><\/div><div class=\"et_pb_image_0 et_pb_image et_animated et_pb_module et_block_module preset--module--divi-image--default\"><a href=\"https:\/\/www.ubu.de\/wp-content\/uploads\/ubu-safety-at-work-Arbeitsschutz.vcf\"><span class=\"et_pb_image_wrap\"><img loading=\"lazy\" decoding=\"async\" src=\"https:\/\/www.ubu.de\/wp-content\/uploads\/2016\/07\/ubu-Arbeitsschutz-digitale-Visitenkarte.png\" width=\"200\" height=\"200\" srcset=\"https:\/\/www.ubu.de\/wp-content\/uploads\/2016\/07\/ubu-Arbeitsschutz-digitale-Visitenkarte.png 200w, https:\/\/www.ubu.de\/wp-content\/uploads\/2016\/07\/ubu-Arbeitsschutz-digitale-Visitenkarte-150x150.png 150w\" sizes=\"(max-width: 200px) 100vw, 200px\" class=\"wp-image-26198\" \/><\/span><\/a><\/div><\/div><\/div><\/div>","protected":false},"excerpt":{"rendered":"","protected":false},"author":1,"featured_media":0,"parent":0,"menu_order":0,"comment_status":"closed","ping_status":"closed","template":"","meta":{"_acf_changed":false,"inline_featured_image":false,"footnotes":""},"class_list":["post-25699","page","type-page","status-publish","hentry"],"acf":[],"yoast_head":"<!-- This site is optimized with the Yoast SEO plugin v27.4 - https:\/\/yoast.com\/product\/yoast-seo-wordpress\/ -->\n<title>Kunde werden - ubu - Arbeitsschutz f\u00fcr Hotels und Gastronomie<\/title>\n<meta name=\"robots\" content=\"index, follow, max-snippet:-1, max-image-preview:large, max-video-preview:-1\" \/>\n<link rel=\"canonical\" href=\"https:\/\/www.ubu.de\/tr\/kunde-werden\/\" \/>\n<meta property=\"og:locale\" content=\"tr_TR\" \/>\n<meta property=\"og:type\" content=\"article\" \/>\n<meta property=\"og:title\" content=\"Kunde werden - ubu - Arbeitsschutz f\u00fcr Hotels und Gastronomie\" \/>\n<meta property=\"og:url\" content=\"https:\/\/www.ubu.de\/tr\/kunde-werden\/\" \/>\n<meta property=\"og:site_name\" content=\"ubu - Arbeitsschutz f\u00fcr Hotels und Gastronomie\" \/>\n<meta property=\"article:modified_time\" content=\"2026-03-20T13:07:28+00:00\" \/>\n<meta name=\"twitter:card\" content=\"summary_large_image\" \/>\n<script type=\"application\/ld+json\" class=\"yoast-schema-graph\">{\"@context\":\"https:\\\/\\\/schema.org\",\"@graph\":[{\"@type\":\"WebPage\",\"@id\":\"https:\\\/\\\/www.ubu.de\\\/kunde-werden\\\/\",\"url\":\"https:\\\/\\\/www.ubu.de\\\/kunde-werden\\\/\",\"name\":\"Kunde werden - ubu - Arbeitsschutz f\u00fcr Hotels und Gastronomie\",\"isPartOf\":{\"@id\":\"https:\\\/\\\/www.ubu.de\\\/#website\"},\"datePublished\":\"2016-07-25T15:55:11+00:00\",\"dateModified\":\"2026-03-20T13:07:28+00:00\",\"breadcrumb\":{\"@id\":\"https:\\\/\\\/www.ubu.de\\\/kunde-werden\\\/#breadcrumb\"},\"inLanguage\":\"tr\",\"potentialAction\":[{\"@type\":\"ReadAction\",\"target\":[\"https:\\\/\\\/www.ubu.de\\\/kunde-werden\\\/\"]}]},{\"@type\":\"BreadcrumbList\",\"@id\":\"https:\\\/\\\/www.ubu.de\\\/kunde-werden\\\/#breadcrumb\",\"itemListElement\":[{\"@type\":\"ListItem\",\"position\":1,\"name\":\"Startseite\",\"item\":\"https:\\\/\\\/www.ubu.de\\\/\"},{\"@type\":\"ListItem\",\"position\":2,\"name\":\"Kunde werden\"}]},{\"@type\":\"WebSite\",\"@id\":\"https:\\\/\\\/www.ubu.de\\\/#website\",\"url\":\"https:\\\/\\\/www.ubu.de\\\/\",\"name\":\"ubu - Arbeitsschutz f\u00fcr Hotels und Gastronomie\",\"description\":\"safety at work\",\"publisher\":{\"@id\":\"https:\\\/\\\/www.ubu.de\\\/#organization\"},\"potentialAction\":[{\"@type\":\"SearchAction\",\"target\":{\"@type\":\"EntryPoint\",\"urlTemplate\":\"https:\\\/\\\/www.ubu.de\\\/?s={search_term_string}\"},\"query-input\":{\"@type\":\"PropertyValueSpecification\",\"valueRequired\":true,\"valueName\":\"search_term_string\"}}],\"inLanguage\":\"tr\"},{\"@type\":\"Organization\",\"@id\":\"https:\\\/\\\/www.ubu.de\\\/#organization\",\"name\":\"ubu - safety at work\",\"url\":\"https:\\\/\\\/www.ubu.de\\\/\",\"logo\":{\"@type\":\"ImageObject\",\"inLanguage\":\"tr\",\"@id\":\"https:\\\/\\\/www.ubu.de\\\/#\\\/schema\\\/logo\\\/image\\\/\",\"url\":\"https:\\\/\\\/www.ubu.de\\\/wp-content\\\/uploads\\\/2016\\\/07\\\/ubu-elephant.png\",\"contentUrl\":\"https:\\\/\\\/www.ubu.de\\\/wp-content\\\/uploads\\\/2016\\\/07\\\/ubu-elephant.png\",\"width\":250,\"height\":250,\"caption\":\"ubu - safety at work\"},\"image\":{\"@id\":\"https:\\\/\\\/www.ubu.de\\\/#\\\/schema\\\/logo\\\/image\\\/\"}}]}<\/script>\n<!-- \/ Yoast SEO plugin. -->","yoast_head_json":{"title":"Kunde werden - ubu - Arbeitsschutz f\u00fcr Hotels und Gastronomie","robots":{"index":"index","follow":"follow","max-snippet":"max-snippet:-1","max-image-preview":"max-image-preview:large","max-video-preview":"max-video-preview:-1"},"canonical":"https:\/\/www.ubu.de\/tr\/kunde-werden\/","og_locale":"tr_TR","og_type":"article","og_title":"Kunde werden - ubu - Arbeitsschutz f\u00fcr Hotels und Gastronomie","og_url":"https:\/\/www.ubu.de\/tr\/kunde-werden\/","og_site_name":"ubu - Arbeitsschutz f\u00fcr Hotels und Gastronomie","article_modified_time":"2026-03-20T13:07:28+00:00","twitter_card":"summary_large_image","schema":{"@context":"https:\/\/schema.org","@graph":[{"@type":"WebPage","@id":"https:\/\/www.ubu.de\/kunde-werden\/","url":"https:\/\/www.ubu.de\/kunde-werden\/","name":"Kunde werden - ubu - Arbeitsschutz f\u00fcr Hotels und Gastronomie","isPartOf":{"@id":"https:\/\/www.ubu.de\/#website"},"datePublished":"2016-07-25T15:55:11+00:00","dateModified":"2026-03-20T13:07:28+00:00","breadcrumb":{"@id":"https:\/\/www.ubu.de\/kunde-werden\/#breadcrumb"},"inLanguage":"tr","potentialAction":[{"@type":"ReadAction","target":["https:\/\/www.ubu.de\/kunde-werden\/"]}]},{"@type":"BreadcrumbList","@id":"https:\/\/www.ubu.de\/kunde-werden\/#breadcrumb","itemListElement":[{"@type":"ListItem","position":1,"name":"Startseite","item":"https:\/\/www.ubu.de\/"},{"@type":"ListItem","position":2,"name":"Kunde werden"}]},{"@type":"WebSite","@id":"https:\/\/www.ubu.de\/#website","url":"https:\/\/www.ubu.de\/","name":"ubu - Arbeitsschutz f\u00fcr Hotels und Gastronomie","description":"i\u0307\u015f g\u00fcvenli\u0307\u011fi\u0307","publisher":{"@id":"https:\/\/www.ubu.de\/#organization"},"potentialAction":[{"@type":"SearchAction","target":{"@type":"EntryPoint","urlTemplate":"https:\/\/www.ubu.de\/?s={search_term_string}"},"query-input":{"@type":"PropertyValueSpecification","valueRequired":true,"valueName":"search_term_string"}}],"inLanguage":"tr"},{"@type":"Organization","@id":"https:\/\/www.ubu.de\/#organization","name":"ubu - safety at work","url":"https:\/\/www.ubu.de\/","logo":{"@type":"ImageObject","inLanguage":"tr","@id":"https:\/\/www.ubu.de\/#\/schema\/logo\/image\/","url":"https:\/\/www.ubu.de\/wp-content\/uploads\/2016\/07\/ubu-elephant.png","contentUrl":"https:\/\/www.ubu.de\/wp-content\/uploads\/2016\/07\/ubu-elephant.png","width":250,"height":250,"caption":"ubu - safety at work"},"image":{"@id":"https:\/\/www.ubu.de\/#\/schema\/logo\/image\/"}}]}},"_links":{"self":[{"href":"https:\/\/www.ubu.de\/tr\/wp-json\/wp\/v2\/pages\/25699","targetHints":{"allow":["GET"]}}],"collection":[{"href":"https:\/\/www.ubu.de\/tr\/wp-json\/wp\/v2\/pages"}],"about":[{"href":"https:\/\/www.ubu.de\/tr\/wp-json\/wp\/v2\/types\/page"}],"author":[{"embeddable":true,"href":"https:\/\/www.ubu.de\/tr\/wp-json\/wp\/v2\/users\/1"}],"replies":[{"embeddable":true,"href":"https:\/\/www.ubu.de\/tr\/wp-json\/wp\/v2\/comments?post=25699"}],"version-history":[{"count":10,"href":"https:\/\/www.ubu.de\/tr\/wp-json\/wp\/v2\/pages\/25699\/revisions"}],"predecessor-version":[{"id":28962,"href":"https:\/\/www.ubu.de\/tr\/wp-json\/wp\/v2\/pages\/25699\/revisions\/28962"}],"wp:attachment":[{"href":"https:\/\/www.ubu.de\/tr\/wp-json\/wp\/v2\/media?parent=25699"}],"curies":[{"name":"wp","href":"https:\/\/api.w.org\/{rel}","templated":true}]}}