{"id":25701,"date":"2016-07-25T17:55:51","date_gmt":"2016-07-25T15:55:51","guid":{"rendered":"http:\/\/www.ubu.de\/?page_id=25701"},"modified":"2026-03-20T14:03:44","modified_gmt":"2026-03-20T13:03:44","slug":"arbeitsschutz","status":"publish","type":"page","link":"https:\/\/www.ubu.de\/tr\/arbeitsschutz\/","title":{"rendered":"\u0130\u015f g\u00fcvenli\u011fi"},"content":{"rendered":"<div class=\"et_pb_section_0 et_pb_section et_pb_fullwidth_section et_section_regular et_block_section\"><div class=\"et_pb_fullwidth_slider_0 et_pb_slider et_pb_slider_no_arrows et_pb_slider_no_pagination et_pb_module preset--module--divi-fullwidth-slider--default\"><div class=\"et_pb_slides\"><div class=\"et_pb_slide_0 et_pb_slide et_pb_slider_with_overlay et_pb_media_alignment_center et_pb_bg_layout_dark et_pb_text_align_center\" data-slide-id=\"divi\/slide-0\"><div class=\"et_pb_slide_overlay_container\"><\/div><div class=\"et_pb_container\"><div class=\"et_pb_slider_container_inner\"><div class=\"et_pb_slide_description\"><h2 class=\"et_pb_slide_title\">\u0130\u015f g\u00fcvenli\u011fi<\/h2><div class=\"et_pb_slide_content\"><\/div><\/div><\/div><\/div><\/div><\/div><\/div><\/div><div class=\"et_pb_section_1 et_pb_section et_section_regular et_block_section\"><div class=\"et_pb_row_0 et_pb_row et_block_row\"><div class=\"et_pb_column_0 et_pb_column et_pb_column_4_4 et-last-child et_block_column et_pb_css_mix_blend_mode_passthrough\"><div class=\"et_pb_cta_0 et_pb_promo et_pb_bg_layout_light et_pb_module et_block_module\"><div class=\"et_pb_promo_description\"><div class=\"et_pb_promo_content\"><p>Bir i\u015fveren olarak, \u015firketinizde yasal i\u015f sa\u011fl\u0131\u011f\u0131 ve g\u00fcvenli\u011fi gerekliliklerini uygulamakla y\u00fck\u00fcml\u00fcs\u00fcn\u00fcz.<\/p>\n<p>Berufsgenossenschaften wie die BGN (Berufsgenossenschaft f\u00fcr Nahrungsmittel und Gastgewerbe) verpflichten Sie zu einer Mitgliedschaft - falls Sie den Arbeitsschutz nicht nachweisbar selbst organisiert haben.<\/p>\n<p>\u00c7e\u015fitli gerekliliklerin artan karma\u015f\u0131kl\u0131\u011f\u0131, bir i\u015fveren olarak size operasyonel bir i\u015f sa\u011fl\u0131\u011f\u0131 ve g\u00fcvenli\u011fi organizasyonu uygulaman\u0131n ek zorluklar\u0131n\u0131 sunmaktad\u0131r.<\/p>\n<p>\u0130\u015f g\u00fcvenli\u011fi konusunda harici bir sa\u011flay\u0131c\u0131 olarak ubu olarak, i\u015f g\u00fcvenli\u011fi ve i\u015f hekimli\u011fi ile ilgili t\u00fcm konularda size tavsiye ve deste\u011fimizi sunuyoruz. Hem de bunu roket bilimine d\u00f6n\u00fc\u015ft\u00fcrmeden.<\/p>\n<p>Bizimle, sizin ve \u00e7al\u0131\u015fanlar\u0131n\u0131z\u0131n kendilerini g\u00fcvende hissedebilmeleri i\u00e7in t\u00fcm yasal gereklilikleri yerine getirirsiniz.<\/p>\n<p>&nbsp;<\/p>\n<\/div><\/div><\/div><\/div><\/div><\/div><div class=\"et_pb_section_3 et_pb_section et_section_regular et_block_section\"><div class=\"et_pb_row_1 et_pb_row et_block_row\"><div class=\"et_pb_column_3 et_pb_column et_pb_column_4_4 et-last-child et_block_column et_pb_css_mix_blend_mode_passthrough\"><div class=\"et_pb_image_0 et_pb_image et_pb_module et_block_module preset--module--divi-image--default\"><span class=\"et_pb_image_wrap\"><img loading=\"lazy\" decoding=\"async\" src=\"https:\/\/www.ubu.de\/wp-content\/uploads\/2016\/07\/ubu-Arbeitssicherheit-Arbeitsschutz-Collage.jpg\" width=\"1080\" height=\"570\" srcset=\"https:\/\/www.ubu.de\/wp-content\/uploads\/2016\/07\/ubu-Arbeitssicherheit-Arbeitsschutz-Collage.jpg 1080w, https:\/\/www.ubu.de\/wp-content\/uploads\/2016\/07\/ubu-Arbeitssicherheit-Arbeitsschutz-Collage-300x158.jpg 300w, https:\/\/www.ubu.de\/wp-content\/uploads\/2016\/07\/ubu-Arbeitssicherheit-Arbeitsschutz-Collage-768x405.jpg 768w, https:\/\/www.ubu.de\/wp-content\/uploads\/2016\/07\/ubu-Arbeitssicherheit-Arbeitsschutz-Collage-1024x540.jpg 1024w\" sizes=\"(max-width: 1080px) 100vw, 1080px\" class=\"wp-image-26225\" alt=\"ubu - Arbeitssicherheit Arbeitsschutz Betriebsmedizin Collage\" \/><\/span><\/div><\/div><\/div><\/div><div class=\"et_pb_section_4 et_pb_section et_section_regular et_block_section\"><div class=\"et_pb_row_2 et_pb_row et_block_row\"><div class=\"et_pb_column_4 et_pb_column et_pb_column_4_4 et-last-child et_block_column et_pb_css_mix_blend_mode_passthrough\"><div class=\"et_pb_text_0 et_pb_text et_pb_bg_layout_light et_pb_module et_block_module\"><div class=\"et_pb_text_inner\"><h2 style=\"text-align: center;\">Bir bak\u0131\u015fta hizmetlerimiz<\/h2>\n<\/div><\/div><div class=\"et_pb_cta_5 et_pb_promo et_pb_bg_layout_light et_pb_module et_block_module\"><div class=\"et_pb_promo_description\"><div class=\"et_pb_promo_content\"><ul>\n<li>A\u015fa\u011f\u0131dakiler uyar\u0131nca yasal gereklilikler hakk\u0131nda bilgi <strong><a href=\"http:\/\/www.dguv.de\/de\/praevention\/vorschriften_regeln\/dguv-vorschrift_2\/index.jsp\">DGUV Y\u00f6netmeli\u011fi 2<\/a><\/strong><\/li>\n<li>\u0130\u015f sa\u011fl\u0131\u011f\u0131 ve g\u00fcvenli\u011fi organizasyonunuzu kurma konusunda destek<\/li>\n<li>\u015eirket denetimleri<\/li>\n<li>\u015eirketinizin bireysel \u00e7al\u0131\u015fma alanlar\u0131 i\u00e7in risk de\u011ferlendirmeleri<\/li>\n<li>\u0130\u015f istasyonlar\u0131n\u0131n ergonomik tasar\u0131m\u0131na ili\u015fkin tavsiyeler<\/li>\n<li>Ki\u015fisel koruyucu ekipmanlar\u0131n (KKE) i\u015f g\u00fcvenli\u011fi a\u00e7\u0131s\u0131ndan incelenmesi ve tavsiyelerde bulunulmas\u0131<\/li>\n<li>\u0130\u015f g\u00fcvenli\u011fi \u00f6nlemlerinin planlanmas\u0131<\/li>\n<li>G\u00fcvenlik talimatlar\u0131 hakk\u0131nda tavsiyeler<\/li>\n<li>Sa\u011fl\u0131k ve g\u00fcvenlik komitesi toplant\u0131lar\u0131na kat\u0131l\u0131m (ASA)<\/li>\n<li>\u0130\u015fletme talimatlar\u0131n\u0131n yan\u0131 s\u0131ra tehlikeli madde ve ekipman kay\u0131tlar\u0131n\u0131n olu\u015fturulmas\u0131nda destek<\/li>\n<\/ul>\n<\/div><\/div><\/div><div class=\"et_pb_cta_6 et_pb_promo et_pb_bg_layout_light et_pb_module et_block_module\"><div class=\"et_pb_promo_description\"><div class=\"et_pb_promo_content\"><p>Sahada konu\u015fland\u0131rma s\u00fcrelerini sizinle birlikte koordine ediyoruz. \u015eirketinize g\u00f6re \u00f6zelle\u015ftirilmi\u015f bilgi ve kontrol listeleri alacaks\u0131n\u0131z.<\/p>\n<p>Yan\u0131n\u0131zda oldu\u011fumuzda, kazalar\u0131 ve i\u015fle ilgili hastal\u0131klar\u0131 \u00f6nlemek i\u00e7in i\u015f sa\u011fl\u0131\u011f\u0131 ve g\u00fcvenli\u011fi y\u00fck\u00fcml\u00fcl\u00fcklerinizin planl\u0131, sistematik, kontroll\u00fc ve iyile\u015ftirilmi\u015f bir \u015fekilde uygulanmas\u0131n\u0131 sa\u011flayacaks\u0131n\u0131z. \u00c7al\u0131\u015fanlar\u0131n\u0131z\u0131n sa\u011fl\u0131k risklerini belirlemenize, de\u011ferlendirmenize ve ortadan kald\u0131rman\u0131za yard\u0131mc\u0131 oluyoruz. Kal\u0131c\u0131 olarak.<\/p>\n<\/div><\/div><\/div><\/div><\/div><\/div><div class=\"et_pb_section_5 et_pb_section et_pb_fullwidth_section et_section_regular et_block_section\"><div class=\"et_pb_fullwidth_slider_1 et_pb_slider et_pb_slider_no_arrows et_pb_slider_no_pagination et_pb_module preset--module--divi-fullwidth-slider--default\"><div class=\"et_pb_slides\"><div class=\"et_pb_slide_1 et_pb_slide et_pb_slider_with_overlay et_pb_media_alignment_center et_pb_bg_layout_dark et_pb_text_align_center et_pb_section_parallax\" data-slide-id=\"divi\/slide-1\"><span class=\"et-pb-parallax-wrapper\"><span class=\"et-pb-parallax-background et-pb-parallax-background-module--divi-slide-1\" style=\"background-image:url(https:\/\/www.ubu.de\/wp-content\/uploads\/2016\/07\/ubu-Arbeitsschutz-Arbeitssicherheit-Gastronomie-Restaurants-und-Hotels.jpg)\"><\/span><\/span><div class=\"et_pb_slide_overlay_container\"><\/div><div class=\"et_pb_container\"><div class=\"et_pb_slider_container_inner\"><div class=\"et_pb_slide_description\"><h2 class=\"et_pb_slide_title\"><\/h2><div class=\"et_pb_slide_content\"><h3 style=\"text-align: center;\"><\/h3>\n<\/div><div class=\"et_pb_button_wrapper\"><a class=\"et_pb_button et_pb_more_button\" href=\"\/tr\/kunde-werden\/\">M\u00fc\u015fteriler i\u00e7in kolayl\u0131k!<\/a><\/div><\/div><\/div><\/div><\/div><\/div><\/div><\/div>","protected":false},"excerpt":{"rendered":"","protected":false},"author":1,"featured_media":0,"parent":0,"menu_order":0,"comment_status":"closed","ping_status":"closed","template":"","meta":{"_acf_changed":false,"inline_featured_image":false,"footnotes":""},"class_list":["post-25701","page","type-page","status-publish","hentry"],"acf":[],"yoast_head":"<!-- This site is optimized with the Yoast SEO plugin v27.4 - https:\/\/yoast.com\/product\/yoast-seo-wordpress\/ -->\n<title>Arbeitsschutz - ubu - Arbeitsschutz f\u00fcr Hotels und Gastronomie<\/title>\n<meta name=\"description\" content=\"Wir helfen Ihnen bei der Umsetzung der gesetzlichen Anforderungen zum Arbeitsschutz (DGUV-Vorschrift 2). ubu als Alternative zur BGN Pflichtversicherung.\" \/>\n<meta name=\"robots\" content=\"index, follow, max-snippet:-1, max-image-preview:large, max-video-preview:-1\" \/>\n<link rel=\"canonical\" href=\"https:\/\/www.ubu.de\/tr\/arbeitsschutz\/\" \/>\n<meta property=\"og:locale\" content=\"tr_TR\" \/>\n<meta property=\"og:type\" content=\"article\" \/>\n<meta property=\"og:title\" content=\"Arbeitsschutz - ubu - Arbeitsschutz f\u00fcr Hotels und Gastronomie\" \/>\n<meta property=\"og:description\" content=\"Wir helfen Ihnen bei der Umsetzung der gesetzlichen Anforderungen zum Arbeitsschutz (DGUV-Vorschrift 2). ubu als Alternative zur BGN Pflichtversicherung.\" \/>\n<meta property=\"og:url\" content=\"https:\/\/www.ubu.de\/tr\/arbeitsschutz\/\" \/>\n<meta property=\"og:site_name\" content=\"ubu - Arbeitsschutz f\u00fcr Hotels und Gastronomie\" \/>\n<meta property=\"article:modified_time\" content=\"2026-03-20T13:03:44+00:00\" \/>\n<meta name=\"twitter:card\" content=\"summary_large_image\" \/>\n<script type=\"application\/ld+json\" class=\"yoast-schema-graph\">{\"@context\":\"https:\\\/\\\/schema.org\",\"@graph\":[{\"@type\":\"WebPage\",\"@id\":\"https:\\\/\\\/www.ubu.de\\\/arbeitsschutz\\\/\",\"url\":\"https:\\\/\\\/www.ubu.de\\\/arbeitsschutz\\\/\",\"name\":\"Arbeitsschutz - ubu - Arbeitsschutz f\u00fcr Hotels und Gastronomie\",\"isPartOf\":{\"@id\":\"https:\\\/\\\/www.ubu.de\\\/#website\"},\"datePublished\":\"2016-07-25T15:55:51+00:00\",\"dateModified\":\"2026-03-20T13:03:44+00:00\",\"description\":\"Wir helfen Ihnen bei der Umsetzung der gesetzlichen Anforderungen zum Arbeitsschutz (DGUV-Vorschrift 2). ubu als Alternative zur BGN Pflichtversicherung.\",\"breadcrumb\":{\"@id\":\"https:\\\/\\\/www.ubu.de\\\/arbeitsschutz\\\/#breadcrumb\"},\"inLanguage\":\"tr\",\"potentialAction\":[{\"@type\":\"ReadAction\",\"target\":[\"https:\\\/\\\/www.ubu.de\\\/arbeitsschutz\\\/\"]}]},{\"@type\":\"BreadcrumbList\",\"@id\":\"https:\\\/\\\/www.ubu.de\\\/arbeitsschutz\\\/#breadcrumb\",\"itemListElement\":[{\"@type\":\"ListItem\",\"position\":1,\"name\":\"Startseite\",\"item\":\"https:\\\/\\\/www.ubu.de\\\/\"},{\"@type\":\"ListItem\",\"position\":2,\"name\":\"Arbeitsschutz\"}]},{\"@type\":\"WebSite\",\"@id\":\"https:\\\/\\\/www.ubu.de\\\/#website\",\"url\":\"https:\\\/\\\/www.ubu.de\\\/\",\"name\":\"ubu - Arbeitsschutz f\u00fcr Hotels und Gastronomie\",\"description\":\"safety at work\",\"publisher\":{\"@id\":\"https:\\\/\\\/www.ubu.de\\\/#organization\"},\"potentialAction\":[{\"@type\":\"SearchAction\",\"target\":{\"@type\":\"EntryPoint\",\"urlTemplate\":\"https:\\\/\\\/www.ubu.de\\\/?s={search_term_string}\"},\"query-input\":{\"@type\":\"PropertyValueSpecification\",\"valueRequired\":true,\"valueName\":\"search_term_string\"}}],\"inLanguage\":\"tr\"},{\"@type\":\"Organization\",\"@id\":\"https:\\\/\\\/www.ubu.de\\\/#organization\",\"name\":\"ubu - safety at work\",\"url\":\"https:\\\/\\\/www.ubu.de\\\/\",\"logo\":{\"@type\":\"ImageObject\",\"inLanguage\":\"tr\",\"@id\":\"https:\\\/\\\/www.ubu.de\\\/#\\\/schema\\\/logo\\\/image\\\/\",\"url\":\"https:\\\/\\\/www.ubu.de\\\/wp-content\\\/uploads\\\/2016\\\/07\\\/ubu-elephant.png\",\"contentUrl\":\"https:\\\/\\\/www.ubu.de\\\/wp-content\\\/uploads\\\/2016\\\/07\\\/ubu-elephant.png\",\"width\":250,\"height\":250,\"caption\":\"ubu - safety at work\"},\"image\":{\"@id\":\"https:\\\/\\\/www.ubu.de\\\/#\\\/schema\\\/logo\\\/image\\\/\"}}]}<\/script>\n<!-- \/ Yoast SEO plugin. -->","yoast_head_json":{"title":"Arbeitsschutz - ubu - Arbeitsschutz f\u00fcr Hotels und Gastronomie","description":"Wir helfen Ihnen bei der Umsetzung der gesetzlichen Anforderungen zum Arbeitsschutz (DGUV-Vorschrift 2). ubu als Alternative zur BGN Pflichtversicherung.","robots":{"index":"index","follow":"follow","max-snippet":"max-snippet:-1","max-image-preview":"max-image-preview:large","max-video-preview":"max-video-preview:-1"},"canonical":"https:\/\/www.ubu.de\/tr\/arbeitsschutz\/","og_locale":"tr_TR","og_type":"article","og_title":"Arbeitsschutz - ubu - Arbeitsschutz f\u00fcr Hotels und Gastronomie","og_description":"Wir helfen Ihnen bei der Umsetzung der gesetzlichen Anforderungen zum Arbeitsschutz (DGUV-Vorschrift 2). ubu als Alternative zur BGN Pflichtversicherung.","og_url":"https:\/\/www.ubu.de\/tr\/arbeitsschutz\/","og_site_name":"ubu - Arbeitsschutz f\u00fcr Hotels und Gastronomie","article_modified_time":"2026-03-20T13:03:44+00:00","twitter_card":"summary_large_image","schema":{"@context":"https:\/\/schema.org","@graph":[{"@type":"WebPage","@id":"https:\/\/www.ubu.de\/arbeitsschutz\/","url":"https:\/\/www.ubu.de\/arbeitsschutz\/","name":"Arbeitsschutz - ubu - Arbeitsschutz f\u00fcr Hotels und Gastronomie","isPartOf":{"@id":"https:\/\/www.ubu.de\/#website"},"datePublished":"2016-07-25T15:55:51+00:00","dateModified":"2026-03-20T13:03:44+00:00","description":"Wir helfen Ihnen bei der Umsetzung der gesetzlichen Anforderungen zum Arbeitsschutz (DGUV-Vorschrift 2). ubu als Alternative zur BGN Pflichtversicherung.","breadcrumb":{"@id":"https:\/\/www.ubu.de\/arbeitsschutz\/#breadcrumb"},"inLanguage":"tr","potentialAction":[{"@type":"ReadAction","target":["https:\/\/www.ubu.de\/arbeitsschutz\/"]}]},{"@type":"BreadcrumbList","@id":"https:\/\/www.ubu.de\/arbeitsschutz\/#breadcrumb","itemListElement":[{"@type":"ListItem","position":1,"name":"Startseite","item":"https:\/\/www.ubu.de\/"},{"@type":"ListItem","position":2,"name":"Arbeitsschutz"}]},{"@type":"WebSite","@id":"https:\/\/www.ubu.de\/#website","url":"https:\/\/www.ubu.de\/","name":"ubu - Arbeitsschutz f\u00fcr Hotels und Gastronomie","description":"i\u0307\u015f g\u00fcvenli\u0307\u011fi\u0307","publisher":{"@id":"https:\/\/www.ubu.de\/#organization"},"potentialAction":[{"@type":"SearchAction","target":{"@type":"EntryPoint","urlTemplate":"https:\/\/www.ubu.de\/?s={search_term_string}"},"query-input":{"@type":"PropertyValueSpecification","valueRequired":true,"valueName":"search_term_string"}}],"inLanguage":"tr"},{"@type":"Organization","@id":"https:\/\/www.ubu.de\/#organization","name":"ubu - safety at work","url":"https:\/\/www.ubu.de\/","logo":{"@type":"ImageObject","inLanguage":"tr","@id":"https:\/\/www.ubu.de\/#\/schema\/logo\/image\/","url":"https:\/\/www.ubu.de\/wp-content\/uploads\/2016\/07\/ubu-elephant.png","contentUrl":"https:\/\/www.ubu.de\/wp-content\/uploads\/2016\/07\/ubu-elephant.png","width":250,"height":250,"caption":"ubu - safety at work"},"image":{"@id":"https:\/\/www.ubu.de\/#\/schema\/logo\/image\/"}}]}},"_links":{"self":[{"href":"https:\/\/www.ubu.de\/tr\/wp-json\/wp\/v2\/pages\/25701","targetHints":{"allow":["GET"]}}],"collection":[{"href":"https:\/\/www.ubu.de\/tr\/wp-json\/wp\/v2\/pages"}],"about":[{"href":"https:\/\/www.ubu.de\/tr\/wp-json\/wp\/v2\/types\/page"}],"author":[{"embeddable":true,"href":"https:\/\/www.ubu.de\/tr\/wp-json\/wp\/v2\/users\/1"}],"replies":[{"embeddable":true,"href":"https:\/\/www.ubu.de\/tr\/wp-json\/wp\/v2\/comments?post=25701"}],"version-history":[{"count":11,"href":"https:\/\/www.ubu.de\/tr\/wp-json\/wp\/v2\/pages\/25701\/revisions"}],"predecessor-version":[{"id":28873,"href":"https:\/\/www.ubu.de\/tr\/wp-json\/wp\/v2\/pages\/25701\/revisions\/28873"}],"wp:attachment":[{"href":"https:\/\/www.ubu.de\/tr\/wp-json\/wp\/v2\/media?parent=25701"}],"curies":[{"name":"wp","href":"https:\/\/api.w.org\/{rel}","templated":true}]}}