{"id":28208,"date":"2025-04-01T08:58:17","date_gmt":"2025-04-01T06:58:17","guid":{"rendered":"https:\/\/www.ubu.de\/?page_id=28208"},"modified":"2026-03-20T14:04:05","modified_gmt":"2026-03-20T13:04:05","slug":"c01-unterweisung-zur-unterweisung","status":"publish","type":"page","link":"https:\/\/www.ubu.de\/tr\/c01-unterweisung-zur-unterweisung\/","title":{"rendered":"C01 Die Unterweisung zur Unterweisung"},"content":{"rendered":"<div class=\"et_pb_section_0 et_pb_section et_section_regular et_block_section et_animated\"><div class=\"et_pb_row_0 et_pb_row et_block_row\"><div class=\"et_pb_column_0 et_pb_column et_pb_column_4_4 et-last-child et_block_column et_pb_css_mix_blend_mode_passthrough\"><div class=\"et_pb_text_0 et_pb_text et_pb_bg_layout_dark et_pb_module et_block_module et_pb_text_align_center\"><div class=\"et_pb_text_inner\"><h1>Dijital e\u011fitim<\/h1>\n<\/div><\/div><\/div><\/div><\/div><div class=\"et_pb_section_1 et_pb_section et_section_regular et_block_section\"><div class=\"et_pb_row_1 et_pb_row et_block_row\"><div class=\"et_pb_column_1 et_pb_column et_pb_column_4_4 et-last-child et_block_column et_pb_css_mix_blend_mode_passthrough\"><div class=\"et_pb_blurb_0 et_pb_blurb et_pb_bg_layout_light et_pb_blurb_position_top et_pb_module et_block_module\"><div class=\"et_pb_blurb_content\"><div class=\"et_pb_blurb_container\"><h1 class=\"et_pb_module_header\">Talimat i\u00e7in talimat<\/h1><div class=\"et_pb_blurb_description\"><h3><span style=\"color: #336699;\">ya da i\u015f arkada\u015flar\u0131n\u0131z\u0131 g\u00fcvenli bir \u015fekilde \u00e7al\u0131\u015fmaya nas\u0131l motive edebilece\u011finiz.<\/span><\/h3>\n<p>G\u00fcnl\u00fck rutinimiz bir g\u00fcvenlik tuza\u011f\u0131d\u0131r. Her iki i\u015f kazas\u0131ndan biri, ma\u011fdurun i\u015finin potansiyel tehlikelerini hafife almas\u0131 nedeniyle meydana gelmektedir.<\/p>\n<p>\u00c7al\u0131\u015fanlar\u0131n \u00e7o\u011fu orta derecede kaza riski olan i\u015fyerlerinde \u00e7al\u0131\u015fmaktad\u0131r - ancak \u015fa\u015f\u0131rt\u0131c\u0131 bir \u015fekilde, \u00f6zellikle de zaman bask\u0131s\u0131 oldu\u011funda, ilk etapta g\u00fcvensiz davran\u0131\u015f\u0131 m\u00fcmk\u00fcn k\u0131lan \u015fey tam da budur.<\/p>\n<p>Bir\u00e7ok kaza hala A noktas\u0131ndan B noktas\u0131na y\u00fcr\u00fcrken tak\u0131lma, kayma veya d\u00fc\u015fme nedeniyle meydana gelmektedir. Bah\u00e7ede y\u00fcr\u00fcrken, h\u0131zl\u0131ca bir metin mesaj\u0131 g\u00f6nderebilir ve yeni veya eski bir tak\u0131lma tehlikesini g\u00f6zden ka\u00e7\u0131rabilirsiniz - ne yaz\u0131k ki, bu genellikle ciddi k\u0131r\u0131k kemiklerle sonu\u00e7lan\u0131r!<\/p>\n<p>Bu ger\u00e7ekler, bir y\u00f6netici olarak \u00e7al\u0131\u015fanlar\u0131n davran\u0131\u015flar\u0131 \u00fczerinde olumlu bir etki yaratmak i\u00e7in bize \u00e7ok \u00f6nemli bir ba\u015flang\u0131\u00e7 noktas\u0131 sa\u011flar. Ama\u00e7, \u00e7al\u0131\u015fanlar i\u00e7in g\u00fcvenli davran\u0131\u015f\u0131 g\u00fcvensiz davran\u0131\u015ftan daha cazip hale getirmek olmal\u0131d\u0131r - ba\u015fka bir deyi\u015fle, bireysel \u00e7al\u0131\u015fanlar\u0131 kendi risk de\u011ferlendirmelerini yapmalar\u0131 i\u00e7in \u201emotive etmek\u201c.<\/p>\n<p>Talimatlar\u0131m\u0131zla size bunun i\u00e7in bir ara\u00e7 sunuyoruz. Ancak, \u00e7al\u0131\u015fma arkada\u015flar\u0131n\u0131z aras\u0131nda g\u00fcvenli davran\u0131\u015flar\u0131 ger\u00e7ekten te\u015fvik etmek istiyorsan\u0131z, l\u00fctfen her zaman g\u00fcvenlik talimatlar\u0131m\u0131z\u0131 iletin ve ard\u0131ndan \u00e7al\u0131\u015fanlar\u0131n\u0131zla ilgili konudaki kendi deneyimleri hakk\u0131nda konu\u015fun, \u00f6rne\u011fin kendi \u015firketinizdeki kazalar\u0131n nedenleri hakk\u0131nda.<\/p>\n<p>&nbsp;<\/p>\n<section><\/section>\n<\/div><\/div><\/div><\/div><div class=\"et_pb_image_0 et_pb_image et_pb_module et_block_module preset--module--divi-image--default\"><span class=\"et_pb_image_wrap\"><img loading=\"lazy\" decoding=\"async\" src=\"https:\/\/www.ubu.de\/wp-content\/uploads\/Leitfaden-zur-Unterweisung-ubu-GmbH-Arbeitsschutz.png\" width=\"1744\" height=\"1292\" srcset=\"https:\/\/www.ubu.de\/wp-content\/uploads\/Leitfaden-zur-Unterweisung-ubu-GmbH-Arbeitsschutz.png 1744w, https:\/\/www.ubu.de\/wp-content\/uploads\/Leitfaden-zur-Unterweisung-ubu-GmbH-Arbeitsschutz-1280x948.png 1280w, https:\/\/www.ubu.de\/wp-content\/uploads\/Leitfaden-zur-Unterweisung-ubu-GmbH-Arbeitsschutz-980x726.png 980w, https:\/\/www.ubu.de\/wp-content\/uploads\/Leitfaden-zur-Unterweisung-ubu-GmbH-Arbeitsschutz-480x356.png 480w\" sizes=\"(min-width: 0px) and (max-width: 480px) 480px, (min-width: 481px) and (max-width: 980px) 980px, (min-width: 981px) and (max-width: 1280px) 1280px, (min-width: 1281px) 1744px, 100vw\" class=\"wp-image-28224\" title=\"Talimat k\u0131lavuzu ubu GmbH \u0130\u015f sa\u011fl\u0131\u011f\u0131 ve g\u00fcvenli\u011fi\" \/><\/span><\/div><div class=\"et_pb_blurb_1 et_pb_blurb et_pb_bg_layout_light et_pb_blurb_position_top et_pb_module et_block_module\"><div class=\"et_pb_blurb_content\"><div class=\"et_pb_blurb_container\"><h2 class=\"et_pb_module_header\">Kaza durumunda:<\/h2><div class=\"et_pb_blurb_description\"><section>\n<ul>\n<li>Nedenleri nelerdir?<\/li>\n<li>\u015eirketinizde hangi kazalar daha s\u0131k meydana geliyor ve sonu\u00e7lar\u0131 neler?<\/li>\n<li>KKD giymek rahats\u0131z edici, modas\u0131 ge\u00e7mi\u015f veya hatta i\u015fe engel olarak m\u0131 alg\u0131lan\u0131yor?<\/li>\n<\/ul>\n<\/section>\n<p>\u00d6rne\u011fin, \u015firketinizde KKD kullan\u0131m\u0131n\u0131 te\u015fvik etmek i\u00e7in ne yapabilirsiniz?<\/p>\n<p>A\u015f\u0131nma oran\u0131 \u00f6zellikle konfora ba\u011fl\u0131d\u0131r, ancak g\u00f6r\u00fcn\u00fcm de bir\u00e7ok \u00e7al\u0131\u015fan i\u00e7in \u00f6nemli bir rol oynar. Bu nedenle, maliyet nedeniyle her zaman s\u0131k\u0131c\u0131 standart \u00fcr\u00fcnler sat\u0131n almay\u0131n. \u00c7al\u0131\u015fanlar\u0131n\u0131z bunun i\u00e7in size te\u015fekk\u00fcr edecek ve siz de onlar\u0131n g\u00fcvenlik bilincine sahip davran\u0131\u015flar\u0131n\u0131 te\u015fvik edeceksiniz!<\/p>\n<p>Bir b\u00f6l\u00fcm m\u00fcd\u00fcr\u00fc olarak, g\u00fcvenlik y\u00f6netmeliklerine uyulup uyulmad\u0131\u011f\u0131n\u0131 izlemek ve elbette bunlar\u0131 uygulamakla da y\u00fck\u00fcml\u00fcs\u00fcn\u00fcz. Uyar\u0131 gibi disiplin \u00f6nlemleri de son \u00e7are olarak kullan\u0131labilir, ancak i\u015f asla bu noktaya gelmemelidir.<\/p>\n<p>Sizin g\u00fcvenlik konusundaki ki\u015fisel davran\u0131\u015f\u0131n\u0131z ve \u015firketinizin kurumsal k\u00fclt\u00fcr\u00fc, k\u00fc\u00e7\u00fcmsenmemesi gereken bir rol oynar. Kazalar\u0131n \u00f6nlenmesindeki sorumluluklar\u0131n\u0131n bilincinde olan bir y\u00f6netici olun ve g\u00fcvenlik bilincine sahip davran\u0131\u015flar\u0131 \u00f6d\u00fcllendirin, \u00f6rne\u011fin bireysel olarak \u00e7al\u0131\u015fanlar\u0131 bu konuda a\u00e7\u0131k\u00e7a \u00f6v\u00fcn.<\/p>\n<p>Talimatlar\u0131m\u0131z, \u015firketinizde g\u00fcvenli\u011fi daha cazip hale getirmenize yard\u0131mc\u0131 olmak i\u00e7in tasarlanm\u0131\u015ft\u0131r! Ancak, l\u00fctfen i\u00e7eri\u011fi \u00e7al\u0131\u015fanlar\u0131n\u0131zla tart\u0131\u015fmak i\u00e7in de zaman ay\u0131r\u0131n.<\/p>\n<p>G\u00fcvenlik ba\u015flang\u0131\u00e7ta zamana mal olur - ancak sa\u011fl\u0131kl\u0131 \u00e7al\u0131\u015fanlar hasta olanlara g\u00f6re \u00e7ok daha az devams\u0131zl\u0131k yapar - ve uzun vadede sadece paradan tasarruf etmekle kalmaz, ayn\u0131 zamanda yeni faaliyetler i\u00e7in daha fazla zaman kazan\u0131rs\u0131n\u0131z!<\/p>\n<\/div><\/div><\/div><\/div><\/div><\/div><\/div>","protected":false},"excerpt":{"rendered":"","protected":false},"author":1,"featured_media":0,"parent":0,"menu_order":0,"comment_status":"closed","ping_status":"closed","template":"","meta":{"_acf_changed":false,"inline_featured_image":false,"footnotes":""},"class_list":["post-28208","page","type-page","status-publish","hentry"],"acf":[],"yoast_head":"<!-- This site is optimized with the Yoast SEO plugin v27.4 - https:\/\/yoast.com\/product\/yoast-seo-wordpress\/ -->\n<title>C01 Die Unterweisung zur Unterweisung - ubu - Arbeitsschutz f\u00fcr Hotels und Gastronomie<\/title>\n<meta name=\"robots\" content=\"index, follow, max-snippet:-1, max-image-preview:large, max-video-preview:-1\" \/>\n<link rel=\"canonical\" href=\"https:\/\/www.ubu.de\/tr\/c01-unterweisung-zur-unterweisung\/\" \/>\n<meta property=\"og:locale\" content=\"tr_TR\" \/>\n<meta property=\"og:type\" content=\"article\" \/>\n<meta property=\"og:title\" content=\"C01 Die Unterweisung zur Unterweisung - ubu - Arbeitsschutz f\u00fcr Hotels und Gastronomie\" \/>\n<meta property=\"og:url\" content=\"https:\/\/www.ubu.de\/tr\/c01-unterweisung-zur-unterweisung\/\" \/>\n<meta property=\"og:site_name\" content=\"ubu - Arbeitsschutz f\u00fcr Hotels und Gastronomie\" \/>\n<meta property=\"article:modified_time\" content=\"2026-03-20T13:04:05+00:00\" \/>\n<meta name=\"twitter:card\" content=\"summary_large_image\" \/>\n<meta name=\"twitter:label1\" content=\"Tahmini okuma s\u00fcresi\" \/>\n\t<meta name=\"twitter:data1\" content=\"3 dakika\" \/>\n<script type=\"application\/ld+json\" class=\"yoast-schema-graph\">{\"@context\":\"https:\\\/\\\/schema.org\",\"@graph\":[{\"@type\":\"WebPage\",\"@id\":\"https:\\\/\\\/www.ubu.de\\\/c01-unterweisung-zur-unterweisung\\\/\",\"url\":\"https:\\\/\\\/www.ubu.de\\\/c01-unterweisung-zur-unterweisung\\\/\",\"name\":\"C01 Die Unterweisung zur Unterweisung - ubu - Arbeitsschutz f\u00fcr Hotels und Gastronomie\",\"isPartOf\":{\"@id\":\"https:\\\/\\\/www.ubu.de\\\/#website\"},\"datePublished\":\"2025-04-01T06:58:17+00:00\",\"dateModified\":\"2026-03-20T13:04:05+00:00\",\"breadcrumb\":{\"@id\":\"https:\\\/\\\/www.ubu.de\\\/c01-unterweisung-zur-unterweisung\\\/#breadcrumb\"},\"inLanguage\":\"tr\",\"potentialAction\":[{\"@type\":\"ReadAction\",\"target\":[\"https:\\\/\\\/www.ubu.de\\\/c01-unterweisung-zur-unterweisung\\\/\"]}]},{\"@type\":\"BreadcrumbList\",\"@id\":\"https:\\\/\\\/www.ubu.de\\\/c01-unterweisung-zur-unterweisung\\\/#breadcrumb\",\"itemListElement\":[{\"@type\":\"ListItem\",\"position\":1,\"name\":\"Startseite\",\"item\":\"https:\\\/\\\/www.ubu.de\\\/\"},{\"@type\":\"ListItem\",\"position\":2,\"name\":\"C01 Die Unterweisung zur Unterweisung\"}]},{\"@type\":\"WebSite\",\"@id\":\"https:\\\/\\\/www.ubu.de\\\/#website\",\"url\":\"https:\\\/\\\/www.ubu.de\\\/\",\"name\":\"ubu - Arbeitsschutz f\u00fcr Hotels und Gastronomie\",\"description\":\"safety at work\",\"publisher\":{\"@id\":\"https:\\\/\\\/www.ubu.de\\\/#organization\"},\"potentialAction\":[{\"@type\":\"SearchAction\",\"target\":{\"@type\":\"EntryPoint\",\"urlTemplate\":\"https:\\\/\\\/www.ubu.de\\\/?s={search_term_string}\"},\"query-input\":{\"@type\":\"PropertyValueSpecification\",\"valueRequired\":true,\"valueName\":\"search_term_string\"}}],\"inLanguage\":\"tr\"},{\"@type\":\"Organization\",\"@id\":\"https:\\\/\\\/www.ubu.de\\\/#organization\",\"name\":\"ubu - safety at work\",\"url\":\"https:\\\/\\\/www.ubu.de\\\/\",\"logo\":{\"@type\":\"ImageObject\",\"inLanguage\":\"tr\",\"@id\":\"https:\\\/\\\/www.ubu.de\\\/#\\\/schema\\\/logo\\\/image\\\/\",\"url\":\"https:\\\/\\\/www.ubu.de\\\/wp-content\\\/uploads\\\/2016\\\/07\\\/ubu-elephant.png\",\"contentUrl\":\"https:\\\/\\\/www.ubu.de\\\/wp-content\\\/uploads\\\/2016\\\/07\\\/ubu-elephant.png\",\"width\":250,\"height\":250,\"caption\":\"ubu - safety at work\"},\"image\":{\"@id\":\"https:\\\/\\\/www.ubu.de\\\/#\\\/schema\\\/logo\\\/image\\\/\"}}]}<\/script>\n<!-- \/ Yoast SEO plugin. -->","yoast_head_json":{"title":"C01 Die Unterweisung zur Unterweisung - ubu - Arbeitsschutz f\u00fcr Hotels und Gastronomie","robots":{"index":"index","follow":"follow","max-snippet":"max-snippet:-1","max-image-preview":"max-image-preview:large","max-video-preview":"max-video-preview:-1"},"canonical":"https:\/\/www.ubu.de\/tr\/c01-unterweisung-zur-unterweisung\/","og_locale":"tr_TR","og_type":"article","og_title":"C01 Die Unterweisung zur Unterweisung - ubu - Arbeitsschutz f\u00fcr Hotels und Gastronomie","og_url":"https:\/\/www.ubu.de\/tr\/c01-unterweisung-zur-unterweisung\/","og_site_name":"ubu - Arbeitsschutz f\u00fcr Hotels und Gastronomie","article_modified_time":"2026-03-20T13:04:05+00:00","twitter_card":"summary_large_image","twitter_misc":{"Tahmini okuma s\u00fcresi":"3 dakika"},"schema":{"@context":"https:\/\/schema.org","@graph":[{"@type":"WebPage","@id":"https:\/\/www.ubu.de\/c01-unterweisung-zur-unterweisung\/","url":"https:\/\/www.ubu.de\/c01-unterweisung-zur-unterweisung\/","name":"C01 Die Unterweisung zur Unterweisung - ubu - Arbeitsschutz f\u00fcr Hotels und Gastronomie","isPartOf":{"@id":"https:\/\/www.ubu.de\/#website"},"datePublished":"2025-04-01T06:58:17+00:00","dateModified":"2026-03-20T13:04:05+00:00","breadcrumb":{"@id":"https:\/\/www.ubu.de\/c01-unterweisung-zur-unterweisung\/#breadcrumb"},"inLanguage":"tr","potentialAction":[{"@type":"ReadAction","target":["https:\/\/www.ubu.de\/c01-unterweisung-zur-unterweisung\/"]}]},{"@type":"BreadcrumbList","@id":"https:\/\/www.ubu.de\/c01-unterweisung-zur-unterweisung\/#breadcrumb","itemListElement":[{"@type":"ListItem","position":1,"name":"Startseite","item":"https:\/\/www.ubu.de\/"},{"@type":"ListItem","position":2,"name":"C01 Die Unterweisung zur Unterweisung"}]},{"@type":"WebSite","@id":"https:\/\/www.ubu.de\/#website","url":"https:\/\/www.ubu.de\/","name":"ubu - Arbeitsschutz f\u00fcr Hotels und Gastronomie","description":"i\u0307\u015f g\u00fcvenli\u0307\u011fi\u0307","publisher":{"@id":"https:\/\/www.ubu.de\/#organization"},"potentialAction":[{"@type":"SearchAction","target":{"@type":"EntryPoint","urlTemplate":"https:\/\/www.ubu.de\/?s={search_term_string}"},"query-input":{"@type":"PropertyValueSpecification","valueRequired":true,"valueName":"search_term_string"}}],"inLanguage":"tr"},{"@type":"Organization","@id":"https:\/\/www.ubu.de\/#organization","name":"ubu - safety at work","url":"https:\/\/www.ubu.de\/","logo":{"@type":"ImageObject","inLanguage":"tr","@id":"https:\/\/www.ubu.de\/#\/schema\/logo\/image\/","url":"https:\/\/www.ubu.de\/wp-content\/uploads\/2016\/07\/ubu-elephant.png","contentUrl":"https:\/\/www.ubu.de\/wp-content\/uploads\/2016\/07\/ubu-elephant.png","width":250,"height":250,"caption":"ubu - safety at work"},"image":{"@id":"https:\/\/www.ubu.de\/#\/schema\/logo\/image\/"}}]}},"_links":{"self":[{"href":"https:\/\/www.ubu.de\/tr\/wp-json\/wp\/v2\/pages\/28208","targetHints":{"allow":["GET"]}}],"collection":[{"href":"https:\/\/www.ubu.de\/tr\/wp-json\/wp\/v2\/pages"}],"about":[{"href":"https:\/\/www.ubu.de\/tr\/wp-json\/wp\/v2\/types\/page"}],"author":[{"embeddable":true,"href":"https:\/\/www.ubu.de\/tr\/wp-json\/wp\/v2\/users\/1"}],"replies":[{"embeddable":true,"href":"https:\/\/www.ubu.de\/tr\/wp-json\/wp\/v2\/comments?post=28208"}],"version-history":[{"count":6,"href":"https:\/\/www.ubu.de\/tr\/wp-json\/wp\/v2\/pages\/28208\/revisions"}],"predecessor-version":[{"id":28893,"href":"https:\/\/www.ubu.de\/tr\/wp-json\/wp\/v2\/pages\/28208\/revisions\/28893"}],"wp:attachment":[{"href":"https:\/\/www.ubu.de\/tr\/wp-json\/wp\/v2\/media?parent=28208"}],"curies":[{"name":"wp","href":"https:\/\/api.w.org\/{rel}","templated":true}]}}