{"id":39,"date":"2016-07-06T23:03:20","date_gmt":"2016-07-06T21:03:20","guid":{"rendered":"http:\/\/www.ubu.de\/?page_id=39"},"modified":"2026-03-20T14:03:40","modified_gmt":"2026-03-20T13:03:40","slug":"start","status":"publish","type":"page","link":"https:\/\/www.ubu.de\/tr\/","title":{"rendered":"Ba\u015flang\u0131\u00e7"},"content":{"rendered":"<div class=\"et_pb_section_0 et_pb_section et_pb_fullwidth_section et_section_regular et_block_section et-pb-has-background-video et_pb_preload\"><span class=\"et-pb-background-video\"><video autoplay loop playsinline muted><source type=\"video\/mp4\" src=\"https:\/\/www.ubu.de\/wp-content\/uploads\/2016\/09\/ubu-Arbeitsschutz-Gef\u00e4hrdungsbeurteilungen-f\u00fcr-Hotels-und-Gastronomie.mp4\" \/><\/video><\/span><section class=\"et_pb_fullwidth_header_0 et_pb_fullwidth_header et_pb_fullscreen et_pb_bg_layout_dark et_pb_text_align_center et_pb_module et_flex_module\"><div class=\"et_pb_fullwidth_header_container center\"><div class=\"header-content-container center\"><div class=\"header-content et_flex_module\"><img decoding=\"async\" src=\"\/\/i2.wp.com\/ubu.de\/wp-content\/uploads\/2016\/07\/ubu-logo-hell-occupational-safety-instructions-124x200.png\" class=\"header-logo\" \/><div class=\"et_pb_header_content_wrapper\"><h1 style=\"text-align: center;\">Kar\u015f\u0131l\u0131\u011f\u0131n\u0131 veren \u00e7a\u011fda\u015f i\u015f g\u00fcvenli\u011fi.<\/h1>\n<\/div><div class=\"et_pb_header_button_wrapper\"><\/div><\/div><\/div><\/div><div class=\"et_pb_fullwidth_header_overlay\"><\/div><div class=\"et_pb_fullwidth_header_scroll\"><a class=\"scroll-down-container\" href=\"#\"><span class=\"scroll-down et-pb-icon\">;<\/span><\/a><\/div><\/section><\/div><div class=\"et_pb_section_1 et_pb_section et_section_regular et_block_section\"><div class=\"et_pb_row_0 et_pb_row et_block_row\"><div class=\"et_pb_column_0 et_pb_column et_pb_column_4_4 et-last-child et_block_column et_pb_css_mix_blend_mode_passthrough\"><div class=\"et_pb_blurb_0 et_pb_blurb et_pb_bg_layout_light et_pb_blurb_position_top et_pb_module et_block_module\"><div class=\"et_pb_blurb_content\"><div class=\"et_pb_blurb_container\"><div class=\"et_pb_blurb_description\"><h1 style=\"text-align: center;\">Orta\u011f\u0131n\u0131z<\/h1>\n<h1 style=\"text-align: center;\">i\u00e7in\u00a0<strong>\u0130\u015f g\u00fcvenli\u011fi<\/strong><\/h1>\n<p style=\"text-align: center;\">\u00fclke \u00e7ap\u0131nda<\/p>\n<\/div><\/div><\/div><\/div><div class=\"et_pb_divider_0 et_pb_divider et_pb_space et_pb_divider_position_top et_pb_module\"><div class=\"et_pb_divider_internal\"><\/div><\/div><div class=\"et_pb_blurb_1 et_pb_blurb et_pb_bg_layout_light et_pb_blurb_position_top et_pb_module et_block_module\"><div class=\"et_pb_blurb_content\"><div class=\"et_pb_blurb_container\"><div class=\"et_pb_blurb_description\"><h1 style=\"text-align: center;\">Machen Sie Sicherheit und Gesundheit am Arbeitsplatz zur Chefsache.<\/h1>\n<\/div><\/div><\/div><\/div><\/div><\/div><div class=\"et_pb_row_1 et_pb_row et_block_row\"><div class=\"et_pb_column_1 et_pb_column et_pb_column_1_2 et_block_column et_pb_css_mix_blend_mode_passthrough\"><div class=\"et_pb_cta_0 et_pb_promo et_pb_bg_layout_light et_pb_module et_block_module\"><div class=\"et_pb_promo_description\"><h2 class=\"et_pb_module_header\">\u0130\u015f g\u00fcvenli\u011fi<\/h2><div class=\"et_pb_promo_content\"><ul>\n<li>\u015eirketinizin denetlenmesi<\/li>\n<li>\u0130\u015f s\u00fcre\u00e7lerinin ve i\u015fyeri tasar\u0131m\u0131n\u0131n analiz edilmesi<\/li>\n<li>Tehlikeli madde analizi<\/li>\n<li>\u0130\u015fyeri ile ilgili risk de\u011ferlendirmeleri<\/li>\n<li>KKD (ki\u015fisel koruyucu ekipman) hakk\u0131nda tavsiye ve denetim<\/li>\n<li>Kullan\u0131m talimatlar\u0131n\u0131z\u0131n olu\u015fturulmas\u0131nda destek<\/li>\n<\/ul>\n<\/div><\/div><\/div><\/div><div class=\"et_pb_column_2 et_pb_column et_pb_column_1_2 et-last-child et_block_column et_pb_css_mix_blend_mode_passthrough\"><div class=\"et_pb_cta_1 et_pb_promo et_pb_bg_layout_light et_pb_module et_block_module\"><div class=\"et_pb_promo_description\"><h2 class=\"et_pb_module_header\">Mesleki t\u0131p<\/h2><div class=\"et_pb_promo_content\"><ul>\n<li>\u0130\u015fveren sorumluluk sigortas\u0131 birli\u011fi ilkelerine uygun olarak koruyucu sa\u011fl\u0131k hizmetleri konusunda dan\u0131\u015fmanl\u0131k<\/li>\n<li>Hijyen \u00f6nlemleri hakk\u0131nda tavsiyeler<\/li>\n<li>Enfeksiyon riski ta\u015f\u0131yan faaliyetler i\u00e7in dan\u0131\u015fmanl\u0131k (hepatit A+B)<\/li>\n<li>\u015eirket i\u00e7inde ilk yard\u0131m organizasyonu<\/li>\n<li>MuSchG (Anneli\u011fi Koruma Yasas\u0131) uyar\u0131nca dan\u0131\u015fmanl\u0131k<\/li>\n<li>\u0130\u015fyerinde psikolojik sorunlar hakk\u0131nda e\u011fitim<\/li>\n<\/ul>\n<\/div><\/div><\/div><\/div><\/div><div class=\"et_pb_row_2 et_pb_row et_block_row\"><div class=\"et_pb_column_3 et_pb_column et_pb_column_4_4 et-last-child et_block_column et_pb_css_mix_blend_mode_passthrough\"><div class=\"et_pb_module et_pb_button_module_wrapper et_pb_button_0_wrapper\"><a class=\"et_pb_button_0 et_pb_button et_pb_bg_layout_light et_pb_module et_block_module\" href=\"\/tr\/arbeitsschutz\/\">\u0130\u015f g\u00fcvenli\u011fi hakk\u0131nda daha fazla bilgi<\/a><\/div><div class=\"et_pb_blurb_2 et_pb_blurb et_pb_bg_layout_light et_pb_text_align_center et_pb_blurb_position_top et_pb_module et_block_module\"><div class=\"et_pb_blurb_content\"><div class=\"et_pb_main_blurb_image\"><span class=\"et_pb_image_wrap\"><span class=\"et-pb-icon et-waypoint et_pb_animation_top et_pb_animation_top_tablet et_pb_animation_top_phone\">\ue08a<\/span><\/span><\/div><div class=\"et_pb_blurb_container\"><h4 class=\"et_pb_module_header\">Machen Sie Sicherheit und Gesundheit am Arbeitsplatz zur Chefsache.<\/h4><div class=\"et_pb_blurb_description\"><h1 style=\"text-align: center;\"><\/h1>\n<\/div><\/div><\/div><\/div><\/div><\/div><\/div><div class=\"et_pb_section_2 et_pb_section et_pb_fullwidth_section et_section_regular et_block_section et_pb_section_parallax\"><span class=\"et-pb-parallax-wrapper\"><span class=\"et-pb-parallax-background et-pb-parallax-background--css et-pb-parallax-background-module--divi-section-2\" style=\"background-image:url(\/\/i2.wp.com\/ubu.de\/wp-content\/uploads\/2016\/07\/ubu-Arbeitsschutz-Arbeitssicherheit-Gastronomie-und-Restaurants.jpg)\"><\/span><\/span><section class=\"et_pb_fullwidth_header_1 et_pb_fullwidth_header et_pb_bg_layout_dark et_pb_text_align_center et_pb_module et_flex_module\"><div class=\"et_pb_fullwidth_header_container center\"><div class=\"header-content-container center\"><div class=\"header-content et_flex_module\"><h1 class=\"et_pb_module_header\">Oteller ve catering i\u00e7in uzman<\/h1><div class=\"et_pb_header_button_wrapper\"><\/div><\/div><\/div><\/div><div class=\"et_pb_fullwidth_header_overlay\"><\/div><div class=\"et_pb_fullwidth_header_scroll\"><\/div><\/section><\/div><div class=\"et_pb_section_3 et_pb_section et_section_regular et_block_section\"><div class=\"et_pb_row_3 et_pb_row et_block_row et_pb_row_fullwidth\"><div class=\"et_pb_column_4 et_pb_column et_pb_column_4_4 et-last-child et_block_column et_pb_css_mix_blend_mode_passthrough\"><div class=\"et_pb_blurb_3 et_pb_blurb et_pb_bg_layout_light et_pb_blurb_position_top et_pb_module et_block_module\"><div class=\"et_pb_blurb_content\"><div class=\"et_pb_blurb_container\"><div class=\"et_pb_blurb_description\"><h1 style=\"text-align: center;\">ubu ile<\/h1>\n<h1 style=\"text-align: center;\">G\u00fcnl\u00fck hayat\u0131n\u0131z\u0131 kolayla\u015ft\u0131r\u0131r<\/h1>\n<p style=\"text-align: center;\">Bir bak\u0131\u015fta avantajlar\u0131n\u0131z<\/p>\n<\/div><\/div><\/div><\/div><div class=\"et_pb_divider_1 et_pb_divider et_pb_space et_pb_divider_position_top et_pb_module\"><div class=\"et_pb_divider_internal\"><\/div><\/div><\/div><\/div><div class=\"et_pb_row_4 et_pb_row et_block_row\"><div class=\"et_pb_column_5 et_pb_column et_pb_column_1_2 et_block_column et_pb_css_mix_blend_mode_passthrough\"><div class=\"et_pb_cta_2 et_pb_promo et_pb_bg_layout_light et_pb_module et_block_module\"><div class=\"et_pb_promo_description\"><div class=\"et_pb_promo_content\"><ul>\n<li>\n<h4>\u0130\u015f sa\u011fl\u0131\u011f\u0131 ve g\u00fcvenli\u011fi \u00f6nlemlerinin uygulanmas\u0131<\/h4>\n<\/li>\n<li>\n<h4>Kurumsal riski azalt\u0131n<\/h4>\n<\/li>\n<li>\n<h4>\u0130\u015f sa\u011fl\u0131\u011f\u0131 ve g\u00fcvenli\u011fi alan\u0131nda yasal kesinli\u011fin art\u0131r\u0131lmas\u0131<\/h4>\n<\/li>\n<li>\n<h4>\u0130yile\u015ftirilmi\u015f ROP (\u00d6nleme Geri D\u00f6n\u00fc\u015f\u00fc)<\/h4>\n<\/li>\n<\/ul>\n<\/div><\/div><\/div><\/div><div class=\"et_pb_column_6 et_pb_column et_pb_column_1_2 et-last-child et_block_column et_pb_css_mix_blend_mode_passthrough\"><div class=\"et_pb_cta_3 et_pb_promo et_pb_bg_layout_light et_pb_module et_block_module\"><div class=\"et_pb_promo_description\"><div class=\"et_pb_promo_content\"><ul>\n<li>\n<h4>Devams\u0131zl\u0131kta azalma (kaza\/hastal\u0131k nedeniyle)<\/h4>\n<\/li>\n<li>\n<h4>\u0130\u015f g\u00fcvenli\u011fi maliyetlerinin en aza indirilmesi (\u00f6rn. kendi personeli olmamas\u0131)<\/h4>\n<\/li>\n<li>\n<h4>\u0130\u015f sa\u011fl\u0131\u011f\u0131 ve g\u00fcvenli\u011finin t\u00fcm alanlar\u0131nda kontrol ve d\u00fczeltici \u00f6nlemler<\/h4>\n<\/li>\n<li>\n<h4>\u00c7al\u0131\u015fanlar\u0131n\u0131z\u0131n motivasyonunu art\u0131r\u0131n<\/h4>\n<\/li>\n<\/ul>\n<\/div><\/div><\/div><\/div><\/div><\/div><div class=\"et_pb_section_4 et_pb_section et_pb_fullwidth_section et_section_regular et_block_section\"><div class=\"et_pb_fullwidth_slider_0 et_pb_slider et_pb_slider_no_arrows et_pb_slider_no_pagination et_pb_module preset--module--divi-fullwidth-slider--default\"><div class=\"box-shadow-overlay\"><\/div><div class=\"et_pb_slides\"><div class=\"et_pb_slide_0 et_pb_slide et_pb_slider_with_overlay et_pb_media_alignment_center et_pb_bg_layout_dark et_pb_text_align_center et_pb_section_parallax\" data-slide-id=\"divi\/slide-0\"><span class=\"et-pb-parallax-wrapper\"><span class=\"et-pb-parallax-background et-pb-parallax-background-module--divi-slide-0\" style=\"background-image:url(\/\/i2.wp.com\/ubu.de\/wp-content\/uploads\/2016\/07\/ubu-Arbeitsschutz-Arbeitssicherheit-Gastronomie-Restaurants-und-Hotels.jpg)\"><\/span><\/span><div class=\"et_pb_slide_overlay_container\"><\/div><div class=\"et_pb_container\"><div class=\"et_pb_slider_container_inner\"><div class=\"et_pb_slide_description\"><h2 class=\"et_pb_slide_title\"><a href=\"\/tr\/kunde-werden\/\" target=\"\" class=\"et_pb_slide_title_link\"><\/a><\/h2><div class=\"et_pb_slide_content\"><h3 style=\"text-align: center;\"><\/h3>\n<\/div><div class=\"et_pb_button_wrapper\"><a class=\"et_pb_button et_pb_more_button\" href=\"\/tr\/kunde-werden\/\">M\u00fc\u015fteriler i\u00e7in kolayl\u0131k!<\/a><\/div><\/div><\/div><\/div><\/div><\/div><\/div><\/div><div class=\"et_pb_section_5 et_pb_section et_section_regular et_block_section\"><div class=\"et_pb_row_5 et_pb_row et_block_row\"><div class=\"et_pb_column_7 et_pb_column et_pb_column_2_3 et_block_column et_pb_css_mix_blend_mode_passthrough\"><div class=\"et_pb_text_0 et_pb_text et_pb_bg_layout_dark et_pb_module et_block_module et_pb_text_align_center\"><div class=\"et_pb_text_inner\"><h2 style=\"text-align: center;\">\u00a0\u00c7al\u0131\u015fanlar\u0131n\u0131z\u0131n g\u00fcvenli\u011fi ve sa\u011fl\u0131\u011f\u0131\u00a0<em>\u00c7\u0131lg\u0131n Fil<\/em><\/h2>\n<\/div><\/div><\/div><div class=\"et_pb_column_8 et_pb_column et_pb_column_1_3 et-last-child et_block_column et_pb_css_mix_blend_mode_passthrough\"><div class=\"et_pb_image_0 et_pb_image et_animated et_pb_module et_block_module preset--module--divi-image--default\"><span class=\"et_pb_image_wrap\"><img decoding=\"async\" src=\"\/\/i2.wp.com\/ubu.de\/wp-content\/uploads\/2016\/07\/Logo-mirrored-1.png\" \/><\/span><\/div><\/div><\/div><\/div><div class=\"et_pb_section_6 et_pb_section et_section_regular et_block_section\"><div class=\"et_pb_row_6 et_pb_row et_block_row\"><div class=\"et_pb_column_9 et_pb_column et_pb_column_4_4 et-last-child et_block_column et_pb_css_mix_blend_mode_passthrough\"><div class=\"et_pb_testimonial_0 et_pb_testimonial et_pb_bg_layout_light et_pb_module et_block_module\"><div class=\"et_pb_testimonial_inner\"><div class=\"et_pb_testimonial_portrait\" style=\"background-image:url(\/\/i2.wp.com\/ubu.de\/wp-content\/uploads\/2016\/07\/Christoph-Weischedel-ubu-Arbeitsschutz-Gef\u00e4hrdungsbeurteilungen-245px.jpg)\"><\/div><div class=\"et_pb_testimonial_description\"><div class=\"et_pb_testimonial_description_inner\"><div class=\"et_pb_testimonial_content\"><p>Elbette arkam\u0131zdan konu\u015fabilirsiniz. Ancak g\u00f6r\u00fc\u015flerinizi burada yay\u0131nlamay\u0131 tercih ederiz - neden bize k\u0131sa bir e-posta g\u00f6ndermiyorsunuz? Te\u015fekk\u00fcr ederiz.<\/p>\n<\/div><\/div><div class=\"et_pb_testimonial_author\">Christoph Weischedel<\/div><div class=\"et_pb_testimonial_meta\"><span class=\"et_pb_testimonial_position\">\u0130\u015fletme M\u00fcd\u00fcr\u00fc<\/span><span class=\"et_pb_testimonial_separator\">, <\/span><span class=\"et_pb_testimonial_company\">ubu<\/span><\/div><\/div><\/div><\/div><\/div><\/div><\/div>","protected":false},"excerpt":{"rendered":"","protected":false},"author":1,"featured_media":0,"parent":0,"menu_order":0,"comment_status":"closed","ping_status":"closed","template":"","meta":{"_acf_changed":false,"inline_featured_image":false,"footnotes":""},"class_list":["post-39","page","type-page","status-publish","hentry"],"acf":[],"yoast_head":"<!-- This site is optimized with the Yoast SEO plugin v27.4 - https:\/\/yoast.com\/product\/yoast-seo-wordpress\/ -->\n<title>Start - ubu - Arbeitsschutz f\u00fcr Hotels und Gastronomie<\/title>\n<meta name=\"robots\" content=\"index, follow, max-snippet:-1, max-image-preview:large, max-video-preview:-1\" \/>\n<link rel=\"canonical\" href=\"https:\/\/www.ubu.de\/tr\/\" \/>\n<meta property=\"og:locale\" content=\"tr_TR\" \/>\n<meta property=\"og:type\" content=\"article\" \/>\n<meta property=\"og:title\" content=\"Start - ubu - Arbeitsschutz f\u00fcr Hotels und Gastronomie\" \/>\n<meta property=\"og:url\" content=\"https:\/\/www.ubu.de\/tr\/\" \/>\n<meta property=\"og:site_name\" content=\"ubu - Arbeitsschutz f\u00fcr Hotels und Gastronomie\" \/>\n<meta property=\"article:modified_time\" content=\"2026-03-20T13:03:40+00:00\" \/>\n<meta name=\"twitter:card\" content=\"summary_large_image\" \/>\n<script type=\"application\/ld+json\" class=\"yoast-schema-graph\">{\"@context\":\"https:\\\/\\\/schema.org\",\"@graph\":[{\"@type\":\"WebPage\",\"@id\":\"https:\\\/\\\/www.ubu.de\\\/\",\"url\":\"https:\\\/\\\/www.ubu.de\\\/\",\"name\":\"Start - ubu - Arbeitsschutz f\u00fcr Hotels und Gastronomie\",\"isPartOf\":{\"@id\":\"https:\\\/\\\/www.ubu.de\\\/#website\"},\"datePublished\":\"2016-07-06T21:03:20+00:00\",\"dateModified\":\"2026-03-20T13:03:40+00:00\",\"breadcrumb\":{\"@id\":\"https:\\\/\\\/www.ubu.de\\\/#breadcrumb\"},\"inLanguage\":\"tr\",\"potentialAction\":[{\"@type\":\"ReadAction\",\"target\":[\"https:\\\/\\\/www.ubu.de\\\/\"]}]},{\"@type\":\"BreadcrumbList\",\"@id\":\"https:\\\/\\\/www.ubu.de\\\/#breadcrumb\",\"itemListElement\":[{\"@type\":\"ListItem\",\"position\":1,\"name\":\"Startseite\",\"item\":\"https:\\\/\\\/www.ubu.de\\\/\"},{\"@type\":\"ListItem\",\"position\":2,\"name\":\"Start\"}]},{\"@type\":\"WebSite\",\"@id\":\"https:\\\/\\\/www.ubu.de\\\/#website\",\"url\":\"https:\\\/\\\/www.ubu.de\\\/\",\"name\":\"ubu - Arbeitsschutz f\u00fcr Hotels und Gastronomie\",\"description\":\"safety at work\",\"publisher\":{\"@id\":\"https:\\\/\\\/www.ubu.de\\\/#organization\"},\"potentialAction\":[{\"@type\":\"SearchAction\",\"target\":{\"@type\":\"EntryPoint\",\"urlTemplate\":\"https:\\\/\\\/www.ubu.de\\\/?s={search_term_string}\"},\"query-input\":{\"@type\":\"PropertyValueSpecification\",\"valueRequired\":true,\"valueName\":\"search_term_string\"}}],\"inLanguage\":\"tr\"},{\"@type\":\"Organization\",\"@id\":\"https:\\\/\\\/www.ubu.de\\\/#organization\",\"name\":\"ubu - safety at work\",\"url\":\"https:\\\/\\\/www.ubu.de\\\/\",\"logo\":{\"@type\":\"ImageObject\",\"inLanguage\":\"tr\",\"@id\":\"https:\\\/\\\/www.ubu.de\\\/#\\\/schema\\\/logo\\\/image\\\/\",\"url\":\"https:\\\/\\\/www.ubu.de\\\/wp-content\\\/uploads\\\/2016\\\/07\\\/ubu-elephant.png\",\"contentUrl\":\"https:\\\/\\\/www.ubu.de\\\/wp-content\\\/uploads\\\/2016\\\/07\\\/ubu-elephant.png\",\"width\":250,\"height\":250,\"caption\":\"ubu - safety at work\"},\"image\":{\"@id\":\"https:\\\/\\\/www.ubu.de\\\/#\\\/schema\\\/logo\\\/image\\\/\"}}]}<\/script>\n<!-- \/ Yoast SEO plugin. -->","yoast_head_json":{"title":"Start - ubu - Arbeitsschutz f\u00fcr Hotels und Gastronomie","robots":{"index":"index","follow":"follow","max-snippet":"max-snippet:-1","max-image-preview":"max-image-preview:large","max-video-preview":"max-video-preview:-1"},"canonical":"https:\/\/www.ubu.de\/tr\/","og_locale":"tr_TR","og_type":"article","og_title":"Start - ubu - Arbeitsschutz f\u00fcr Hotels und Gastronomie","og_url":"https:\/\/www.ubu.de\/tr\/","og_site_name":"ubu - Arbeitsschutz f\u00fcr Hotels und Gastronomie","article_modified_time":"2026-03-20T13:03:40+00:00","twitter_card":"summary_large_image","schema":{"@context":"https:\/\/schema.org","@graph":[{"@type":"WebPage","@id":"https:\/\/www.ubu.de\/","url":"https:\/\/www.ubu.de\/","name":"Start - ubu - Arbeitsschutz f\u00fcr Hotels und Gastronomie","isPartOf":{"@id":"https:\/\/www.ubu.de\/#website"},"datePublished":"2016-07-06T21:03:20+00:00","dateModified":"2026-03-20T13:03:40+00:00","breadcrumb":{"@id":"https:\/\/www.ubu.de\/#breadcrumb"},"inLanguage":"tr","potentialAction":[{"@type":"ReadAction","target":["https:\/\/www.ubu.de\/"]}]},{"@type":"BreadcrumbList","@id":"https:\/\/www.ubu.de\/#breadcrumb","itemListElement":[{"@type":"ListItem","position":1,"name":"Startseite","item":"https:\/\/www.ubu.de\/"},{"@type":"ListItem","position":2,"name":"Start"}]},{"@type":"WebSite","@id":"https:\/\/www.ubu.de\/#website","url":"https:\/\/www.ubu.de\/","name":"ubu - Arbeitsschutz f\u00fcr Hotels und Gastronomie","description":"i\u0307\u015f g\u00fcvenli\u0307\u011fi\u0307","publisher":{"@id":"https:\/\/www.ubu.de\/#organization"},"potentialAction":[{"@type":"SearchAction","target":{"@type":"EntryPoint","urlTemplate":"https:\/\/www.ubu.de\/?s={search_term_string}"},"query-input":{"@type":"PropertyValueSpecification","valueRequired":true,"valueName":"search_term_string"}}],"inLanguage":"tr"},{"@type":"Organization","@id":"https:\/\/www.ubu.de\/#organization","name":"ubu - safety at work","url":"https:\/\/www.ubu.de\/","logo":{"@type":"ImageObject","inLanguage":"tr","@id":"https:\/\/www.ubu.de\/#\/schema\/logo\/image\/","url":"https:\/\/www.ubu.de\/wp-content\/uploads\/2016\/07\/ubu-elephant.png","contentUrl":"https:\/\/www.ubu.de\/wp-content\/uploads\/2016\/07\/ubu-elephant.png","width":250,"height":250,"caption":"ubu - safety at work"},"image":{"@id":"https:\/\/www.ubu.de\/#\/schema\/logo\/image\/"}}]}},"_links":{"self":[{"href":"https:\/\/www.ubu.de\/tr\/wp-json\/wp\/v2\/pages\/39","targetHints":{"allow":["GET"]}}],"collection":[{"href":"https:\/\/www.ubu.de\/tr\/wp-json\/wp\/v2\/pages"}],"about":[{"href":"https:\/\/www.ubu.de\/tr\/wp-json\/wp\/v2\/types\/page"}],"author":[{"embeddable":true,"href":"https:\/\/www.ubu.de\/tr\/wp-json\/wp\/v2\/users\/1"}],"replies":[{"embeddable":true,"href":"https:\/\/www.ubu.de\/tr\/wp-json\/wp\/v2\/comments?post=39"}],"version-history":[{"count":10,"href":"https:\/\/www.ubu.de\/tr\/wp-json\/wp\/v2\/pages\/39\/revisions"}],"predecessor-version":[{"id":28870,"href":"https:\/\/www.ubu.de\/tr\/wp-json\/wp\/v2\/pages\/39\/revisions\/28870"}],"wp:attachment":[{"href":"https:\/\/www.ubu.de\/tr\/wp-json\/wp\/v2\/media?parent=39"}],"curies":[{"name":"wp","href":"https:\/\/api.w.org\/{rel}","templated":true}]}}